{"id":1837,"date":"2024-08-13T15:09:41","date_gmt":"2024-08-13T13:09:41","guid":{"rendered":"https:\/\/www.advancedvacuum.se\/av-production\/"},"modified":"2024-11-04T15:19:03","modified_gmt":"2024-11-04T14:19:03","slug":"kundanpassade-losningar","status":"publish","type":"page","link":"https:\/\/www.advancedvacuum.se\/sv\/kundanpassade-losningar\/","title":{"rendered":"Kundanpassade l\u00f6sningar"},"content":{"rendered":"<div id=\"s-c0f4d880-4573-4dd2-8ec2-0122d6094185\" class=\"shg-c \">\n<div class=\"shg-rich-text shg-theme-text-content\">\n<h2>Mer \u00e4n pumpar, kompletta vakuuml\u00f6sningar<\/h2>\n<\/div>\n<\/div>\n<div id=\"s-f1341d83-eb44-4c37-b9cf-89956ba2aee5\" class=\"shg-c \">\n<div class=\"shg-rich-text shg-theme-text-content\">\n<p>\nEdwards \u00e4r v\u00e4rldsledande inom design, teknologi och tillverkning av torrvakuumpumpar f\u00f6r processtill\u00e4mpningar inom kemi-, specialkemikalie- och l\u00e4kemedelsindustrin.<\/p>\n<p>\nVakuumpumpsystem m\u00e5ste hantera organiska l\u00f6sningsmedel och f\u00f6reningar p\u00e5 ett tillf\u00f6rlitligt och s\u00e4kert s\u00e4tt samtidigt som de s\u00e4kerst\u00e4ller kontroll och minskning av milj\u00f6f\u00f6roreningar och \u00e4gandekostnader. V\u00e5r expertis inom kemiska processer och till\u00e4mpningar har gjort det m\u00f6jligt f\u00f6r oss att designa robusta, ber\u00f6ringsfria torra mekanismer som kan pumpa ett omfattande utbud av organiska och oorganiska material, brandfarliga och korrosiva \u00e4mnen, med utm\u00e4rkta v\u00e4tske- och fasta hanteringsf\u00f6rm\u00e5ga, vilket s\u00e4kerst\u00e4ller h\u00f6g tillf\u00f6rlitlighet i alla f\u00f6rh\u00e5llanden. V\u00e5ra torra pumpar \u00e4r designade f\u00f6r att minimera underh\u00e5llsingrepp och f\u00f6r att s\u00e4nka energif\u00f6rbrukningen till en l\u00e5g \u00e4gandekostnad. Vi hj\u00e4lper dig genom processen fr\u00e5n ett vitt papper till en skr\u00e4ddarsydd l\u00f6sning som fullt ut fyller dina produktionsbehov.  <\/p>\n<\/div>\n<\/div>\n","protected":false},"excerpt":{"rendered":"<p>Mer \u00e4n pumpar, kompletta vakuuml\u00f6sningar Edwards \u00e4r v\u00e4rldsledande inom design, teknologi och tillverkning av torrvakuumpumpar f\u00f6r processtill\u00e4mpningar inom kemi-, specialkemikalie- och l\u00e4kemedelsindustrin. Vakuumpumpsystem m\u00e5ste hantera organiska l\u00f6sningsmedel och f\u00f6reningar p\u00e5 ett tillf\u00f6rlitligt och s\u00e4kert s\u00e4tt samtidigt som de s\u00e4kerst\u00e4ller kontroll och minskning av milj\u00f6f\u00f6roreningar och \u00e4gandekostnader. V\u00e5r expertis inom kemiska processer och till\u00e4mpningar har gjort [&hellip;]<\/p>\n","protected":false},"author":1,"featured_media":2337,"parent":0,"menu_order":0,"comment_status":"closed","ping_status":"closed","template":"templates\/template-AV-production.php","meta":{"_acf_changed":false,"footnotes":""},"class_list":["post-1837","page","type-page","status-publish","has-post-thumbnail","hentry"],"acf":[],"yoast_head":"<!-- This site is optimized with the Yoast SEO plugin v25.4 - https:\/\/yoast.com\/wordpress\/plugins\/seo\/ -->\n<title>Kundanpassade l\u00f6sningar | Advancedvacuum<\/title>\n<meta name=\"robots\" content=\"index, follow, max-snippet:-1, max-image-preview:large, max-video-preview:-1\" \/>\n<link rel=\"canonical\" href=\"https:\/\/www.advancedvacuum.se\/sv\/kundanpassade-losningar\/\" \/>\n<meta property=\"og:locale\" content=\"sv_SE\" \/>\n<meta property=\"og:type\" content=\"article\" \/>\n<meta property=\"og:title\" content=\"Kundanpassade l\u00f6sningar | Advancedvacuum\" \/>\n<meta property=\"og:description\" content=\"Mer \u00e4n pumpar, kompletta vakuuml\u00f6sningar Edwards \u00e4r v\u00e4rldsledande inom design, teknologi och tillverkning av torrvakuumpumpar f\u00f6r processtill\u00e4mpningar inom kemi-, specialkemikalie- och l\u00e4kemedelsindustrin. Vakuumpumpsystem m\u00e5ste hantera organiska l\u00f6sningsmedel och f\u00f6reningar p\u00e5 ett tillf\u00f6rlitligt och s\u00e4kert s\u00e4tt samtidigt som de s\u00e4kerst\u00e4ller kontroll och minskning av milj\u00f6f\u00f6roreningar och \u00e4gandekostnader. V\u00e5r expertis inom kemiska processer och till\u00e4mpningar har gjort [&hellip;]\" \/>\n<meta property=\"og:url\" content=\"https:\/\/www.advancedvacuum.se\/sv\/kundanpassade-losningar\/\" \/>\n<meta property=\"og:site_name\" content=\"Advancedvacuum\" \/>\n<meta property=\"article:modified_time\" content=\"2024-11-04T14:19:03+00:00\" \/>\n<meta property=\"og:image\" content=\"https:\/\/www.advancedvacuum.se\/wp-content\/uploads\/2024\/10\/Custom-solutions.jpg\" \/>\n\t<meta property=\"og:image:width\" content=\"1000\" \/>\n\t<meta property=\"og:image:height\" content=\"300\" \/>\n\t<meta property=\"og:image:type\" content=\"image\/jpeg\" \/>\n<meta name=\"twitter:card\" content=\"summary_large_image\" \/>\n<meta name=\"twitter:label1\" content=\"Ber\u00e4knad l\u00e4stid\" \/>\n\t<meta name=\"twitter:data1\" content=\"1 minut\" \/>\n<script type=\"application\/ld+json\" class=\"yoast-schema-graph\">{\"@context\":\"https:\/\/schema.org\",\"@graph\":[{\"@type\":\"WebPage\",\"@id\":\"https:\/\/www.advancedvacuum.se\/sv\/kundanpassade-losningar\/\",\"url\":\"https:\/\/www.advancedvacuum.se\/sv\/kundanpassade-losningar\/\",\"name\":\"Kundanpassade l\u00f6sningar | Advancedvacuum\",\"isPartOf\":{\"@id\":\"https:\/\/www.advancedvacuum.se\/sv\/#website\"},\"primaryImageOfPage\":{\"@id\":\"https:\/\/www.advancedvacuum.se\/sv\/kundanpassade-losningar\/#primaryimage\"},\"image\":{\"@id\":\"https:\/\/www.advancedvacuum.se\/sv\/kundanpassade-losningar\/#primaryimage\"},\"thumbnailUrl\":\"https:\/\/www.advancedvacuum.se\/wp-content\/uploads\/2024\/10\/Custom-solutions.jpg\",\"datePublished\":\"2024-08-13T13:09:41+00:00\",\"dateModified\":\"2024-11-04T14:19:03+00:00\",\"breadcrumb\":{\"@id\":\"https:\/\/www.advancedvacuum.se\/sv\/kundanpassade-losningar\/#breadcrumb\"},\"inLanguage\":\"sv-SE\",\"potentialAction\":[{\"@type\":\"ReadAction\",\"target\":[\"https:\/\/www.advancedvacuum.se\/sv\/kundanpassade-losningar\/\"]}]},{\"@type\":\"ImageObject\",\"inLanguage\":\"sv-SE\",\"@id\":\"https:\/\/www.advancedvacuum.se\/sv\/kundanpassade-losningar\/#primaryimage\",\"url\":\"https:\/\/www.advancedvacuum.se\/wp-content\/uploads\/2024\/10\/Custom-solutions.jpg\",\"contentUrl\":\"https:\/\/www.advancedvacuum.se\/wp-content\/uploads\/2024\/10\/Custom-solutions.jpg\",\"width\":1000,\"height\":300,\"caption\":\"Custom solutions\"},{\"@type\":\"BreadcrumbList\",\"@id\":\"https:\/\/www.advancedvacuum.se\/sv\/kundanpassade-losningar\/#breadcrumb\",\"itemListElement\":[{\"@type\":\"ListItem\",\"position\":1,\"name\":\"Home\",\"item\":\"https:\/\/www.advancedvacuum.se\/sv\/\"},{\"@type\":\"ListItem\",\"position\":2,\"name\":\"Kundanpassade l\u00f6sningar\"}]},{\"@type\":\"WebSite\",\"@id\":\"https:\/\/www.advancedvacuum.se\/sv\/#website\",\"url\":\"https:\/\/www.advancedvacuum.se\/sv\/\",\"name\":\"Advanced Vacuum\",\"description\":\"\",\"publisher\":{\"@id\":\"https:\/\/www.advancedvacuum.se\/sv\/#organization\"},\"potentialAction\":[{\"@type\":\"SearchAction\",\"target\":{\"@type\":\"EntryPoint\",\"urlTemplate\":\"https:\/\/www.advancedvacuum.se\/sv\/?s={search_term_string}\"},\"query-input\":{\"@type\":\"PropertyValueSpecification\",\"valueRequired\":true,\"valueName\":\"search_term_string\"}}],\"inLanguage\":\"sv-SE\"},{\"@type\":\"Organization\",\"@id\":\"https:\/\/www.advancedvacuum.se\/sv\/#organization\",\"name\":\"Advanced Vacuum\",\"url\":\"https:\/\/www.advancedvacuum.se\/sv\/\",\"logo\":{\"@type\":\"ImageObject\",\"inLanguage\":\"sv-SE\",\"@id\":\"https:\/\/www.advancedvacuum.se\/sv\/#\/schema\/logo\/image\/\",\"url\":\"https:\/\/www.advancedvacuum.se\/wp-content\/uploads\/2025\/03\/logo.png\",\"contentUrl\":\"https:\/\/www.advancedvacuum.se\/wp-content\/uploads\/2025\/03\/logo.png\",\"width\":280,\"height\":92,\"caption\":\"Advanced Vacuum\"},\"image\":{\"@id\":\"https:\/\/www.advancedvacuum.se\/sv\/#\/schema\/logo\/image\/\"}}]}<\/script>\n<!-- \/ Yoast SEO plugin. -->","yoast_head_json":{"title":"Kundanpassade l\u00f6sningar | Advancedvacuum","robots":{"index":"index","follow":"follow","max-snippet":"max-snippet:-1","max-image-preview":"max-image-preview:large","max-video-preview":"max-video-preview:-1"},"canonical":"https:\/\/www.advancedvacuum.se\/sv\/kundanpassade-losningar\/","og_locale":"sv_SE","og_type":"article","og_title":"Kundanpassade l\u00f6sningar | Advancedvacuum","og_description":"Mer \u00e4n pumpar, kompletta vakuuml\u00f6sningar Edwards \u00e4r v\u00e4rldsledande inom design, teknologi och tillverkning av torrvakuumpumpar f\u00f6r processtill\u00e4mpningar inom kemi-, specialkemikalie- och l\u00e4kemedelsindustrin. Vakuumpumpsystem m\u00e5ste hantera organiska l\u00f6sningsmedel och f\u00f6reningar p\u00e5 ett tillf\u00f6rlitligt och s\u00e4kert s\u00e4tt samtidigt som de s\u00e4kerst\u00e4ller kontroll och minskning av milj\u00f6f\u00f6roreningar och \u00e4gandekostnader. V\u00e5r expertis inom kemiska processer och till\u00e4mpningar har gjort [&hellip;]","og_url":"https:\/\/www.advancedvacuum.se\/sv\/kundanpassade-losningar\/","og_site_name":"Advancedvacuum","article_modified_time":"2024-11-04T14:19:03+00:00","og_image":[{"width":1000,"height":300,"url":"https:\/\/www.advancedvacuum.se\/wp-content\/uploads\/2024\/10\/Custom-solutions.jpg","type":"image\/jpeg"}],"twitter_card":"summary_large_image","twitter_misc":{"Ber\u00e4knad l\u00e4stid":"1 minut"},"schema":{"@context":"https:\/\/schema.org","@graph":[{"@type":"WebPage","@id":"https:\/\/www.advancedvacuum.se\/sv\/kundanpassade-losningar\/","url":"https:\/\/www.advancedvacuum.se\/sv\/kundanpassade-losningar\/","name":"Kundanpassade l\u00f6sningar | Advancedvacuum","isPartOf":{"@id":"https:\/\/www.advancedvacuum.se\/sv\/#website"},"primaryImageOfPage":{"@id":"https:\/\/www.advancedvacuum.se\/sv\/kundanpassade-losningar\/#primaryimage"},"image":{"@id":"https:\/\/www.advancedvacuum.se\/sv\/kundanpassade-losningar\/#primaryimage"},"thumbnailUrl":"https:\/\/www.advancedvacuum.se\/wp-content\/uploads\/2024\/10\/Custom-solutions.jpg","datePublished":"2024-08-13T13:09:41+00:00","dateModified":"2024-11-04T14:19:03+00:00","breadcrumb":{"@id":"https:\/\/www.advancedvacuum.se\/sv\/kundanpassade-losningar\/#breadcrumb"},"inLanguage":"sv-SE","potentialAction":[{"@type":"ReadAction","target":["https:\/\/www.advancedvacuum.se\/sv\/kundanpassade-losningar\/"]}]},{"@type":"ImageObject","inLanguage":"sv-SE","@id":"https:\/\/www.advancedvacuum.se\/sv\/kundanpassade-losningar\/#primaryimage","url":"https:\/\/www.advancedvacuum.se\/wp-content\/uploads\/2024\/10\/Custom-solutions.jpg","contentUrl":"https:\/\/www.advancedvacuum.se\/wp-content\/uploads\/2024\/10\/Custom-solutions.jpg","width":1000,"height":300,"caption":"Custom solutions"},{"@type":"BreadcrumbList","@id":"https:\/\/www.advancedvacuum.se\/sv\/kundanpassade-losningar\/#breadcrumb","itemListElement":[{"@type":"ListItem","position":1,"name":"Home","item":"https:\/\/www.advancedvacuum.se\/sv\/"},{"@type":"ListItem","position":2,"name":"Kundanpassade l\u00f6sningar"}]},{"@type":"WebSite","@id":"https:\/\/www.advancedvacuum.se\/sv\/#website","url":"https:\/\/www.advancedvacuum.se\/sv\/","name":"Advanced Vacuum","description":"","publisher":{"@id":"https:\/\/www.advancedvacuum.se\/sv\/#organization"},"potentialAction":[{"@type":"SearchAction","target":{"@type":"EntryPoint","urlTemplate":"https:\/\/www.advancedvacuum.se\/sv\/?s={search_term_string}"},"query-input":{"@type":"PropertyValueSpecification","valueRequired":true,"valueName":"search_term_string"}}],"inLanguage":"sv-SE"},{"@type":"Organization","@id":"https:\/\/www.advancedvacuum.se\/sv\/#organization","name":"Advanced Vacuum","url":"https:\/\/www.advancedvacuum.se\/sv\/","logo":{"@type":"ImageObject","inLanguage":"sv-SE","@id":"https:\/\/www.advancedvacuum.se\/sv\/#\/schema\/logo\/image\/","url":"https:\/\/www.advancedvacuum.se\/wp-content\/uploads\/2025\/03\/logo.png","contentUrl":"https:\/\/www.advancedvacuum.se\/wp-content\/uploads\/2025\/03\/logo.png","width":280,"height":92,"caption":"Advanced Vacuum"},"image":{"@id":"https:\/\/www.advancedvacuum.se\/sv\/#\/schema\/logo\/image\/"}}]}},"_links":{"self":[{"href":"https:\/\/www.advancedvacuum.se\/sv\/wp-json\/wp\/v2\/pages\/1837","targetHints":{"allow":["GET"]}}],"collection":[{"href":"https:\/\/www.advancedvacuum.se\/sv\/wp-json\/wp\/v2\/pages"}],"about":[{"href":"https:\/\/www.advancedvacuum.se\/sv\/wp-json\/wp\/v2\/types\/page"}],"author":[{"embeddable":true,"href":"https:\/\/www.advancedvacuum.se\/sv\/wp-json\/wp\/v2\/users\/1"}],"replies":[{"embeddable":true,"href":"https:\/\/www.advancedvacuum.se\/sv\/wp-json\/wp\/v2\/comments?post=1837"}],"version-history":[{"count":7,"href":"https:\/\/www.advancedvacuum.se\/sv\/wp-json\/wp\/v2\/pages\/1837\/revisions"}],"predecessor-version":[{"id":2356,"href":"https:\/\/www.advancedvacuum.se\/sv\/wp-json\/wp\/v2\/pages\/1837\/revisions\/2356"}],"wp:featuredmedia":[{"embeddable":true,"href":"https:\/\/www.advancedvacuum.se\/sv\/wp-json\/wp\/v2\/media\/2337"}],"wp:attachment":[{"href":"https:\/\/www.advancedvacuum.se\/sv\/wp-json\/wp\/v2\/media?parent=1837"}],"curies":[{"name":"wp","href":"https:\/\/api.w.org\/{rel}","templated":true}]}}