{"id":1846,"date":"2024-08-13T15:10:52","date_gmt":"2024-08-13T13:10:52","guid":{"rendered":"https:\/\/www.advancedvacuum.se\/legal-notice\/"},"modified":"2024-09-20T10:15:54","modified_gmt":"2024-09-20T08:15:54","slug":"legal-notice","status":"publish","type":"page","link":"https:\/\/www.advancedvacuum.se\/sv\/legal-notice\/","title":{"rendered":"R\u00e4ttsligt meddelande"},"content":{"rendered":"<ol>\n<li>Den h\u00e4r webbplatsen inneh\u00e5ller information om produkter som kanske eller inte \u00e4r tillg\u00e4ngliga i n\u00e5got s\u00e4rskilt land eller region i v\u00e4rlden, kan vara tillg\u00e4ngliga under olika varum\u00e4rken i olika l\u00e4nder och, i till\u00e4mpliga fall, kan godk\u00e4nnas eller godk\u00e4nnas av ett statligt tillsynsorgan till f\u00f6rs\u00e4ljning eller anv\u00e4ndning med olika indikationer och restriktioner i olika l\u00e4nder. Webbplatsen och dess inneh\u00e5ll \u00e4r dock utformade f\u00f6r att f\u00f6lja amerikanska lagar och f\u00f6rordningar.<\/li>\n<li>Avancerad vakuumdistribution l\u00e4mnar inga utf\u00e4stelser eller garantier betr\u00e4ffande tillg\u00e4ngligheten, riktigheten eller fullst\u00e4ndigheten av n\u00e5gon information som finns h\u00e4ri och fr\u00e5ns\u00e4ger sig uttryckligen all skyldighet att uppdatera informationen, f\u00f6rutom i den utstr\u00e4ckning som kr\u00e4vs enligt lag. Advanced Vacuum Distribution tar vidare inget ansvar eller ansvar f\u00f6r eventuella fel eller utel\u00e4mnanden i inneh\u00e5llet p\u00e5 webbplatsen.<\/li>\n<li>Du kan fritt surfa p\u00e5 webbplatsen. Du f\u00e5r inte distribuera, modifiera, \u00f6verf\u00f6ra, \u00e5teranv\u00e4nda, \u00e5terpublicera eller anv\u00e4nda n\u00e5got material fr\u00e5n webbplatsen f\u00f6r offentliga eller kommersiella \u00e4ndam\u00e5l utan uttryckligt skriftligt tillst\u00e5nd fr\u00e5n Advanced Vacuum Distribution. Alla meddelanden om upphovsr\u00e4tt och annan \u00e4gander\u00e4tt som finns i nedladdat material m\u00e5ste beh\u00e5llas.<\/li>\n<li>Du b\u00f6r anta att allt inneh\u00e5ll p\u00e5 webbplatsen \u00e4r upphovsr\u00e4ttsskyddat s\u00e5vida inte annat anges och f\u00e5r inte anv\u00e4ndas f\u00f6rutom enligt vad som anges h\u00e4r och utan uttryckligt skriftligt tillst\u00e5nd fr\u00e5n Advanced Vacuum Distribution. Bilder p\u00e5 personer eller platser som visas p\u00e5 webbplatsen \u00e4r antingen egendom av eller anv\u00e4nds med tillst\u00e5nd av Advanced Vacuum Distribution.<\/li>\n<li>Anv\u00e4ndningen av dessa bilder av dig \u00e4r f\u00f6rbjuden utan uttryckligt skriftligt tillst\u00e5nd fr\u00e5n Advanced Vacuum Distribution. Otill\u00e5ten anv\u00e4ndning av bilderna kan bryta mot upphovsr\u00e4tts-, varum\u00e4rkes-, integritets- och\/eller publicitetslagar samt kommunikationsf\u00f6reskrifter och stadgar.<\/li>\n<li>Din anv\u00e4ndning av webbplatsen sker p\u00e5 egen risk. Varken Advanced Vacuum Distribution eller n\u00e5gon annan part som \u00e4r involverad i att skapa, producera eller leverera webbplatsen \u00e4r ansvarig f\u00f6r n\u00e5gra direkta, tillf\u00e4lliga, f\u00f6ljdskador, indirekta eller straffskador som uppst\u00e5r till f\u00f6ljd av din \u00e5tkomst till, anv\u00e4ndning av eller surfning p\u00e5 webbplatsen. Detta inkluderar skador p\u00e5, eller som h\u00e4rr\u00f6r fr\u00e5n virus som kan infektera din datorutrustning eller annan egendom. Utan att begr\u00e4nsa det f\u00f6reg\u00e5ende tillhandah\u00e5lls allt p\u00e5 webbplatsen till dig &#8221;I BEFINTLIGT SKICK&#8221; UTAN GARANTI AV N\u00c5GOT SLAG, VARKEN UTTRYCKLIGT ELLER UNDERF\u00d6RST\u00c5DET, INKLUSIVE, MEN INTE BEGR\u00c4NSAT TILL, UNDERF\u00d6RST\u00c5DDA GARANTIER OM S\u00c4LJBARHET, L\u00c4MPLIGHET F\u00d6R N\u00c5GON PARTI. . Observera att vissa jurisdiktioner kanske inte till\u00e5ter uteslutning av underf\u00f6rst\u00e5dda garantier, s\u00e5 vissa av ovanst\u00e5ende undantag kanske inte g\u00e4ller dig. Kontrollera dina lokala lagar f\u00f6r eventuella restriktioner eller begr\u00e4nsningar g\u00e4llande uteslutning av underf\u00f6rst\u00e5dda garantier.<\/li>\n<li>All kommunikation eller material som du \u00f6verf\u00f6r till eller l\u00e4gger upp p\u00e5 webbplatsen via e-post eller p\u00e5 annat s\u00e4tt, inklusive data, fr\u00e5gor, kommentarer, f\u00f6rslag eller liknande, \u00e4r, och kommer att behandlas som, icke-konfidentiell och icke-propriet\u00e4r information. Advanced Vacuum Distribution eller n\u00e5got av dess dotterbolag kan anv\u00e4nda s\u00e5dan kommunikation eller s\u00e5dant material f\u00f6r vilket syfte som helst, inklusive, men inte begr\u00e4nsat till, reproduktion, avsl\u00f6jande, \u00f6verf\u00f6ring, publicering, s\u00e4ndning och ytterligare publicering. Vidare \u00e4r Advanced Vacuum Distribution och dess dotterbolag fria att anv\u00e4nda alla id\u00e9er, koncept, know-how eller tekniker som ing\u00e5r i all kommunikation eller material som du skickar till webbplatsen f\u00f6r vilket syfte som helst, inklusive, men inte begr\u00e4nsat till, utveckling, tillverkning och marknadsf\u00f6ra produkter.<\/li>\n<li>Varum\u00e4rkena, logotyperna och servicem\u00e4rkena (sammantaget &#8221;Varum\u00e4rkena&#8221;) som visas p\u00e5 webbplatsen \u00e4r registrerade och oregistrerade varum\u00e4rken som tillh\u00f6r Advanced Vacuum Distribution och andra. Ingenting som finns p\u00e5 denna webbplats ska tolkas som att det beviljar, genom underf\u00f6rst\u00e5tt, estoppel eller p\u00e5 annat s\u00e4tt, n\u00e5gon licens eller r\u00e4ttighet till och till varum\u00e4rkena utan uttryckligt skriftligt tillst\u00e5nd fr\u00e5n Advanced Vacuum Distribution eller s\u00e5dan tredje part. Ditt missbruk av varum\u00e4rkena p\u00e5 webbplatsen och i dess inneh\u00e5ll, f\u00f6rutom vad som anges i dessa villkor, \u00e4r str\u00e4ngt f\u00f6rbjudet. Du b\u00f6r informeras om att Advanced Vacuum Distribution aggressivt kommer att uppr\u00e4tth\u00e5lla sina immateriella r\u00e4ttigheter p\u00e5 webbplatsen och dess inneh\u00e5ll s\u00e5 l\u00e5ngt som m\u00f6jligt av lagen, inklusive genom att s\u00f6ka straffr\u00e4ttsliga sanktioner.<\/li>\n<li>Advanced Vacuum Distribution har inte granskat alla webbplatser som kan vara l\u00e4nkade till denna webbplats och \u00e4r inte ansvarig f\u00f6r inneh\u00e5llet p\u00e5 sidor utanf\u00f6r webbplatsen eller andra webbplatser som \u00e4r l\u00e4nkade till denna webbplats. Din l\u00e4nkning till andra sidor utanf\u00f6r webbplatsen eller andra webbplatser sker p\u00e5 egen risk. N\u00e4r du l\u00e4nkar till en annan webbplats, se till att l\u00e4sa de juridiska meddelandena och sekretesspolicyn f\u00f6r den nya webbplatsen. De kan skilja sig fr\u00e5n den h\u00e4r webbplatsen.<\/li>\n<li>Du \u00e4r f\u00f6rbjuden att \u00e4ndra, skada eller f\u00f6rst\u00f6ra webbplatsen eller l\u00e4gga till obeh\u00f6rigt material till den. Du uppmanas att avancerad Vacuum Distribution kommer aggressivt att skydda webbplatsen och kommer att \u00e5tala \u00f6vertr\u00e4dare i den st\u00f6rsta utstr\u00e4ckningen av lagen, inklusive genom att s\u00f6ka straffr\u00e4ttsliga p\u00e5f\u00f6ljder.<\/li>\n<li>Advanced Vacuum Distribution f\u00f6rbeh\u00e5ller sig r\u00e4tten att \u00e4ndra eller ta bort material fr\u00e5n webbplatsen n\u00e4r som helst, och Advanced Vacuum Distribution kan n\u00e4r som helst revidera dessa villkor och andra policyer som anges p\u00e5 denna webbplats genom att uppdatera detta inl\u00e4gg. Du \u00e4r bunden av s\u00e5dana \u00e4ndringar och b\u00f6r d\u00e4rf\u00f6r regelbundet bes\u00f6ka den h\u00e4r sidan f\u00f6r att granska de d\u00e5 g\u00e4llande villkoren och policyerna.<\/li>\n<\/ol>\n","protected":false},"excerpt":{"rendered":"<p>Den h\u00e4r webbplatsen inneh\u00e5ller information om produkter som kanske eller inte \u00e4r tillg\u00e4ngliga i n\u00e5got s\u00e4rskilt land eller region i v\u00e4rlden, kan vara tillg\u00e4ngliga under olika varum\u00e4rken i olika l\u00e4nder och, i till\u00e4mpliga fall, kan godk\u00e4nnas eller godk\u00e4nnas av ett statligt tillsynsorgan till f\u00f6rs\u00e4ljning eller anv\u00e4ndning med olika indikationer och restriktioner i olika l\u00e4nder. Webbplatsen [&hellip;]<\/p>\n","protected":false},"author":1,"featured_media":0,"parent":0,"menu_order":0,"comment_status":"closed","ping_status":"closed","template":"templates\/template-common.php","meta":{"_acf_changed":false,"footnotes":""},"class_list":["post-1846","page","type-page","status-publish","hentry"],"acf":[],"yoast_head":"<!-- This site is optimized with the Yoast SEO plugin v25.4 - https:\/\/yoast.com\/wordpress\/plugins\/seo\/ -->\n<title>R\u00e4ttsligt meddelande | Advancedvacuum<\/title>\n<meta name=\"robots\" content=\"index, follow, max-snippet:-1, max-image-preview:large, max-video-preview:-1\" \/>\n<link rel=\"canonical\" href=\"https:\/\/www.advancedvacuum.se\/sv\/legal-notice\/\" \/>\n<meta property=\"og:locale\" content=\"sv_SE\" \/>\n<meta property=\"og:type\" content=\"article\" \/>\n<meta property=\"og:title\" content=\"R\u00e4ttsligt meddelande | Advancedvacuum\" \/>\n<meta property=\"og:description\" content=\"Den h\u00e4r webbplatsen inneh\u00e5ller information om produkter som kanske eller inte \u00e4r tillg\u00e4ngliga i n\u00e5got s\u00e4rskilt land eller region i v\u00e4rlden, kan vara tillg\u00e4ngliga under olika varum\u00e4rken i olika l\u00e4nder och, i till\u00e4mpliga fall, kan godk\u00e4nnas eller godk\u00e4nnas av ett statligt tillsynsorgan till f\u00f6rs\u00e4ljning eller anv\u00e4ndning med olika indikationer och restriktioner i olika l\u00e4nder. Webbplatsen [&hellip;]\" \/>\n<meta property=\"og:url\" content=\"https:\/\/www.advancedvacuum.se\/sv\/legal-notice\/\" \/>\n<meta property=\"og:site_name\" content=\"Advancedvacuum\" \/>\n<meta property=\"article:modified_time\" content=\"2024-09-20T08:15:54+00:00\" \/>\n<meta name=\"twitter:card\" content=\"summary_large_image\" \/>\n<meta name=\"twitter:label1\" content=\"Ber\u00e4knad l\u00e4stid\" \/>\n\t<meta name=\"twitter:data1\" content=\"5 minuter\" \/>\n<script type=\"application\/ld+json\" class=\"yoast-schema-graph\">{\"@context\":\"https:\/\/schema.org\",\"@graph\":[{\"@type\":\"WebPage\",\"@id\":\"https:\/\/www.advancedvacuum.se\/sv\/legal-notice\/\",\"url\":\"https:\/\/www.advancedvacuum.se\/sv\/legal-notice\/\",\"name\":\"R\u00e4ttsligt meddelande | Advancedvacuum\",\"isPartOf\":{\"@id\":\"https:\/\/www.advancedvacuum.se\/sv\/#website\"},\"datePublished\":\"2024-08-13T13:10:52+00:00\",\"dateModified\":\"2024-09-20T08:15:54+00:00\",\"breadcrumb\":{\"@id\":\"https:\/\/www.advancedvacuum.se\/sv\/legal-notice\/#breadcrumb\"},\"inLanguage\":\"sv-SE\",\"potentialAction\":[{\"@type\":\"ReadAction\",\"target\":[\"https:\/\/www.advancedvacuum.se\/sv\/legal-notice\/\"]}]},{\"@type\":\"BreadcrumbList\",\"@id\":\"https:\/\/www.advancedvacuum.se\/sv\/legal-notice\/#breadcrumb\",\"itemListElement\":[{\"@type\":\"ListItem\",\"position\":1,\"name\":\"Home\",\"item\":\"https:\/\/www.advancedvacuum.se\/sv\/\"},{\"@type\":\"ListItem\",\"position\":2,\"name\":\"R\u00e4ttsligt meddelande\"}]},{\"@type\":\"WebSite\",\"@id\":\"https:\/\/www.advancedvacuum.se\/sv\/#website\",\"url\":\"https:\/\/www.advancedvacuum.se\/sv\/\",\"name\":\"Advanced Vacuum\",\"description\":\"\",\"publisher\":{\"@id\":\"https:\/\/www.advancedvacuum.se\/sv\/#organization\"},\"potentialAction\":[{\"@type\":\"SearchAction\",\"target\":{\"@type\":\"EntryPoint\",\"urlTemplate\":\"https:\/\/www.advancedvacuum.se\/sv\/?s={search_term_string}\"},\"query-input\":{\"@type\":\"PropertyValueSpecification\",\"valueRequired\":true,\"valueName\":\"search_term_string\"}}],\"inLanguage\":\"sv-SE\"},{\"@type\":\"Organization\",\"@id\":\"https:\/\/www.advancedvacuum.se\/sv\/#organization\",\"name\":\"Advanced Vacuum\",\"url\":\"https:\/\/www.advancedvacuum.se\/sv\/\",\"logo\":{\"@type\":\"ImageObject\",\"inLanguage\":\"sv-SE\",\"@id\":\"https:\/\/www.advancedvacuum.se\/sv\/#\/schema\/logo\/image\/\",\"url\":\"https:\/\/www.advancedvacuum.se\/wp-content\/uploads\/2025\/03\/logo.png\",\"contentUrl\":\"https:\/\/www.advancedvacuum.se\/wp-content\/uploads\/2025\/03\/logo.png\",\"width\":280,\"height\":92,\"caption\":\"Advanced Vacuum\"},\"image\":{\"@id\":\"https:\/\/www.advancedvacuum.se\/sv\/#\/schema\/logo\/image\/\"}}]}<\/script>\n<!-- \/ Yoast SEO plugin. -->","yoast_head_json":{"title":"R\u00e4ttsligt meddelande | Advancedvacuum","robots":{"index":"index","follow":"follow","max-snippet":"max-snippet:-1","max-image-preview":"max-image-preview:large","max-video-preview":"max-video-preview:-1"},"canonical":"https:\/\/www.advancedvacuum.se\/sv\/legal-notice\/","og_locale":"sv_SE","og_type":"article","og_title":"R\u00e4ttsligt meddelande | Advancedvacuum","og_description":"Den h\u00e4r webbplatsen inneh\u00e5ller information om produkter som kanske eller inte \u00e4r tillg\u00e4ngliga i n\u00e5got s\u00e4rskilt land eller region i v\u00e4rlden, kan vara tillg\u00e4ngliga under olika varum\u00e4rken i olika l\u00e4nder och, i till\u00e4mpliga fall, kan godk\u00e4nnas eller godk\u00e4nnas av ett statligt tillsynsorgan till f\u00f6rs\u00e4ljning eller anv\u00e4ndning med olika indikationer och restriktioner i olika l\u00e4nder. Webbplatsen [&hellip;]","og_url":"https:\/\/www.advancedvacuum.se\/sv\/legal-notice\/","og_site_name":"Advancedvacuum","article_modified_time":"2024-09-20T08:15:54+00:00","twitter_card":"summary_large_image","twitter_misc":{"Ber\u00e4knad l\u00e4stid":"5 minuter"},"schema":{"@context":"https:\/\/schema.org","@graph":[{"@type":"WebPage","@id":"https:\/\/www.advancedvacuum.se\/sv\/legal-notice\/","url":"https:\/\/www.advancedvacuum.se\/sv\/legal-notice\/","name":"R\u00e4ttsligt meddelande | Advancedvacuum","isPartOf":{"@id":"https:\/\/www.advancedvacuum.se\/sv\/#website"},"datePublished":"2024-08-13T13:10:52+00:00","dateModified":"2024-09-20T08:15:54+00:00","breadcrumb":{"@id":"https:\/\/www.advancedvacuum.se\/sv\/legal-notice\/#breadcrumb"},"inLanguage":"sv-SE","potentialAction":[{"@type":"ReadAction","target":["https:\/\/www.advancedvacuum.se\/sv\/legal-notice\/"]}]},{"@type":"BreadcrumbList","@id":"https:\/\/www.advancedvacuum.se\/sv\/legal-notice\/#breadcrumb","itemListElement":[{"@type":"ListItem","position":1,"name":"Home","item":"https:\/\/www.advancedvacuum.se\/sv\/"},{"@type":"ListItem","position":2,"name":"R\u00e4ttsligt meddelande"}]},{"@type":"WebSite","@id":"https:\/\/www.advancedvacuum.se\/sv\/#website","url":"https:\/\/www.advancedvacuum.se\/sv\/","name":"Advanced Vacuum","description":"","publisher":{"@id":"https:\/\/www.advancedvacuum.se\/sv\/#organization"},"potentialAction":[{"@type":"SearchAction","target":{"@type":"EntryPoint","urlTemplate":"https:\/\/www.advancedvacuum.se\/sv\/?s={search_term_string}"},"query-input":{"@type":"PropertyValueSpecification","valueRequired":true,"valueName":"search_term_string"}}],"inLanguage":"sv-SE"},{"@type":"Organization","@id":"https:\/\/www.advancedvacuum.se\/sv\/#organization","name":"Advanced Vacuum","url":"https:\/\/www.advancedvacuum.se\/sv\/","logo":{"@type":"ImageObject","inLanguage":"sv-SE","@id":"https:\/\/www.advancedvacuum.se\/sv\/#\/schema\/logo\/image\/","url":"https:\/\/www.advancedvacuum.se\/wp-content\/uploads\/2025\/03\/logo.png","contentUrl":"https:\/\/www.advancedvacuum.se\/wp-content\/uploads\/2025\/03\/logo.png","width":280,"height":92,"caption":"Advanced Vacuum"},"image":{"@id":"https:\/\/www.advancedvacuum.se\/sv\/#\/schema\/logo\/image\/"}}]}},"_links":{"self":[{"href":"https:\/\/www.advancedvacuum.se\/sv\/wp-json\/wp\/v2\/pages\/1846","targetHints":{"allow":["GET"]}}],"collection":[{"href":"https:\/\/www.advancedvacuum.se\/sv\/wp-json\/wp\/v2\/pages"}],"about":[{"href":"https:\/\/www.advancedvacuum.se\/sv\/wp-json\/wp\/v2\/types\/page"}],"author":[{"embeddable":true,"href":"https:\/\/www.advancedvacuum.se\/sv\/wp-json\/wp\/v2\/users\/1"}],"replies":[{"embeddable":true,"href":"https:\/\/www.advancedvacuum.se\/sv\/wp-json\/wp\/v2\/comments?post=1846"}],"version-history":[{"count":2,"href":"https:\/\/www.advancedvacuum.se\/sv\/wp-json\/wp\/v2\/pages\/1846\/revisions"}],"predecessor-version":[{"id":1949,"href":"https:\/\/www.advancedvacuum.se\/sv\/wp-json\/wp\/v2\/pages\/1846\/revisions\/1949"}],"wp:attachment":[{"href":"https:\/\/www.advancedvacuum.se\/sv\/wp-json\/wp\/v2\/media?parent=1846"}],"curies":[{"name":"wp","href":"https:\/\/api.w.org\/{rel}","templated":true}]}}