{"id":1860,"date":"2024-09-05T10:12:47","date_gmt":"2024-09-05T08:12:47","guid":{"rendered":"https:\/\/www.advancedvacuum.se\/service\/konsulttjanster-inom-vakuum\/"},"modified":"2024-09-20T13:33:37","modified_gmt":"2024-09-20T11:33:37","slug":"konsulttjanster-inom-vakuum","status":"publish","type":"page","link":"https:\/\/www.advancedvacuum.se\/sv\/service\/konsulttjanster-inom-vakuum\/","title":{"rendered":"Konsulttj\u00e4nster inom vakuum"},"content":{"rendered":"<p><strong>F\u00f6rb\u00e4ttra effektiviteten hos ditt vakuumsystem.<\/strong><\/p>\n<p>Vakuumsystem p\u00e5verkas av v\u00e4xande krav p\u00e5 produktionsanl\u00e4ggningens tillg\u00e4nglighet, stigande energikostnader och \u00f6kade kostnader f\u00f6r underh\u00e5ll och reparationer. M\u00e5nga vakuumsystem \u00e4r inte optimerade f\u00f6r att uppfylla dessa krav. Exempelvis kan vakuumanl\u00e4ggningar som inte \u00e4r helt integrerade med det \u00f6vergripande systemet binda upp investeringar, \u00f6ka energikostnader on\u00f6digt mycket eller misslyckas med att hantera str\u00f6mspr\u00e5ng p\u00e5 tillf\u00f6rlitligt s\u00e4tt.<\/p>\n<p>\u00c4ven mindre \u00e4ndringar i produktionsprocessen kan orsaka permanent ineffektiva driftf\u00f6rh\u00e5llanden, st\u00f6rre f\u00f6rslitning eller \u00f6kad energif\u00f6rbrukning hos vakuumsystemet. Vi ser \u00f6ver och diskuterar hur vi kan f\u00f6rb\u00e4ttra effektiviteten p\u00e5 ditt vakuumsystem.<\/p>\n<p>Genom v\u00e5ra konsulttj\u00e4nster inom vakuum erbjuder vi anl\u00e4ggningsansvariga en m\u00f6jlighet att s\u00e4kerst\u00e4lla att vakuumanl\u00e4ggningarna fungerar effektivt och optimalt. Fr\u00e5n enstaka pumpar till hela vakuumsystemet. Vi kommer \u00e4ven med rekommendationer och f\u00f6rb\u00e4ttringsf\u00f6rslag om ni f\u00e5r f\u00f6r\u00e4ndrade produktionsf\u00f6ruts\u00e4ttningar.<\/p>\n<p>Genom en eng\u00e5ngsgenomg\u00e5ng eller regelbundna granskningar av samtliga vakuumanl\u00e4ggningar och systemkomponenter i kombination med andra komponenter inom produktionsanl\u00e4ggningen kan vi hitta potential f\u00f6r optimering och ta fram strategier f\u00f6r att eliminera felk\u00e4llor.<\/p>\n<p>Hundratals f\u00f6retag anv\u00e4nder regelbundet Edwards &amp; Advanced Vacuums vakuumgranskningar f\u00f6r att optimera driftsekonomin hos sina vakuumanl\u00e4ggningar och system.<\/p>\n<p>&nbsp;<\/p>\n","protected":false},"excerpt":{"rendered":"<p>F\u00f6rb\u00e4ttra effektiviteten hos ditt vakuumsystem. Vakuumsystem p\u00e5verkas av v\u00e4xande krav p\u00e5 produktionsanl\u00e4ggningens tillg\u00e4nglighet, stigande energikostnader och \u00f6kade kostnader f\u00f6r underh\u00e5ll och reparationer. M\u00e5nga vakuumsystem \u00e4r inte optimerade f\u00f6r att uppfylla dessa krav. Exempelvis kan vakuumanl\u00e4ggningar som inte \u00e4r helt integrerade med det \u00f6vergripande systemet binda upp investeringar, \u00f6ka energikostnader on\u00f6digt mycket eller misslyckas med att [&hellip;]<\/p>\n","protected":false},"author":1,"featured_media":2853,"parent":1853,"menu_order":0,"comment_status":"closed","ping_status":"closed","template":"templates\/template-service-detail.php","meta":{"_acf_changed":false,"footnotes":""},"class_list":["post-1860","page","type-page","status-publish","has-post-thumbnail","hentry"],"acf":[],"yoast_head":"<!-- This site is optimized with the Yoast SEO plugin v25.4 - https:\/\/yoast.com\/wordpress\/plugins\/seo\/ -->\n<title>Konsulttj\u00e4nster inom vakuum | Advancedvacuum<\/title>\n<meta name=\"robots\" content=\"index, follow, max-snippet:-1, max-image-preview:large, max-video-preview:-1\" \/>\n<link rel=\"canonical\" href=\"https:\/\/www.advancedvacuum.se\/sv\/service\/konsulttjanster-inom-vakuum\/\" \/>\n<meta property=\"og:locale\" content=\"sv_SE\" \/>\n<meta property=\"og:type\" content=\"article\" \/>\n<meta property=\"og:title\" content=\"Konsulttj\u00e4nster inom vakuum | Advancedvacuum\" \/>\n<meta property=\"og:description\" content=\"F\u00f6rb\u00e4ttra effektiviteten hos ditt vakuumsystem. Vakuumsystem p\u00e5verkas av v\u00e4xande krav p\u00e5 produktionsanl\u00e4ggningens tillg\u00e4nglighet, stigande energikostnader och \u00f6kade kostnader f\u00f6r underh\u00e5ll och reparationer. M\u00e5nga vakuumsystem \u00e4r inte optimerade f\u00f6r att uppfylla dessa krav. Exempelvis kan vakuumanl\u00e4ggningar som inte \u00e4r helt integrerade med det \u00f6vergripande systemet binda upp investeringar, \u00f6ka energikostnader on\u00f6digt mycket eller misslyckas med att [&hellip;]\" \/>\n<meta property=\"og:url\" content=\"https:\/\/www.advancedvacuum.se\/sv\/service\/konsulttjanster-inom-vakuum\/\" \/>\n<meta property=\"og:site_name\" content=\"Advancedvacuum\" \/>\n<meta property=\"article:modified_time\" content=\"2024-09-20T11:33:37+00:00\" \/>\n<meta property=\"og:image\" content=\"https:\/\/www.advancedvacuum.se\/wp-content\/uploads\/2025\/02\/Consulting-service-vacuum.jpg\" \/>\n\t<meta property=\"og:image:width\" content=\"1410\" \/>\n\t<meta property=\"og:image:height\" content=\"340\" \/>\n\t<meta property=\"og:image:type\" content=\"image\/jpeg\" \/>\n<meta name=\"twitter:card\" content=\"summary_large_image\" \/>\n<meta name=\"twitter:label1\" content=\"Ber\u00e4knad l\u00e4stid\" \/>\n\t<meta name=\"twitter:data1\" content=\"1 minut\" \/>\n<script type=\"application\/ld+json\" class=\"yoast-schema-graph\">{\"@context\":\"https:\/\/schema.org\",\"@graph\":[{\"@type\":\"WebPage\",\"@id\":\"https:\/\/www.advancedvacuum.se\/sv\/service\/konsulttjanster-inom-vakuum\/\",\"url\":\"https:\/\/www.advancedvacuum.se\/sv\/service\/konsulttjanster-inom-vakuum\/\",\"name\":\"Konsulttj\u00e4nster inom vakuum | Advancedvacuum\",\"isPartOf\":{\"@id\":\"https:\/\/www.advancedvacuum.se\/sv\/#website\"},\"primaryImageOfPage\":{\"@id\":\"https:\/\/www.advancedvacuum.se\/sv\/service\/konsulttjanster-inom-vakuum\/#primaryimage\"},\"image\":{\"@id\":\"https:\/\/www.advancedvacuum.se\/sv\/service\/konsulttjanster-inom-vakuum\/#primaryimage\"},\"thumbnailUrl\":\"https:\/\/www.advancedvacuum.se\/wp-content\/uploads\/2025\/02\/Consulting-service-vacuum.jpg\",\"datePublished\":\"2024-09-05T08:12:47+00:00\",\"dateModified\":\"2024-09-20T11:33:37+00:00\",\"breadcrumb\":{\"@id\":\"https:\/\/www.advancedvacuum.se\/sv\/service\/konsulttjanster-inom-vakuum\/#breadcrumb\"},\"inLanguage\":\"sv-SE\",\"potentialAction\":[{\"@type\":\"ReadAction\",\"target\":[\"https:\/\/www.advancedvacuum.se\/sv\/service\/konsulttjanster-inom-vakuum\/\"]}]},{\"@type\":\"ImageObject\",\"inLanguage\":\"sv-SE\",\"@id\":\"https:\/\/www.advancedvacuum.se\/sv\/service\/konsulttjanster-inom-vakuum\/#primaryimage\",\"url\":\"https:\/\/www.advancedvacuum.se\/wp-content\/uploads\/2025\/02\/Consulting-service-vacuum.jpg\",\"contentUrl\":\"https:\/\/www.advancedvacuum.se\/wp-content\/uploads\/2025\/02\/Consulting-service-vacuum.jpg\",\"width\":1410,\"height\":340,\"caption\":\"Consulting service vacuum\"},{\"@type\":\"BreadcrumbList\",\"@id\":\"https:\/\/www.advancedvacuum.se\/sv\/service\/konsulttjanster-inom-vakuum\/#breadcrumb\",\"itemListElement\":[{\"@type\":\"ListItem\",\"position\":1,\"name\":\"Home\",\"item\":\"https:\/\/www.advancedvacuum.se\/sv\/\"},{\"@type\":\"ListItem\",\"position\":2,\"name\":\"V\u00e5ra tj\u00e4nster!\",\"item\":\"https:\/\/www.advancedvacuum.se\/sv\/service\/\"},{\"@type\":\"ListItem\",\"position\":3,\"name\":\"Konsulttj\u00e4nster inom vakuum\"}]},{\"@type\":\"WebSite\",\"@id\":\"https:\/\/www.advancedvacuum.se\/sv\/#website\",\"url\":\"https:\/\/www.advancedvacuum.se\/sv\/\",\"name\":\"Advanced Vacuum\",\"description\":\"\",\"publisher\":{\"@id\":\"https:\/\/www.advancedvacuum.se\/sv\/#organization\"},\"potentialAction\":[{\"@type\":\"SearchAction\",\"target\":{\"@type\":\"EntryPoint\",\"urlTemplate\":\"https:\/\/www.advancedvacuum.se\/sv\/?s={search_term_string}\"},\"query-input\":{\"@type\":\"PropertyValueSpecification\",\"valueRequired\":true,\"valueName\":\"search_term_string\"}}],\"inLanguage\":\"sv-SE\"},{\"@type\":\"Organization\",\"@id\":\"https:\/\/www.advancedvacuum.se\/sv\/#organization\",\"name\":\"Advanced Vacuum\",\"url\":\"https:\/\/www.advancedvacuum.se\/sv\/\",\"logo\":{\"@type\":\"ImageObject\",\"inLanguage\":\"sv-SE\",\"@id\":\"https:\/\/www.advancedvacuum.se\/sv\/#\/schema\/logo\/image\/\",\"url\":\"https:\/\/www.advancedvacuum.se\/wp-content\/uploads\/2025\/03\/logo.png\",\"contentUrl\":\"https:\/\/www.advancedvacuum.se\/wp-content\/uploads\/2025\/03\/logo.png\",\"width\":280,\"height\":92,\"caption\":\"Advanced Vacuum\"},\"image\":{\"@id\":\"https:\/\/www.advancedvacuum.se\/sv\/#\/schema\/logo\/image\/\"}}]}<\/script>\n<!-- \/ Yoast SEO plugin. -->","yoast_head_json":{"title":"Konsulttj\u00e4nster inom vakuum | Advancedvacuum","robots":{"index":"index","follow":"follow","max-snippet":"max-snippet:-1","max-image-preview":"max-image-preview:large","max-video-preview":"max-video-preview:-1"},"canonical":"https:\/\/www.advancedvacuum.se\/sv\/service\/konsulttjanster-inom-vakuum\/","og_locale":"sv_SE","og_type":"article","og_title":"Konsulttj\u00e4nster inom vakuum | Advancedvacuum","og_description":"F\u00f6rb\u00e4ttra effektiviteten hos ditt vakuumsystem. Vakuumsystem p\u00e5verkas av v\u00e4xande krav p\u00e5 produktionsanl\u00e4ggningens tillg\u00e4nglighet, stigande energikostnader och \u00f6kade kostnader f\u00f6r underh\u00e5ll och reparationer. M\u00e5nga vakuumsystem \u00e4r inte optimerade f\u00f6r att uppfylla dessa krav. Exempelvis kan vakuumanl\u00e4ggningar som inte \u00e4r helt integrerade med det \u00f6vergripande systemet binda upp investeringar, \u00f6ka energikostnader on\u00f6digt mycket eller misslyckas med att [&hellip;]","og_url":"https:\/\/www.advancedvacuum.se\/sv\/service\/konsulttjanster-inom-vakuum\/","og_site_name":"Advancedvacuum","article_modified_time":"2024-09-20T11:33:37+00:00","og_image":[{"width":1410,"height":340,"url":"https:\/\/www.advancedvacuum.se\/wp-content\/uploads\/2025\/02\/Consulting-service-vacuum.jpg","type":"image\/jpeg"}],"twitter_card":"summary_large_image","twitter_misc":{"Ber\u00e4knad l\u00e4stid":"1 minut"},"schema":{"@context":"https:\/\/schema.org","@graph":[{"@type":"WebPage","@id":"https:\/\/www.advancedvacuum.se\/sv\/service\/konsulttjanster-inom-vakuum\/","url":"https:\/\/www.advancedvacuum.se\/sv\/service\/konsulttjanster-inom-vakuum\/","name":"Konsulttj\u00e4nster inom vakuum | Advancedvacuum","isPartOf":{"@id":"https:\/\/www.advancedvacuum.se\/sv\/#website"},"primaryImageOfPage":{"@id":"https:\/\/www.advancedvacuum.se\/sv\/service\/konsulttjanster-inom-vakuum\/#primaryimage"},"image":{"@id":"https:\/\/www.advancedvacuum.se\/sv\/service\/konsulttjanster-inom-vakuum\/#primaryimage"},"thumbnailUrl":"https:\/\/www.advancedvacuum.se\/wp-content\/uploads\/2025\/02\/Consulting-service-vacuum.jpg","datePublished":"2024-09-05T08:12:47+00:00","dateModified":"2024-09-20T11:33:37+00:00","breadcrumb":{"@id":"https:\/\/www.advancedvacuum.se\/sv\/service\/konsulttjanster-inom-vakuum\/#breadcrumb"},"inLanguage":"sv-SE","potentialAction":[{"@type":"ReadAction","target":["https:\/\/www.advancedvacuum.se\/sv\/service\/konsulttjanster-inom-vakuum\/"]}]},{"@type":"ImageObject","inLanguage":"sv-SE","@id":"https:\/\/www.advancedvacuum.se\/sv\/service\/konsulttjanster-inom-vakuum\/#primaryimage","url":"https:\/\/www.advancedvacuum.se\/wp-content\/uploads\/2025\/02\/Consulting-service-vacuum.jpg","contentUrl":"https:\/\/www.advancedvacuum.se\/wp-content\/uploads\/2025\/02\/Consulting-service-vacuum.jpg","width":1410,"height":340,"caption":"Consulting service vacuum"},{"@type":"BreadcrumbList","@id":"https:\/\/www.advancedvacuum.se\/sv\/service\/konsulttjanster-inom-vakuum\/#breadcrumb","itemListElement":[{"@type":"ListItem","position":1,"name":"Home","item":"https:\/\/www.advancedvacuum.se\/sv\/"},{"@type":"ListItem","position":2,"name":"V\u00e5ra tj\u00e4nster!","item":"https:\/\/www.advancedvacuum.se\/sv\/service\/"},{"@type":"ListItem","position":3,"name":"Konsulttj\u00e4nster inom vakuum"}]},{"@type":"WebSite","@id":"https:\/\/www.advancedvacuum.se\/sv\/#website","url":"https:\/\/www.advancedvacuum.se\/sv\/","name":"Advanced Vacuum","description":"","publisher":{"@id":"https:\/\/www.advancedvacuum.se\/sv\/#organization"},"potentialAction":[{"@type":"SearchAction","target":{"@type":"EntryPoint","urlTemplate":"https:\/\/www.advancedvacuum.se\/sv\/?s={search_term_string}"},"query-input":{"@type":"PropertyValueSpecification","valueRequired":true,"valueName":"search_term_string"}}],"inLanguage":"sv-SE"},{"@type":"Organization","@id":"https:\/\/www.advancedvacuum.se\/sv\/#organization","name":"Advanced Vacuum","url":"https:\/\/www.advancedvacuum.se\/sv\/","logo":{"@type":"ImageObject","inLanguage":"sv-SE","@id":"https:\/\/www.advancedvacuum.se\/sv\/#\/schema\/logo\/image\/","url":"https:\/\/www.advancedvacuum.se\/wp-content\/uploads\/2025\/03\/logo.png","contentUrl":"https:\/\/www.advancedvacuum.se\/wp-content\/uploads\/2025\/03\/logo.png","width":280,"height":92,"caption":"Advanced Vacuum"},"image":{"@id":"https:\/\/www.advancedvacuum.se\/sv\/#\/schema\/logo\/image\/"}}]}},"_links":{"self":[{"href":"https:\/\/www.advancedvacuum.se\/sv\/wp-json\/wp\/v2\/pages\/1860","targetHints":{"allow":["GET"]}}],"collection":[{"href":"https:\/\/www.advancedvacuum.se\/sv\/wp-json\/wp\/v2\/pages"}],"about":[{"href":"https:\/\/www.advancedvacuum.se\/sv\/wp-json\/wp\/v2\/types\/page"}],"author":[{"embeddable":true,"href":"https:\/\/www.advancedvacuum.se\/sv\/wp-json\/wp\/v2\/users\/1"}],"replies":[{"embeddable":true,"href":"https:\/\/www.advancedvacuum.se\/sv\/wp-json\/wp\/v2\/comments?post=1860"}],"version-history":[{"count":3,"href":"https:\/\/www.advancedvacuum.se\/sv\/wp-json\/wp\/v2\/pages\/1860\/revisions"}],"predecessor-version":[{"id":1969,"href":"https:\/\/www.advancedvacuum.se\/sv\/wp-json\/wp\/v2\/pages\/1860\/revisions\/1969"}],"up":[{"embeddable":true,"href":"https:\/\/www.advancedvacuum.se\/sv\/wp-json\/wp\/v2\/pages\/1853"}],"wp:featuredmedia":[{"embeddable":true,"href":"https:\/\/www.advancedvacuum.se\/sv\/wp-json\/wp\/v2\/media\/2853"}],"wp:attachment":[{"href":"https:\/\/www.advancedvacuum.se\/sv\/wp-json\/wp\/v2\/media?parent=1860"}],"curies":[{"name":"wp","href":"https:\/\/api.w.org\/{rel}","templated":true}]}}