{"id":1861,"date":"2024-09-05T10:28:14","date_gmt":"2024-09-05T08:28:14","guid":{"rendered":"https:\/\/www.advancedvacuum.se\/service\/originalreservdelar\/"},"modified":"2024-09-20T13:37:50","modified_gmt":"2024-09-20T11:37:50","slug":"originalreservdelar","status":"publish","type":"page","link":"https:\/\/www.advancedvacuum.se\/sv\/service\/originalreservdelar\/","title":{"rendered":"Originalreservdelar"},"content":{"rendered":"<p><strong>Beh\u00f6ver du reservdelar snabbt, tillf\u00f6rlitligt och av b\u00e4sta kvalitet?<\/strong><\/p>\n<p>Vi erbjuder ett brett utbud av originalreservdelar till vakuumpumpar och system. Vi vet att anv\u00e4nda r\u00e4tt delar till sin pump kommer \u00f6ka tillf\u00f6rlitlighet och produktivitet. Likas\u00e5 intervallen mellan eran service.<\/p>\n<p>Vi erbjuder kompletta servicekit som inkluderar allt som beh\u00f6vs f\u00f6r att g\u00f6ra en \u00f6versyn till komplett rekonditionering. Vi levererar \u00e4ven individuella delar som lager, oljefilter, sm\u00f6rjmedel och oljor. Genom Precision-Plus som \u00e4r \u00e4gt av Edwards kan vi leverera kit till samtliga fabrikat som Busch, Leybold, Pfeiffer, Vacubrand, Varian och Agilent f\u00f6r att n\u00e4mna n\u00e5gra. Med mer \u00e4n 100 000 olika artiklar i lager kan vi tillgodose de flestas behov vilket fabrikat de \u00e4n anv\u00e4nder.<\/p>\n<p>Genom att utg\u00e5 fr\u00e5n din f\u00f6rfr\u00e5gan hj\u00e4lper v\u00e5rt tekniskateam till att hitta r\u00e4tt servicekit, filter, olja till just er vakuumpump eller system.<\/p>\n<p>Att anv\u00e4nda Edwards originaldelar f\u00f6rs\u00e4krar er om att er Edwards pump kommer h\u00e5lla l\u00e4ngre mellan serviceintervall och att ni kan fokusera p\u00e5 annat i organisationen.<\/p>\n","protected":false},"excerpt":{"rendered":"<p>Beh\u00f6ver du reservdelar snabbt, tillf\u00f6rlitligt och av b\u00e4sta kvalitet? Vi erbjuder ett brett utbud av originalreservdelar till vakuumpumpar och system. Vi vet att anv\u00e4nda r\u00e4tt delar till sin pump kommer \u00f6ka tillf\u00f6rlitlighet och produktivitet. Likas\u00e5 intervallen mellan eran service. Vi erbjuder kompletta servicekit som inkluderar allt som beh\u00f6vs f\u00f6r att g\u00f6ra en \u00f6versyn till komplett [&hellip;]<\/p>\n","protected":false},"author":1,"featured_media":2859,"parent":1853,"menu_order":0,"comment_status":"closed","ping_status":"closed","template":"templates\/template-service-detail.php","meta":{"_acf_changed":false,"footnotes":""},"class_list":["post-1861","page","type-page","status-publish","has-post-thumbnail","hentry"],"acf":[],"yoast_head":"<!-- This site is optimized with the Yoast SEO plugin v25.4 - https:\/\/yoast.com\/wordpress\/plugins\/seo\/ -->\n<title>Originalreservdelar | Advancedvacuum<\/title>\n<meta name=\"robots\" content=\"index, follow, max-snippet:-1, max-image-preview:large, max-video-preview:-1\" \/>\n<link rel=\"canonical\" href=\"https:\/\/www.advancedvacuum.se\/sv\/service\/originalreservdelar\/\" \/>\n<meta property=\"og:locale\" content=\"sv_SE\" \/>\n<meta property=\"og:type\" content=\"article\" \/>\n<meta property=\"og:title\" content=\"Originalreservdelar | Advancedvacuum\" \/>\n<meta property=\"og:description\" content=\"Beh\u00f6ver du reservdelar snabbt, tillf\u00f6rlitligt och av b\u00e4sta kvalitet? Vi erbjuder ett brett utbud av originalreservdelar till vakuumpumpar och system. Vi vet att anv\u00e4nda r\u00e4tt delar till sin pump kommer \u00f6ka tillf\u00f6rlitlighet och produktivitet. Likas\u00e5 intervallen mellan eran service. Vi erbjuder kompletta servicekit som inkluderar allt som beh\u00f6vs f\u00f6r att g\u00f6ra en \u00f6versyn till komplett [&hellip;]\" \/>\n<meta property=\"og:url\" content=\"https:\/\/www.advancedvacuum.se\/sv\/service\/originalreservdelar\/\" \/>\n<meta property=\"og:site_name\" content=\"Advancedvacuum\" \/>\n<meta property=\"article:modified_time\" content=\"2024-09-20T11:37:50+00:00\" \/>\n<meta property=\"og:image\" content=\"https:\/\/www.advancedvacuum.se\/wp-content\/uploads\/2025\/02\/Spares-1.jpg\" \/>\n\t<meta property=\"og:image:width\" content=\"1410\" \/>\n\t<meta property=\"og:image:height\" content=\"340\" \/>\n\t<meta property=\"og:image:type\" content=\"image\/jpeg\" \/>\n<meta name=\"twitter:card\" content=\"summary_large_image\" \/>\n<meta name=\"twitter:label1\" content=\"Ber\u00e4knad l\u00e4stid\" \/>\n\t<meta name=\"twitter:data1\" content=\"1 minut\" \/>\n<script type=\"application\/ld+json\" class=\"yoast-schema-graph\">{\"@context\":\"https:\/\/schema.org\",\"@graph\":[{\"@type\":\"WebPage\",\"@id\":\"https:\/\/www.advancedvacuum.se\/sv\/service\/originalreservdelar\/\",\"url\":\"https:\/\/www.advancedvacuum.se\/sv\/service\/originalreservdelar\/\",\"name\":\"Originalreservdelar | Advancedvacuum\",\"isPartOf\":{\"@id\":\"https:\/\/www.advancedvacuum.se\/sv\/#website\"},\"primaryImageOfPage\":{\"@id\":\"https:\/\/www.advancedvacuum.se\/sv\/service\/originalreservdelar\/#primaryimage\"},\"image\":{\"@id\":\"https:\/\/www.advancedvacuum.se\/sv\/service\/originalreservdelar\/#primaryimage\"},\"thumbnailUrl\":\"https:\/\/www.advancedvacuum.se\/wp-content\/uploads\/2025\/02\/Spares-1.jpg\",\"datePublished\":\"2024-09-05T08:28:14+00:00\",\"dateModified\":\"2024-09-20T11:37:50+00:00\",\"breadcrumb\":{\"@id\":\"https:\/\/www.advancedvacuum.se\/sv\/service\/originalreservdelar\/#breadcrumb\"},\"inLanguage\":\"sv-SE\",\"potentialAction\":[{\"@type\":\"ReadAction\",\"target\":[\"https:\/\/www.advancedvacuum.se\/sv\/service\/originalreservdelar\/\"]}]},{\"@type\":\"ImageObject\",\"inLanguage\":\"sv-SE\",\"@id\":\"https:\/\/www.advancedvacuum.se\/sv\/service\/originalreservdelar\/#primaryimage\",\"url\":\"https:\/\/www.advancedvacuum.se\/wp-content\/uploads\/2025\/02\/Spares-1.jpg\",\"contentUrl\":\"https:\/\/www.advancedvacuum.se\/wp-content\/uploads\/2025\/02\/Spares-1.jpg\",\"width\":1410,\"height\":340,\"caption\":\"Spares\"},{\"@type\":\"BreadcrumbList\",\"@id\":\"https:\/\/www.advancedvacuum.se\/sv\/service\/originalreservdelar\/#breadcrumb\",\"itemListElement\":[{\"@type\":\"ListItem\",\"position\":1,\"name\":\"Home\",\"item\":\"https:\/\/www.advancedvacuum.se\/sv\/\"},{\"@type\":\"ListItem\",\"position\":2,\"name\":\"V\u00e5ra tj\u00e4nster!\",\"item\":\"https:\/\/www.advancedvacuum.se\/sv\/service\/\"},{\"@type\":\"ListItem\",\"position\":3,\"name\":\"Originalreservdelar\"}]},{\"@type\":\"WebSite\",\"@id\":\"https:\/\/www.advancedvacuum.se\/sv\/#website\",\"url\":\"https:\/\/www.advancedvacuum.se\/sv\/\",\"name\":\"Advanced Vacuum\",\"description\":\"\",\"publisher\":{\"@id\":\"https:\/\/www.advancedvacuum.se\/sv\/#organization\"},\"potentialAction\":[{\"@type\":\"SearchAction\",\"target\":{\"@type\":\"EntryPoint\",\"urlTemplate\":\"https:\/\/www.advancedvacuum.se\/sv\/?s={search_term_string}\"},\"query-input\":{\"@type\":\"PropertyValueSpecification\",\"valueRequired\":true,\"valueName\":\"search_term_string\"}}],\"inLanguage\":\"sv-SE\"},{\"@type\":\"Organization\",\"@id\":\"https:\/\/www.advancedvacuum.se\/sv\/#organization\",\"name\":\"Advanced Vacuum\",\"url\":\"https:\/\/www.advancedvacuum.se\/sv\/\",\"logo\":{\"@type\":\"ImageObject\",\"inLanguage\":\"sv-SE\",\"@id\":\"https:\/\/www.advancedvacuum.se\/sv\/#\/schema\/logo\/image\/\",\"url\":\"https:\/\/www.advancedvacuum.se\/wp-content\/uploads\/2025\/03\/logo.png\",\"contentUrl\":\"https:\/\/www.advancedvacuum.se\/wp-content\/uploads\/2025\/03\/logo.png\",\"width\":280,\"height\":92,\"caption\":\"Advanced Vacuum\"},\"image\":{\"@id\":\"https:\/\/www.advancedvacuum.se\/sv\/#\/schema\/logo\/image\/\"}}]}<\/script>\n<!-- \/ Yoast SEO plugin. -->","yoast_head_json":{"title":"Originalreservdelar | Advancedvacuum","robots":{"index":"index","follow":"follow","max-snippet":"max-snippet:-1","max-image-preview":"max-image-preview:large","max-video-preview":"max-video-preview:-1"},"canonical":"https:\/\/www.advancedvacuum.se\/sv\/service\/originalreservdelar\/","og_locale":"sv_SE","og_type":"article","og_title":"Originalreservdelar | Advancedvacuum","og_description":"Beh\u00f6ver du reservdelar snabbt, tillf\u00f6rlitligt och av b\u00e4sta kvalitet? Vi erbjuder ett brett utbud av originalreservdelar till vakuumpumpar och system. Vi vet att anv\u00e4nda r\u00e4tt delar till sin pump kommer \u00f6ka tillf\u00f6rlitlighet och produktivitet. Likas\u00e5 intervallen mellan eran service. Vi erbjuder kompletta servicekit som inkluderar allt som beh\u00f6vs f\u00f6r att g\u00f6ra en \u00f6versyn till komplett [&hellip;]","og_url":"https:\/\/www.advancedvacuum.se\/sv\/service\/originalreservdelar\/","og_site_name":"Advancedvacuum","article_modified_time":"2024-09-20T11:37:50+00:00","og_image":[{"width":1410,"height":340,"url":"https:\/\/www.advancedvacuum.se\/wp-content\/uploads\/2025\/02\/Spares-1.jpg","type":"image\/jpeg"}],"twitter_card":"summary_large_image","twitter_misc":{"Ber\u00e4knad l\u00e4stid":"1 minut"},"schema":{"@context":"https:\/\/schema.org","@graph":[{"@type":"WebPage","@id":"https:\/\/www.advancedvacuum.se\/sv\/service\/originalreservdelar\/","url":"https:\/\/www.advancedvacuum.se\/sv\/service\/originalreservdelar\/","name":"Originalreservdelar | Advancedvacuum","isPartOf":{"@id":"https:\/\/www.advancedvacuum.se\/sv\/#website"},"primaryImageOfPage":{"@id":"https:\/\/www.advancedvacuum.se\/sv\/service\/originalreservdelar\/#primaryimage"},"image":{"@id":"https:\/\/www.advancedvacuum.se\/sv\/service\/originalreservdelar\/#primaryimage"},"thumbnailUrl":"https:\/\/www.advancedvacuum.se\/wp-content\/uploads\/2025\/02\/Spares-1.jpg","datePublished":"2024-09-05T08:28:14+00:00","dateModified":"2024-09-20T11:37:50+00:00","breadcrumb":{"@id":"https:\/\/www.advancedvacuum.se\/sv\/service\/originalreservdelar\/#breadcrumb"},"inLanguage":"sv-SE","potentialAction":[{"@type":"ReadAction","target":["https:\/\/www.advancedvacuum.se\/sv\/service\/originalreservdelar\/"]}]},{"@type":"ImageObject","inLanguage":"sv-SE","@id":"https:\/\/www.advancedvacuum.se\/sv\/service\/originalreservdelar\/#primaryimage","url":"https:\/\/www.advancedvacuum.se\/wp-content\/uploads\/2025\/02\/Spares-1.jpg","contentUrl":"https:\/\/www.advancedvacuum.se\/wp-content\/uploads\/2025\/02\/Spares-1.jpg","width":1410,"height":340,"caption":"Spares"},{"@type":"BreadcrumbList","@id":"https:\/\/www.advancedvacuum.se\/sv\/service\/originalreservdelar\/#breadcrumb","itemListElement":[{"@type":"ListItem","position":1,"name":"Home","item":"https:\/\/www.advancedvacuum.se\/sv\/"},{"@type":"ListItem","position":2,"name":"V\u00e5ra tj\u00e4nster!","item":"https:\/\/www.advancedvacuum.se\/sv\/service\/"},{"@type":"ListItem","position":3,"name":"Originalreservdelar"}]},{"@type":"WebSite","@id":"https:\/\/www.advancedvacuum.se\/sv\/#website","url":"https:\/\/www.advancedvacuum.se\/sv\/","name":"Advanced Vacuum","description":"","publisher":{"@id":"https:\/\/www.advancedvacuum.se\/sv\/#organization"},"potentialAction":[{"@type":"SearchAction","target":{"@type":"EntryPoint","urlTemplate":"https:\/\/www.advancedvacuum.se\/sv\/?s={search_term_string}"},"query-input":{"@type":"PropertyValueSpecification","valueRequired":true,"valueName":"search_term_string"}}],"inLanguage":"sv-SE"},{"@type":"Organization","@id":"https:\/\/www.advancedvacuum.se\/sv\/#organization","name":"Advanced Vacuum","url":"https:\/\/www.advancedvacuum.se\/sv\/","logo":{"@type":"ImageObject","inLanguage":"sv-SE","@id":"https:\/\/www.advancedvacuum.se\/sv\/#\/schema\/logo\/image\/","url":"https:\/\/www.advancedvacuum.se\/wp-content\/uploads\/2025\/03\/logo.png","contentUrl":"https:\/\/www.advancedvacuum.se\/wp-content\/uploads\/2025\/03\/logo.png","width":280,"height":92,"caption":"Advanced Vacuum"},"image":{"@id":"https:\/\/www.advancedvacuum.se\/sv\/#\/schema\/logo\/image\/"}}]}},"_links":{"self":[{"href":"https:\/\/www.advancedvacuum.se\/sv\/wp-json\/wp\/v2\/pages\/1861","targetHints":{"allow":["GET"]}}],"collection":[{"href":"https:\/\/www.advancedvacuum.se\/sv\/wp-json\/wp\/v2\/pages"}],"about":[{"href":"https:\/\/www.advancedvacuum.se\/sv\/wp-json\/wp\/v2\/types\/page"}],"author":[{"embeddable":true,"href":"https:\/\/www.advancedvacuum.se\/sv\/wp-json\/wp\/v2\/users\/1"}],"replies":[{"embeddable":true,"href":"https:\/\/www.advancedvacuum.se\/sv\/wp-json\/wp\/v2\/comments?post=1861"}],"version-history":[{"count":3,"href":"https:\/\/www.advancedvacuum.se\/sv\/wp-json\/wp\/v2\/pages\/1861\/revisions"}],"predecessor-version":[{"id":1974,"href":"https:\/\/www.advancedvacuum.se\/sv\/wp-json\/wp\/v2\/pages\/1861\/revisions\/1974"}],"up":[{"embeddable":true,"href":"https:\/\/www.advancedvacuum.se\/sv\/wp-json\/wp\/v2\/pages\/1853"}],"wp:featuredmedia":[{"embeddable":true,"href":"https:\/\/www.advancedvacuum.se\/sv\/wp-json\/wp\/v2\/media\/2859"}],"wp:attachment":[{"href":"https:\/\/www.advancedvacuum.se\/sv\/wp-json\/wp\/v2\/media?parent=1861"}],"curies":[{"name":"wp","href":"https:\/\/api.w.org\/{rel}","templated":true}]}}