{"id":1864,"date":"2024-09-05T09:28:09","date_gmt":"2024-09-05T07:28:09","guid":{"rendered":"https:\/\/www.advancedvacuum.se\/service\/plusgaranti\/"},"modified":"2024-09-20T13:40:47","modified_gmt":"2024-09-20T11:40:47","slug":"plusgaranti","status":"publish","type":"page","link":"https:\/\/www.advancedvacuum.se\/sv\/service\/plusgaranti\/","title":{"rendered":"Plusgaranti"},"content":{"rendered":"<p><strong>S\u00f6ker du garanterad tillg\u00e4nglighet, minimal risk och m\u00f6jlighet att planera dina kostnader under en best\u00e4md tid?<\/strong><\/p>\n<p>Med v\u00e5r Plusgaranti ger vi en enkel, tidsbesparande l\u00f6sning f\u00f6r att f\u00f6rl\u00e4nga eller anpassa garantier s\u00e5 att de passar dina krav p\u00e5 b\u00e4sta s\u00e4tt.<\/p>\n<p>Du har kanske har en ny utrustning sammansatt av olika komponenter med olika garantier och skulle vilja ha en enda garantitid f\u00f6r hela systemet.<\/p>\n<p>Du kanske just har k\u00f6pt en ny vakuumpump eller f\u00e5tt \u00f6versyn eller service p\u00e5 din vakuumutrustning av en auktoriserad leverant\u00f6r och skulle vilja ut\u00f6ka garantin till att g\u00e4lla l\u00e4ngre \u00e4n 12 m\u00e5nader?<\/p>\n<p>Du kanske driver verksamhet i olika l\u00e4nder med olika lokala lagar avseende tillverkares garantier och skulle vilja ha en standardiserad garantiregel f\u00f6r hela ditt f\u00f6retag \u2013 tre situationer som g\u00e5r att l\u00f6sa genom Edwards Plusgaranti. F\u00f6rst och fr\u00e4mst ger v\u00e5r Plusgaranti en extra s\u00e4kerhetsniv\u00e5 som du kan anv\u00e4nda p\u00e5 ett flexibelt s\u00e4tt. Valet \u00e4r ditt. Vi diskuterar detta g\u00e4rna vidare med er.<\/p>\n","protected":false},"excerpt":{"rendered":"<p>S\u00f6ker du garanterad tillg\u00e4nglighet, minimal risk och m\u00f6jlighet att planera dina kostnader under en best\u00e4md tid? Med v\u00e5r Plusgaranti ger vi en enkel, tidsbesparande l\u00f6sning f\u00f6r att f\u00f6rl\u00e4nga eller anpassa garantier s\u00e5 att de passar dina krav p\u00e5 b\u00e4sta s\u00e4tt. Du har kanske har en ny utrustning sammansatt av olika komponenter med olika garantier och [&hellip;]<\/p>\n","protected":false},"author":1,"featured_media":2844,"parent":1853,"menu_order":0,"comment_status":"closed","ping_status":"closed","template":"templates\/template-service-detail.php","meta":{"_acf_changed":false,"footnotes":""},"class_list":["post-1864","page","type-page","status-publish","has-post-thumbnail","hentry"],"acf":[],"yoast_head":"<!-- This site is optimized with the Yoast SEO plugin v25.4 - https:\/\/yoast.com\/wordpress\/plugins\/seo\/ -->\n<title>Plusgaranti | Advancedvacuum<\/title>\n<meta name=\"robots\" content=\"index, follow, max-snippet:-1, max-image-preview:large, max-video-preview:-1\" \/>\n<link rel=\"canonical\" href=\"https:\/\/www.advancedvacuum.se\/sv\/service\/plusgaranti\/\" \/>\n<meta property=\"og:locale\" content=\"sv_SE\" \/>\n<meta property=\"og:type\" content=\"article\" \/>\n<meta property=\"og:title\" content=\"Plusgaranti | Advancedvacuum\" \/>\n<meta property=\"og:description\" content=\"S\u00f6ker du garanterad tillg\u00e4nglighet, minimal risk och m\u00f6jlighet att planera dina kostnader under en best\u00e4md tid? Med v\u00e5r Plusgaranti ger vi en enkel, tidsbesparande l\u00f6sning f\u00f6r att f\u00f6rl\u00e4nga eller anpassa garantier s\u00e5 att de passar dina krav p\u00e5 b\u00e4sta s\u00e4tt. Du har kanske har en ny utrustning sammansatt av olika komponenter med olika garantier och [&hellip;]\" \/>\n<meta property=\"og:url\" content=\"https:\/\/www.advancedvacuum.se\/sv\/service\/plusgaranti\/\" \/>\n<meta property=\"og:site_name\" content=\"Advancedvacuum\" \/>\n<meta property=\"article:modified_time\" content=\"2024-09-20T11:40:47+00:00\" \/>\n<meta property=\"og:image\" content=\"https:\/\/www.advancedvacuum.se\/wp-content\/uploads\/2025\/02\/Plusgaranti.jpg\" \/>\n\t<meta property=\"og:image:width\" content=\"1410\" \/>\n\t<meta property=\"og:image:height\" content=\"340\" \/>\n\t<meta property=\"og:image:type\" content=\"image\/jpeg\" \/>\n<meta name=\"twitter:card\" content=\"summary_large_image\" \/>\n<meta name=\"twitter:label1\" content=\"Ber\u00e4knad l\u00e4stid\" \/>\n\t<meta name=\"twitter:data1\" content=\"1 minut\" \/>\n<script type=\"application\/ld+json\" class=\"yoast-schema-graph\">{\"@context\":\"https:\/\/schema.org\",\"@graph\":[{\"@type\":\"WebPage\",\"@id\":\"https:\/\/www.advancedvacuum.se\/sv\/service\/plusgaranti\/\",\"url\":\"https:\/\/www.advancedvacuum.se\/sv\/service\/plusgaranti\/\",\"name\":\"Plusgaranti | Advancedvacuum\",\"isPartOf\":{\"@id\":\"https:\/\/www.advancedvacuum.se\/sv\/#website\"},\"primaryImageOfPage\":{\"@id\":\"https:\/\/www.advancedvacuum.se\/sv\/service\/plusgaranti\/#primaryimage\"},\"image\":{\"@id\":\"https:\/\/www.advancedvacuum.se\/sv\/service\/plusgaranti\/#primaryimage\"},\"thumbnailUrl\":\"https:\/\/www.advancedvacuum.se\/wp-content\/uploads\/2025\/02\/Plusgaranti.jpg\",\"datePublished\":\"2024-09-05T07:28:09+00:00\",\"dateModified\":\"2024-09-20T11:40:47+00:00\",\"breadcrumb\":{\"@id\":\"https:\/\/www.advancedvacuum.se\/sv\/service\/plusgaranti\/#breadcrumb\"},\"inLanguage\":\"sv-SE\",\"potentialAction\":[{\"@type\":\"ReadAction\",\"target\":[\"https:\/\/www.advancedvacuum.se\/sv\/service\/plusgaranti\/\"]}]},{\"@type\":\"ImageObject\",\"inLanguage\":\"sv-SE\",\"@id\":\"https:\/\/www.advancedvacuum.se\/sv\/service\/plusgaranti\/#primaryimage\",\"url\":\"https:\/\/www.advancedvacuum.se\/wp-content\/uploads\/2025\/02\/Plusgaranti.jpg\",\"contentUrl\":\"https:\/\/www.advancedvacuum.se\/wp-content\/uploads\/2025\/02\/Plusgaranti.jpg\",\"width\":1410,\"height\":340,\"caption\":\"Plusgaranti\"},{\"@type\":\"BreadcrumbList\",\"@id\":\"https:\/\/www.advancedvacuum.se\/sv\/service\/plusgaranti\/#breadcrumb\",\"itemListElement\":[{\"@type\":\"ListItem\",\"position\":1,\"name\":\"Home\",\"item\":\"https:\/\/www.advancedvacuum.se\/sv\/\"},{\"@type\":\"ListItem\",\"position\":2,\"name\":\"V\u00e5ra tj\u00e4nster!\",\"item\":\"https:\/\/www.advancedvacuum.se\/sv\/service\/\"},{\"@type\":\"ListItem\",\"position\":3,\"name\":\"Plusgaranti\"}]},{\"@type\":\"WebSite\",\"@id\":\"https:\/\/www.advancedvacuum.se\/sv\/#website\",\"url\":\"https:\/\/www.advancedvacuum.se\/sv\/\",\"name\":\"Advanced Vacuum\",\"description\":\"\",\"publisher\":{\"@id\":\"https:\/\/www.advancedvacuum.se\/sv\/#organization\"},\"potentialAction\":[{\"@type\":\"SearchAction\",\"target\":{\"@type\":\"EntryPoint\",\"urlTemplate\":\"https:\/\/www.advancedvacuum.se\/sv\/?s={search_term_string}\"},\"query-input\":{\"@type\":\"PropertyValueSpecification\",\"valueRequired\":true,\"valueName\":\"search_term_string\"}}],\"inLanguage\":\"sv-SE\"},{\"@type\":\"Organization\",\"@id\":\"https:\/\/www.advancedvacuum.se\/sv\/#organization\",\"name\":\"Advanced Vacuum\",\"url\":\"https:\/\/www.advancedvacuum.se\/sv\/\",\"logo\":{\"@type\":\"ImageObject\",\"inLanguage\":\"sv-SE\",\"@id\":\"https:\/\/www.advancedvacuum.se\/sv\/#\/schema\/logo\/image\/\",\"url\":\"https:\/\/www.advancedvacuum.se\/wp-content\/uploads\/2025\/03\/logo.png\",\"contentUrl\":\"https:\/\/www.advancedvacuum.se\/wp-content\/uploads\/2025\/03\/logo.png\",\"width\":280,\"height\":92,\"caption\":\"Advanced Vacuum\"},\"image\":{\"@id\":\"https:\/\/www.advancedvacuum.se\/sv\/#\/schema\/logo\/image\/\"}}]}<\/script>\n<!-- \/ Yoast SEO plugin. -->","yoast_head_json":{"title":"Plusgaranti | Advancedvacuum","robots":{"index":"index","follow":"follow","max-snippet":"max-snippet:-1","max-image-preview":"max-image-preview:large","max-video-preview":"max-video-preview:-1"},"canonical":"https:\/\/www.advancedvacuum.se\/sv\/service\/plusgaranti\/","og_locale":"sv_SE","og_type":"article","og_title":"Plusgaranti | Advancedvacuum","og_description":"S\u00f6ker du garanterad tillg\u00e4nglighet, minimal risk och m\u00f6jlighet att planera dina kostnader under en best\u00e4md tid? Med v\u00e5r Plusgaranti ger vi en enkel, tidsbesparande l\u00f6sning f\u00f6r att f\u00f6rl\u00e4nga eller anpassa garantier s\u00e5 att de passar dina krav p\u00e5 b\u00e4sta s\u00e4tt. Du har kanske har en ny utrustning sammansatt av olika komponenter med olika garantier och [&hellip;]","og_url":"https:\/\/www.advancedvacuum.se\/sv\/service\/plusgaranti\/","og_site_name":"Advancedvacuum","article_modified_time":"2024-09-20T11:40:47+00:00","og_image":[{"width":1410,"height":340,"url":"https:\/\/www.advancedvacuum.se\/wp-content\/uploads\/2025\/02\/Plusgaranti.jpg","type":"image\/jpeg"}],"twitter_card":"summary_large_image","twitter_misc":{"Ber\u00e4knad l\u00e4stid":"1 minut"},"schema":{"@context":"https:\/\/schema.org","@graph":[{"@type":"WebPage","@id":"https:\/\/www.advancedvacuum.se\/sv\/service\/plusgaranti\/","url":"https:\/\/www.advancedvacuum.se\/sv\/service\/plusgaranti\/","name":"Plusgaranti | Advancedvacuum","isPartOf":{"@id":"https:\/\/www.advancedvacuum.se\/sv\/#website"},"primaryImageOfPage":{"@id":"https:\/\/www.advancedvacuum.se\/sv\/service\/plusgaranti\/#primaryimage"},"image":{"@id":"https:\/\/www.advancedvacuum.se\/sv\/service\/plusgaranti\/#primaryimage"},"thumbnailUrl":"https:\/\/www.advancedvacuum.se\/wp-content\/uploads\/2025\/02\/Plusgaranti.jpg","datePublished":"2024-09-05T07:28:09+00:00","dateModified":"2024-09-20T11:40:47+00:00","breadcrumb":{"@id":"https:\/\/www.advancedvacuum.se\/sv\/service\/plusgaranti\/#breadcrumb"},"inLanguage":"sv-SE","potentialAction":[{"@type":"ReadAction","target":["https:\/\/www.advancedvacuum.se\/sv\/service\/plusgaranti\/"]}]},{"@type":"ImageObject","inLanguage":"sv-SE","@id":"https:\/\/www.advancedvacuum.se\/sv\/service\/plusgaranti\/#primaryimage","url":"https:\/\/www.advancedvacuum.se\/wp-content\/uploads\/2025\/02\/Plusgaranti.jpg","contentUrl":"https:\/\/www.advancedvacuum.se\/wp-content\/uploads\/2025\/02\/Plusgaranti.jpg","width":1410,"height":340,"caption":"Plusgaranti"},{"@type":"BreadcrumbList","@id":"https:\/\/www.advancedvacuum.se\/sv\/service\/plusgaranti\/#breadcrumb","itemListElement":[{"@type":"ListItem","position":1,"name":"Home","item":"https:\/\/www.advancedvacuum.se\/sv\/"},{"@type":"ListItem","position":2,"name":"V\u00e5ra tj\u00e4nster!","item":"https:\/\/www.advancedvacuum.se\/sv\/service\/"},{"@type":"ListItem","position":3,"name":"Plusgaranti"}]},{"@type":"WebSite","@id":"https:\/\/www.advancedvacuum.se\/sv\/#website","url":"https:\/\/www.advancedvacuum.se\/sv\/","name":"Advanced Vacuum","description":"","publisher":{"@id":"https:\/\/www.advancedvacuum.se\/sv\/#organization"},"potentialAction":[{"@type":"SearchAction","target":{"@type":"EntryPoint","urlTemplate":"https:\/\/www.advancedvacuum.se\/sv\/?s={search_term_string}"},"query-input":{"@type":"PropertyValueSpecification","valueRequired":true,"valueName":"search_term_string"}}],"inLanguage":"sv-SE"},{"@type":"Organization","@id":"https:\/\/www.advancedvacuum.se\/sv\/#organization","name":"Advanced Vacuum","url":"https:\/\/www.advancedvacuum.se\/sv\/","logo":{"@type":"ImageObject","inLanguage":"sv-SE","@id":"https:\/\/www.advancedvacuum.se\/sv\/#\/schema\/logo\/image\/","url":"https:\/\/www.advancedvacuum.se\/wp-content\/uploads\/2025\/03\/logo.png","contentUrl":"https:\/\/www.advancedvacuum.se\/wp-content\/uploads\/2025\/03\/logo.png","width":280,"height":92,"caption":"Advanced Vacuum"},"image":{"@id":"https:\/\/www.advancedvacuum.se\/sv\/#\/schema\/logo\/image\/"}}]}},"_links":{"self":[{"href":"https:\/\/www.advancedvacuum.se\/sv\/wp-json\/wp\/v2\/pages\/1864","targetHints":{"allow":["GET"]}}],"collection":[{"href":"https:\/\/www.advancedvacuum.se\/sv\/wp-json\/wp\/v2\/pages"}],"about":[{"href":"https:\/\/www.advancedvacuum.se\/sv\/wp-json\/wp\/v2\/types\/page"}],"author":[{"embeddable":true,"href":"https:\/\/www.advancedvacuum.se\/sv\/wp-json\/wp\/v2\/users\/1"}],"replies":[{"embeddable":true,"href":"https:\/\/www.advancedvacuum.se\/sv\/wp-json\/wp\/v2\/comments?post=1864"}],"version-history":[{"count":3,"href":"https:\/\/www.advancedvacuum.se\/sv\/wp-json\/wp\/v2\/pages\/1864\/revisions"}],"predecessor-version":[{"id":1978,"href":"https:\/\/www.advancedvacuum.se\/sv\/wp-json\/wp\/v2\/pages\/1864\/revisions\/1978"}],"up":[{"embeddable":true,"href":"https:\/\/www.advancedvacuum.se\/sv\/wp-json\/wp\/v2\/pages\/1853"}],"wp:featuredmedia":[{"embeddable":true,"href":"https:\/\/www.advancedvacuum.se\/sv\/wp-json\/wp\/v2\/media\/2844"}],"wp:attachment":[{"href":"https:\/\/www.advancedvacuum.se\/sv\/wp-json\/wp\/v2\/media?parent=1864"}],"curies":[{"name":"wp","href":"https:\/\/api.w.org\/{rel}","templated":true}]}}