{"id":1870,"date":"2024-09-05T10:23:46","date_gmt":"2024-09-05T08:23:46","guid":{"rendered":"https:\/\/www.advancedvacuum.se\/service\/utbildningar\/"},"modified":"2024-09-20T13:48:32","modified_gmt":"2024-09-20T11:48:32","slug":"utbildningar","status":"publish","type":"page","link":"https:\/\/www.advancedvacuum.se\/sv\/service\/utbildningar\/","title":{"rendered":"Utbildningar"},"content":{"rendered":"<p><strong>Kvalificera ditt team f\u00f6r drift av din vakuumpump eller system. Eller om ni \u00f6nskar teoretisk utbildning inom vakuumteknik.<\/strong><\/p>\n<p>V\u00e5r utbildning i drift av er vakuumutrustning \u00e4r ett<br \/>\nidealiskt s\u00e4tt att f\u00f6rbereda ditt team f\u00f6r tillf\u00f6rlitlig drift av er investering. V\u00e5ra kurser f\u00f6r driftpersonal \u00e4r skr\u00e4ddarsydda helt och h\u00e5llet efter dina krav.<\/p>\n<p>Vi erbjuder kurser f\u00f6r driftpersonal och servicepersonal som \u00e4r anpassade efter era \u00f6nskem\u00e5l. Har ni nya medarbetare i teamet eller har ni skaffat nya lokaler? D\u00e5 har ni nytta av v\u00e5ra kurser.<\/p>\n<p>Vi erbjuder mycket mer \u00e4n standardiserade genomg\u00e5ngar av systemens drifts\u00e4ttning, v\u00e5ra kurser t\u00e4cker grundl\u00e4ggande utbildning om vakuum- funktionsprinciper, g\u00e5r igenom t\u00e4nkbara felfall eller f\u00f6r\u00e4ndrade prestandaparametrar och f\u00f6rklarar hur systemen ska hanteras med olika processparametrar.<\/p>\n<p>Att ha kvalificerad driftpersonal \u00e4r nyckeln till tillg\u00e4nglighet och livsl\u00e4ngd hos systemen. Det g\u00e4ller \u00e4ven f\u00f6r drift av vakuumpumpar och vakuumsystem. V\u00e4lutbildad personal kan ocks\u00e5 vara avg\u00f6rande f\u00f6r att h\u00e5lla driftkostnaderna under kontroll.<\/p>\n<p>V\u00e5ra kurser i vakuum leds av erfarna yrkesm\u00e4n fr\u00e5n Edwards alternativt Advanced Vacuum med omfattande kunskaper inom drift av vakuum- inom alla till\u00e4mpningar. Alla kursmoduler \u00e4r praktiska, anv\u00e4nder relevanta verktyg och uppmuntrar deltagarna till samarbete f\u00f6r att n\u00e5 st\u00f6rre framg\u00e5ng.<\/p>\n<p>V\u00e5ra kunder fr\u00e5n hela v\u00e4rlden \u00e4r \u00f6verens om att Edwards ger god utbildning med l\u00e5ngsiktiga praktiska f\u00f6rdelar.<\/p>\n","protected":false},"excerpt":{"rendered":"<p>Kvalificera ditt team f\u00f6r drift av din vakuumpump eller system. Eller om ni \u00f6nskar teoretisk utbildning inom vakuumteknik. V\u00e5r utbildning i drift av er vakuumutrustning \u00e4r ett idealiskt s\u00e4tt att f\u00f6rbereda ditt team f\u00f6r tillf\u00f6rlitlig drift av er investering. V\u00e5ra kurser f\u00f6r driftpersonal \u00e4r skr\u00e4ddarsydda helt och h\u00e5llet efter dina krav. Vi erbjuder kurser f\u00f6r [&hellip;]<\/p>\n","protected":false},"author":1,"featured_media":2857,"parent":1853,"menu_order":0,"comment_status":"closed","ping_status":"closed","template":"templates\/template-service-detail.php","meta":{"_acf_changed":false,"footnotes":""},"class_list":["post-1870","page","type-page","status-publish","has-post-thumbnail","hentry"],"acf":[],"yoast_head":"<!-- This site is optimized with the Yoast SEO plugin v25.4 - https:\/\/yoast.com\/wordpress\/plugins\/seo\/ -->\n<title>Utbildningar | Advancedvacuum<\/title>\n<meta name=\"robots\" content=\"index, follow, max-snippet:-1, max-image-preview:large, max-video-preview:-1\" \/>\n<link rel=\"canonical\" href=\"https:\/\/www.advancedvacuum.se\/sv\/service\/utbildningar\/\" \/>\n<meta property=\"og:locale\" content=\"sv_SE\" \/>\n<meta property=\"og:type\" content=\"article\" \/>\n<meta property=\"og:title\" content=\"Utbildningar | Advancedvacuum\" \/>\n<meta property=\"og:description\" content=\"Kvalificera ditt team f\u00f6r drift av din vakuumpump eller system. Eller om ni \u00f6nskar teoretisk utbildning inom vakuumteknik. V\u00e5r utbildning i drift av er vakuumutrustning \u00e4r ett idealiskt s\u00e4tt att f\u00f6rbereda ditt team f\u00f6r tillf\u00f6rlitlig drift av er investering. V\u00e5ra kurser f\u00f6r driftpersonal \u00e4r skr\u00e4ddarsydda helt och h\u00e5llet efter dina krav. Vi erbjuder kurser f\u00f6r [&hellip;]\" \/>\n<meta property=\"og:url\" content=\"https:\/\/www.advancedvacuum.se\/sv\/service\/utbildningar\/\" \/>\n<meta property=\"og:site_name\" content=\"Advancedvacuum\" \/>\n<meta property=\"article:modified_time\" content=\"2024-09-20T11:48:32+00:00\" \/>\n<meta property=\"og:image\" content=\"https:\/\/www.advancedvacuum.se\/wp-content\/uploads\/2025\/02\/Education.jpg\" \/>\n\t<meta property=\"og:image:width\" content=\"1410\" \/>\n\t<meta property=\"og:image:height\" content=\"340\" \/>\n\t<meta property=\"og:image:type\" content=\"image\/jpeg\" \/>\n<meta name=\"twitter:card\" content=\"summary_large_image\" \/>\n<meta name=\"twitter:label1\" content=\"Ber\u00e4knad l\u00e4stid\" \/>\n\t<meta name=\"twitter:data1\" content=\"1 minut\" \/>\n<script type=\"application\/ld+json\" class=\"yoast-schema-graph\">{\"@context\":\"https:\/\/schema.org\",\"@graph\":[{\"@type\":\"WebPage\",\"@id\":\"https:\/\/www.advancedvacuum.se\/sv\/service\/utbildningar\/\",\"url\":\"https:\/\/www.advancedvacuum.se\/sv\/service\/utbildningar\/\",\"name\":\"Utbildningar | Advancedvacuum\",\"isPartOf\":{\"@id\":\"https:\/\/www.advancedvacuum.se\/sv\/#website\"},\"primaryImageOfPage\":{\"@id\":\"https:\/\/www.advancedvacuum.se\/sv\/service\/utbildningar\/#primaryimage\"},\"image\":{\"@id\":\"https:\/\/www.advancedvacuum.se\/sv\/service\/utbildningar\/#primaryimage\"},\"thumbnailUrl\":\"https:\/\/www.advancedvacuum.se\/wp-content\/uploads\/2025\/02\/Education.jpg\",\"datePublished\":\"2024-09-05T08:23:46+00:00\",\"dateModified\":\"2024-09-20T11:48:32+00:00\",\"breadcrumb\":{\"@id\":\"https:\/\/www.advancedvacuum.se\/sv\/service\/utbildningar\/#breadcrumb\"},\"inLanguage\":\"sv-SE\",\"potentialAction\":[{\"@type\":\"ReadAction\",\"target\":[\"https:\/\/www.advancedvacuum.se\/sv\/service\/utbildningar\/\"]}]},{\"@type\":\"ImageObject\",\"inLanguage\":\"sv-SE\",\"@id\":\"https:\/\/www.advancedvacuum.se\/sv\/service\/utbildningar\/#primaryimage\",\"url\":\"https:\/\/www.advancedvacuum.se\/wp-content\/uploads\/2025\/02\/Education.jpg\",\"contentUrl\":\"https:\/\/www.advancedvacuum.se\/wp-content\/uploads\/2025\/02\/Education.jpg\",\"width\":1410,\"height\":340,\"caption\":\"Education\"},{\"@type\":\"BreadcrumbList\",\"@id\":\"https:\/\/www.advancedvacuum.se\/sv\/service\/utbildningar\/#breadcrumb\",\"itemListElement\":[{\"@type\":\"ListItem\",\"position\":1,\"name\":\"Home\",\"item\":\"https:\/\/www.advancedvacuum.se\/sv\/\"},{\"@type\":\"ListItem\",\"position\":2,\"name\":\"V\u00e5ra tj\u00e4nster!\",\"item\":\"https:\/\/www.advancedvacuum.se\/sv\/service\/\"},{\"@type\":\"ListItem\",\"position\":3,\"name\":\"Utbildningar\"}]},{\"@type\":\"WebSite\",\"@id\":\"https:\/\/www.advancedvacuum.se\/sv\/#website\",\"url\":\"https:\/\/www.advancedvacuum.se\/sv\/\",\"name\":\"Advanced Vacuum\",\"description\":\"\",\"publisher\":{\"@id\":\"https:\/\/www.advancedvacuum.se\/sv\/#organization\"},\"potentialAction\":[{\"@type\":\"SearchAction\",\"target\":{\"@type\":\"EntryPoint\",\"urlTemplate\":\"https:\/\/www.advancedvacuum.se\/sv\/?s={search_term_string}\"},\"query-input\":{\"@type\":\"PropertyValueSpecification\",\"valueRequired\":true,\"valueName\":\"search_term_string\"}}],\"inLanguage\":\"sv-SE\"},{\"@type\":\"Organization\",\"@id\":\"https:\/\/www.advancedvacuum.se\/sv\/#organization\",\"name\":\"Advanced Vacuum\",\"url\":\"https:\/\/www.advancedvacuum.se\/sv\/\",\"logo\":{\"@type\":\"ImageObject\",\"inLanguage\":\"sv-SE\",\"@id\":\"https:\/\/www.advancedvacuum.se\/sv\/#\/schema\/logo\/image\/\",\"url\":\"https:\/\/www.advancedvacuum.se\/wp-content\/uploads\/2025\/03\/logo.png\",\"contentUrl\":\"https:\/\/www.advancedvacuum.se\/wp-content\/uploads\/2025\/03\/logo.png\",\"width\":280,\"height\":92,\"caption\":\"Advanced Vacuum\"},\"image\":{\"@id\":\"https:\/\/www.advancedvacuum.se\/sv\/#\/schema\/logo\/image\/\"}}]}<\/script>\n<!-- \/ Yoast SEO plugin. -->","yoast_head_json":{"title":"Utbildningar | Advancedvacuum","robots":{"index":"index","follow":"follow","max-snippet":"max-snippet:-1","max-image-preview":"max-image-preview:large","max-video-preview":"max-video-preview:-1"},"canonical":"https:\/\/www.advancedvacuum.se\/sv\/service\/utbildningar\/","og_locale":"sv_SE","og_type":"article","og_title":"Utbildningar | Advancedvacuum","og_description":"Kvalificera ditt team f\u00f6r drift av din vakuumpump eller system. Eller om ni \u00f6nskar teoretisk utbildning inom vakuumteknik. V\u00e5r utbildning i drift av er vakuumutrustning \u00e4r ett idealiskt s\u00e4tt att f\u00f6rbereda ditt team f\u00f6r tillf\u00f6rlitlig drift av er investering. V\u00e5ra kurser f\u00f6r driftpersonal \u00e4r skr\u00e4ddarsydda helt och h\u00e5llet efter dina krav. Vi erbjuder kurser f\u00f6r [&hellip;]","og_url":"https:\/\/www.advancedvacuum.se\/sv\/service\/utbildningar\/","og_site_name":"Advancedvacuum","article_modified_time":"2024-09-20T11:48:32+00:00","og_image":[{"width":1410,"height":340,"url":"https:\/\/www.advancedvacuum.se\/wp-content\/uploads\/2025\/02\/Education.jpg","type":"image\/jpeg"}],"twitter_card":"summary_large_image","twitter_misc":{"Ber\u00e4knad l\u00e4stid":"1 minut"},"schema":{"@context":"https:\/\/schema.org","@graph":[{"@type":"WebPage","@id":"https:\/\/www.advancedvacuum.se\/sv\/service\/utbildningar\/","url":"https:\/\/www.advancedvacuum.se\/sv\/service\/utbildningar\/","name":"Utbildningar | Advancedvacuum","isPartOf":{"@id":"https:\/\/www.advancedvacuum.se\/sv\/#website"},"primaryImageOfPage":{"@id":"https:\/\/www.advancedvacuum.se\/sv\/service\/utbildningar\/#primaryimage"},"image":{"@id":"https:\/\/www.advancedvacuum.se\/sv\/service\/utbildningar\/#primaryimage"},"thumbnailUrl":"https:\/\/www.advancedvacuum.se\/wp-content\/uploads\/2025\/02\/Education.jpg","datePublished":"2024-09-05T08:23:46+00:00","dateModified":"2024-09-20T11:48:32+00:00","breadcrumb":{"@id":"https:\/\/www.advancedvacuum.se\/sv\/service\/utbildningar\/#breadcrumb"},"inLanguage":"sv-SE","potentialAction":[{"@type":"ReadAction","target":["https:\/\/www.advancedvacuum.se\/sv\/service\/utbildningar\/"]}]},{"@type":"ImageObject","inLanguage":"sv-SE","@id":"https:\/\/www.advancedvacuum.se\/sv\/service\/utbildningar\/#primaryimage","url":"https:\/\/www.advancedvacuum.se\/wp-content\/uploads\/2025\/02\/Education.jpg","contentUrl":"https:\/\/www.advancedvacuum.se\/wp-content\/uploads\/2025\/02\/Education.jpg","width":1410,"height":340,"caption":"Education"},{"@type":"BreadcrumbList","@id":"https:\/\/www.advancedvacuum.se\/sv\/service\/utbildningar\/#breadcrumb","itemListElement":[{"@type":"ListItem","position":1,"name":"Home","item":"https:\/\/www.advancedvacuum.se\/sv\/"},{"@type":"ListItem","position":2,"name":"V\u00e5ra tj\u00e4nster!","item":"https:\/\/www.advancedvacuum.se\/sv\/service\/"},{"@type":"ListItem","position":3,"name":"Utbildningar"}]},{"@type":"WebSite","@id":"https:\/\/www.advancedvacuum.se\/sv\/#website","url":"https:\/\/www.advancedvacuum.se\/sv\/","name":"Advanced Vacuum","description":"","publisher":{"@id":"https:\/\/www.advancedvacuum.se\/sv\/#organization"},"potentialAction":[{"@type":"SearchAction","target":{"@type":"EntryPoint","urlTemplate":"https:\/\/www.advancedvacuum.se\/sv\/?s={search_term_string}"},"query-input":{"@type":"PropertyValueSpecification","valueRequired":true,"valueName":"search_term_string"}}],"inLanguage":"sv-SE"},{"@type":"Organization","@id":"https:\/\/www.advancedvacuum.se\/sv\/#organization","name":"Advanced Vacuum","url":"https:\/\/www.advancedvacuum.se\/sv\/","logo":{"@type":"ImageObject","inLanguage":"sv-SE","@id":"https:\/\/www.advancedvacuum.se\/sv\/#\/schema\/logo\/image\/","url":"https:\/\/www.advancedvacuum.se\/wp-content\/uploads\/2025\/03\/logo.png","contentUrl":"https:\/\/www.advancedvacuum.se\/wp-content\/uploads\/2025\/03\/logo.png","width":280,"height":92,"caption":"Advanced Vacuum"},"image":{"@id":"https:\/\/www.advancedvacuum.se\/sv\/#\/schema\/logo\/image\/"}}]}},"_links":{"self":[{"href":"https:\/\/www.advancedvacuum.se\/sv\/wp-json\/wp\/v2\/pages\/1870","targetHints":{"allow":["GET"]}}],"collection":[{"href":"https:\/\/www.advancedvacuum.se\/sv\/wp-json\/wp\/v2\/pages"}],"about":[{"href":"https:\/\/www.advancedvacuum.se\/sv\/wp-json\/wp\/v2\/types\/page"}],"author":[{"embeddable":true,"href":"https:\/\/www.advancedvacuum.se\/sv\/wp-json\/wp\/v2\/users\/1"}],"replies":[{"embeddable":true,"href":"https:\/\/www.advancedvacuum.se\/sv\/wp-json\/wp\/v2\/comments?post=1870"}],"version-history":[{"count":3,"href":"https:\/\/www.advancedvacuum.se\/sv\/wp-json\/wp\/v2\/pages\/1870\/revisions"}],"predecessor-version":[{"id":1988,"href":"https:\/\/www.advancedvacuum.se\/sv\/wp-json\/wp\/v2\/pages\/1870\/revisions\/1988"}],"up":[{"embeddable":true,"href":"https:\/\/www.advancedvacuum.se\/sv\/wp-json\/wp\/v2\/pages\/1853"}],"wp:featuredmedia":[{"embeddable":true,"href":"https:\/\/www.advancedvacuum.se\/sv\/wp-json\/wp\/v2\/media\/2857"}],"wp:attachment":[{"href":"https:\/\/www.advancedvacuum.se\/sv\/wp-json\/wp\/v2\/media?parent=1870"}],"curies":[{"name":"wp","href":"https:\/\/api.w.org\/{rel}","templated":true}]}}