{"id":1935,"date":"2024-09-19T16:35:31","date_gmt":"2024-09-19T14:35:31","guid":{"rendered":"https:\/\/www.advancedvacuum.se\/produkt\/rga\/"},"modified":"2024-09-21T05:59:59","modified_gmt":"2024-09-21T03:59:59","slug":"rga","status":"publish","type":"product","link":"https:\/\/www.advancedvacuum.se\/sv\/produkt\/rga\/","title":{"rendered":"RGA"},"content":{"rendered":"<h2 style=\"text-align: left;\">De unika f\u00f6rdelarna<\/h2>\n<p style=\"text-align: left;\"><strong>Totaltrycksm\u00e4tning<\/strong><\/p>\n<p style=\"text-align: left;\">&#8211; F\u00f6r fullst\u00e4ndig processkontroll<\/p>\n<p style=\"text-align: left;\">&#8211; Kundens utbytbara delar<\/p>\n<h2 style=\"text-align: left;\">Applikationer och marknader<\/h2>\n<p style=\"text-align: left;\"><strong>Dubbel filament<\/strong><\/p>\n<p style=\"text-align: left;\">&#8211; F\u00f6r h\u00f6gsta tillf\u00f6rlitlighet och drifttid<\/p>\n<p style=\"text-align: left;\"><strong>Avgasningsfunktion<\/strong><\/p>\n<h2 style=\"text-align: left;\">Dokumentation<\/h2>\n<p style=\"text-align: left;\"><strong>P\u00e5 enhetsdisplay<\/strong><\/p>\n<p style=\"text-align: left;\">&#8211; F\u00f6r grundl\u00e4ggande m\u00e4tningar utan PC<\/p>\n<p style=\"text-align: left;\">&#8211; Skydd av jonk\u00e4lla och EM<\/p>\n","protected":false},"excerpt":{"rendered":"<p style=\"text-align: left;\">V\u00e5r RGA inneh\u00e5ller tv\u00e5 varianter: b\u00e5da levereras med enkel och effektiv drift som garanterar h\u00f6g prestanda och effektivitet.<\/p>\n<div class=\"s-editor c-parsys-divider__item s-editor--para paragraph\">\n<div class=\"paragraph--featured disable-italics-false\">\n<p style=\"text-align: left;\">Alla RGA:er \u00e4r utrustade med dedikerad, l\u00e4ttanv\u00e4nd programvara som l\u00e5ter dig sp\u00e5ra din process i realtid fr\u00e5n din b\u00e4rbara dator och g\u00f6ra detaljerad analys av upp till 16 olika enheter.<\/p>\n<p style=\"text-align: left;\">F\u00f6r dem som vill ha en \u00f6gonblicksbild, har enheterna en unik inbyggd display som kan visa dig de viktigaste gastyperna s\u00e5v\u00e4l som det totala trycket i ditt system utan att beh\u00f6va ansluta via en b\u00e4rbar dator.<\/p>\n<\/div>\n<\/div>\n","protected":false},"featured_media":2889,"comment_status":"open","ping_status":"closed","template":"","meta":{"_acf_changed":false},"product_brand":[],"product_cat":[69],"product_tag":[],"class_list":{"0":"post-1935","1":"product","2":"type-product","3":"status-publish","4":"has-post-thumbnail","6":"product_cat-rga-sv","8":"first","9":"instock","10":"shipping-taxable","11":"product-type-simple"},"acf":[],"yoast_head":"<!-- This site is optimized with the Yoast SEO plugin v25.4 - https:\/\/yoast.com\/wordpress\/plugins\/seo\/ -->\n<title>RGA | Advancedvacuum<\/title>\n<meta name=\"robots\" content=\"index, follow, max-snippet:-1, max-image-preview:large, max-video-preview:-1\" \/>\n<link rel=\"canonical\" href=\"https:\/\/www.advancedvacuum.se\/sv\/produkt\/rga\/\" \/>\n<meta property=\"og:locale\" content=\"sv_SE\" \/>\n<meta property=\"og:type\" content=\"article\" \/>\n<meta property=\"og:title\" content=\"RGA | Advancedvacuum\" \/>\n<meta property=\"og:description\" content=\"V\u00e5r RGA inneh\u00e5ller tv\u00e5 varianter: b\u00e5da levereras med enkel och effektiv drift som garanterar h\u00f6g prestanda och effektivitet.    Alla RGA:er \u00e4r utrustade med dedikerad, l\u00e4ttanv\u00e4nd programvara som l\u00e5ter dig sp\u00e5ra din process i realtid fr\u00e5n din b\u00e4rbara dator och g\u00f6ra detaljerad analys av upp till 16 olika enheter. F\u00f6r dem som vill ha en \u00f6gonblicksbild, har enheterna en unik inbyggd display som kan visa dig de viktigaste gastyperna s\u00e5v\u00e4l som det totala trycket i ditt system utan att beh\u00f6va ansluta via en b\u00e4rbar dator.\" \/>\n<meta property=\"og:url\" content=\"https:\/\/www.advancedvacuum.se\/sv\/produkt\/rga\/\" \/>\n<meta property=\"og:site_name\" content=\"Advancedvacuum\" \/>\n<meta property=\"article:modified_time\" content=\"2024-09-21T03:59:59+00:00\" \/>\n<meta property=\"og:image\" content=\"https:\/\/www.advancedvacuum.se\/wp-content\/uploads\/2025\/02\/RGA-2.jpg\" \/>\n\t<meta property=\"og:image:width\" content=\"400\" \/>\n\t<meta property=\"og:image:height\" content=\"400\" \/>\n\t<meta property=\"og:image:type\" content=\"image\/jpeg\" \/>\n<meta name=\"twitter:card\" content=\"summary_large_image\" \/>\n<script type=\"application\/ld+json\" class=\"yoast-schema-graph\">{\"@context\":\"https:\/\/schema.org\",\"@graph\":[{\"@type\":\"WebPage\",\"@id\":\"https:\/\/www.advancedvacuum.se\/sv\/produkt\/rga\/\",\"url\":\"https:\/\/www.advancedvacuum.se\/sv\/produkt\/rga\/\",\"name\":\"RGA | Advancedvacuum\",\"isPartOf\":{\"@id\":\"https:\/\/www.advancedvacuum.se\/sv\/#website\"},\"primaryImageOfPage\":{\"@id\":\"https:\/\/www.advancedvacuum.se\/sv\/produkt\/rga\/#primaryimage\"},\"image\":{\"@id\":\"https:\/\/www.advancedvacuum.se\/sv\/produkt\/rga\/#primaryimage\"},\"thumbnailUrl\":\"https:\/\/www.advancedvacuum.se\/wp-content\/uploads\/2025\/02\/RGA-2.jpg\",\"datePublished\":\"2024-09-19T14:35:31+00:00\",\"dateModified\":\"2024-09-21T03:59:59+00:00\",\"breadcrumb\":{\"@id\":\"https:\/\/www.advancedvacuum.se\/sv\/produkt\/rga\/#breadcrumb\"},\"inLanguage\":\"sv-SE\",\"potentialAction\":[{\"@type\":\"ReadAction\",\"target\":[\"https:\/\/www.advancedvacuum.se\/sv\/produkt\/rga\/\"]}]},{\"@type\":\"ImageObject\",\"inLanguage\":\"sv-SE\",\"@id\":\"https:\/\/www.advancedvacuum.se\/sv\/produkt\/rga\/#primaryimage\",\"url\":\"https:\/\/www.advancedvacuum.se\/wp-content\/uploads\/2025\/02\/RGA-2.jpg\",\"contentUrl\":\"https:\/\/www.advancedvacuum.se\/wp-content\/uploads\/2025\/02\/RGA-2.jpg\",\"width\":400,\"height\":400,\"caption\":\"RGA\"},{\"@type\":\"BreadcrumbList\",\"@id\":\"https:\/\/www.advancedvacuum.se\/sv\/produkt\/rga\/#breadcrumb\",\"itemListElement\":[{\"@type\":\"ListItem\",\"position\":1,\"name\":\"Home\",\"item\":\"https:\/\/www.advancedvacuum.se\/sv\/\"},{\"@type\":\"ListItem\",\"position\":2,\"name\":\"Butik\",\"item\":\"https:\/\/www.advancedvacuum.se\/sv\/butik\/\"},{\"@type\":\"ListItem\",\"position\":3,\"name\":\"RGA\"}]},{\"@type\":\"WebSite\",\"@id\":\"https:\/\/www.advancedvacuum.se\/sv\/#website\",\"url\":\"https:\/\/www.advancedvacuum.se\/sv\/\",\"name\":\"Advanced Vacuum\",\"description\":\"\",\"publisher\":{\"@id\":\"https:\/\/www.advancedvacuum.se\/sv\/#organization\"},\"potentialAction\":[{\"@type\":\"SearchAction\",\"target\":{\"@type\":\"EntryPoint\",\"urlTemplate\":\"https:\/\/www.advancedvacuum.se\/sv\/?s={search_term_string}\"},\"query-input\":{\"@type\":\"PropertyValueSpecification\",\"valueRequired\":true,\"valueName\":\"search_term_string\"}}],\"inLanguage\":\"sv-SE\"},{\"@type\":\"Organization\",\"@id\":\"https:\/\/www.advancedvacuum.se\/sv\/#organization\",\"name\":\"Advanced Vacuum\",\"url\":\"https:\/\/www.advancedvacuum.se\/sv\/\",\"logo\":{\"@type\":\"ImageObject\",\"inLanguage\":\"sv-SE\",\"@id\":\"https:\/\/www.advancedvacuum.se\/sv\/#\/schema\/logo\/image\/\",\"url\":\"https:\/\/www.advancedvacuum.se\/wp-content\/uploads\/2025\/03\/logo.png\",\"contentUrl\":\"https:\/\/www.advancedvacuum.se\/wp-content\/uploads\/2025\/03\/logo.png\",\"width\":280,\"height\":92,\"caption\":\"Advanced Vacuum\"},\"image\":{\"@id\":\"https:\/\/www.advancedvacuum.se\/sv\/#\/schema\/logo\/image\/\"}}]}<\/script>\n<!-- \/ Yoast SEO plugin. -->","yoast_head_json":{"title":"RGA | Advancedvacuum","robots":{"index":"index","follow":"follow","max-snippet":"max-snippet:-1","max-image-preview":"max-image-preview:large","max-video-preview":"max-video-preview:-1"},"canonical":"https:\/\/www.advancedvacuum.se\/sv\/produkt\/rga\/","og_locale":"sv_SE","og_type":"article","og_title":"RGA | Advancedvacuum","og_description":"V\u00e5r RGA inneh\u00e5ller tv\u00e5 varianter: b\u00e5da levereras med enkel och effektiv drift som garanterar h\u00f6g prestanda och effektivitet.    Alla RGA:er \u00e4r utrustade med dedikerad, l\u00e4ttanv\u00e4nd programvara som l\u00e5ter dig sp\u00e5ra din process i realtid fr\u00e5n din b\u00e4rbara dator och g\u00f6ra detaljerad analys av upp till 16 olika enheter. F\u00f6r dem som vill ha en \u00f6gonblicksbild, har enheterna en unik inbyggd display som kan visa dig de viktigaste gastyperna s\u00e5v\u00e4l som det totala trycket i ditt system utan att beh\u00f6va ansluta via en b\u00e4rbar dator.","og_url":"https:\/\/www.advancedvacuum.se\/sv\/produkt\/rga\/","og_site_name":"Advancedvacuum","article_modified_time":"2024-09-21T03:59:59+00:00","og_image":[{"width":400,"height":400,"url":"https:\/\/www.advancedvacuum.se\/wp-content\/uploads\/2025\/02\/RGA-2.jpg","type":"image\/jpeg"}],"twitter_card":"summary_large_image","schema":{"@context":"https:\/\/schema.org","@graph":[{"@type":"WebPage","@id":"https:\/\/www.advancedvacuum.se\/sv\/produkt\/rga\/","url":"https:\/\/www.advancedvacuum.se\/sv\/produkt\/rga\/","name":"RGA | Advancedvacuum","isPartOf":{"@id":"https:\/\/www.advancedvacuum.se\/sv\/#website"},"primaryImageOfPage":{"@id":"https:\/\/www.advancedvacuum.se\/sv\/produkt\/rga\/#primaryimage"},"image":{"@id":"https:\/\/www.advancedvacuum.se\/sv\/produkt\/rga\/#primaryimage"},"thumbnailUrl":"https:\/\/www.advancedvacuum.se\/wp-content\/uploads\/2025\/02\/RGA-2.jpg","datePublished":"2024-09-19T14:35:31+00:00","dateModified":"2024-09-21T03:59:59+00:00","breadcrumb":{"@id":"https:\/\/www.advancedvacuum.se\/sv\/produkt\/rga\/#breadcrumb"},"inLanguage":"sv-SE","potentialAction":[{"@type":"ReadAction","target":["https:\/\/www.advancedvacuum.se\/sv\/produkt\/rga\/"]}]},{"@type":"ImageObject","inLanguage":"sv-SE","@id":"https:\/\/www.advancedvacuum.se\/sv\/produkt\/rga\/#primaryimage","url":"https:\/\/www.advancedvacuum.se\/wp-content\/uploads\/2025\/02\/RGA-2.jpg","contentUrl":"https:\/\/www.advancedvacuum.se\/wp-content\/uploads\/2025\/02\/RGA-2.jpg","width":400,"height":400,"caption":"RGA"},{"@type":"BreadcrumbList","@id":"https:\/\/www.advancedvacuum.se\/sv\/produkt\/rga\/#breadcrumb","itemListElement":[{"@type":"ListItem","position":1,"name":"Home","item":"https:\/\/www.advancedvacuum.se\/sv\/"},{"@type":"ListItem","position":2,"name":"Butik","item":"https:\/\/www.advancedvacuum.se\/sv\/butik\/"},{"@type":"ListItem","position":3,"name":"RGA"}]},{"@type":"WebSite","@id":"https:\/\/www.advancedvacuum.se\/sv\/#website","url":"https:\/\/www.advancedvacuum.se\/sv\/","name":"Advanced Vacuum","description":"","publisher":{"@id":"https:\/\/www.advancedvacuum.se\/sv\/#organization"},"potentialAction":[{"@type":"SearchAction","target":{"@type":"EntryPoint","urlTemplate":"https:\/\/www.advancedvacuum.se\/sv\/?s={search_term_string}"},"query-input":{"@type":"PropertyValueSpecification","valueRequired":true,"valueName":"search_term_string"}}],"inLanguage":"sv-SE"},{"@type":"Organization","@id":"https:\/\/www.advancedvacuum.se\/sv\/#organization","name":"Advanced Vacuum","url":"https:\/\/www.advancedvacuum.se\/sv\/","logo":{"@type":"ImageObject","inLanguage":"sv-SE","@id":"https:\/\/www.advancedvacuum.se\/sv\/#\/schema\/logo\/image\/","url":"https:\/\/www.advancedvacuum.se\/wp-content\/uploads\/2025\/03\/logo.png","contentUrl":"https:\/\/www.advancedvacuum.se\/wp-content\/uploads\/2025\/03\/logo.png","width":280,"height":92,"caption":"Advanced Vacuum"},"image":{"@id":"https:\/\/www.advancedvacuum.se\/sv\/#\/schema\/logo\/image\/"}}]}},"_links":{"self":[{"href":"https:\/\/www.advancedvacuum.se\/sv\/wp-json\/wp\/v2\/product\/1935","targetHints":{"allow":["GET"]}}],"collection":[{"href":"https:\/\/www.advancedvacuum.se\/sv\/wp-json\/wp\/v2\/product"}],"about":[{"href":"https:\/\/www.advancedvacuum.se\/sv\/wp-json\/wp\/v2\/types\/product"}],"replies":[{"embeddable":true,"href":"https:\/\/www.advancedvacuum.se\/sv\/wp-json\/wp\/v2\/comments?post=1935"}],"wp:featuredmedia":[{"embeddable":true,"href":"https:\/\/www.advancedvacuum.se\/sv\/wp-json\/wp\/v2\/media\/2889"}],"wp:attachment":[{"href":"https:\/\/www.advancedvacuum.se\/sv\/wp-json\/wp\/v2\/media?parent=1935"}],"wp:term":[{"taxonomy":"product_brand","embeddable":true,"href":"https:\/\/www.advancedvacuum.se\/sv\/wp-json\/wp\/v2\/product_brand?post=1935"},{"taxonomy":"product_cat","embeddable":true,"href":"https:\/\/www.advancedvacuum.se\/sv\/wp-json\/wp\/v2\/product_cat?post=1935"},{"taxonomy":"product_tag","embeddable":true,"href":"https:\/\/www.advancedvacuum.se\/sv\/wp-json\/wp\/v2\/product_tag?post=1935"}],"curies":[{"name":"wp","href":"https:\/\/api.w.org\/{rel}","templated":true}]}}