{"id":1996,"date":"2024-09-10T10:12:12","date_gmt":"2024-09-10T08:12:12","guid":{"rendered":"https:\/\/www.advancedvacuum.se\/produkt\/proteus\/"},"modified":"2024-09-21T22:54:29","modified_gmt":"2024-09-21T20:54:29","slug":"proteus","status":"publish","type":"product","link":"https:\/\/www.advancedvacuum.se\/sv\/produkt\/proteus\/","title":{"rendered":"Proteus"},"content":{"rendered":"<div class=\"s-editor c-parsys-divider__item s-editor--para paragraph\">\n<div class=\"paragraph--featured disable-italics-false\">\n<p>Edwards Proteus m\u00f6jligg\u00f6r effektiv behandling av PFC och andra globala uppv\u00e4rmningsgaser utan anv\u00e4ndning av naturgas eller andra kolv\u00e4ten.<\/p>\n<\/div>\n<\/div>\n<div class=\"s-editor c-parsys-divider__item s-editor--para paragraph\">\n<div class=\" paragraph--regular disable-italics-false\">\n<p>Proteus \u00e4r en l\u00e5g str\u00f6mf\u00f6rbrukning, anv\u00e4ndarv\u00e4nlig och kostnadseffektiv l\u00f6sning f\u00f6r att minska koldioxidavtrycket fr\u00e5n halvledartillverkning.<\/p>\n<\/div>\n<\/div>\n<div class=\"s-editor c-parsys-divider__item s-editor--para paragraph\">\n<div class=\" paragraph--regular disable-italics-false\">\n<ul>\n<li>L\u00e5g effekt, h\u00f6geffektiv plasmateknik<\/li>\n<li>Plasmaeffektmodulering<\/li>\n<li>L\u00e5ga NOx-utsl\u00e4pp<\/li>\n<li>L\u00e5ng MTBS<\/li>\n<li>\u00d6vertidsskydd med Proteus Dual<\/li>\n<\/ul>\n<\/div>\n<\/div>\n","protected":false},"excerpt":{"rendered":"<ol>\n<li>En unik plasmateknologi med l\u00e5g effekt som uppn\u00e5r h\u00f6g destruktionshastighetseffektivitet (DRE) f\u00f6r PFC-gaser som CF4 och andra globala uppv\u00e4rmningsgaser som SF6, NF3 och N2O. Detta g\u00f6r Proteus till en av de mest kostnadseffektiva l\u00f6sningarna f\u00f6r att minska den globala uppv\u00e4rmningen av gaser fr\u00e5n halvledartillverkningsprocesser.<\/li>\n<li>Proteus Plasmas drifteffekt \u00e4r helt justerbar i funktion av den inkommande gasbelastningen, vilket g\u00f6r att anv\u00e4ndarna kan minimera str\u00f6mf\u00f6rbrukningen och samtidigt bibeh\u00e5lla optimal behandlingseffektivitet. Gr\u00e4nssnitt med processverktyget och automatisk plasmaeffektmodulering ger ytterligare m\u00f6jligheter att minska driftskostnaderna samtidigt som den h\u00f6gsta milj\u00f6prestandan bibeh\u00e5lls.<\/li>\n<li>PFC-gasreduktion kr\u00e4ver h\u00f6ga temperaturer som fr\u00e4mjar bildandet av NOx-gaser. Proteus Plasma-teknik utvecklades f\u00f6r att minimera &#8221;termiska NOx&#8221;-utsl\u00e4pp och st\u00e5r nu som ett av de ledande PFC-reduceringssystemen f\u00f6r &#8221;l\u00e5g NOx&#8221;.<\/li>\n<li>F\u00f6rst\u00f6relsen av PFC-molekyler tenderar att \u00f6ka syrabelastningen genom skapandet av giftiga och fr\u00e4tande vattenl\u00f6sliga f\u00f6reningar. Proteus plasmabr\u00e4nnare och v\u00e5tskurningssteg har utformats speciellt f\u00f6r att minimera komponentkorrosion. I kombination med en utm\u00e4rkt pulverhanteringsf\u00f6rm\u00e5ga kan Proteus uppn\u00e5 l\u00e5ng MTBS samtidigt som den uppr\u00e4tth\u00e5ller en s\u00e4ker arbetsmilj\u00f6 i Fab.<\/li>\n<li>Proteus Dual erbjuder en helt integrerad &#8221;backup&#8221;-l\u00f6sning f\u00f6r att hj\u00e4lpa till att s\u00e4kra minskningstillg\u00e4ngligheten utan behov av komplicerade r\u00f6rledningar och gr\u00e4nssnitt. Proteus Dual \u00e4r en kostnadseffektiv, l\u00e4ttinstallerad l\u00f6sning. Det hj\u00e4lper till att uppr\u00e4tth\u00e5lla processens drifttid, minska fotavtryck och installationskostnader, samtidigt som s\u00e4kerheten f\u00f6r underfabriken f\u00f6rb\u00e4ttras.\n<p>Prata med oss \u200b\u200bom hur Proteus kan hj\u00e4lpa dig att n\u00e5 dina milj\u00f6m\u00e5l.<\/li>\n<\/ol>\n","protected":false},"featured_media":1719,"comment_status":"open","ping_status":"closed","template":"","meta":{"_acf_changed":false},"product_brand":[],"product_cat":[71],"product_tag":[],"class_list":{"0":"post-1996","1":"product","2":"type-product","3":"status-publish","4":"has-post-thumbnail","6":"product_cat-abatement-sv","8":"first","9":"instock","10":"shipping-taxable","11":"product-type-simple"},"acf":[],"yoast_head":"<!-- This site is optimized with the Yoast SEO plugin v25.4 - https:\/\/yoast.com\/wordpress\/plugins\/seo\/ -->\n<title>Proteus | Advancedvacuum<\/title>\n<meta name=\"robots\" content=\"index, follow, max-snippet:-1, max-image-preview:large, max-video-preview:-1\" \/>\n<link rel=\"canonical\" href=\"https:\/\/www.advancedvacuum.se\/sv\/produkt\/proteus\/\" \/>\n<meta property=\"og:locale\" content=\"sv_SE\" \/>\n<meta property=\"og:type\" content=\"article\" \/>\n<meta property=\"og:title\" content=\"Proteus | Advancedvacuum\" \/>\n<meta property=\"og:description\" content=\"En unik plasmateknologi med l\u00e5g effekt som uppn\u00e5r h\u00f6g destruktionshastighetseffektivitet (DRE) f\u00f6r PFC-gaser som CF4 och andra globala uppv\u00e4rmningsgaser som SF6, NF3 och N2O. Detta g\u00f6r Proteus till en av de mest kostnadseffektiva l\u00f6sningarna f\u00f6r att minska den globala uppv\u00e4rmningen av gaser fr\u00e5n halvledartillverkningsprocesser.  Proteus Plasmas drifteffekt \u00e4r helt justerbar i funktion av den inkommande gasbelastningen, vilket g\u00f6r att anv\u00e4ndarna kan minimera str\u00f6mf\u00f6rbrukningen och samtidigt bibeh\u00e5lla optimal behandlingseffektivitet. Gr\u00e4nssnitt med processverktyget och automatisk plasmaeffektmodulering ger ytterligare m\u00f6jligheter att minska driftskostnaderna samtidigt som den h\u00f6gsta milj\u00f6prestandan bibeh\u00e5lls.  PFC-gasreduktion kr\u00e4ver h\u00f6ga temperaturer som fr\u00e4mjar bildandet av NOx-gaser. Proteus Plasma-teknik utvecklades f\u00f6r att minimera &quot;termiska NOx&quot;-utsl\u00e4pp och st\u00e5r nu som ett av de ledande PFC-reduceringssystemen f\u00f6r &quot;l\u00e5g NOx&quot;.  F\u00f6rst\u00f6relsen av PFC-molekyler tenderar att \u00f6ka syrabelastningen genom skapandet av giftiga och fr\u00e4tande vattenl\u00f6sliga f\u00f6reningar. Proteus plasmabr\u00e4nnare och v\u00e5tskurningssteg har utformats speciellt f\u00f6r att minimera komponentkorrosion. I kombination med en utm\u00e4rkt pulverhanteringsf\u00f6rm\u00e5ga kan Proteus uppn\u00e5 l\u00e5ng MTBS samtidigt som den uppr\u00e4tth\u00e5ller en s\u00e4ker arbetsmilj\u00f6 i Fab.  Proteus Dual erbjuder en helt integrerad &quot;backup&quot;-l\u00f6sning f\u00f6r att hj\u00e4lpa till att s\u00e4kra minskningstillg\u00e4ngligheten utan behov av komplicerade r\u00f6rledningar och gr\u00e4nssnitt. Proteus Dual \u00e4r en kostnadseffektiv, l\u00e4ttinstallerad l\u00f6sning. Det hj\u00e4lper till att uppr\u00e4tth\u00e5lla processens drifttid, minska fotavtryck och installationskostnader, samtidigt som s\u00e4kerheten f\u00f6r underfabriken f\u00f6rb\u00e4ttras.  Prata med oss \u200b\u200bom hur Proteus kan hj\u00e4lpa dig att n\u00e5 dina milj\u00f6m\u00e5l.\" \/>\n<meta property=\"og:url\" content=\"https:\/\/www.advancedvacuum.se\/sv\/produkt\/proteus\/\" \/>\n<meta property=\"og:site_name\" content=\"Advancedvacuum\" \/>\n<meta property=\"article:modified_time\" content=\"2024-09-21T20:54:29+00:00\" \/>\n<meta property=\"og:image\" content=\"https:\/\/www.advancedvacuum.se\/wp-content\/uploads\/2024\/09\/Proteus.png\" \/>\n\t<meta property=\"og:image:width\" content=\"322\" \/>\n\t<meta property=\"og:image:height\" content=\"356\" \/>\n\t<meta property=\"og:image:type\" content=\"image\/png\" \/>\n<meta name=\"twitter:card\" content=\"summary_large_image\" \/>\n<script type=\"application\/ld+json\" class=\"yoast-schema-graph\">{\"@context\":\"https:\/\/schema.org\",\"@graph\":[{\"@type\":\"WebPage\",\"@id\":\"https:\/\/www.advancedvacuum.se\/sv\/produkt\/proteus\/\",\"url\":\"https:\/\/www.advancedvacuum.se\/sv\/produkt\/proteus\/\",\"name\":\"Proteus | Advancedvacuum\",\"isPartOf\":{\"@id\":\"https:\/\/www.advancedvacuum.se\/sv\/#website\"},\"primaryImageOfPage\":{\"@id\":\"https:\/\/www.advancedvacuum.se\/sv\/produkt\/proteus\/#primaryimage\"},\"image\":{\"@id\":\"https:\/\/www.advancedvacuum.se\/sv\/produkt\/proteus\/#primaryimage\"},\"thumbnailUrl\":\"https:\/\/www.advancedvacuum.se\/wp-content\/uploads\/2024\/09\/Proteus.png\",\"datePublished\":\"2024-09-10T08:12:12+00:00\",\"dateModified\":\"2024-09-21T20:54:29+00:00\",\"breadcrumb\":{\"@id\":\"https:\/\/www.advancedvacuum.se\/sv\/produkt\/proteus\/#breadcrumb\"},\"inLanguage\":\"sv-SE\",\"potentialAction\":[{\"@type\":\"ReadAction\",\"target\":[\"https:\/\/www.advancedvacuum.se\/sv\/produkt\/proteus\/\"]}]},{\"@type\":\"ImageObject\",\"inLanguage\":\"sv-SE\",\"@id\":\"https:\/\/www.advancedvacuum.se\/sv\/produkt\/proteus\/#primaryimage\",\"url\":\"https:\/\/www.advancedvacuum.se\/wp-content\/uploads\/2024\/09\/Proteus.png\",\"contentUrl\":\"https:\/\/www.advancedvacuum.se\/wp-content\/uploads\/2024\/09\/Proteus.png\",\"width\":322,\"height\":356},{\"@type\":\"BreadcrumbList\",\"@id\":\"https:\/\/www.advancedvacuum.se\/sv\/produkt\/proteus\/#breadcrumb\",\"itemListElement\":[{\"@type\":\"ListItem\",\"position\":1,\"name\":\"Home\",\"item\":\"https:\/\/www.advancedvacuum.se\/sv\/\"},{\"@type\":\"ListItem\",\"position\":2,\"name\":\"Butik\",\"item\":\"https:\/\/www.advancedvacuum.se\/sv\/butik\/\"},{\"@type\":\"ListItem\",\"position\":3,\"name\":\"Proteus\"}]},{\"@type\":\"WebSite\",\"@id\":\"https:\/\/www.advancedvacuum.se\/sv\/#website\",\"url\":\"https:\/\/www.advancedvacuum.se\/sv\/\",\"name\":\"Advanced Vacuum\",\"description\":\"\",\"publisher\":{\"@id\":\"https:\/\/www.advancedvacuum.se\/sv\/#organization\"},\"potentialAction\":[{\"@type\":\"SearchAction\",\"target\":{\"@type\":\"EntryPoint\",\"urlTemplate\":\"https:\/\/www.advancedvacuum.se\/sv\/?s={search_term_string}\"},\"query-input\":{\"@type\":\"PropertyValueSpecification\",\"valueRequired\":true,\"valueName\":\"search_term_string\"}}],\"inLanguage\":\"sv-SE\"},{\"@type\":\"Organization\",\"@id\":\"https:\/\/www.advancedvacuum.se\/sv\/#organization\",\"name\":\"Advanced Vacuum\",\"url\":\"https:\/\/www.advancedvacuum.se\/sv\/\",\"logo\":{\"@type\":\"ImageObject\",\"inLanguage\":\"sv-SE\",\"@id\":\"https:\/\/www.advancedvacuum.se\/sv\/#\/schema\/logo\/image\/\",\"url\":\"https:\/\/www.advancedvacuum.se\/wp-content\/uploads\/2025\/03\/logo.png\",\"contentUrl\":\"https:\/\/www.advancedvacuum.se\/wp-content\/uploads\/2025\/03\/logo.png\",\"width\":280,\"height\":92,\"caption\":\"Advanced Vacuum\"},\"image\":{\"@id\":\"https:\/\/www.advancedvacuum.se\/sv\/#\/schema\/logo\/image\/\"}}]}<\/script>\n<!-- \/ Yoast SEO plugin. -->","yoast_head_json":{"title":"Proteus | Advancedvacuum","robots":{"index":"index","follow":"follow","max-snippet":"max-snippet:-1","max-image-preview":"max-image-preview:large","max-video-preview":"max-video-preview:-1"},"canonical":"https:\/\/www.advancedvacuum.se\/sv\/produkt\/proteus\/","og_locale":"sv_SE","og_type":"article","og_title":"Proteus | Advancedvacuum","og_description":"En unik plasmateknologi med l\u00e5g effekt som uppn\u00e5r h\u00f6g destruktionshastighetseffektivitet (DRE) f\u00f6r PFC-gaser som CF4 och andra globala uppv\u00e4rmningsgaser som SF6, NF3 och N2O. Detta g\u00f6r Proteus till en av de mest kostnadseffektiva l\u00f6sningarna f\u00f6r att minska den globala uppv\u00e4rmningen av gaser fr\u00e5n halvledartillverkningsprocesser.  Proteus Plasmas drifteffekt \u00e4r helt justerbar i funktion av den inkommande gasbelastningen, vilket g\u00f6r att anv\u00e4ndarna kan minimera str\u00f6mf\u00f6rbrukningen och samtidigt bibeh\u00e5lla optimal behandlingseffektivitet. Gr\u00e4nssnitt med processverktyget och automatisk plasmaeffektmodulering ger ytterligare m\u00f6jligheter att minska driftskostnaderna samtidigt som den h\u00f6gsta milj\u00f6prestandan bibeh\u00e5lls.  PFC-gasreduktion kr\u00e4ver h\u00f6ga temperaturer som fr\u00e4mjar bildandet av NOx-gaser. Proteus Plasma-teknik utvecklades f\u00f6r att minimera \"termiska NOx\"-utsl\u00e4pp och st\u00e5r nu som ett av de ledande PFC-reduceringssystemen f\u00f6r \"l\u00e5g NOx\".  F\u00f6rst\u00f6relsen av PFC-molekyler tenderar att \u00f6ka syrabelastningen genom skapandet av giftiga och fr\u00e4tande vattenl\u00f6sliga f\u00f6reningar. Proteus plasmabr\u00e4nnare och v\u00e5tskurningssteg har utformats speciellt f\u00f6r att minimera komponentkorrosion. I kombination med en utm\u00e4rkt pulverhanteringsf\u00f6rm\u00e5ga kan Proteus uppn\u00e5 l\u00e5ng MTBS samtidigt som den uppr\u00e4tth\u00e5ller en s\u00e4ker arbetsmilj\u00f6 i Fab.  Proteus Dual erbjuder en helt integrerad \"backup\"-l\u00f6sning f\u00f6r att hj\u00e4lpa till att s\u00e4kra minskningstillg\u00e4ngligheten utan behov av komplicerade r\u00f6rledningar och gr\u00e4nssnitt. Proteus Dual \u00e4r en kostnadseffektiv, l\u00e4ttinstallerad l\u00f6sning. Det hj\u00e4lper till att uppr\u00e4tth\u00e5lla processens drifttid, minska fotavtryck och installationskostnader, samtidigt som s\u00e4kerheten f\u00f6r underfabriken f\u00f6rb\u00e4ttras.  Prata med oss \u200b\u200bom hur Proteus kan hj\u00e4lpa dig att n\u00e5 dina milj\u00f6m\u00e5l.","og_url":"https:\/\/www.advancedvacuum.se\/sv\/produkt\/proteus\/","og_site_name":"Advancedvacuum","article_modified_time":"2024-09-21T20:54:29+00:00","og_image":[{"width":322,"height":356,"url":"https:\/\/www.advancedvacuum.se\/wp-content\/uploads\/2024\/09\/Proteus.png","type":"image\/png"}],"twitter_card":"summary_large_image","schema":{"@context":"https:\/\/schema.org","@graph":[{"@type":"WebPage","@id":"https:\/\/www.advancedvacuum.se\/sv\/produkt\/proteus\/","url":"https:\/\/www.advancedvacuum.se\/sv\/produkt\/proteus\/","name":"Proteus | Advancedvacuum","isPartOf":{"@id":"https:\/\/www.advancedvacuum.se\/sv\/#website"},"primaryImageOfPage":{"@id":"https:\/\/www.advancedvacuum.se\/sv\/produkt\/proteus\/#primaryimage"},"image":{"@id":"https:\/\/www.advancedvacuum.se\/sv\/produkt\/proteus\/#primaryimage"},"thumbnailUrl":"https:\/\/www.advancedvacuum.se\/wp-content\/uploads\/2024\/09\/Proteus.png","datePublished":"2024-09-10T08:12:12+00:00","dateModified":"2024-09-21T20:54:29+00:00","breadcrumb":{"@id":"https:\/\/www.advancedvacuum.se\/sv\/produkt\/proteus\/#breadcrumb"},"inLanguage":"sv-SE","potentialAction":[{"@type":"ReadAction","target":["https:\/\/www.advancedvacuum.se\/sv\/produkt\/proteus\/"]}]},{"@type":"ImageObject","inLanguage":"sv-SE","@id":"https:\/\/www.advancedvacuum.se\/sv\/produkt\/proteus\/#primaryimage","url":"https:\/\/www.advancedvacuum.se\/wp-content\/uploads\/2024\/09\/Proteus.png","contentUrl":"https:\/\/www.advancedvacuum.se\/wp-content\/uploads\/2024\/09\/Proteus.png","width":322,"height":356},{"@type":"BreadcrumbList","@id":"https:\/\/www.advancedvacuum.se\/sv\/produkt\/proteus\/#breadcrumb","itemListElement":[{"@type":"ListItem","position":1,"name":"Home","item":"https:\/\/www.advancedvacuum.se\/sv\/"},{"@type":"ListItem","position":2,"name":"Butik","item":"https:\/\/www.advancedvacuum.se\/sv\/butik\/"},{"@type":"ListItem","position":3,"name":"Proteus"}]},{"@type":"WebSite","@id":"https:\/\/www.advancedvacuum.se\/sv\/#website","url":"https:\/\/www.advancedvacuum.se\/sv\/","name":"Advanced Vacuum","description":"","publisher":{"@id":"https:\/\/www.advancedvacuum.se\/sv\/#organization"},"potentialAction":[{"@type":"SearchAction","target":{"@type":"EntryPoint","urlTemplate":"https:\/\/www.advancedvacuum.se\/sv\/?s={search_term_string}"},"query-input":{"@type":"PropertyValueSpecification","valueRequired":true,"valueName":"search_term_string"}}],"inLanguage":"sv-SE"},{"@type":"Organization","@id":"https:\/\/www.advancedvacuum.se\/sv\/#organization","name":"Advanced Vacuum","url":"https:\/\/www.advancedvacuum.se\/sv\/","logo":{"@type":"ImageObject","inLanguage":"sv-SE","@id":"https:\/\/www.advancedvacuum.se\/sv\/#\/schema\/logo\/image\/","url":"https:\/\/www.advancedvacuum.se\/wp-content\/uploads\/2025\/03\/logo.png","contentUrl":"https:\/\/www.advancedvacuum.se\/wp-content\/uploads\/2025\/03\/logo.png","width":280,"height":92,"caption":"Advanced Vacuum"},"image":{"@id":"https:\/\/www.advancedvacuum.se\/sv\/#\/schema\/logo\/image\/"}}]}},"_links":{"self":[{"href":"https:\/\/www.advancedvacuum.se\/sv\/wp-json\/wp\/v2\/product\/1996","targetHints":{"allow":["GET"]}}],"collection":[{"href":"https:\/\/www.advancedvacuum.se\/sv\/wp-json\/wp\/v2\/product"}],"about":[{"href":"https:\/\/www.advancedvacuum.se\/sv\/wp-json\/wp\/v2\/types\/product"}],"replies":[{"embeddable":true,"href":"https:\/\/www.advancedvacuum.se\/sv\/wp-json\/wp\/v2\/comments?post=1996"}],"wp:featuredmedia":[{"embeddable":true,"href":"https:\/\/www.advancedvacuum.se\/sv\/wp-json\/wp\/v2\/media\/1719"}],"wp:attachment":[{"href":"https:\/\/www.advancedvacuum.se\/sv\/wp-json\/wp\/v2\/media?parent=1996"}],"wp:term":[{"taxonomy":"product_brand","embeddable":true,"href":"https:\/\/www.advancedvacuum.se\/sv\/wp-json\/wp\/v2\/product_brand?post=1996"},{"taxonomy":"product_cat","embeddable":true,"href":"https:\/\/www.advancedvacuum.se\/sv\/wp-json\/wp\/v2\/product_cat?post=1996"},{"taxonomy":"product_tag","embeddable":true,"href":"https:\/\/www.advancedvacuum.se\/sv\/wp-json\/wp\/v2\/product_tag?post=1996"}],"curies":[{"name":"wp","href":"https:\/\/api.w.org\/{rel}","templated":true}]}}