{"id":2007,"date":"2024-09-10T08:06:01","date_gmt":"2024-09-10T06:06:01","guid":{"rendered":"https:\/\/www.advancedvacuum.se\/produkt\/custom-engineering\/"},"modified":"2024-09-21T20:42:12","modified_gmt":"2024-09-21T18:42:12","slug":"custom-engineering","status":"publish","type":"product","link":"https:\/\/www.advancedvacuum.se\/sv\/produkt\/custom-engineering\/","title":{"rendered":"Custom Engineering"},"content":{"rendered":"<div id=\"s-73f039e7-274f-41a1-bd4b-69ab0741a546\" class=\"shg-c \">\n<div class=\"shogun-container\">\n<div id=\"s-704bcba8-0bb0-44ba-a91f-261bb958a707\" class=\"shg-c shg-align-center\">\n<div class=\"shg-row\" data-col-grid-mode-on=\"\">\n<div class=\"shg-c-lg-7 shg-c-md-7 shg-c-sm-7 shg-c-xs-12\">\n<div id=\"s-04a3f153-a78a-40c9-a688-2cdcddb99889\" class=\"shg-c shg-align-left\">\n<div class=\"shg-row\" data-col-grid-mode-on=\"\">\n<div class=\"shg-c-lg-11 shg-c-md-11 shg-c-sm-11 shg-c-xs-12\">\n<div id=\"s-80909413-1403-4a80-83ae-d4c6e7bd329b\" class=\"shg-c \">\n<div class=\"shg-rich-text shg-theme-text-content\">\n<p>ANPASSAD TEKNIK<\/p>\n<\/div>\n<\/div>\n<div id=\"s-5cf3128b-05da-4572-97cf-f8311cc9dfce\" class=\"shg-c \">\n<div class=\"shg-rich-text shg-theme-text-content\">\n<p>Custom Engineered Products-gruppen \u00e4r specialiserad p\u00e5 processvakuum, v\u00e4rme\u00f6verf\u00f6ring och mass\u00f6verf\u00f6ringstill\u00e4mpningar inom processsektorn. Tillhandah\u00e5llande av utrustning och tj\u00e4nster till olja och gas, petrokemi, kraftproduktion, CPI och tillh\u00f6rande industrier.<\/p>\n<\/div>\n<\/div>\n<div id=\"s-20001f03-3abe-42cc-8e3b-ceabf7cbadd8\" class=\"shg-c \">\n<div class=\"shg-rich-text shg-theme-text-content\">\n<p>Custom Engineered Products-gruppen som har utvecklats fr\u00e5n f\u00f6rv\u00e4rvet av Hick, Hargreaves av Edwards 2001 kombinerar m\u00e5nga \u00e5rs erfarenhet av process- och mekanisk design med projektledningskompetens f\u00f6r leverans av enskilda anl\u00e4ggningsdelar eller genomf\u00f6rande av kompletta projekt inklusive installation och drifts\u00e4ttning.<\/p>\n<p>Vi har ett dedikerat team f\u00f6r att st\u00f6dja kunder globalt i design, utveckling och installation av flerstegssystem f\u00f6r en rad applikationer.<\/p>\n<p>Flerstegs \u00e5ngejektor, kondensor och v\u00e4tskeringvakuumpumpsystem f\u00f6r applikationer inklusive:<br \/>\n&#8211; Raffinaderivakuumsystem<br \/>\n&#8211; Vakuumdestillationsenheter<br \/>\n&#8211; Kemisk reaktorevakuering<\/p>\n<p>Avluftning av v\u00e4tskor med vakuum, gasband eller termisk processteknik f\u00f6r:<br \/>\n&#8211; Havsvattenavluftning f\u00f6r oljeinjektion av vatten<br \/>\nInklusive vakuumutrustning<br \/>\n&#8211; Avluftning av matarvatten fr\u00e5n pannan<\/p>\n<p>Luft-, \u00e5ng- och vattendrivna ejektorer<\/p>\n<p>HP panna matarvattenberedare<\/p>\n<\/div>\n<\/div>\n<\/div>\n<\/div>\n<\/div>\n<\/div>\n<\/div>\n<\/div>\n<\/div>\n<\/div>\n<div class=\"shg-box-vertical-align-wrapper\">\n<div id=\"s-cfbfee70-ad77-458c-b9f6-f56819ae6cc4\" class=\"shg-box shg-c\"><\/div>\n<\/div>\n","protected":false},"excerpt":{"rendered":"<p>ANPASSAD TEKNIK Custom Engineered Products-gruppen \u00e4r specialiserad p\u00e5 processvakuum, v\u00e4rme\u00f6verf\u00f6ring och mass\u00f6verf\u00f6ringstill\u00e4mpningar inom processsektorn. Tillhandah\u00e5llande av utrustning och tj\u00e4nster till olja och gas, petrokemi, kraftproduktion, CPI och tillh\u00f6rande industrier. Custom Engineered Products-gruppen som har utvecklats fr\u00e5n f\u00f6rv\u00e4rvet av Hick, Hargreaves av Edwards 2001 kombinerar m\u00e5nga \u00e5rs erfarenhet av process- och mekanisk design med projektledningskompetens f\u00f6r [&hellip;]<\/p>\n","protected":false},"featured_media":1699,"comment_status":"open","ping_status":"closed","template":"","meta":{"_acf_changed":false},"product_brand":[],"product_cat":[73],"product_tag":[],"class_list":{"0":"post-2007","1":"product","2":"type-product","3":"status-publish","4":"has-post-thumbnail","6":"product_cat-process-equipment-sv","8":"first","9":"instock","10":"shipping-taxable","11":"product-type-simple"},"acf":[],"yoast_head":"<!-- This site is optimized with the Yoast SEO plugin v25.4 - https:\/\/yoast.com\/wordpress\/plugins\/seo\/ -->\n<title>Custom Engineering | Advancedvacuum<\/title>\n<meta name=\"robots\" content=\"index, follow, max-snippet:-1, max-image-preview:large, max-video-preview:-1\" \/>\n<link rel=\"canonical\" href=\"https:\/\/www.advancedvacuum.se\/sv\/produkt\/custom-engineering\/\" \/>\n<meta property=\"og:locale\" content=\"sv_SE\" \/>\n<meta property=\"og:type\" content=\"article\" \/>\n<meta property=\"og:title\" content=\"Custom Engineering | Advancedvacuum\" \/>\n<meta property=\"og:description\" content=\"ANPASSAD TEKNIK Custom Engineered Products-gruppen \u00e4r specialiserad p\u00e5 processvakuum, v\u00e4rme\u00f6verf\u00f6ring och mass\u00f6verf\u00f6ringstill\u00e4mpningar inom processsektorn. Tillhandah\u00e5llande av utrustning och tj\u00e4nster till olja och gas, petrokemi, kraftproduktion, CPI och tillh\u00f6rande industrier. Custom Engineered Products-gruppen som har utvecklats fr\u00e5n f\u00f6rv\u00e4rvet av Hick, Hargreaves av Edwards 2001 kombinerar m\u00e5nga \u00e5rs erfarenhet av process- och mekanisk design med projektledningskompetens f\u00f6r [&hellip;]\" \/>\n<meta property=\"og:url\" content=\"https:\/\/www.advancedvacuum.se\/sv\/produkt\/custom-engineering\/\" \/>\n<meta property=\"og:site_name\" content=\"Advancedvacuum\" \/>\n<meta property=\"article:modified_time\" content=\"2024-09-21T18:42:12+00:00\" \/>\n<meta property=\"og:image\" content=\"https:\/\/www.advancedvacuum.se\/wp-content\/uploads\/2024\/09\/Custom-Engineering.png\" \/>\n\t<meta property=\"og:image:width\" content=\"336\" \/>\n\t<meta property=\"og:image:height\" content=\"600\" \/>\n\t<meta property=\"og:image:type\" content=\"image\/png\" \/>\n<meta name=\"twitter:card\" content=\"summary_large_image\" \/>\n<meta name=\"twitter:label1\" content=\"Ber\u00e4knad l\u00e4stid\" \/>\n\t<meta name=\"twitter:data1\" content=\"1 minut\" \/>\n<script type=\"application\/ld+json\" class=\"yoast-schema-graph\">{\"@context\":\"https:\/\/schema.org\",\"@graph\":[{\"@type\":\"WebPage\",\"@id\":\"https:\/\/www.advancedvacuum.se\/sv\/produkt\/custom-engineering\/\",\"url\":\"https:\/\/www.advancedvacuum.se\/sv\/produkt\/custom-engineering\/\",\"name\":\"Custom Engineering | Advancedvacuum\",\"isPartOf\":{\"@id\":\"https:\/\/www.advancedvacuum.se\/sv\/#website\"},\"primaryImageOfPage\":{\"@id\":\"https:\/\/www.advancedvacuum.se\/sv\/produkt\/custom-engineering\/#primaryimage\"},\"image\":{\"@id\":\"https:\/\/www.advancedvacuum.se\/sv\/produkt\/custom-engineering\/#primaryimage\"},\"thumbnailUrl\":\"https:\/\/www.advancedvacuum.se\/wp-content\/uploads\/2024\/09\/Custom-Engineering.png\",\"datePublished\":\"2024-09-10T06:06:01+00:00\",\"dateModified\":\"2024-09-21T18:42:12+00:00\",\"breadcrumb\":{\"@id\":\"https:\/\/www.advancedvacuum.se\/sv\/produkt\/custom-engineering\/#breadcrumb\"},\"inLanguage\":\"sv-SE\",\"potentialAction\":[{\"@type\":\"ReadAction\",\"target\":[\"https:\/\/www.advancedvacuum.se\/sv\/produkt\/custom-engineering\/\"]}]},{\"@type\":\"ImageObject\",\"inLanguage\":\"sv-SE\",\"@id\":\"https:\/\/www.advancedvacuum.se\/sv\/produkt\/custom-engineering\/#primaryimage\",\"url\":\"https:\/\/www.advancedvacuum.se\/wp-content\/uploads\/2024\/09\/Custom-Engineering.png\",\"contentUrl\":\"https:\/\/www.advancedvacuum.se\/wp-content\/uploads\/2024\/09\/Custom-Engineering.png\",\"width\":336,\"height\":600},{\"@type\":\"BreadcrumbList\",\"@id\":\"https:\/\/www.advancedvacuum.se\/sv\/produkt\/custom-engineering\/#breadcrumb\",\"itemListElement\":[{\"@type\":\"ListItem\",\"position\":1,\"name\":\"Home\",\"item\":\"https:\/\/www.advancedvacuum.se\/sv\/\"},{\"@type\":\"ListItem\",\"position\":2,\"name\":\"Butik\",\"item\":\"https:\/\/www.advancedvacuum.se\/sv\/butik\/\"},{\"@type\":\"ListItem\",\"position\":3,\"name\":\"Custom Engineering\"}]},{\"@type\":\"WebSite\",\"@id\":\"https:\/\/www.advancedvacuum.se\/sv\/#website\",\"url\":\"https:\/\/www.advancedvacuum.se\/sv\/\",\"name\":\"Advanced Vacuum\",\"description\":\"\",\"publisher\":{\"@id\":\"https:\/\/www.advancedvacuum.se\/sv\/#organization\"},\"potentialAction\":[{\"@type\":\"SearchAction\",\"target\":{\"@type\":\"EntryPoint\",\"urlTemplate\":\"https:\/\/www.advancedvacuum.se\/sv\/?s={search_term_string}\"},\"query-input\":{\"@type\":\"PropertyValueSpecification\",\"valueRequired\":true,\"valueName\":\"search_term_string\"}}],\"inLanguage\":\"sv-SE\"},{\"@type\":\"Organization\",\"@id\":\"https:\/\/www.advancedvacuum.se\/sv\/#organization\",\"name\":\"Advanced Vacuum\",\"url\":\"https:\/\/www.advancedvacuum.se\/sv\/\",\"logo\":{\"@type\":\"ImageObject\",\"inLanguage\":\"sv-SE\",\"@id\":\"https:\/\/www.advancedvacuum.se\/sv\/#\/schema\/logo\/image\/\",\"url\":\"https:\/\/www.advancedvacuum.se\/wp-content\/uploads\/2025\/03\/logo.png\",\"contentUrl\":\"https:\/\/www.advancedvacuum.se\/wp-content\/uploads\/2025\/03\/logo.png\",\"width\":280,\"height\":92,\"caption\":\"Advanced Vacuum\"},\"image\":{\"@id\":\"https:\/\/www.advancedvacuum.se\/sv\/#\/schema\/logo\/image\/\"}}]}<\/script>\n<!-- \/ Yoast SEO plugin. -->","yoast_head_json":{"title":"Custom Engineering | Advancedvacuum","robots":{"index":"index","follow":"follow","max-snippet":"max-snippet:-1","max-image-preview":"max-image-preview:large","max-video-preview":"max-video-preview:-1"},"canonical":"https:\/\/www.advancedvacuum.se\/sv\/produkt\/custom-engineering\/","og_locale":"sv_SE","og_type":"article","og_title":"Custom Engineering | Advancedvacuum","og_description":"ANPASSAD TEKNIK Custom Engineered Products-gruppen \u00e4r specialiserad p\u00e5 processvakuum, v\u00e4rme\u00f6verf\u00f6ring och mass\u00f6verf\u00f6ringstill\u00e4mpningar inom processsektorn. Tillhandah\u00e5llande av utrustning och tj\u00e4nster till olja och gas, petrokemi, kraftproduktion, CPI och tillh\u00f6rande industrier. Custom Engineered Products-gruppen som har utvecklats fr\u00e5n f\u00f6rv\u00e4rvet av Hick, Hargreaves av Edwards 2001 kombinerar m\u00e5nga \u00e5rs erfarenhet av process- och mekanisk design med projektledningskompetens f\u00f6r [&hellip;]","og_url":"https:\/\/www.advancedvacuum.se\/sv\/produkt\/custom-engineering\/","og_site_name":"Advancedvacuum","article_modified_time":"2024-09-21T18:42:12+00:00","og_image":[{"width":336,"height":600,"url":"https:\/\/www.advancedvacuum.se\/wp-content\/uploads\/2024\/09\/Custom-Engineering.png","type":"image\/png"}],"twitter_card":"summary_large_image","twitter_misc":{"Ber\u00e4knad l\u00e4stid":"1 minut"},"schema":{"@context":"https:\/\/schema.org","@graph":[{"@type":"WebPage","@id":"https:\/\/www.advancedvacuum.se\/sv\/produkt\/custom-engineering\/","url":"https:\/\/www.advancedvacuum.se\/sv\/produkt\/custom-engineering\/","name":"Custom Engineering | Advancedvacuum","isPartOf":{"@id":"https:\/\/www.advancedvacuum.se\/sv\/#website"},"primaryImageOfPage":{"@id":"https:\/\/www.advancedvacuum.se\/sv\/produkt\/custom-engineering\/#primaryimage"},"image":{"@id":"https:\/\/www.advancedvacuum.se\/sv\/produkt\/custom-engineering\/#primaryimage"},"thumbnailUrl":"https:\/\/www.advancedvacuum.se\/wp-content\/uploads\/2024\/09\/Custom-Engineering.png","datePublished":"2024-09-10T06:06:01+00:00","dateModified":"2024-09-21T18:42:12+00:00","breadcrumb":{"@id":"https:\/\/www.advancedvacuum.se\/sv\/produkt\/custom-engineering\/#breadcrumb"},"inLanguage":"sv-SE","potentialAction":[{"@type":"ReadAction","target":["https:\/\/www.advancedvacuum.se\/sv\/produkt\/custom-engineering\/"]}]},{"@type":"ImageObject","inLanguage":"sv-SE","@id":"https:\/\/www.advancedvacuum.se\/sv\/produkt\/custom-engineering\/#primaryimage","url":"https:\/\/www.advancedvacuum.se\/wp-content\/uploads\/2024\/09\/Custom-Engineering.png","contentUrl":"https:\/\/www.advancedvacuum.se\/wp-content\/uploads\/2024\/09\/Custom-Engineering.png","width":336,"height":600},{"@type":"BreadcrumbList","@id":"https:\/\/www.advancedvacuum.se\/sv\/produkt\/custom-engineering\/#breadcrumb","itemListElement":[{"@type":"ListItem","position":1,"name":"Home","item":"https:\/\/www.advancedvacuum.se\/sv\/"},{"@type":"ListItem","position":2,"name":"Butik","item":"https:\/\/www.advancedvacuum.se\/sv\/butik\/"},{"@type":"ListItem","position":3,"name":"Custom Engineering"}]},{"@type":"WebSite","@id":"https:\/\/www.advancedvacuum.se\/sv\/#website","url":"https:\/\/www.advancedvacuum.se\/sv\/","name":"Advanced Vacuum","description":"","publisher":{"@id":"https:\/\/www.advancedvacuum.se\/sv\/#organization"},"potentialAction":[{"@type":"SearchAction","target":{"@type":"EntryPoint","urlTemplate":"https:\/\/www.advancedvacuum.se\/sv\/?s={search_term_string}"},"query-input":{"@type":"PropertyValueSpecification","valueRequired":true,"valueName":"search_term_string"}}],"inLanguage":"sv-SE"},{"@type":"Organization","@id":"https:\/\/www.advancedvacuum.se\/sv\/#organization","name":"Advanced Vacuum","url":"https:\/\/www.advancedvacuum.se\/sv\/","logo":{"@type":"ImageObject","inLanguage":"sv-SE","@id":"https:\/\/www.advancedvacuum.se\/sv\/#\/schema\/logo\/image\/","url":"https:\/\/www.advancedvacuum.se\/wp-content\/uploads\/2025\/03\/logo.png","contentUrl":"https:\/\/www.advancedvacuum.se\/wp-content\/uploads\/2025\/03\/logo.png","width":280,"height":92,"caption":"Advanced Vacuum"},"image":{"@id":"https:\/\/www.advancedvacuum.se\/sv\/#\/schema\/logo\/image\/"}}]}},"_links":{"self":[{"href":"https:\/\/www.advancedvacuum.se\/sv\/wp-json\/wp\/v2\/product\/2007","targetHints":{"allow":["GET"]}}],"collection":[{"href":"https:\/\/www.advancedvacuum.se\/sv\/wp-json\/wp\/v2\/product"}],"about":[{"href":"https:\/\/www.advancedvacuum.se\/sv\/wp-json\/wp\/v2\/types\/product"}],"replies":[{"embeddable":true,"href":"https:\/\/www.advancedvacuum.se\/sv\/wp-json\/wp\/v2\/comments?post=2007"}],"wp:featuredmedia":[{"embeddable":true,"href":"https:\/\/www.advancedvacuum.se\/sv\/wp-json\/wp\/v2\/media\/1699"}],"wp:attachment":[{"href":"https:\/\/www.advancedvacuum.se\/sv\/wp-json\/wp\/v2\/media?parent=2007"}],"wp:term":[{"taxonomy":"product_brand","embeddable":true,"href":"https:\/\/www.advancedvacuum.se\/sv\/wp-json\/wp\/v2\/product_brand?post=2007"},{"taxonomy":"product_cat","embeddable":true,"href":"https:\/\/www.advancedvacuum.se\/sv\/wp-json\/wp\/v2\/product_cat?post=2007"},{"taxonomy":"product_tag","embeddable":true,"href":"https:\/\/www.advancedvacuum.se\/sv\/wp-json\/wp\/v2\/product_tag?post=2007"}],"curies":[{"name":"wp","href":"https:\/\/api.w.org\/{rel}","templated":true}]}}