{"id":2025,"date":"2024-09-05T16:25:18","date_gmt":"2024-09-05T14:25:18","guid":{"rendered":"https:\/\/www.advancedvacuum.se\/produkt\/stp\/"},"modified":"2024-09-21T22:42:47","modified_gmt":"2024-09-21T20:42:47","slug":"stp","status":"publish","type":"product","link":"https:\/\/www.advancedvacuum.se\/sv\/produkt\/stp\/","title":{"rendered":"stp"},"content":{"rendered":"<div id=\"s-be00d24e-d140-498e-81a1-0406ec343855\" class=\"shg-c \">\n<div class=\"shg-rich-text shg-theme-text-content\">\n<h3>300 &#8211; 4.300 l\/s<\/h3>\n<\/div>\n<\/div>\n<div id=\"s-06f52ae8-577a-4ed6-b701-f1936d8ab3bc\" class=\"shg-c \">\n<div class=\"shg-rich-text shg-theme-text-content\">\n<p>Brett utbud av storlekar, inloppsfl\u00e4nsar och specialversioner<\/p>\n<\/div>\n<\/div>\n<div id=\"s-55a1a1af-2b78-4b75-b1e4-e412de535ef0\" class=\"shg-c \">\n<div class=\"shg-rich-text shg-theme-text-content\">\n<h3>Extremt p\u00e5litlig<\/h3>\n<\/div>\n<\/div>\n<div id=\"s-4659e4de-584d-43c1-9b6a-41b87f3cffd9\" class=\"shg-c \">\n<div class=\"shg-rich-text shg-theme-text-content\">\n<p>STP \u00e4r betrodd och f\u00f6rlitad p\u00e5 av industri- och laboratoriekunder \u00f6ver hela v\u00e4rlden<\/p>\n<\/div>\n<\/div>\n<div id=\"s-dff6d624-9f29-4535-bd07-5266935450af\" class=\"shg-c shg-align-left\">\n<div class=\"shg-rich-text shg-theme-text-content\">\n<h3>5-axlig full maglev<\/h3>\n<\/div>\n<\/div>\n<div id=\"s-48c5f7bc-cc4b-4efd-b256-1823d90cae7b\" class=\"shg-c \">\n<div class=\"shg-rich-text shg-theme-text-content\">\n<p>Exceptionell 5-axlig full maglev-pumpprestanda, utan kolv\u00e4tesm\u00f6rjning<\/p>\n<\/div>\n<\/div>\n<div id=\"s-2714b388-c86a-4599-b792-49f9add1de61\" class=\"shg-c \">\n<div class=\"shg-rich-text shg-theme-text-content\">\n<h3>Extremt robust<\/h3>\n<\/div>\n<\/div>\n<div id=\"s-16580089-6c1e-4495-a259-ef60fee1925b\" class=\"shg-c \">\n<div class=\"shg-rich-text shg-theme-text-content\">\n<p>Automatiska balanseringssystem, korrosionsbest\u00e4ndiga versioner, str\u00f6mavbrottsskydd<\/p>\n<\/div>\n<\/div>\n<div id=\"s-f4489d28-19df-4117-b6fb-78461cdf0b98\" class=\"shg-c \">\n<div class=\"shg-rich-text shg-theme-text-content\">\n<h3>10 \u00e5r<\/h3>\n<\/div>\n<\/div>\n<div id=\"s-495ebc63-56fe-4e64-8876-2fa982ccc0b3\" class=\"shg-c \">\n<div class=\"shg-rich-text shg-theme-text-content\">\n<p>mellan tj\u00e4nsterna kan uppn\u00e5s med dessa pumpar. Inget rutinm\u00e4ssigt eller f\u00f6rebyggande underh\u00e5ll kr\u00e4vs<\/p>\n<\/div>\n<\/div>\n","protected":false},"excerpt":{"rendered":"<p>STP har ett marknadsledande rykte f\u00f6r kvalitet och tillf\u00f6rlitlighet. Finns i fyra olika serier &#8211; Ultra High Vacuum; H\u00f6g genomstr\u00f6mning; Ultral\u00e5g vibration och integrerad styrenhet &#8211; den anses av m\u00e5nga som turbomolekyl\u00e4ra pumpars Rolls Royce.<\/p>\n","protected":false},"featured_media":1157,"comment_status":"open","ping_status":"closed","template":"","meta":{"_acf_changed":false},"product_brand":[],"product_cat":[78,74],"product_tag":[],"class_list":{"0":"post-2025","1":"product","2":"type-product","3":"status-publish","4":"has-post-thumbnail","6":"product_cat-high-vacuum-sv","7":"product_cat-semi-sv","9":"first","10":"instock","11":"shipping-taxable","12":"product-type-simple"},"acf":[],"yoast_head":"<!-- This site is optimized with the Yoast SEO plugin v25.4 - https:\/\/yoast.com\/wordpress\/plugins\/seo\/ -->\n<title>stp | Advancedvacuum<\/title>\n<meta name=\"robots\" content=\"index, follow, max-snippet:-1, max-image-preview:large, max-video-preview:-1\" \/>\n<link rel=\"canonical\" href=\"https:\/\/www.advancedvacuum.se\/sv\/produkt\/stp\/\" \/>\n<meta property=\"og:locale\" content=\"sv_SE\" \/>\n<meta property=\"og:type\" content=\"article\" \/>\n<meta property=\"og:title\" content=\"stp | Advancedvacuum\" \/>\n<meta property=\"og:description\" content=\"STP har ett marknadsledande rykte f\u00f6r kvalitet och tillf\u00f6rlitlighet. Finns i fyra olika serier - Ultra High Vacuum; H\u00f6g genomstr\u00f6mning; Ultral\u00e5g vibration och integrerad styrenhet - den anses av m\u00e5nga som turbomolekyl\u00e4ra pumpars Rolls Royce.\" \/>\n<meta property=\"og:url\" content=\"https:\/\/www.advancedvacuum.se\/sv\/produkt\/stp\/\" \/>\n<meta property=\"og:site_name\" content=\"Advancedvacuum\" \/>\n<meta property=\"article:modified_time\" content=\"2024-09-21T20:42:47+00:00\" \/>\n<meta property=\"og:image\" content=\"https:\/\/www.advancedvacuum.se\/wp-content\/uploads\/2024\/09\/stp.png\" \/>\n\t<meta property=\"og:image:width\" content=\"276\" \/>\n\t<meta property=\"og:image:height\" content=\"350\" \/>\n\t<meta property=\"og:image:type\" content=\"image\/png\" \/>\n<meta name=\"twitter:card\" content=\"summary_large_image\" \/>\n<script type=\"application\/ld+json\" class=\"yoast-schema-graph\">{\"@context\":\"https:\/\/schema.org\",\"@graph\":[{\"@type\":\"WebPage\",\"@id\":\"https:\/\/www.advancedvacuum.se\/sv\/produkt\/stp\/\",\"url\":\"https:\/\/www.advancedvacuum.se\/sv\/produkt\/stp\/\",\"name\":\"stp | Advancedvacuum\",\"isPartOf\":{\"@id\":\"https:\/\/www.advancedvacuum.se\/sv\/#website\"},\"primaryImageOfPage\":{\"@id\":\"https:\/\/www.advancedvacuum.se\/sv\/produkt\/stp\/#primaryimage\"},\"image\":{\"@id\":\"https:\/\/www.advancedvacuum.se\/sv\/produkt\/stp\/#primaryimage\"},\"thumbnailUrl\":\"https:\/\/www.advancedvacuum.se\/wp-content\/uploads\/2024\/09\/stp.png\",\"datePublished\":\"2024-09-05T14:25:18+00:00\",\"dateModified\":\"2024-09-21T20:42:47+00:00\",\"breadcrumb\":{\"@id\":\"https:\/\/www.advancedvacuum.se\/sv\/produkt\/stp\/#breadcrumb\"},\"inLanguage\":\"sv-SE\",\"potentialAction\":[{\"@type\":\"ReadAction\",\"target\":[\"https:\/\/www.advancedvacuum.se\/sv\/produkt\/stp\/\"]}]},{\"@type\":\"ImageObject\",\"inLanguage\":\"sv-SE\",\"@id\":\"https:\/\/www.advancedvacuum.se\/sv\/produkt\/stp\/#primaryimage\",\"url\":\"https:\/\/www.advancedvacuum.se\/wp-content\/uploads\/2024\/09\/stp.png\",\"contentUrl\":\"https:\/\/www.advancedvacuum.se\/wp-content\/uploads\/2024\/09\/stp.png\",\"width\":276,\"height\":350},{\"@type\":\"BreadcrumbList\",\"@id\":\"https:\/\/www.advancedvacuum.se\/sv\/produkt\/stp\/#breadcrumb\",\"itemListElement\":[{\"@type\":\"ListItem\",\"position\":1,\"name\":\"Home\",\"item\":\"https:\/\/www.advancedvacuum.se\/sv\/\"},{\"@type\":\"ListItem\",\"position\":2,\"name\":\"Butik\",\"item\":\"https:\/\/www.advancedvacuum.se\/sv\/butik\/\"},{\"@type\":\"ListItem\",\"position\":3,\"name\":\"stp\"}]},{\"@type\":\"WebSite\",\"@id\":\"https:\/\/www.advancedvacuum.se\/sv\/#website\",\"url\":\"https:\/\/www.advancedvacuum.se\/sv\/\",\"name\":\"Advanced Vacuum\",\"description\":\"\",\"publisher\":{\"@id\":\"https:\/\/www.advancedvacuum.se\/sv\/#organization\"},\"potentialAction\":[{\"@type\":\"SearchAction\",\"target\":{\"@type\":\"EntryPoint\",\"urlTemplate\":\"https:\/\/www.advancedvacuum.se\/sv\/?s={search_term_string}\"},\"query-input\":{\"@type\":\"PropertyValueSpecification\",\"valueRequired\":true,\"valueName\":\"search_term_string\"}}],\"inLanguage\":\"sv-SE\"},{\"@type\":\"Organization\",\"@id\":\"https:\/\/www.advancedvacuum.se\/sv\/#organization\",\"name\":\"Advanced Vacuum\",\"url\":\"https:\/\/www.advancedvacuum.se\/sv\/\",\"logo\":{\"@type\":\"ImageObject\",\"inLanguage\":\"sv-SE\",\"@id\":\"https:\/\/www.advancedvacuum.se\/sv\/#\/schema\/logo\/image\/\",\"url\":\"https:\/\/www.advancedvacuum.se\/wp-content\/uploads\/2025\/03\/logo.png\",\"contentUrl\":\"https:\/\/www.advancedvacuum.se\/wp-content\/uploads\/2025\/03\/logo.png\",\"width\":280,\"height\":92,\"caption\":\"Advanced Vacuum\"},\"image\":{\"@id\":\"https:\/\/www.advancedvacuum.se\/sv\/#\/schema\/logo\/image\/\"}}]}<\/script>\n<!-- \/ Yoast SEO plugin. -->","yoast_head_json":{"title":"stp | Advancedvacuum","robots":{"index":"index","follow":"follow","max-snippet":"max-snippet:-1","max-image-preview":"max-image-preview:large","max-video-preview":"max-video-preview:-1"},"canonical":"https:\/\/www.advancedvacuum.se\/sv\/produkt\/stp\/","og_locale":"sv_SE","og_type":"article","og_title":"stp | Advancedvacuum","og_description":"STP har ett marknadsledande rykte f\u00f6r kvalitet och tillf\u00f6rlitlighet. Finns i fyra olika serier - Ultra High Vacuum; H\u00f6g genomstr\u00f6mning; Ultral\u00e5g vibration och integrerad styrenhet - den anses av m\u00e5nga som turbomolekyl\u00e4ra pumpars Rolls Royce.","og_url":"https:\/\/www.advancedvacuum.se\/sv\/produkt\/stp\/","og_site_name":"Advancedvacuum","article_modified_time":"2024-09-21T20:42:47+00:00","og_image":[{"width":276,"height":350,"url":"https:\/\/www.advancedvacuum.se\/wp-content\/uploads\/2024\/09\/stp.png","type":"image\/png"}],"twitter_card":"summary_large_image","schema":{"@context":"https:\/\/schema.org","@graph":[{"@type":"WebPage","@id":"https:\/\/www.advancedvacuum.se\/sv\/produkt\/stp\/","url":"https:\/\/www.advancedvacuum.se\/sv\/produkt\/stp\/","name":"stp | Advancedvacuum","isPartOf":{"@id":"https:\/\/www.advancedvacuum.se\/sv\/#website"},"primaryImageOfPage":{"@id":"https:\/\/www.advancedvacuum.se\/sv\/produkt\/stp\/#primaryimage"},"image":{"@id":"https:\/\/www.advancedvacuum.se\/sv\/produkt\/stp\/#primaryimage"},"thumbnailUrl":"https:\/\/www.advancedvacuum.se\/wp-content\/uploads\/2024\/09\/stp.png","datePublished":"2024-09-05T14:25:18+00:00","dateModified":"2024-09-21T20:42:47+00:00","breadcrumb":{"@id":"https:\/\/www.advancedvacuum.se\/sv\/produkt\/stp\/#breadcrumb"},"inLanguage":"sv-SE","potentialAction":[{"@type":"ReadAction","target":["https:\/\/www.advancedvacuum.se\/sv\/produkt\/stp\/"]}]},{"@type":"ImageObject","inLanguage":"sv-SE","@id":"https:\/\/www.advancedvacuum.se\/sv\/produkt\/stp\/#primaryimage","url":"https:\/\/www.advancedvacuum.se\/wp-content\/uploads\/2024\/09\/stp.png","contentUrl":"https:\/\/www.advancedvacuum.se\/wp-content\/uploads\/2024\/09\/stp.png","width":276,"height":350},{"@type":"BreadcrumbList","@id":"https:\/\/www.advancedvacuum.se\/sv\/produkt\/stp\/#breadcrumb","itemListElement":[{"@type":"ListItem","position":1,"name":"Home","item":"https:\/\/www.advancedvacuum.se\/sv\/"},{"@type":"ListItem","position":2,"name":"Butik","item":"https:\/\/www.advancedvacuum.se\/sv\/butik\/"},{"@type":"ListItem","position":3,"name":"stp"}]},{"@type":"WebSite","@id":"https:\/\/www.advancedvacuum.se\/sv\/#website","url":"https:\/\/www.advancedvacuum.se\/sv\/","name":"Advanced Vacuum","description":"","publisher":{"@id":"https:\/\/www.advancedvacuum.se\/sv\/#organization"},"potentialAction":[{"@type":"SearchAction","target":{"@type":"EntryPoint","urlTemplate":"https:\/\/www.advancedvacuum.se\/sv\/?s={search_term_string}"},"query-input":{"@type":"PropertyValueSpecification","valueRequired":true,"valueName":"search_term_string"}}],"inLanguage":"sv-SE"},{"@type":"Organization","@id":"https:\/\/www.advancedvacuum.se\/sv\/#organization","name":"Advanced Vacuum","url":"https:\/\/www.advancedvacuum.se\/sv\/","logo":{"@type":"ImageObject","inLanguage":"sv-SE","@id":"https:\/\/www.advancedvacuum.se\/sv\/#\/schema\/logo\/image\/","url":"https:\/\/www.advancedvacuum.se\/wp-content\/uploads\/2025\/03\/logo.png","contentUrl":"https:\/\/www.advancedvacuum.se\/wp-content\/uploads\/2025\/03\/logo.png","width":280,"height":92,"caption":"Advanced Vacuum"},"image":{"@id":"https:\/\/www.advancedvacuum.se\/sv\/#\/schema\/logo\/image\/"}}]}},"_links":{"self":[{"href":"https:\/\/www.advancedvacuum.se\/sv\/wp-json\/wp\/v2\/product\/2025","targetHints":{"allow":["GET"]}}],"collection":[{"href":"https:\/\/www.advancedvacuum.se\/sv\/wp-json\/wp\/v2\/product"}],"about":[{"href":"https:\/\/www.advancedvacuum.se\/sv\/wp-json\/wp\/v2\/types\/product"}],"replies":[{"embeddable":true,"href":"https:\/\/www.advancedvacuum.se\/sv\/wp-json\/wp\/v2\/comments?post=2025"}],"wp:featuredmedia":[{"embeddable":true,"href":"https:\/\/www.advancedvacuum.se\/sv\/wp-json\/wp\/v2\/media\/1157"}],"wp:attachment":[{"href":"https:\/\/www.advancedvacuum.se\/sv\/wp-json\/wp\/v2\/media?parent=2025"}],"wp:term":[{"taxonomy":"product_brand","embeddable":true,"href":"https:\/\/www.advancedvacuum.se\/sv\/wp-json\/wp\/v2\/product_brand?post=2025"},{"taxonomy":"product_cat","embeddable":true,"href":"https:\/\/www.advancedvacuum.se\/sv\/wp-json\/wp\/v2\/product_cat?post=2025"},{"taxonomy":"product_tag","embeddable":true,"href":"https:\/\/www.advancedvacuum.se\/sv\/wp-json\/wp\/v2\/product_tag?post=2025"}],"curies":[{"name":"wp","href":"https:\/\/api.w.org\/{rel}","templated":true}]}}