{"id":2027,"date":"2024-09-05T15:28:31","date_gmt":"2024-09-05T13:28:31","guid":{"rendered":"https:\/\/www.advancedvacuum.se\/produkt\/ixh\/"},"modified":"2024-09-21T22:37:41","modified_gmt":"2024-09-21T20:37:41","slug":"ixh","status":"publish","type":"product","link":"https:\/\/www.advancedvacuum.se\/sv\/produkt\/ixh\/","title":{"rendered":"ixh"},"content":{"rendered":"<div id=\"s-80909413-1403-4a80-83ae-d4c6e7bd329b\" class=\"shg-c \">\n<div class=\"shg-rich-text shg-theme-text-content\">\n<h3>100 &#8211; 6 000 m\u00b3\/h<\/h3>\n<\/div>\n<\/div>\n<div id=\"s-20001f03-3abe-42cc-8e3b-ceabf7cbadd8\" class=\"shg-c \">\n<div class=\"shg-rich-text shg-theme-text-content\">\n<p>Modul\u00e4r design med ett brett utbud av pumpstorlekar<\/p>\n<\/div>\n<\/div>\n<div id=\"s-6f13212c-490c-4bae-99de-d85ac499a667\" class=\"shg-c \">\n<div class=\"shg-rich-text shg-theme-text-content\">\n<h3>Mer processkapacitet<\/h3>\n<\/div>\n<\/div>\n<div id=\"s-101b20af-0e8e-4232-a35e-315c3f0a899b\" class=\"shg-c \">\n<div class=\"shg-rich-text shg-theme-text-content\">\n<p>Kraftigt \u00f6kad pulverhanteringsf\u00f6rm\u00e5ga<br \/>\noch innovativ Gas Buster\u2122-teknik<\/p>\n<\/div>\n<\/div>\n<div id=\"s-0bdba07a-942c-4acf-9b9e-afdafc8b688f\" class=\"shg-c shg-align-left\">\n<div class=\"shg-rich-text shg-theme-text-content\">\n<h3>&#8217;Plug and Pump&#8217;<\/h3>\n<\/div>\n<\/div>\n<div id=\"s-be0f6c4c-66b1-4a94-9027-22d3a1ab3f68\" class=\"shg-c \">\n<div class=\"shg-rich-text shg-theme-text-content\">\n<p>Integrerad styrenhet och s\u00e4kerhetssystem f\u00f6r flexibel drift. L\u00e5ga installationskostnader.<\/p>\n<\/div>\n<\/div>\n<div id=\"s-4abc0a05-97a1-4eb5-a07b-22c188dee54c\" class=\"shg-c \">\n<div class=\"shg-rich-text shg-theme-text-content\">\n<h3>Inget rutinunderh\u00e5ll<\/h3>\n<\/div>\n<\/div>\n<div id=\"s-1a245b90-627e-4a09-af73-0a02a4741d5f\" class=\"shg-c \">\n<div class=\"shg-rich-text shg-theme-text-content\">\n<p>Inget f\u00f6rebyggande underh\u00e5ll mellan st\u00f6rre \u00f6versyner<\/p>\n<\/div>\n<\/div>\n","protected":false},"excerpt":{"rendered":"<div class=\"shg-c-lg-7 shg-c-md-7 shg-c-sm-7 shg-c-xs-12\">\n<div id=\"s-3ccf9120-f3cd-4843-9315-cf0e8287c8c3\" class=\"shg-c \">\n<div class=\"shg-rich-text shg-theme-text-content\">\n<p>iXH torrpumpssortimentet \u00e4r en vidareutveckling av v\u00e5r marknadsledande iH och s\u00e4tter nya standarder f\u00f6r h\u00e5rd processkapacitet, tillf\u00f6rlitlighet och l\u00e4gre \u00e4gandekostnader. iXH-pumpar erbjuder kraftigt \u00f6kade damm- och pulverhanteringsm\u00f6jligheter.<\/p>\n<\/div>\n<\/div>\n<\/div>\n","protected":false},"featured_media":1609,"comment_status":"open","ping_status":"closed","template":"","meta":{"_acf_changed":false},"product_brand":[],"product_cat":[74],"product_tag":[],"class_list":{"0":"post-2027","1":"product","2":"type-product","3":"status-publish","4":"has-post-thumbnail","6":"product_cat-semi-sv","8":"first","9":"instock","10":"shipping-taxable","11":"product-type-simple"},"acf":[],"yoast_head":"<!-- This site is optimized with the Yoast SEO plugin v25.4 - https:\/\/yoast.com\/wordpress\/plugins\/seo\/ -->\n<title>ixh | Advancedvacuum<\/title>\n<meta name=\"robots\" content=\"index, follow, max-snippet:-1, max-image-preview:large, max-video-preview:-1\" \/>\n<link rel=\"canonical\" href=\"https:\/\/www.advancedvacuum.se\/sv\/produkt\/ixh\/\" \/>\n<meta property=\"og:locale\" content=\"sv_SE\" \/>\n<meta property=\"og:type\" content=\"article\" \/>\n<meta property=\"og:title\" content=\"ixh | Advancedvacuum\" \/>\n<meta property=\"og:description\" content=\"iXH torrpumpssortimentet \u00e4r en vidareutveckling av v\u00e5r marknadsledande iH och s\u00e4tter nya standarder f\u00f6r h\u00e5rd processkapacitet, tillf\u00f6rlitlighet och l\u00e4gre \u00e4gandekostnader. iXH-pumpar erbjuder kraftigt \u00f6kade damm- och pulverhanteringsm\u00f6jligheter.\" \/>\n<meta property=\"og:url\" content=\"https:\/\/www.advancedvacuum.se\/sv\/produkt\/ixh\/\" \/>\n<meta property=\"og:site_name\" content=\"Advancedvacuum\" \/>\n<meta property=\"article:modified_time\" content=\"2024-09-21T20:37:41+00:00\" \/>\n<meta property=\"og:image\" content=\"https:\/\/www.advancedvacuum.se\/wp-content\/uploads\/2024\/09\/ixh.png\" \/>\n\t<meta property=\"og:image:width\" content=\"197\" \/>\n\t<meta property=\"og:image:height\" content=\"350\" \/>\n\t<meta property=\"og:image:type\" content=\"image\/png\" \/>\n<meta name=\"twitter:card\" content=\"summary_large_image\" \/>\n<script type=\"application\/ld+json\" class=\"yoast-schema-graph\">{\"@context\":\"https:\/\/schema.org\",\"@graph\":[{\"@type\":\"WebPage\",\"@id\":\"https:\/\/www.advancedvacuum.se\/sv\/produkt\/ixh\/\",\"url\":\"https:\/\/www.advancedvacuum.se\/sv\/produkt\/ixh\/\",\"name\":\"ixh | Advancedvacuum\",\"isPartOf\":{\"@id\":\"https:\/\/www.advancedvacuum.se\/sv\/#website\"},\"primaryImageOfPage\":{\"@id\":\"https:\/\/www.advancedvacuum.se\/sv\/produkt\/ixh\/#primaryimage\"},\"image\":{\"@id\":\"https:\/\/www.advancedvacuum.se\/sv\/produkt\/ixh\/#primaryimage\"},\"thumbnailUrl\":\"https:\/\/www.advancedvacuum.se\/wp-content\/uploads\/2024\/09\/ixh.png\",\"datePublished\":\"2024-09-05T13:28:31+00:00\",\"dateModified\":\"2024-09-21T20:37:41+00:00\",\"breadcrumb\":{\"@id\":\"https:\/\/www.advancedvacuum.se\/sv\/produkt\/ixh\/#breadcrumb\"},\"inLanguage\":\"sv-SE\",\"potentialAction\":[{\"@type\":\"ReadAction\",\"target\":[\"https:\/\/www.advancedvacuum.se\/sv\/produkt\/ixh\/\"]}]},{\"@type\":\"ImageObject\",\"inLanguage\":\"sv-SE\",\"@id\":\"https:\/\/www.advancedvacuum.se\/sv\/produkt\/ixh\/#primaryimage\",\"url\":\"https:\/\/www.advancedvacuum.se\/wp-content\/uploads\/2024\/09\/ixh.png\",\"contentUrl\":\"https:\/\/www.advancedvacuum.se\/wp-content\/uploads\/2024\/09\/ixh.png\",\"width\":197,\"height\":350},{\"@type\":\"BreadcrumbList\",\"@id\":\"https:\/\/www.advancedvacuum.se\/sv\/produkt\/ixh\/#breadcrumb\",\"itemListElement\":[{\"@type\":\"ListItem\",\"position\":1,\"name\":\"Home\",\"item\":\"https:\/\/www.advancedvacuum.se\/sv\/\"},{\"@type\":\"ListItem\",\"position\":2,\"name\":\"Butik\",\"item\":\"https:\/\/www.advancedvacuum.se\/sv\/butik\/\"},{\"@type\":\"ListItem\",\"position\":3,\"name\":\"ixh\"}]},{\"@type\":\"WebSite\",\"@id\":\"https:\/\/www.advancedvacuum.se\/sv\/#website\",\"url\":\"https:\/\/www.advancedvacuum.se\/sv\/\",\"name\":\"Advanced Vacuum\",\"description\":\"\",\"publisher\":{\"@id\":\"https:\/\/www.advancedvacuum.se\/sv\/#organization\"},\"potentialAction\":[{\"@type\":\"SearchAction\",\"target\":{\"@type\":\"EntryPoint\",\"urlTemplate\":\"https:\/\/www.advancedvacuum.se\/sv\/?s={search_term_string}\"},\"query-input\":{\"@type\":\"PropertyValueSpecification\",\"valueRequired\":true,\"valueName\":\"search_term_string\"}}],\"inLanguage\":\"sv-SE\"},{\"@type\":\"Organization\",\"@id\":\"https:\/\/www.advancedvacuum.se\/sv\/#organization\",\"name\":\"Advanced Vacuum\",\"url\":\"https:\/\/www.advancedvacuum.se\/sv\/\",\"logo\":{\"@type\":\"ImageObject\",\"inLanguage\":\"sv-SE\",\"@id\":\"https:\/\/www.advancedvacuum.se\/sv\/#\/schema\/logo\/image\/\",\"url\":\"https:\/\/www.advancedvacuum.se\/wp-content\/uploads\/2025\/03\/logo.png\",\"contentUrl\":\"https:\/\/www.advancedvacuum.se\/wp-content\/uploads\/2025\/03\/logo.png\",\"width\":280,\"height\":92,\"caption\":\"Advanced Vacuum\"},\"image\":{\"@id\":\"https:\/\/www.advancedvacuum.se\/sv\/#\/schema\/logo\/image\/\"}}]}<\/script>\n<!-- \/ Yoast SEO plugin. -->","yoast_head_json":{"title":"ixh | Advancedvacuum","robots":{"index":"index","follow":"follow","max-snippet":"max-snippet:-1","max-image-preview":"max-image-preview:large","max-video-preview":"max-video-preview:-1"},"canonical":"https:\/\/www.advancedvacuum.se\/sv\/produkt\/ixh\/","og_locale":"sv_SE","og_type":"article","og_title":"ixh | Advancedvacuum","og_description":"iXH torrpumpssortimentet \u00e4r en vidareutveckling av v\u00e5r marknadsledande iH och s\u00e4tter nya standarder f\u00f6r h\u00e5rd processkapacitet, tillf\u00f6rlitlighet och l\u00e4gre \u00e4gandekostnader. iXH-pumpar erbjuder kraftigt \u00f6kade damm- och pulverhanteringsm\u00f6jligheter.","og_url":"https:\/\/www.advancedvacuum.se\/sv\/produkt\/ixh\/","og_site_name":"Advancedvacuum","article_modified_time":"2024-09-21T20:37:41+00:00","og_image":[{"width":197,"height":350,"url":"https:\/\/www.advancedvacuum.se\/wp-content\/uploads\/2024\/09\/ixh.png","type":"image\/png"}],"twitter_card":"summary_large_image","schema":{"@context":"https:\/\/schema.org","@graph":[{"@type":"WebPage","@id":"https:\/\/www.advancedvacuum.se\/sv\/produkt\/ixh\/","url":"https:\/\/www.advancedvacuum.se\/sv\/produkt\/ixh\/","name":"ixh | Advancedvacuum","isPartOf":{"@id":"https:\/\/www.advancedvacuum.se\/sv\/#website"},"primaryImageOfPage":{"@id":"https:\/\/www.advancedvacuum.se\/sv\/produkt\/ixh\/#primaryimage"},"image":{"@id":"https:\/\/www.advancedvacuum.se\/sv\/produkt\/ixh\/#primaryimage"},"thumbnailUrl":"https:\/\/www.advancedvacuum.se\/wp-content\/uploads\/2024\/09\/ixh.png","datePublished":"2024-09-05T13:28:31+00:00","dateModified":"2024-09-21T20:37:41+00:00","breadcrumb":{"@id":"https:\/\/www.advancedvacuum.se\/sv\/produkt\/ixh\/#breadcrumb"},"inLanguage":"sv-SE","potentialAction":[{"@type":"ReadAction","target":["https:\/\/www.advancedvacuum.se\/sv\/produkt\/ixh\/"]}]},{"@type":"ImageObject","inLanguage":"sv-SE","@id":"https:\/\/www.advancedvacuum.se\/sv\/produkt\/ixh\/#primaryimage","url":"https:\/\/www.advancedvacuum.se\/wp-content\/uploads\/2024\/09\/ixh.png","contentUrl":"https:\/\/www.advancedvacuum.se\/wp-content\/uploads\/2024\/09\/ixh.png","width":197,"height":350},{"@type":"BreadcrumbList","@id":"https:\/\/www.advancedvacuum.se\/sv\/produkt\/ixh\/#breadcrumb","itemListElement":[{"@type":"ListItem","position":1,"name":"Home","item":"https:\/\/www.advancedvacuum.se\/sv\/"},{"@type":"ListItem","position":2,"name":"Butik","item":"https:\/\/www.advancedvacuum.se\/sv\/butik\/"},{"@type":"ListItem","position":3,"name":"ixh"}]},{"@type":"WebSite","@id":"https:\/\/www.advancedvacuum.se\/sv\/#website","url":"https:\/\/www.advancedvacuum.se\/sv\/","name":"Advanced Vacuum","description":"","publisher":{"@id":"https:\/\/www.advancedvacuum.se\/sv\/#organization"},"potentialAction":[{"@type":"SearchAction","target":{"@type":"EntryPoint","urlTemplate":"https:\/\/www.advancedvacuum.se\/sv\/?s={search_term_string}"},"query-input":{"@type":"PropertyValueSpecification","valueRequired":true,"valueName":"search_term_string"}}],"inLanguage":"sv-SE"},{"@type":"Organization","@id":"https:\/\/www.advancedvacuum.se\/sv\/#organization","name":"Advanced Vacuum","url":"https:\/\/www.advancedvacuum.se\/sv\/","logo":{"@type":"ImageObject","inLanguage":"sv-SE","@id":"https:\/\/www.advancedvacuum.se\/sv\/#\/schema\/logo\/image\/","url":"https:\/\/www.advancedvacuum.se\/wp-content\/uploads\/2025\/03\/logo.png","contentUrl":"https:\/\/www.advancedvacuum.se\/wp-content\/uploads\/2025\/03\/logo.png","width":280,"height":92,"caption":"Advanced Vacuum"},"image":{"@id":"https:\/\/www.advancedvacuum.se\/sv\/#\/schema\/logo\/image\/"}}]}},"_links":{"self":[{"href":"https:\/\/www.advancedvacuum.se\/sv\/wp-json\/wp\/v2\/product\/2027","targetHints":{"allow":["GET"]}}],"collection":[{"href":"https:\/\/www.advancedvacuum.se\/sv\/wp-json\/wp\/v2\/product"}],"about":[{"href":"https:\/\/www.advancedvacuum.se\/sv\/wp-json\/wp\/v2\/types\/product"}],"replies":[{"embeddable":true,"href":"https:\/\/www.advancedvacuum.se\/sv\/wp-json\/wp\/v2\/comments?post=2027"}],"wp:featuredmedia":[{"embeddable":true,"href":"https:\/\/www.advancedvacuum.se\/sv\/wp-json\/wp\/v2\/media\/1609"}],"wp:attachment":[{"href":"https:\/\/www.advancedvacuum.se\/sv\/wp-json\/wp\/v2\/media?parent=2027"}],"wp:term":[{"taxonomy":"product_brand","embeddable":true,"href":"https:\/\/www.advancedvacuum.se\/sv\/wp-json\/wp\/v2\/product_brand?post=2027"},{"taxonomy":"product_cat","embeddable":true,"href":"https:\/\/www.advancedvacuum.se\/sv\/wp-json\/wp\/v2\/product_cat?post=2027"},{"taxonomy":"product_tag","embeddable":true,"href":"https:\/\/www.advancedvacuum.se\/sv\/wp-json\/wp\/v2\/product_tag?post=2027"}],"curies":[{"name":"wp","href":"https:\/\/api.w.org\/{rel}","templated":true}]}}