{"id":2029,"date":"2024-09-05T14:54:03","date_gmt":"2024-09-05T12:54:03","guid":{"rendered":"https:\/\/www.advancedvacuum.se\/produkt\/ixl\/"},"modified":"2024-09-21T22:48:45","modified_gmt":"2024-09-21T20:48:45","slug":"ixl","status":"publish","type":"product","link":"https:\/\/www.advancedvacuum.se\/sv\/produkt\/ixl\/","title":{"rendered":"ixL"},"content":{"rendered":"<div id=\"s-80909413-1403-4a80-83ae-d4c6e7bd329b\" class=\"shg-c \">\n<div class=\"shg-rich-text shg-theme-text-content\">\n<h3>110 &#8211; 930 m\u00b3\/h<\/h3>\n<\/div>\n<\/div>\n<div id=\"s-20001f03-3abe-42cc-8e3b-ceabf7cbadd8\" class=\"shg-c \">\n<div class=\"shg-rich-text shg-theme-text-content\">\n<p>Hermetiskt f\u00f6rseglad, innovativ mekanism<\/p>\n<\/div>\n<\/div>\n<div id=\"s-6f13212c-490c-4bae-99de-d85ac499a667\" class=\"shg-c \">\n<div class=\"shg-rich-text shg-theme-text-content\">\n<h3>0,013 \/ 0,001 MBAR<\/h3>\n<\/div>\n<\/div>\n<div id=\"s-101b20af-0e8e-4232-a35e-315c3f0a899b\" class=\"shg-c \">\n<div class=\"shg-rich-text shg-theme-text-content\">\n<p>\u00d6verl\u00e4gsna vakuumniv\u00e5er uppn\u00e5dda<\/p>\n<\/div>\n<\/div>\n<div id=\"s-0bdba07a-942c-4acf-9b9e-afdafc8b688f\" class=\"shg-c shg-align-left\">\n<div class=\"shg-rich-text shg-theme-text-content\">\n<h3>&#8217;Plug and Pump&#8217;<\/h3>\n<\/div>\n<\/div>\n<div id=\"s-be0f6c4c-66b1-4a94-9027-22d3a1ab3f68\" class=\"shg-c \">\n<div class=\"shg-rich-text shg-theme-text-content\">\n<p>Integrerad styrenhet och s\u00e4kerhetssystem f\u00f6r flexibel drift. L\u00e5ga installationskostnader.<\/p>\n<\/div>\n<\/div>\n<div id=\"s-50019a36-8851-4e64-949e-4f1520548060\" class=\"shg-c shg-align-left\">\n<div class=\"shg-rich-text shg-theme-text-content\">\n<h3>&lt;55DB(A)<\/h3>\n<\/div>\n<\/div>\n<div id=\"s-e33b3742-b861-4b60-99d3-da20832c78fc\" class=\"shg-c \">\n<div class=\"shg-rich-text shg-theme-text-content\">\n<p>J\u00e4mn, l\u00e5g ljud- och vibrationsdrift<\/p>\n<\/div>\n<\/div>\n<div id=\"s-4abc0a05-97a1-4eb5-a07b-22c188dee54c\" class=\"shg-c \">\n<div class=\"shg-rich-text shg-theme-text-content\">\n<h3>Inget rutinunderh\u00e5ll<\/h3>\n<\/div>\n<\/div>\n<div id=\"s-1a245b90-627e-4a09-af73-0a02a4741d5f\" class=\"shg-c \">\n<div class=\"shg-rich-text shg-theme-text-content\">\n<p>Oljesmorda precisionslager utan rutinunderh\u00e5ll<\/p>\n<\/div>\n<\/div>\n","protected":false},"excerpt":{"rendered":"<div class=\"shg-c-lg-6 shg-c-md-6 shg-c-sm-6 shg-c-xs-12\">\n<div id=\"s-3ccf9120-f3cd-4843-9315-cf0e8287c8c3\" class=\"shg-c \">\n<div class=\"shg-rich-text shg-theme-text-content\">\n<p>iXL \u00e4r det mest kompakta och l\u00e5genergitorrpumpalternativet. Det ger repeterbar snabb nedpumpning av sm\u00e5 lastl\u00e5skammare och rena processoperationer med extremt l\u00e5g str\u00f6mf\u00f6rbrukning.<\/p>\n<\/div>\n<\/div>\n<\/div>\n<div class=\"shg-c-lg-6 shg-c-md-6 shg-c-sm-6 shg-c-xs-12\">\n<div id=\"s-04a3f153-a78a-40c9-a688-2cdcddb99889\" class=\"shg-c shg-align-left\">\n<div class=\"shg-row\" data-col-grid-mode-on=\"\"><\/div>\n<\/div>\n<\/div>\n","protected":false},"featured_media":1592,"comment_status":"open","ping_status":"closed","template":"","meta":{"_acf_changed":false},"product_brand":[],"product_cat":[74],"product_tag":[],"class_list":{"0":"post-2029","1":"product","2":"type-product","3":"status-publish","4":"has-post-thumbnail","6":"product_cat-semi-sv","8":"first","9":"instock","10":"shipping-taxable","11":"product-type-simple"},"acf":[],"yoast_head":"<!-- This site is optimized with the Yoast SEO plugin v25.4 - https:\/\/yoast.com\/wordpress\/plugins\/seo\/ -->\n<title>ixL | Advancedvacuum<\/title>\n<meta name=\"robots\" content=\"index, follow, max-snippet:-1, max-image-preview:large, max-video-preview:-1\" \/>\n<link rel=\"canonical\" href=\"https:\/\/www.advancedvacuum.se\/sv\/produkt\/ixl\/\" \/>\n<meta property=\"og:locale\" content=\"sv_SE\" \/>\n<meta property=\"og:type\" content=\"article\" \/>\n<meta property=\"og:title\" content=\"ixL | Advancedvacuum\" \/>\n<meta property=\"og:description\" content=\"iXL \u00e4r det mest kompakta och l\u00e5genergitorrpumpalternativet. Det ger repeterbar snabb nedpumpning av sm\u00e5 lastl\u00e5skammare och rena processoperationer med extremt l\u00e5g str\u00f6mf\u00f6rbrukning.\" \/>\n<meta property=\"og:url\" content=\"https:\/\/www.advancedvacuum.se\/sv\/produkt\/ixl\/\" \/>\n<meta property=\"og:site_name\" content=\"Advancedvacuum\" \/>\n<meta property=\"article:modified_time\" content=\"2024-09-21T20:48:45+00:00\" \/>\n<meta property=\"og:image\" content=\"https:\/\/www.advancedvacuum.se\/wp-content\/uploads\/2024\/09\/ixL.png\" \/>\n\t<meta property=\"og:image:width\" content=\"331\" \/>\n\t<meta property=\"og:image:height\" content=\"350\" \/>\n\t<meta property=\"og:image:type\" content=\"image\/png\" \/>\n<meta name=\"twitter:card\" content=\"summary_large_image\" \/>\n<script type=\"application\/ld+json\" class=\"yoast-schema-graph\">{\"@context\":\"https:\/\/schema.org\",\"@graph\":[{\"@type\":\"WebPage\",\"@id\":\"https:\/\/www.advancedvacuum.se\/sv\/produkt\/ixl\/\",\"url\":\"https:\/\/www.advancedvacuum.se\/sv\/produkt\/ixl\/\",\"name\":\"ixL | Advancedvacuum\",\"isPartOf\":{\"@id\":\"https:\/\/www.advancedvacuum.se\/sv\/#website\"},\"primaryImageOfPage\":{\"@id\":\"https:\/\/www.advancedvacuum.se\/sv\/produkt\/ixl\/#primaryimage\"},\"image\":{\"@id\":\"https:\/\/www.advancedvacuum.se\/sv\/produkt\/ixl\/#primaryimage\"},\"thumbnailUrl\":\"https:\/\/www.advancedvacuum.se\/wp-content\/uploads\/2024\/09\/ixL.png\",\"datePublished\":\"2024-09-05T12:54:03+00:00\",\"dateModified\":\"2024-09-21T20:48:45+00:00\",\"breadcrumb\":{\"@id\":\"https:\/\/www.advancedvacuum.se\/sv\/produkt\/ixl\/#breadcrumb\"},\"inLanguage\":\"sv-SE\",\"potentialAction\":[{\"@type\":\"ReadAction\",\"target\":[\"https:\/\/www.advancedvacuum.se\/sv\/produkt\/ixl\/\"]}]},{\"@type\":\"ImageObject\",\"inLanguage\":\"sv-SE\",\"@id\":\"https:\/\/www.advancedvacuum.se\/sv\/produkt\/ixl\/#primaryimage\",\"url\":\"https:\/\/www.advancedvacuum.se\/wp-content\/uploads\/2024\/09\/ixL.png\",\"contentUrl\":\"https:\/\/www.advancedvacuum.se\/wp-content\/uploads\/2024\/09\/ixL.png\",\"width\":331,\"height\":350},{\"@type\":\"BreadcrumbList\",\"@id\":\"https:\/\/www.advancedvacuum.se\/sv\/produkt\/ixl\/#breadcrumb\",\"itemListElement\":[{\"@type\":\"ListItem\",\"position\":1,\"name\":\"Home\",\"item\":\"https:\/\/www.advancedvacuum.se\/sv\/\"},{\"@type\":\"ListItem\",\"position\":2,\"name\":\"Butik\",\"item\":\"https:\/\/www.advancedvacuum.se\/sv\/butik\/\"},{\"@type\":\"ListItem\",\"position\":3,\"name\":\"ixL\"}]},{\"@type\":\"WebSite\",\"@id\":\"https:\/\/www.advancedvacuum.se\/sv\/#website\",\"url\":\"https:\/\/www.advancedvacuum.se\/sv\/\",\"name\":\"Advanced Vacuum\",\"description\":\"\",\"publisher\":{\"@id\":\"https:\/\/www.advancedvacuum.se\/sv\/#organization\"},\"potentialAction\":[{\"@type\":\"SearchAction\",\"target\":{\"@type\":\"EntryPoint\",\"urlTemplate\":\"https:\/\/www.advancedvacuum.se\/sv\/?s={search_term_string}\"},\"query-input\":{\"@type\":\"PropertyValueSpecification\",\"valueRequired\":true,\"valueName\":\"search_term_string\"}}],\"inLanguage\":\"sv-SE\"},{\"@type\":\"Organization\",\"@id\":\"https:\/\/www.advancedvacuum.se\/sv\/#organization\",\"name\":\"Advanced Vacuum\",\"url\":\"https:\/\/www.advancedvacuum.se\/sv\/\",\"logo\":{\"@type\":\"ImageObject\",\"inLanguage\":\"sv-SE\",\"@id\":\"https:\/\/www.advancedvacuum.se\/sv\/#\/schema\/logo\/image\/\",\"url\":\"https:\/\/www.advancedvacuum.se\/wp-content\/uploads\/2025\/03\/logo.png\",\"contentUrl\":\"https:\/\/www.advancedvacuum.se\/wp-content\/uploads\/2025\/03\/logo.png\",\"width\":280,\"height\":92,\"caption\":\"Advanced Vacuum\"},\"image\":{\"@id\":\"https:\/\/www.advancedvacuum.se\/sv\/#\/schema\/logo\/image\/\"}}]}<\/script>\n<!-- \/ Yoast SEO plugin. -->","yoast_head_json":{"title":"ixL | Advancedvacuum","robots":{"index":"index","follow":"follow","max-snippet":"max-snippet:-1","max-image-preview":"max-image-preview:large","max-video-preview":"max-video-preview:-1"},"canonical":"https:\/\/www.advancedvacuum.se\/sv\/produkt\/ixl\/","og_locale":"sv_SE","og_type":"article","og_title":"ixL | Advancedvacuum","og_description":"iXL \u00e4r det mest kompakta och l\u00e5genergitorrpumpalternativet. Det ger repeterbar snabb nedpumpning av sm\u00e5 lastl\u00e5skammare och rena processoperationer med extremt l\u00e5g str\u00f6mf\u00f6rbrukning.","og_url":"https:\/\/www.advancedvacuum.se\/sv\/produkt\/ixl\/","og_site_name":"Advancedvacuum","article_modified_time":"2024-09-21T20:48:45+00:00","og_image":[{"width":331,"height":350,"url":"https:\/\/www.advancedvacuum.se\/wp-content\/uploads\/2024\/09\/ixL.png","type":"image\/png"}],"twitter_card":"summary_large_image","schema":{"@context":"https:\/\/schema.org","@graph":[{"@type":"WebPage","@id":"https:\/\/www.advancedvacuum.se\/sv\/produkt\/ixl\/","url":"https:\/\/www.advancedvacuum.se\/sv\/produkt\/ixl\/","name":"ixL | Advancedvacuum","isPartOf":{"@id":"https:\/\/www.advancedvacuum.se\/sv\/#website"},"primaryImageOfPage":{"@id":"https:\/\/www.advancedvacuum.se\/sv\/produkt\/ixl\/#primaryimage"},"image":{"@id":"https:\/\/www.advancedvacuum.se\/sv\/produkt\/ixl\/#primaryimage"},"thumbnailUrl":"https:\/\/www.advancedvacuum.se\/wp-content\/uploads\/2024\/09\/ixL.png","datePublished":"2024-09-05T12:54:03+00:00","dateModified":"2024-09-21T20:48:45+00:00","breadcrumb":{"@id":"https:\/\/www.advancedvacuum.se\/sv\/produkt\/ixl\/#breadcrumb"},"inLanguage":"sv-SE","potentialAction":[{"@type":"ReadAction","target":["https:\/\/www.advancedvacuum.se\/sv\/produkt\/ixl\/"]}]},{"@type":"ImageObject","inLanguage":"sv-SE","@id":"https:\/\/www.advancedvacuum.se\/sv\/produkt\/ixl\/#primaryimage","url":"https:\/\/www.advancedvacuum.se\/wp-content\/uploads\/2024\/09\/ixL.png","contentUrl":"https:\/\/www.advancedvacuum.se\/wp-content\/uploads\/2024\/09\/ixL.png","width":331,"height":350},{"@type":"BreadcrumbList","@id":"https:\/\/www.advancedvacuum.se\/sv\/produkt\/ixl\/#breadcrumb","itemListElement":[{"@type":"ListItem","position":1,"name":"Home","item":"https:\/\/www.advancedvacuum.se\/sv\/"},{"@type":"ListItem","position":2,"name":"Butik","item":"https:\/\/www.advancedvacuum.se\/sv\/butik\/"},{"@type":"ListItem","position":3,"name":"ixL"}]},{"@type":"WebSite","@id":"https:\/\/www.advancedvacuum.se\/sv\/#website","url":"https:\/\/www.advancedvacuum.se\/sv\/","name":"Advanced Vacuum","description":"","publisher":{"@id":"https:\/\/www.advancedvacuum.se\/sv\/#organization"},"potentialAction":[{"@type":"SearchAction","target":{"@type":"EntryPoint","urlTemplate":"https:\/\/www.advancedvacuum.se\/sv\/?s={search_term_string}"},"query-input":{"@type":"PropertyValueSpecification","valueRequired":true,"valueName":"search_term_string"}}],"inLanguage":"sv-SE"},{"@type":"Organization","@id":"https:\/\/www.advancedvacuum.se\/sv\/#organization","name":"Advanced Vacuum","url":"https:\/\/www.advancedvacuum.se\/sv\/","logo":{"@type":"ImageObject","inLanguage":"sv-SE","@id":"https:\/\/www.advancedvacuum.se\/sv\/#\/schema\/logo\/image\/","url":"https:\/\/www.advancedvacuum.se\/wp-content\/uploads\/2025\/03\/logo.png","contentUrl":"https:\/\/www.advancedvacuum.se\/wp-content\/uploads\/2025\/03\/logo.png","width":280,"height":92,"caption":"Advanced Vacuum"},"image":{"@id":"https:\/\/www.advancedvacuum.se\/sv\/#\/schema\/logo\/image\/"}}]}},"_links":{"self":[{"href":"https:\/\/www.advancedvacuum.se\/sv\/wp-json\/wp\/v2\/product\/2029","targetHints":{"allow":["GET"]}}],"collection":[{"href":"https:\/\/www.advancedvacuum.se\/sv\/wp-json\/wp\/v2\/product"}],"about":[{"href":"https:\/\/www.advancedvacuum.se\/sv\/wp-json\/wp\/v2\/types\/product"}],"replies":[{"embeddable":true,"href":"https:\/\/www.advancedvacuum.se\/sv\/wp-json\/wp\/v2\/comments?post=2029"}],"wp:featuredmedia":[{"embeddable":true,"href":"https:\/\/www.advancedvacuum.se\/sv\/wp-json\/wp\/v2\/media\/1592"}],"wp:attachment":[{"href":"https:\/\/www.advancedvacuum.se\/sv\/wp-json\/wp\/v2\/media?parent=2029"}],"wp:term":[{"taxonomy":"product_brand","embeddable":true,"href":"https:\/\/www.advancedvacuum.se\/sv\/wp-json\/wp\/v2\/product_brand?post=2029"},{"taxonomy":"product_cat","embeddable":true,"href":"https:\/\/www.advancedvacuum.se\/sv\/wp-json\/wp\/v2\/product_cat?post=2029"},{"taxonomy":"product_tag","embeddable":true,"href":"https:\/\/www.advancedvacuum.se\/sv\/wp-json\/wp\/v2\/product_tag?post=2029"}],"curies":[{"name":"wp","href":"https:\/\/api.w.org\/{rel}","templated":true}]}}