{"id":2035,"date":"2024-09-04T18:25:07","date_gmt":"2024-09-04T16:25:07","guid":{"rendered":"https:\/\/www.advancedvacuum.se\/produkt\/t-station-300\/"},"modified":"2024-12-30T13:59:46","modified_gmt":"2024-12-30T12:59:46","slug":"t-station-300","status":"publish","type":"product","link":"https:\/\/www.advancedvacuum.se\/sv\/produkt\/t-station-300\/","title":{"rendered":"T-Station 300"},"content":{"rendered":"<div id=\"s-756c035a-bbef-4b98-8fe3-bc601246f41c\" class=\"shg-c \">\n<div class=\"shg-rich-text shg-theme-text-content\">\n<h3>300 l\/s<\/h3>\n<\/div>\n<\/div>\n<div id=\"s-2d3673ac-b179-41b9-9e83-41d3562419d4\" class=\"shg-c \">\n<div class=\"shg-rich-text shg-theme-text-content\">\n<p>Val av st\u00f6dpumpar och inloppsportar f\u00f6r olika pumphastigheter<\/p>\n<\/div>\n<\/div>\n<div id=\"s-8bef25ae-cca2-4700-84fb-86eb05d2c9d4\" class=\"shg-c \">\n<div class=\"shg-rich-text shg-theme-text-content\">\n<h3>Plug och pump<\/h3>\n<\/div>\n<\/div>\n<div id=\"s-86d7a4df-65ea-4a36-8825-c20c2513c3e0\" class=\"shg-c \">\n<div class=\"shg-rich-text shg-theme-text-content\">\n<p>Enkel start\/stopp-knapp, med automatiserade funktioner f\u00f6r s\u00e4ker anv\u00e4ndning<\/p>\n<\/div>\n<\/div>\n<div id=\"s-37f4c082-3b67-4080-b53d-9addf8a69356\" class=\"shg-c shg-align-left\">\n<div class=\"shg-rich-text shg-theme-text-content\">\n<h3>Kompakt<\/h3>\n<\/div>\n<\/div>\n<div id=\"s-b21402a2-106e-4c02-b7bd-cd01b83e822a\" class=\"shg-c \">\n<div class=\"shg-rich-text shg-theme-text-content\">\n<p>Kompakt med l\u00e5g profil f\u00f6r en stabilare enhet som inte kan v\u00e4ltas<\/p>\n<\/div>\n<\/div>\n<div id=\"s-0a0487eb-94cc-4e38-b9ff-95e96b5c6435\" class=\"shg-c \">\n<div class=\"shg-rich-text shg-theme-text-content\">\n<h3>Robust konstruktion<\/h3>\n<\/div>\n<\/div>\n<div id=\"s-da4e7e5a-fa4b-405a-a216-7a4a9de5f2e5\" class=\"shg-c \">\n<div class=\"shg-rich-text shg-theme-text-content\">\n<p>Robust ram i helmetall som inte spricker eller g\u00e5r s\u00f6nder vid anv\u00e4ndning<\/p>\n<\/div>\n<\/div>\n<div id=\"s-8baf485f-253a-4930-bb67-a694e036cf09\" class=\"shg-c \">\n<div class=\"shg-rich-text shg-theme-text-content\">\n<h3>Anv\u00e4ndarservice<\/h3>\n<\/div>\n<\/div>\n<div id=\"s-f5080833-5c52-49e7-9ede-5a74603b0ab2\" class=\"shg-c \">\n<div class=\"shg-rich-text shg-theme-text-content\">\n<p>Anv\u00e4ndaren kan serva nEXT turbopump, XDD1 torrmembran och E2M1.5<\/p>\n<\/div>\n<\/div>\n","protected":false},"excerpt":{"rendered":"<div class=\"shg-c-lg-7 shg-c-md-7 shg-c-sm-7 shg-c-xs-12\">\n<div id=\"s-568f0096-9453-447a-ad15-4c30feb31b7f\" class=\"shg-c \">\n<div class=\"shg-rich-text shg-theme-text-content\">\n<p>Edwards T-Station 300 turbomolekyl\u00e4ra pumpstation bygger p\u00e5 den befintliga popul\u00e4ra T-Station 85-plattformen genom att ers\u00e4tta nEXT85H turbomolekyl\u00e4ra pumpen med nEXT300 turbomolekyl\u00e4r pump. Vi har ut\u00f6kat v\u00e5r portf\u00f6lj och tillhandah\u00e5ller en l\u00f6sning f\u00f6r kunder och applikationer som kr\u00e4ver en h\u00f6gre pumphastighet till 300 ls-1.<\/p>\n<\/div>\n<\/div>\n<\/div>\n<div class=\"shg-c-lg-5 shg-c-md-5 shg-c-sm-5 shg-c-xs-12\">\n<div id=\"s-cb39c542-194f-4fef-98c7-45aa94110338\" class=\"shg-c shg-align-left\">\n<div class=\"shg-row\" data-col-grid-mode-on=\"\"><\/div>\n<\/div>\n<\/div>\n","protected":false},"featured_media":1522,"comment_status":"open","ping_status":"closed","template":"","meta":{"_acf_changed":false},"product_brand":[],"product_cat":[80],"product_tag":[],"class_list":{"0":"post-2035","1":"product","2":"type-product","3":"status-publish","4":"has-post-thumbnail","6":"product_cat-turbo-stations-sv","8":"first","9":"instock","10":"shipping-taxable","11":"product-type-simple"},"acf":[],"yoast_head":"<!-- This site is optimized with the Yoast SEO plugin v25.4 - https:\/\/yoast.com\/wordpress\/plugins\/seo\/ -->\n<title>T-Station 300 | Advancedvacuum<\/title>\n<meta name=\"robots\" content=\"index, follow, max-snippet:-1, max-image-preview:large, max-video-preview:-1\" \/>\n<link rel=\"canonical\" href=\"https:\/\/www.advancedvacuum.se\/sv\/produkt\/t-station-300\/\" \/>\n<meta property=\"og:locale\" content=\"sv_SE\" \/>\n<meta property=\"og:type\" content=\"article\" \/>\n<meta property=\"og:title\" content=\"T-Station 300 | Advancedvacuum\" \/>\n<meta property=\"og:description\" content=\"Edwards T-Station 300 turbomolekyl\u00e4ra pumpstation bygger p\u00e5 den befintliga popul\u00e4ra T-Station 85-plattformen genom att ers\u00e4tta nEXT85H turbomolekyl\u00e4ra pumpen med nEXT300 turbomolekyl\u00e4r pump. Vi har ut\u00f6kat v\u00e5r portf\u00f6lj och tillhandah\u00e5ller en l\u00f6sning f\u00f6r kunder och applikationer som kr\u00e4ver en h\u00f6gre pumphastighet till 300 ls-1.\" \/>\n<meta property=\"og:url\" content=\"https:\/\/www.advancedvacuum.se\/sv\/produkt\/t-station-300\/\" \/>\n<meta property=\"og:site_name\" content=\"Advancedvacuum\" \/>\n<meta property=\"article:modified_time\" content=\"2024-12-30T12:59:46+00:00\" \/>\n<meta property=\"og:image\" content=\"https:\/\/www.advancedvacuum.se\/wp-content\/uploads\/2024\/09\/T-Station-300.png\" \/>\n\t<meta property=\"og:image:width\" content=\"331\" \/>\n\t<meta property=\"og:image:height\" content=\"242\" \/>\n\t<meta property=\"og:image:type\" content=\"image\/png\" \/>\n<meta name=\"twitter:card\" content=\"summary_large_image\" \/>\n<script type=\"application\/ld+json\" class=\"yoast-schema-graph\">{\"@context\":\"https:\/\/schema.org\",\"@graph\":[{\"@type\":\"WebPage\",\"@id\":\"https:\/\/www.advancedvacuum.se\/sv\/produkt\/t-station-300\/\",\"url\":\"https:\/\/www.advancedvacuum.se\/sv\/produkt\/t-station-300\/\",\"name\":\"T-Station 300 | Advancedvacuum\",\"isPartOf\":{\"@id\":\"https:\/\/www.advancedvacuum.se\/sv\/#website\"},\"primaryImageOfPage\":{\"@id\":\"https:\/\/www.advancedvacuum.se\/sv\/produkt\/t-station-300\/#primaryimage\"},\"image\":{\"@id\":\"https:\/\/www.advancedvacuum.se\/sv\/produkt\/t-station-300\/#primaryimage\"},\"thumbnailUrl\":\"https:\/\/www.advancedvacuum.se\/wp-content\/uploads\/2024\/09\/T-Station-300.png\",\"datePublished\":\"2024-09-04T16:25:07+00:00\",\"dateModified\":\"2024-12-30T12:59:46+00:00\",\"breadcrumb\":{\"@id\":\"https:\/\/www.advancedvacuum.se\/sv\/produkt\/t-station-300\/#breadcrumb\"},\"inLanguage\":\"sv-SE\",\"potentialAction\":[{\"@type\":\"ReadAction\",\"target\":[\"https:\/\/www.advancedvacuum.se\/sv\/produkt\/t-station-300\/\"]}]},{\"@type\":\"ImageObject\",\"inLanguage\":\"sv-SE\",\"@id\":\"https:\/\/www.advancedvacuum.se\/sv\/produkt\/t-station-300\/#primaryimage\",\"url\":\"https:\/\/www.advancedvacuum.se\/wp-content\/uploads\/2024\/09\/T-Station-300.png\",\"contentUrl\":\"https:\/\/www.advancedvacuum.se\/wp-content\/uploads\/2024\/09\/T-Station-300.png\",\"width\":331,\"height\":242},{\"@type\":\"BreadcrumbList\",\"@id\":\"https:\/\/www.advancedvacuum.se\/sv\/produkt\/t-station-300\/#breadcrumb\",\"itemListElement\":[{\"@type\":\"ListItem\",\"position\":1,\"name\":\"Home\",\"item\":\"https:\/\/www.advancedvacuum.se\/sv\/\"},{\"@type\":\"ListItem\",\"position\":2,\"name\":\"Butik\",\"item\":\"https:\/\/www.advancedvacuum.se\/sv\/butik\/\"},{\"@type\":\"ListItem\",\"position\":3,\"name\":\"T-Station 300\"}]},{\"@type\":\"WebSite\",\"@id\":\"https:\/\/www.advancedvacuum.se\/sv\/#website\",\"url\":\"https:\/\/www.advancedvacuum.se\/sv\/\",\"name\":\"Advanced Vacuum\",\"description\":\"\",\"publisher\":{\"@id\":\"https:\/\/www.advancedvacuum.se\/sv\/#organization\"},\"potentialAction\":[{\"@type\":\"SearchAction\",\"target\":{\"@type\":\"EntryPoint\",\"urlTemplate\":\"https:\/\/www.advancedvacuum.se\/sv\/?s={search_term_string}\"},\"query-input\":{\"@type\":\"PropertyValueSpecification\",\"valueRequired\":true,\"valueName\":\"search_term_string\"}}],\"inLanguage\":\"sv-SE\"},{\"@type\":\"Organization\",\"@id\":\"https:\/\/www.advancedvacuum.se\/sv\/#organization\",\"name\":\"Advanced Vacuum\",\"url\":\"https:\/\/www.advancedvacuum.se\/sv\/\",\"logo\":{\"@type\":\"ImageObject\",\"inLanguage\":\"sv-SE\",\"@id\":\"https:\/\/www.advancedvacuum.se\/sv\/#\/schema\/logo\/image\/\",\"url\":\"https:\/\/www.advancedvacuum.se\/wp-content\/uploads\/2025\/03\/logo.png\",\"contentUrl\":\"https:\/\/www.advancedvacuum.se\/wp-content\/uploads\/2025\/03\/logo.png\",\"width\":280,\"height\":92,\"caption\":\"Advanced Vacuum\"},\"image\":{\"@id\":\"https:\/\/www.advancedvacuum.se\/sv\/#\/schema\/logo\/image\/\"}}]}<\/script>\n<!-- \/ Yoast SEO plugin. -->","yoast_head_json":{"title":"T-Station 300 | Advancedvacuum","robots":{"index":"index","follow":"follow","max-snippet":"max-snippet:-1","max-image-preview":"max-image-preview:large","max-video-preview":"max-video-preview:-1"},"canonical":"https:\/\/www.advancedvacuum.se\/sv\/produkt\/t-station-300\/","og_locale":"sv_SE","og_type":"article","og_title":"T-Station 300 | Advancedvacuum","og_description":"Edwards T-Station 300 turbomolekyl\u00e4ra pumpstation bygger p\u00e5 den befintliga popul\u00e4ra T-Station 85-plattformen genom att ers\u00e4tta nEXT85H turbomolekyl\u00e4ra pumpen med nEXT300 turbomolekyl\u00e4r pump. Vi har ut\u00f6kat v\u00e5r portf\u00f6lj och tillhandah\u00e5ller en l\u00f6sning f\u00f6r kunder och applikationer som kr\u00e4ver en h\u00f6gre pumphastighet till 300 ls-1.","og_url":"https:\/\/www.advancedvacuum.se\/sv\/produkt\/t-station-300\/","og_site_name":"Advancedvacuum","article_modified_time":"2024-12-30T12:59:46+00:00","og_image":[{"width":331,"height":242,"url":"https:\/\/www.advancedvacuum.se\/wp-content\/uploads\/2024\/09\/T-Station-300.png","type":"image\/png"}],"twitter_card":"summary_large_image","schema":{"@context":"https:\/\/schema.org","@graph":[{"@type":"WebPage","@id":"https:\/\/www.advancedvacuum.se\/sv\/produkt\/t-station-300\/","url":"https:\/\/www.advancedvacuum.se\/sv\/produkt\/t-station-300\/","name":"T-Station 300 | Advancedvacuum","isPartOf":{"@id":"https:\/\/www.advancedvacuum.se\/sv\/#website"},"primaryImageOfPage":{"@id":"https:\/\/www.advancedvacuum.se\/sv\/produkt\/t-station-300\/#primaryimage"},"image":{"@id":"https:\/\/www.advancedvacuum.se\/sv\/produkt\/t-station-300\/#primaryimage"},"thumbnailUrl":"https:\/\/www.advancedvacuum.se\/wp-content\/uploads\/2024\/09\/T-Station-300.png","datePublished":"2024-09-04T16:25:07+00:00","dateModified":"2024-12-30T12:59:46+00:00","breadcrumb":{"@id":"https:\/\/www.advancedvacuum.se\/sv\/produkt\/t-station-300\/#breadcrumb"},"inLanguage":"sv-SE","potentialAction":[{"@type":"ReadAction","target":["https:\/\/www.advancedvacuum.se\/sv\/produkt\/t-station-300\/"]}]},{"@type":"ImageObject","inLanguage":"sv-SE","@id":"https:\/\/www.advancedvacuum.se\/sv\/produkt\/t-station-300\/#primaryimage","url":"https:\/\/www.advancedvacuum.se\/wp-content\/uploads\/2024\/09\/T-Station-300.png","contentUrl":"https:\/\/www.advancedvacuum.se\/wp-content\/uploads\/2024\/09\/T-Station-300.png","width":331,"height":242},{"@type":"BreadcrumbList","@id":"https:\/\/www.advancedvacuum.se\/sv\/produkt\/t-station-300\/#breadcrumb","itemListElement":[{"@type":"ListItem","position":1,"name":"Home","item":"https:\/\/www.advancedvacuum.se\/sv\/"},{"@type":"ListItem","position":2,"name":"Butik","item":"https:\/\/www.advancedvacuum.se\/sv\/butik\/"},{"@type":"ListItem","position":3,"name":"T-Station 300"}]},{"@type":"WebSite","@id":"https:\/\/www.advancedvacuum.se\/sv\/#website","url":"https:\/\/www.advancedvacuum.se\/sv\/","name":"Advanced Vacuum","description":"","publisher":{"@id":"https:\/\/www.advancedvacuum.se\/sv\/#organization"},"potentialAction":[{"@type":"SearchAction","target":{"@type":"EntryPoint","urlTemplate":"https:\/\/www.advancedvacuum.se\/sv\/?s={search_term_string}"},"query-input":{"@type":"PropertyValueSpecification","valueRequired":true,"valueName":"search_term_string"}}],"inLanguage":"sv-SE"},{"@type":"Organization","@id":"https:\/\/www.advancedvacuum.se\/sv\/#organization","name":"Advanced Vacuum","url":"https:\/\/www.advancedvacuum.se\/sv\/","logo":{"@type":"ImageObject","inLanguage":"sv-SE","@id":"https:\/\/www.advancedvacuum.se\/sv\/#\/schema\/logo\/image\/","url":"https:\/\/www.advancedvacuum.se\/wp-content\/uploads\/2025\/03\/logo.png","contentUrl":"https:\/\/www.advancedvacuum.se\/wp-content\/uploads\/2025\/03\/logo.png","width":280,"height":92,"caption":"Advanced Vacuum"},"image":{"@id":"https:\/\/www.advancedvacuum.se\/sv\/#\/schema\/logo\/image\/"}}]}},"_links":{"self":[{"href":"https:\/\/www.advancedvacuum.se\/sv\/wp-json\/wp\/v2\/product\/2035","targetHints":{"allow":["GET"]}}],"collection":[{"href":"https:\/\/www.advancedvacuum.se\/sv\/wp-json\/wp\/v2\/product"}],"about":[{"href":"https:\/\/www.advancedvacuum.se\/sv\/wp-json\/wp\/v2\/types\/product"}],"replies":[{"embeddable":true,"href":"https:\/\/www.advancedvacuum.se\/sv\/wp-json\/wp\/v2\/comments?post=2035"}],"wp:featuredmedia":[{"embeddable":true,"href":"https:\/\/www.advancedvacuum.se\/sv\/wp-json\/wp\/v2\/media\/1522"}],"wp:attachment":[{"href":"https:\/\/www.advancedvacuum.se\/sv\/wp-json\/wp\/v2\/media?parent=2035"}],"wp:term":[{"taxonomy":"product_brand","embeddable":true,"href":"https:\/\/www.advancedvacuum.se\/sv\/wp-json\/wp\/v2\/product_brand?post=2035"},{"taxonomy":"product_cat","embeddable":true,"href":"https:\/\/www.advancedvacuum.se\/sv\/wp-json\/wp\/v2\/product_cat?post=2035"},{"taxonomy":"product_tag","embeddable":true,"href":"https:\/\/www.advancedvacuum.se\/sv\/wp-json\/wp\/v2\/product_tag?post=2035"}],"curies":[{"name":"wp","href":"https:\/\/api.w.org\/{rel}","templated":true}]}}