{"id":2040,"date":"2024-09-04T16:35:00","date_gmt":"2024-09-04T14:35:00","guid":{"rendered":"https:\/\/www.advancedvacuum.se\/produkt\/stokes-booster\/"},"modified":"2024-09-21T16:29:29","modified_gmt":"2024-09-21T14:29:29","slug":"stokes-booster","status":"publish","type":"product","link":"https:\/\/www.advancedvacuum.se\/sv\/produkt\/stokes-booster\/","title":{"rendered":"Stokes Booster"},"content":{"rendered":"<div id=\"s-80909413-1403-4a80-83ae-d4c6e7bd329b\" class=\"shg-c \">\n<div class=\"shg-rich-text shg-theme-text-content\">\n<h3>1,590 &#8211; 6,630 m\u00b3\/h<\/h3>\n<\/div>\n<\/div>\n<div id=\"s-20001f03-3abe-42cc-8e3b-ceabf7cbadd8\" class=\"shg-c \">\n<div class=\"shg-rich-text shg-theme-text-content\">\n<p>Med ett brett utbud av varianter.<\/p>\n<\/div>\n<\/div>\n<div id=\"s-6f13212c-490c-4bae-99de-d85ac499a667\" class=\"shg-c \">\n<div class=\"shg-rich-text shg-theme-text-content\">\n<h3>Robust<\/h3>\n<\/div>\n<\/div>\n<div id=\"s-101b20af-0e8e-4232-a35e-315c3f0a899b\" class=\"shg-c \">\n<div class=\"shg-rich-text shg-theme-text-content\">\n<p>\u00d6ver 80 \u00e5rs tid testad bepr\u00f6vad prestanda med<br \/>\nerfaren service och teknisk support.<\/p>\n<\/div>\n<\/div>\n<div id=\"s-0bdba07a-942c-4acf-9b9e-afdafc8b688f\" class=\"shg-c shg-align-left\">\n<div class=\"shg-rich-text shg-theme-text-content\">\n<h3>\u00d6kad livsl\u00e4ngd<\/h3>\n<\/div>\n<\/div>\n<div id=\"s-be0f6c4c-66b1-4a94-9027-22d3a1ab3f68\" class=\"shg-c \">\n<div class=\"shg-rich-text shg-theme-text-content\">\n<p>tillf\u00f6rlitlighet och enkel att anv\u00e4nda \u2013 axlar med stor diameter, nyckell\u00f6st v\u00e4xell\u00e5ssystem med ringmatare och dynamiskt balanserade pumphjul.<\/p>\n<\/div>\n<\/div>\n<div id=\"s-dfadb31a-7674-4a76-8fc0-c67082824f91\" class=\"shg-c \">\n<div class=\"shg-rich-text shg-theme-text-content\">\n<h3>P\u00e5litlig<\/h3>\n<\/div>\n<\/div>\n<div id=\"s-13b7752f-defa-4668-b910-af045f78875f\" class=\"shg-c \">\n<div class=\"shg-rich-text shg-theme-text-content\">\n<p>L\u00e4tt att underh\u00e5lla &#8211; enkel mekanisk t\u00e4tning. \u00d6kad produktivitet \u2013 design med 5 t\u00e4tningar f\u00f6r optimalt processskydd.<\/p>\n<\/div>\n<\/div>\n<div id=\"s-4abc0a05-97a1-4eb5-a07b-22c188dee54c\" class=\"shg-c \">\n<div class=\"shg-rich-text shg-theme-text-content\">\n<h3>M\u00e5ngsidig<\/h3>\n<\/div>\n<\/div>\n<div id=\"s-1a245b90-627e-4a09-af73-0a02a4741d5f\" class=\"shg-c \">\n<div class=\"shg-rich-text shg-theme-text-content\">\n<p>Baraxel eller direktdrift. Vertikalt eller horisontellt gasfl\u00f6de med bypass-versioner tillg\u00e4ngliga.<\/p>\n<\/div>\n<\/div>\n","protected":false},"excerpt":{"rendered":"<div class=\"shg-c-lg-6 shg-c-md-6 shg-c-sm-6 shg-c-xs-12\">\n<div id=\"s-3ccf9120-f3cd-4843-9315-cf0e8287c8c3\" class=\"shg-c \">\n<div class=\"shg-rich-text shg-theme-text-content\">\n<p>Stokes 6\u201d-seriens mekaniska boosters \u00e4r designade f\u00f6r att anv\u00e4ndas i kombination med roterande kolv, torrvakuum, roterande skovel, v\u00e4tskering eller p\u00e5 inloppet av st\u00f6dpumpen f\u00f6r att skapa ett kompakt integrerat paket f\u00f6r att \u00f6ka pumphastigheten vid arbetstryck och minska pumpen stillest\u00e5ndstid avsev\u00e4rt.<\/p>\n<\/div>\n<\/div>\n<\/div>\n<div class=\"shg-c-lg-6 shg-c-md-6 shg-c-sm-6 shg-c-xs-12\">\n<div id=\"s-04a3f153-a78a-40c9-a688-2cdcddb99889\" class=\"shg-c shg-align-left\">\n<div class=\"shg-row\" data-col-grid-mode-on=\"\"><\/div>\n<\/div>\n<\/div>\n","protected":false},"featured_media":1499,"comment_status":"open","ping_status":"closed","template":"","meta":{"_acf_changed":false},"product_brand":[],"product_cat":[84],"product_tag":[],"class_list":{"0":"post-2040","1":"product","2":"type-product","3":"status-publish","4":"has-post-thumbnail","6":"product_cat-mechanical-booster-sv","8":"first","9":"instock","10":"shipping-taxable","11":"product-type-simple"},"acf":[],"yoast_head":"<!-- This site is optimized with the Yoast SEO plugin v25.4 - https:\/\/yoast.com\/wordpress\/plugins\/seo\/ -->\n<title>Stokes Booster | Advancedvacuum<\/title>\n<meta name=\"robots\" content=\"index, follow, max-snippet:-1, max-image-preview:large, max-video-preview:-1\" \/>\n<link rel=\"canonical\" href=\"https:\/\/www.advancedvacuum.se\/sv\/produkt\/stokes-booster\/\" \/>\n<meta property=\"og:locale\" content=\"sv_SE\" \/>\n<meta property=\"og:type\" content=\"article\" \/>\n<meta property=\"og:title\" content=\"Stokes Booster | Advancedvacuum\" \/>\n<meta property=\"og:description\" content=\"Stokes 6\u201d-seriens mekaniska boosters \u00e4r designade f\u00f6r att anv\u00e4ndas i kombination med roterande kolv, torrvakuum, roterande skovel, v\u00e4tskering eller p\u00e5 inloppet av st\u00f6dpumpen f\u00f6r att skapa ett kompakt integrerat paket f\u00f6r att \u00f6ka pumphastigheten vid arbetstryck och minska pumpen stillest\u00e5ndstid avsev\u00e4rt.\" \/>\n<meta property=\"og:url\" content=\"https:\/\/www.advancedvacuum.se\/sv\/produkt\/stokes-booster\/\" \/>\n<meta property=\"og:site_name\" content=\"Advancedvacuum\" \/>\n<meta property=\"article:modified_time\" content=\"2024-09-21T14:29:29+00:00\" \/>\n<meta property=\"og:image\" content=\"https:\/\/www.advancedvacuum.se\/wp-content\/uploads\/2024\/09\/Stokes-Booster.png\" \/>\n\t<meta property=\"og:image:width\" content=\"625\" \/>\n\t<meta property=\"og:image:height\" content=\"350\" \/>\n\t<meta property=\"og:image:type\" content=\"image\/png\" \/>\n<meta name=\"twitter:card\" content=\"summary_large_image\" \/>\n<script type=\"application\/ld+json\" class=\"yoast-schema-graph\">{\"@context\":\"https:\/\/schema.org\",\"@graph\":[{\"@type\":\"WebPage\",\"@id\":\"https:\/\/www.advancedvacuum.se\/sv\/produkt\/stokes-booster\/\",\"url\":\"https:\/\/www.advancedvacuum.se\/sv\/produkt\/stokes-booster\/\",\"name\":\"Stokes Booster | Advancedvacuum\",\"isPartOf\":{\"@id\":\"https:\/\/www.advancedvacuum.se\/sv\/#website\"},\"primaryImageOfPage\":{\"@id\":\"https:\/\/www.advancedvacuum.se\/sv\/produkt\/stokes-booster\/#primaryimage\"},\"image\":{\"@id\":\"https:\/\/www.advancedvacuum.se\/sv\/produkt\/stokes-booster\/#primaryimage\"},\"thumbnailUrl\":\"https:\/\/www.advancedvacuum.se\/wp-content\/uploads\/2024\/09\/Stokes-Booster.png\",\"datePublished\":\"2024-09-04T14:35:00+00:00\",\"dateModified\":\"2024-09-21T14:29:29+00:00\",\"breadcrumb\":{\"@id\":\"https:\/\/www.advancedvacuum.se\/sv\/produkt\/stokes-booster\/#breadcrumb\"},\"inLanguage\":\"sv-SE\",\"potentialAction\":[{\"@type\":\"ReadAction\",\"target\":[\"https:\/\/www.advancedvacuum.se\/sv\/produkt\/stokes-booster\/\"]}]},{\"@type\":\"ImageObject\",\"inLanguage\":\"sv-SE\",\"@id\":\"https:\/\/www.advancedvacuum.se\/sv\/produkt\/stokes-booster\/#primaryimage\",\"url\":\"https:\/\/www.advancedvacuum.se\/wp-content\/uploads\/2024\/09\/Stokes-Booster.png\",\"contentUrl\":\"https:\/\/www.advancedvacuum.se\/wp-content\/uploads\/2024\/09\/Stokes-Booster.png\",\"width\":625,\"height\":350},{\"@type\":\"BreadcrumbList\",\"@id\":\"https:\/\/www.advancedvacuum.se\/sv\/produkt\/stokes-booster\/#breadcrumb\",\"itemListElement\":[{\"@type\":\"ListItem\",\"position\":1,\"name\":\"Home\",\"item\":\"https:\/\/www.advancedvacuum.se\/sv\/\"},{\"@type\":\"ListItem\",\"position\":2,\"name\":\"Butik\",\"item\":\"https:\/\/www.advancedvacuum.se\/sv\/butik\/\"},{\"@type\":\"ListItem\",\"position\":3,\"name\":\"Stokes Booster\"}]},{\"@type\":\"WebSite\",\"@id\":\"https:\/\/www.advancedvacuum.se\/sv\/#website\",\"url\":\"https:\/\/www.advancedvacuum.se\/sv\/\",\"name\":\"Advanced Vacuum\",\"description\":\"\",\"publisher\":{\"@id\":\"https:\/\/www.advancedvacuum.se\/sv\/#organization\"},\"potentialAction\":[{\"@type\":\"SearchAction\",\"target\":{\"@type\":\"EntryPoint\",\"urlTemplate\":\"https:\/\/www.advancedvacuum.se\/sv\/?s={search_term_string}\"},\"query-input\":{\"@type\":\"PropertyValueSpecification\",\"valueRequired\":true,\"valueName\":\"search_term_string\"}}],\"inLanguage\":\"sv-SE\"},{\"@type\":\"Organization\",\"@id\":\"https:\/\/www.advancedvacuum.se\/sv\/#organization\",\"name\":\"Advanced Vacuum\",\"url\":\"https:\/\/www.advancedvacuum.se\/sv\/\",\"logo\":{\"@type\":\"ImageObject\",\"inLanguage\":\"sv-SE\",\"@id\":\"https:\/\/www.advancedvacuum.se\/sv\/#\/schema\/logo\/image\/\",\"url\":\"https:\/\/www.advancedvacuum.se\/wp-content\/uploads\/2025\/03\/logo.png\",\"contentUrl\":\"https:\/\/www.advancedvacuum.se\/wp-content\/uploads\/2025\/03\/logo.png\",\"width\":280,\"height\":92,\"caption\":\"Advanced Vacuum\"},\"image\":{\"@id\":\"https:\/\/www.advancedvacuum.se\/sv\/#\/schema\/logo\/image\/\"}}]}<\/script>\n<!-- \/ Yoast SEO plugin. -->","yoast_head_json":{"title":"Stokes Booster | Advancedvacuum","robots":{"index":"index","follow":"follow","max-snippet":"max-snippet:-1","max-image-preview":"max-image-preview:large","max-video-preview":"max-video-preview:-1"},"canonical":"https:\/\/www.advancedvacuum.se\/sv\/produkt\/stokes-booster\/","og_locale":"sv_SE","og_type":"article","og_title":"Stokes Booster | Advancedvacuum","og_description":"Stokes 6\u201d-seriens mekaniska boosters \u00e4r designade f\u00f6r att anv\u00e4ndas i kombination med roterande kolv, torrvakuum, roterande skovel, v\u00e4tskering eller p\u00e5 inloppet av st\u00f6dpumpen f\u00f6r att skapa ett kompakt integrerat paket f\u00f6r att \u00f6ka pumphastigheten vid arbetstryck och minska pumpen stillest\u00e5ndstid avsev\u00e4rt.","og_url":"https:\/\/www.advancedvacuum.se\/sv\/produkt\/stokes-booster\/","og_site_name":"Advancedvacuum","article_modified_time":"2024-09-21T14:29:29+00:00","og_image":[{"width":625,"height":350,"url":"https:\/\/www.advancedvacuum.se\/wp-content\/uploads\/2024\/09\/Stokes-Booster.png","type":"image\/png"}],"twitter_card":"summary_large_image","schema":{"@context":"https:\/\/schema.org","@graph":[{"@type":"WebPage","@id":"https:\/\/www.advancedvacuum.se\/sv\/produkt\/stokes-booster\/","url":"https:\/\/www.advancedvacuum.se\/sv\/produkt\/stokes-booster\/","name":"Stokes Booster | Advancedvacuum","isPartOf":{"@id":"https:\/\/www.advancedvacuum.se\/sv\/#website"},"primaryImageOfPage":{"@id":"https:\/\/www.advancedvacuum.se\/sv\/produkt\/stokes-booster\/#primaryimage"},"image":{"@id":"https:\/\/www.advancedvacuum.se\/sv\/produkt\/stokes-booster\/#primaryimage"},"thumbnailUrl":"https:\/\/www.advancedvacuum.se\/wp-content\/uploads\/2024\/09\/Stokes-Booster.png","datePublished":"2024-09-04T14:35:00+00:00","dateModified":"2024-09-21T14:29:29+00:00","breadcrumb":{"@id":"https:\/\/www.advancedvacuum.se\/sv\/produkt\/stokes-booster\/#breadcrumb"},"inLanguage":"sv-SE","potentialAction":[{"@type":"ReadAction","target":["https:\/\/www.advancedvacuum.se\/sv\/produkt\/stokes-booster\/"]}]},{"@type":"ImageObject","inLanguage":"sv-SE","@id":"https:\/\/www.advancedvacuum.se\/sv\/produkt\/stokes-booster\/#primaryimage","url":"https:\/\/www.advancedvacuum.se\/wp-content\/uploads\/2024\/09\/Stokes-Booster.png","contentUrl":"https:\/\/www.advancedvacuum.se\/wp-content\/uploads\/2024\/09\/Stokes-Booster.png","width":625,"height":350},{"@type":"BreadcrumbList","@id":"https:\/\/www.advancedvacuum.se\/sv\/produkt\/stokes-booster\/#breadcrumb","itemListElement":[{"@type":"ListItem","position":1,"name":"Home","item":"https:\/\/www.advancedvacuum.se\/sv\/"},{"@type":"ListItem","position":2,"name":"Butik","item":"https:\/\/www.advancedvacuum.se\/sv\/butik\/"},{"@type":"ListItem","position":3,"name":"Stokes Booster"}]},{"@type":"WebSite","@id":"https:\/\/www.advancedvacuum.se\/sv\/#website","url":"https:\/\/www.advancedvacuum.se\/sv\/","name":"Advanced Vacuum","description":"","publisher":{"@id":"https:\/\/www.advancedvacuum.se\/sv\/#organization"},"potentialAction":[{"@type":"SearchAction","target":{"@type":"EntryPoint","urlTemplate":"https:\/\/www.advancedvacuum.se\/sv\/?s={search_term_string}"},"query-input":{"@type":"PropertyValueSpecification","valueRequired":true,"valueName":"search_term_string"}}],"inLanguage":"sv-SE"},{"@type":"Organization","@id":"https:\/\/www.advancedvacuum.se\/sv\/#organization","name":"Advanced Vacuum","url":"https:\/\/www.advancedvacuum.se\/sv\/","logo":{"@type":"ImageObject","inLanguage":"sv-SE","@id":"https:\/\/www.advancedvacuum.se\/sv\/#\/schema\/logo\/image\/","url":"https:\/\/www.advancedvacuum.se\/wp-content\/uploads\/2025\/03\/logo.png","contentUrl":"https:\/\/www.advancedvacuum.se\/wp-content\/uploads\/2025\/03\/logo.png","width":280,"height":92,"caption":"Advanced Vacuum"},"image":{"@id":"https:\/\/www.advancedvacuum.se\/sv\/#\/schema\/logo\/image\/"}}]}},"_links":{"self":[{"href":"https:\/\/www.advancedvacuum.se\/sv\/wp-json\/wp\/v2\/product\/2040","targetHints":{"allow":["GET"]}}],"collection":[{"href":"https:\/\/www.advancedvacuum.se\/sv\/wp-json\/wp\/v2\/product"}],"about":[{"href":"https:\/\/www.advancedvacuum.se\/sv\/wp-json\/wp\/v2\/types\/product"}],"replies":[{"embeddable":true,"href":"https:\/\/www.advancedvacuum.se\/sv\/wp-json\/wp\/v2\/comments?post=2040"}],"wp:featuredmedia":[{"embeddable":true,"href":"https:\/\/www.advancedvacuum.se\/sv\/wp-json\/wp\/v2\/media\/1499"}],"wp:attachment":[{"href":"https:\/\/www.advancedvacuum.se\/sv\/wp-json\/wp\/v2\/media?parent=2040"}],"wp:term":[{"taxonomy":"product_brand","embeddable":true,"href":"https:\/\/www.advancedvacuum.se\/sv\/wp-json\/wp\/v2\/product_brand?post=2040"},{"taxonomy":"product_cat","embeddable":true,"href":"https:\/\/www.advancedvacuum.se\/sv\/wp-json\/wp\/v2\/product_cat?post=2040"},{"taxonomy":"product_tag","embeddable":true,"href":"https:\/\/www.advancedvacuum.se\/sv\/wp-json\/wp\/v2\/product_tag?post=2040"}],"curies":[{"name":"wp","href":"https:\/\/api.w.org\/{rel}","templated":true}]}}