{"id":2057,"date":"2024-09-03T16:17:04","date_gmt":"2024-09-03T14:17:04","guid":{"rendered":"https:\/\/www.advancedvacuum.se\/produkt\/silicone-fluids\/"},"modified":"2024-09-21T05:53:41","modified_gmt":"2024-09-21T03:53:41","slug":"silicone-fluids","status":"publish","type":"product","link":"https:\/\/www.advancedvacuum.se\/sv\/produkt\/silicone-fluids\/","title":{"rendered":"Silikonv\u00e4tskor"},"content":{"rendered":"","protected":false},"excerpt":{"rendered":"<div id=\"s-5f68f44e-3f55-480d-8e96-a95fe3fe069e\" class=\"shg-c \">\n<div class=\"shogun-container\">\n<div id=\"s-81ba8ff1-1a5e-4879-9263-091d5bad4030\" class=\"shg-c shg-align-left\">\n<p>Dessa syntetiska v\u00e4tskor \u00e4r organiska kiseloxidpolymerer och har exceptionell kemisk stabilitet b\u00e5de vid h\u00f6ga temperaturer och n\u00e4r de kommer i kontakt med de flesta gaser och \u00e5ngor. De tillhandah\u00e5ller en rad allm\u00e4nna v\u00e4tskor f\u00f6r slutligt vakuum fr\u00e5n cirka 10\u207b\u2075 till 10\u207b\u2079 mbar, och \u00e4r s\u00e4rskilt anv\u00e4ndbara i industriella processtill\u00e4mpningar p\u00e5 grund av deras exceptionella robusthet. H\u00f6g genomstr\u00f6mning av luft, vatten\u00e5nga och korrosiva gaser kan pumpas utan v\u00e4tskenedbrytning. V\u00e4tskorna kan motst\u00e5 upprepat insl\u00e4pp av atmosf\u00e4risk luft vid drifttemperatur och anv\u00e4nds i stor utstr\u00e4ckning i ventill\u00f6sa snabbcykelpumpar. De har l\u00e5g toxicitet och god motst\u00e5ndskraft mot gammastr\u00e5lning.<\/p>\n<p>V\u00e4tskenedbrytningsprodukter (p\u00e5 grund av bombardement och s\u00e5 vidare) tenderar att vara elektriskt isolerande och d\u00e4rf\u00f6r rekommenderar vi inte dessa v\u00e4tskor f\u00f6r fysiska elektroniska applikationer som masspektrometrar och ytanalyssystem. V\u00e4tskorna \u00e4r likgiltiga sm\u00f6rjmedel. Deras nedbrytning katalyseras av sp\u00e5r av alkalimetaller (till exempel cesium) och anv\u00e4ndningen av dem b\u00f6r undvikas om m\u00f6jligt.<\/p>\n<\/div>\n<\/div>\n<\/div>\n<div id=\"s-504e5b2b-2dc6-46f3-87cd-ebd948d051aa\" class=\"shg-c \">\n<div class=\"shogun-container\">\n<div id=\"s-65c4a061-a670-4fce-abad-5531c39e1554\" class=\"shg-c \">\n<div class=\"shogun-container\">\n<div id=\"s-b6184ddc-bad1-4a98-a4d2-537db7710a03\" class=\"shg-c shg-align-left\"><\/div>\n<\/div>\n<\/div>\n<\/div>\n<\/div>\n","protected":false},"featured_media":1882,"comment_status":"open","ping_status":"closed","template":"","meta":{"_acf_changed":false},"product_brand":[],"product_cat":[83],"product_tag":[],"class_list":{"0":"post-2057","1":"product","2":"type-product","3":"status-publish","4":"has-post-thumbnail","6":"product_cat-oils-lubricants-sv","8":"first","9":"instock","10":"shipping-taxable","11":"product-type-simple"},"acf":[],"yoast_head":"<!-- This site is optimized with the Yoast SEO plugin v25.4 - https:\/\/yoast.com\/wordpress\/plugins\/seo\/ -->\n<title>Silikonv\u00e4tskor | Advancedvacuum<\/title>\n<meta name=\"robots\" content=\"index, follow, max-snippet:-1, max-image-preview:large, max-video-preview:-1\" \/>\n<link rel=\"canonical\" href=\"https:\/\/www.advancedvacuum.se\/sv\/produkt\/silicone-fluids\/\" \/>\n<meta property=\"og:locale\" content=\"sv_SE\" \/>\n<meta property=\"og:type\" content=\"article\" \/>\n<meta property=\"og:title\" content=\"Silikonv\u00e4tskor | Advancedvacuum\" \/>\n<meta property=\"og:description\" content=\"Dessa syntetiska v\u00e4tskor \u00e4r organiska kiseloxidpolymerer och har exceptionell kemisk stabilitet b\u00e5de vid h\u00f6ga temperaturer och n\u00e4r de kommer i kontakt med de flesta gaser och \u00e5ngor. De tillhandah\u00e5ller en rad allm\u00e4nna v\u00e4tskor f\u00f6r slutligt vakuum fr\u00e5n cirka 10\u207b\u2075 till 10\u207b\u2079 mbar, och \u00e4r s\u00e4rskilt anv\u00e4ndbara i industriella processtill\u00e4mpningar p\u00e5 grund av deras exceptionella robusthet. H\u00f6g genomstr\u00f6mning av luft, vatten\u00e5nga och korrosiva gaser kan pumpas utan v\u00e4tskenedbrytning. V\u00e4tskorna kan motst\u00e5 upprepat insl\u00e4pp av atmosf\u00e4risk luft vid drifttemperatur och anv\u00e4nds i stor utstr\u00e4ckning i ventill\u00f6sa snabbcykelpumpar. De har l\u00e5g toxicitet och god motst\u00e5ndskraft mot gammastr\u00e5lning.  V\u00e4tskenedbrytningsprodukter (p\u00e5 grund av bombardement och s\u00e5 vidare) tenderar att vara elektriskt isolerande och d\u00e4rf\u00f6r rekommenderar vi inte dessa v\u00e4tskor f\u00f6r fysiska elektroniska applikationer som masspektrometrar och ytanalyssystem. V\u00e4tskorna \u00e4r likgiltiga sm\u00f6rjmedel. Deras nedbrytning katalyseras av sp\u00e5r av alkalimetaller (till exempel cesium) och anv\u00e4ndningen av dem b\u00f6r undvikas om m\u00f6jligt.\" \/>\n<meta property=\"og:url\" content=\"https:\/\/www.advancedvacuum.se\/sv\/produkt\/silicone-fluids\/\" \/>\n<meta property=\"og:site_name\" content=\"Advancedvacuum\" \/>\n<meta property=\"article:modified_time\" content=\"2024-09-21T03:53:41+00:00\" \/>\n<meta property=\"og:image\" content=\"https:\/\/www.advancedvacuum.se\/wp-content\/uploads\/2024\/09\/SiliconeFluids.png\" \/>\n\t<meta property=\"og:image:width\" content=\"200\" \/>\n\t<meta property=\"og:image:height\" content=\"200\" \/>\n\t<meta property=\"og:image:type\" content=\"image\/png\" \/>\n<meta name=\"twitter:card\" content=\"summary_large_image\" \/>\n<script type=\"application\/ld+json\" class=\"yoast-schema-graph\">{\"@context\":\"https:\/\/schema.org\",\"@graph\":[{\"@type\":\"WebPage\",\"@id\":\"https:\/\/www.advancedvacuum.se\/sv\/produkt\/silicone-fluids\/\",\"url\":\"https:\/\/www.advancedvacuum.se\/sv\/produkt\/silicone-fluids\/\",\"name\":\"Silikonv\u00e4tskor | Advancedvacuum\",\"isPartOf\":{\"@id\":\"https:\/\/www.advancedvacuum.se\/sv\/#website\"},\"primaryImageOfPage\":{\"@id\":\"https:\/\/www.advancedvacuum.se\/sv\/produkt\/silicone-fluids\/#primaryimage\"},\"image\":{\"@id\":\"https:\/\/www.advancedvacuum.se\/sv\/produkt\/silicone-fluids\/#primaryimage\"},\"thumbnailUrl\":\"https:\/\/www.advancedvacuum.se\/wp-content\/uploads\/2024\/09\/SiliconeFluids.png\",\"datePublished\":\"2024-09-03T14:17:04+00:00\",\"dateModified\":\"2024-09-21T03:53:41+00:00\",\"breadcrumb\":{\"@id\":\"https:\/\/www.advancedvacuum.se\/sv\/produkt\/silicone-fluids\/#breadcrumb\"},\"inLanguage\":\"sv-SE\",\"potentialAction\":[{\"@type\":\"ReadAction\",\"target\":[\"https:\/\/www.advancedvacuum.se\/sv\/produkt\/silicone-fluids\/\"]}]},{\"@type\":\"ImageObject\",\"inLanguage\":\"sv-SE\",\"@id\":\"https:\/\/www.advancedvacuum.se\/sv\/produkt\/silicone-fluids\/#primaryimage\",\"url\":\"https:\/\/www.advancedvacuum.se\/wp-content\/uploads\/2024\/09\/SiliconeFluids.png\",\"contentUrl\":\"https:\/\/www.advancedvacuum.se\/wp-content\/uploads\/2024\/09\/SiliconeFluids.png\",\"width\":200,\"height\":200,\"caption\":\"Silicone Fluids\"},{\"@type\":\"BreadcrumbList\",\"@id\":\"https:\/\/www.advancedvacuum.se\/sv\/produkt\/silicone-fluids\/#breadcrumb\",\"itemListElement\":[{\"@type\":\"ListItem\",\"position\":1,\"name\":\"Home\",\"item\":\"https:\/\/www.advancedvacuum.se\/sv\/\"},{\"@type\":\"ListItem\",\"position\":2,\"name\":\"Butik\",\"item\":\"https:\/\/www.advancedvacuum.se\/sv\/butik\/\"},{\"@type\":\"ListItem\",\"position\":3,\"name\":\"Silikonv\u00e4tskor\"}]},{\"@type\":\"WebSite\",\"@id\":\"https:\/\/www.advancedvacuum.se\/sv\/#website\",\"url\":\"https:\/\/www.advancedvacuum.se\/sv\/\",\"name\":\"Advanced Vacuum\",\"description\":\"\",\"publisher\":{\"@id\":\"https:\/\/www.advancedvacuum.se\/sv\/#organization\"},\"potentialAction\":[{\"@type\":\"SearchAction\",\"target\":{\"@type\":\"EntryPoint\",\"urlTemplate\":\"https:\/\/www.advancedvacuum.se\/sv\/?s={search_term_string}\"},\"query-input\":{\"@type\":\"PropertyValueSpecification\",\"valueRequired\":true,\"valueName\":\"search_term_string\"}}],\"inLanguage\":\"sv-SE\"},{\"@type\":\"Organization\",\"@id\":\"https:\/\/www.advancedvacuum.se\/sv\/#organization\",\"name\":\"Advanced Vacuum\",\"url\":\"https:\/\/www.advancedvacuum.se\/sv\/\",\"logo\":{\"@type\":\"ImageObject\",\"inLanguage\":\"sv-SE\",\"@id\":\"https:\/\/www.advancedvacuum.se\/sv\/#\/schema\/logo\/image\/\",\"url\":\"https:\/\/www.advancedvacuum.se\/wp-content\/uploads\/2025\/03\/logo.png\",\"contentUrl\":\"https:\/\/www.advancedvacuum.se\/wp-content\/uploads\/2025\/03\/logo.png\",\"width\":280,\"height\":92,\"caption\":\"Advanced Vacuum\"},\"image\":{\"@id\":\"https:\/\/www.advancedvacuum.se\/sv\/#\/schema\/logo\/image\/\"}}]}<\/script>\n<!-- \/ Yoast SEO plugin. -->","yoast_head_json":{"title":"Silikonv\u00e4tskor | Advancedvacuum","robots":{"index":"index","follow":"follow","max-snippet":"max-snippet:-1","max-image-preview":"max-image-preview:large","max-video-preview":"max-video-preview:-1"},"canonical":"https:\/\/www.advancedvacuum.se\/sv\/produkt\/silicone-fluids\/","og_locale":"sv_SE","og_type":"article","og_title":"Silikonv\u00e4tskor | Advancedvacuum","og_description":"Dessa syntetiska v\u00e4tskor \u00e4r organiska kiseloxidpolymerer och har exceptionell kemisk stabilitet b\u00e5de vid h\u00f6ga temperaturer och n\u00e4r de kommer i kontakt med de flesta gaser och \u00e5ngor. De tillhandah\u00e5ller en rad allm\u00e4nna v\u00e4tskor f\u00f6r slutligt vakuum fr\u00e5n cirka 10\u207b\u2075 till 10\u207b\u2079 mbar, och \u00e4r s\u00e4rskilt anv\u00e4ndbara i industriella processtill\u00e4mpningar p\u00e5 grund av deras exceptionella robusthet. H\u00f6g genomstr\u00f6mning av luft, vatten\u00e5nga och korrosiva gaser kan pumpas utan v\u00e4tskenedbrytning. V\u00e4tskorna kan motst\u00e5 upprepat insl\u00e4pp av atmosf\u00e4risk luft vid drifttemperatur och anv\u00e4nds i stor utstr\u00e4ckning i ventill\u00f6sa snabbcykelpumpar. De har l\u00e5g toxicitet och god motst\u00e5ndskraft mot gammastr\u00e5lning.  V\u00e4tskenedbrytningsprodukter (p\u00e5 grund av bombardement och s\u00e5 vidare) tenderar att vara elektriskt isolerande och d\u00e4rf\u00f6r rekommenderar vi inte dessa v\u00e4tskor f\u00f6r fysiska elektroniska applikationer som masspektrometrar och ytanalyssystem. V\u00e4tskorna \u00e4r likgiltiga sm\u00f6rjmedel. Deras nedbrytning katalyseras av sp\u00e5r av alkalimetaller (till exempel cesium) och anv\u00e4ndningen av dem b\u00f6r undvikas om m\u00f6jligt.","og_url":"https:\/\/www.advancedvacuum.se\/sv\/produkt\/silicone-fluids\/","og_site_name":"Advancedvacuum","article_modified_time":"2024-09-21T03:53:41+00:00","og_image":[{"width":200,"height":200,"url":"https:\/\/www.advancedvacuum.se\/wp-content\/uploads\/2024\/09\/SiliconeFluids.png","type":"image\/png"}],"twitter_card":"summary_large_image","schema":{"@context":"https:\/\/schema.org","@graph":[{"@type":"WebPage","@id":"https:\/\/www.advancedvacuum.se\/sv\/produkt\/silicone-fluids\/","url":"https:\/\/www.advancedvacuum.se\/sv\/produkt\/silicone-fluids\/","name":"Silikonv\u00e4tskor | Advancedvacuum","isPartOf":{"@id":"https:\/\/www.advancedvacuum.se\/sv\/#website"},"primaryImageOfPage":{"@id":"https:\/\/www.advancedvacuum.se\/sv\/produkt\/silicone-fluids\/#primaryimage"},"image":{"@id":"https:\/\/www.advancedvacuum.se\/sv\/produkt\/silicone-fluids\/#primaryimage"},"thumbnailUrl":"https:\/\/www.advancedvacuum.se\/wp-content\/uploads\/2024\/09\/SiliconeFluids.png","datePublished":"2024-09-03T14:17:04+00:00","dateModified":"2024-09-21T03:53:41+00:00","breadcrumb":{"@id":"https:\/\/www.advancedvacuum.se\/sv\/produkt\/silicone-fluids\/#breadcrumb"},"inLanguage":"sv-SE","potentialAction":[{"@type":"ReadAction","target":["https:\/\/www.advancedvacuum.se\/sv\/produkt\/silicone-fluids\/"]}]},{"@type":"ImageObject","inLanguage":"sv-SE","@id":"https:\/\/www.advancedvacuum.se\/sv\/produkt\/silicone-fluids\/#primaryimage","url":"https:\/\/www.advancedvacuum.se\/wp-content\/uploads\/2024\/09\/SiliconeFluids.png","contentUrl":"https:\/\/www.advancedvacuum.se\/wp-content\/uploads\/2024\/09\/SiliconeFluids.png","width":200,"height":200,"caption":"Silicone Fluids"},{"@type":"BreadcrumbList","@id":"https:\/\/www.advancedvacuum.se\/sv\/produkt\/silicone-fluids\/#breadcrumb","itemListElement":[{"@type":"ListItem","position":1,"name":"Home","item":"https:\/\/www.advancedvacuum.se\/sv\/"},{"@type":"ListItem","position":2,"name":"Butik","item":"https:\/\/www.advancedvacuum.se\/sv\/butik\/"},{"@type":"ListItem","position":3,"name":"Silikonv\u00e4tskor"}]},{"@type":"WebSite","@id":"https:\/\/www.advancedvacuum.se\/sv\/#website","url":"https:\/\/www.advancedvacuum.se\/sv\/","name":"Advanced Vacuum","description":"","publisher":{"@id":"https:\/\/www.advancedvacuum.se\/sv\/#organization"},"potentialAction":[{"@type":"SearchAction","target":{"@type":"EntryPoint","urlTemplate":"https:\/\/www.advancedvacuum.se\/sv\/?s={search_term_string}"},"query-input":{"@type":"PropertyValueSpecification","valueRequired":true,"valueName":"search_term_string"}}],"inLanguage":"sv-SE"},{"@type":"Organization","@id":"https:\/\/www.advancedvacuum.se\/sv\/#organization","name":"Advanced Vacuum","url":"https:\/\/www.advancedvacuum.se\/sv\/","logo":{"@type":"ImageObject","inLanguage":"sv-SE","@id":"https:\/\/www.advancedvacuum.se\/sv\/#\/schema\/logo\/image\/","url":"https:\/\/www.advancedvacuum.se\/wp-content\/uploads\/2025\/03\/logo.png","contentUrl":"https:\/\/www.advancedvacuum.se\/wp-content\/uploads\/2025\/03\/logo.png","width":280,"height":92,"caption":"Advanced Vacuum"},"image":{"@id":"https:\/\/www.advancedvacuum.se\/sv\/#\/schema\/logo\/image\/"}}]}},"_links":{"self":[{"href":"https:\/\/www.advancedvacuum.se\/sv\/wp-json\/wp\/v2\/product\/2057","targetHints":{"allow":["GET"]}}],"collection":[{"href":"https:\/\/www.advancedvacuum.se\/sv\/wp-json\/wp\/v2\/product"}],"about":[{"href":"https:\/\/www.advancedvacuum.se\/sv\/wp-json\/wp\/v2\/types\/product"}],"replies":[{"embeddable":true,"href":"https:\/\/www.advancedvacuum.se\/sv\/wp-json\/wp\/v2\/comments?post=2057"}],"wp:featuredmedia":[{"embeddable":true,"href":"https:\/\/www.advancedvacuum.se\/sv\/wp-json\/wp\/v2\/media\/1882"}],"wp:attachment":[{"href":"https:\/\/www.advancedvacuum.se\/sv\/wp-json\/wp\/v2\/media?parent=2057"}],"wp:term":[{"taxonomy":"product_brand","embeddable":true,"href":"https:\/\/www.advancedvacuum.se\/sv\/wp-json\/wp\/v2\/product_brand?post=2057"},{"taxonomy":"product_cat","embeddable":true,"href":"https:\/\/www.advancedvacuum.se\/sv\/wp-json\/wp\/v2\/product_cat?post=2057"},{"taxonomy":"product_tag","embeddable":true,"href":"https:\/\/www.advancedvacuum.se\/sv\/wp-json\/wp\/v2\/product_tag?post=2057"}],"curies":[{"name":"wp","href":"https:\/\/api.w.org\/{rel}","templated":true}]}}