{"id":2073,"date":"2024-09-03T13:47:37","date_gmt":"2024-09-03T11:47:37","guid":{"rendered":"https:\/\/www.advancedvacuum.se\/produkt\/active-ion-gauge\/"},"modified":"2024-09-20T16:15:46","modified_gmt":"2024-09-20T14:15:46","slug":"active-ion-gauge","status":"publish","type":"product","link":"https:\/\/www.advancedvacuum.se\/sv\/produkt\/active-ion-gauge\/","title":{"rendered":"Aktiv jonm\u00e4tare"},"content":{"rendered":"<div id=\"s-1564cfad-7975-427c-9b5a-05c8b533823f\" class=\"shg-c \">\n<div class=\"shg-rich-text shg-theme-text-content\">\n<h3>Fullst\u00e4ndig 8-decenniers m\u00e4tkapacitet, till 6,6&#215;10\u207b\u00b9 mbar<\/h3>\n<\/div>\n<\/div>\n<div id=\"s-922ce581-6084-408d-89c5-bce7a220011b\" class=\"shg-c \">\n<div class=\"shg-rich-text shg-theme-text-content\">\n<h3>Tv\u00e5 versioner tillg\u00e4ngliga<\/h3>\n<\/div>\n<\/div>\n<div id=\"s-18269167-9630-405d-a9bf-492956aafbd6\" class=\"shg-c \">\n<div class=\"shg-rich-text shg-theme-text-content\">\n<p>var och en med tre vakuumkopplingsvarianter: &#8217;D&#8217;-versioner har en 9-stifts &#8217;D&#8217;-kontakt och standardgr\u00e4nssnitt;<\/p>\n<\/div>\n<\/div>\n<div id=\"s-f90a564f-cf6e-4fbd-87a8-ad67bd8a5f18\" class=\"shg-c shg-align-left\">\n<div class=\"shg-rich-text shg-theme-text-content\">\n<h3>Upp till en trettiofaldig minskning av kontaminering av laddade partiklars processer j\u00e4mf\u00f6rt med ledande konkurrenter.<\/h3>\n<\/div>\n<\/div>\n<div id=\"s-f97e783e-e68b-4825-bd16-307266128d67\" class=\"shg-c \">\n<div class=\"shg-rich-text shg-theme-text-content\">\n<h3>Automatiskt filamentskydd mot att sl\u00e5s p\u00e5 vid atmosf\u00e4r och k\u00f6rning eller avgasning vid h\u00f6gt tryck.<\/h3>\n<\/div>\n<\/div>\n","protected":false},"excerpt":{"rendered":"<p>Active Ion Gauge (AIGX) \u00e4r en kompakt aktiv jonm\u00e4tare med dubbla yttriumoxidbelagda iridiumfilament, ett brett m\u00e4tomr\u00e5de fr\u00e5n 6,6&#215;10\u207b\u00b2 till 6,6&#215;10\u207b\u00b9\u2070 mbar och en linj\u00e4r uteffekt p\u00e5 1 Volt\/dekad.<\/p>\n<p>AIGX inneh\u00e5ller alla f\u00f6rdelar med industristandardkonceptet f\u00f6r aktiv m\u00e4tning, med integrerad elektronik och utbytbart r\u00f6r. M\u00e4taren har en avgasningsfunktion och inkluderar funktioner f\u00f6r att skydda och f\u00f6rl\u00e4nga livsl\u00e4ngden p\u00e5 gl\u00f6dtr\u00e5darna.<\/p>\n<p>AIGX drar nytta av extremt l\u00e5ga utsl\u00e4pp av laddade partiklar, vilket g\u00f6r den till ett utm\u00e4rkt val f\u00f6r processer d\u00e4r bakgrundsljud inte \u00e4r \u00f6nskv\u00e4rt.<\/p>\n","protected":false},"featured_media":1379,"comment_status":"open","ping_status":"closed","template":"","meta":{"_acf_changed":false},"product_brand":[],"product_cat":[77],"product_tag":[],"class_list":{"0":"post-2073","1":"product","2":"type-product","3":"status-publish","4":"has-post-thumbnail","6":"product_cat-instrumentation-sv","8":"first","9":"instock","10":"shipping-taxable","11":"product-type-simple"},"acf":[],"yoast_head":"<!-- This site is optimized with the Yoast SEO plugin v25.4 - https:\/\/yoast.com\/wordpress\/plugins\/seo\/ -->\n<title>Aktiv jonm\u00e4tare | Advancedvacuum<\/title>\n<meta name=\"robots\" content=\"index, follow, max-snippet:-1, max-image-preview:large, max-video-preview:-1\" \/>\n<link rel=\"canonical\" href=\"https:\/\/www.advancedvacuum.se\/sv\/produkt\/active-ion-gauge\/\" \/>\n<meta property=\"og:locale\" content=\"sv_SE\" \/>\n<meta property=\"og:type\" content=\"article\" \/>\n<meta property=\"og:title\" content=\"Aktiv jonm\u00e4tare | Advancedvacuum\" \/>\n<meta property=\"og:description\" content=\"Active Ion Gauge (AIGX) \u00e4r en kompakt aktiv jonm\u00e4tare med dubbla yttriumoxidbelagda iridiumfilament, ett brett m\u00e4tomr\u00e5de fr\u00e5n 6,6x10\u207b\u00b2 till 6,6x10\u207b\u00b9\u2070 mbar och en linj\u00e4r uteffekt p\u00e5 1 Volt\/dekad.  AIGX inneh\u00e5ller alla f\u00f6rdelar med industristandardkonceptet f\u00f6r aktiv m\u00e4tning, med integrerad elektronik och utbytbart r\u00f6r. M\u00e4taren har en avgasningsfunktion och inkluderar funktioner f\u00f6r att skydda och f\u00f6rl\u00e4nga livsl\u00e4ngden p\u00e5 gl\u00f6dtr\u00e5darna.  AIGX drar nytta av extremt l\u00e5ga utsl\u00e4pp av laddade partiklar, vilket g\u00f6r den till ett utm\u00e4rkt val f\u00f6r processer d\u00e4r bakgrundsljud inte \u00e4r \u00f6nskv\u00e4rt.\" \/>\n<meta property=\"og:url\" content=\"https:\/\/www.advancedvacuum.se\/sv\/produkt\/active-ion-gauge\/\" \/>\n<meta property=\"og:site_name\" content=\"Advancedvacuum\" \/>\n<meta property=\"article:modified_time\" content=\"2024-09-20T14:15:46+00:00\" \/>\n<meta property=\"og:image\" content=\"https:\/\/www.advancedvacuum.se\/wp-content\/uploads\/2024\/09\/Active-Ion-Gauge.png\" \/>\n\t<meta property=\"og:image:width\" content=\"262\" \/>\n\t<meta property=\"og:image:height\" content=\"350\" \/>\n\t<meta property=\"og:image:type\" content=\"image\/png\" \/>\n<meta name=\"twitter:card\" content=\"summary_large_image\" \/>\n<script type=\"application\/ld+json\" class=\"yoast-schema-graph\">{\"@context\":\"https:\/\/schema.org\",\"@graph\":[{\"@type\":\"WebPage\",\"@id\":\"https:\/\/www.advancedvacuum.se\/sv\/produkt\/active-ion-gauge\/\",\"url\":\"https:\/\/www.advancedvacuum.se\/sv\/produkt\/active-ion-gauge\/\",\"name\":\"Aktiv jonm\u00e4tare | Advancedvacuum\",\"isPartOf\":{\"@id\":\"https:\/\/www.advancedvacuum.se\/sv\/#website\"},\"primaryImageOfPage\":{\"@id\":\"https:\/\/www.advancedvacuum.se\/sv\/produkt\/active-ion-gauge\/#primaryimage\"},\"image\":{\"@id\":\"https:\/\/www.advancedvacuum.se\/sv\/produkt\/active-ion-gauge\/#primaryimage\"},\"thumbnailUrl\":\"https:\/\/www.advancedvacuum.se\/wp-content\/uploads\/2024\/09\/Active-Ion-Gauge.png\",\"datePublished\":\"2024-09-03T11:47:37+00:00\",\"dateModified\":\"2024-09-20T14:15:46+00:00\",\"breadcrumb\":{\"@id\":\"https:\/\/www.advancedvacuum.se\/sv\/produkt\/active-ion-gauge\/#breadcrumb\"},\"inLanguage\":\"sv-SE\",\"potentialAction\":[{\"@type\":\"ReadAction\",\"target\":[\"https:\/\/www.advancedvacuum.se\/sv\/produkt\/active-ion-gauge\/\"]}]},{\"@type\":\"ImageObject\",\"inLanguage\":\"sv-SE\",\"@id\":\"https:\/\/www.advancedvacuum.se\/sv\/produkt\/active-ion-gauge\/#primaryimage\",\"url\":\"https:\/\/www.advancedvacuum.se\/wp-content\/uploads\/2024\/09\/Active-Ion-Gauge.png\",\"contentUrl\":\"https:\/\/www.advancedvacuum.se\/wp-content\/uploads\/2024\/09\/Active-Ion-Gauge.png\",\"width\":262,\"height\":350},{\"@type\":\"BreadcrumbList\",\"@id\":\"https:\/\/www.advancedvacuum.se\/sv\/produkt\/active-ion-gauge\/#breadcrumb\",\"itemListElement\":[{\"@type\":\"ListItem\",\"position\":1,\"name\":\"Home\",\"item\":\"https:\/\/www.advancedvacuum.se\/sv\/\"},{\"@type\":\"ListItem\",\"position\":2,\"name\":\"Butik\",\"item\":\"https:\/\/www.advancedvacuum.se\/sv\/butik\/\"},{\"@type\":\"ListItem\",\"position\":3,\"name\":\"Aktiv jonm\u00e4tare\"}]},{\"@type\":\"WebSite\",\"@id\":\"https:\/\/www.advancedvacuum.se\/sv\/#website\",\"url\":\"https:\/\/www.advancedvacuum.se\/sv\/\",\"name\":\"Advanced Vacuum\",\"description\":\"\",\"publisher\":{\"@id\":\"https:\/\/www.advancedvacuum.se\/sv\/#organization\"},\"potentialAction\":[{\"@type\":\"SearchAction\",\"target\":{\"@type\":\"EntryPoint\",\"urlTemplate\":\"https:\/\/www.advancedvacuum.se\/sv\/?s={search_term_string}\"},\"query-input\":{\"@type\":\"PropertyValueSpecification\",\"valueRequired\":true,\"valueName\":\"search_term_string\"}}],\"inLanguage\":\"sv-SE\"},{\"@type\":\"Organization\",\"@id\":\"https:\/\/www.advancedvacuum.se\/sv\/#organization\",\"name\":\"Advanced Vacuum\",\"url\":\"https:\/\/www.advancedvacuum.se\/sv\/\",\"logo\":{\"@type\":\"ImageObject\",\"inLanguage\":\"sv-SE\",\"@id\":\"https:\/\/www.advancedvacuum.se\/sv\/#\/schema\/logo\/image\/\",\"url\":\"https:\/\/www.advancedvacuum.se\/wp-content\/uploads\/2025\/03\/logo.png\",\"contentUrl\":\"https:\/\/www.advancedvacuum.se\/wp-content\/uploads\/2025\/03\/logo.png\",\"width\":280,\"height\":92,\"caption\":\"Advanced Vacuum\"},\"image\":{\"@id\":\"https:\/\/www.advancedvacuum.se\/sv\/#\/schema\/logo\/image\/\"}}]}<\/script>\n<!-- \/ Yoast SEO plugin. -->","yoast_head_json":{"title":"Aktiv jonm\u00e4tare | Advancedvacuum","robots":{"index":"index","follow":"follow","max-snippet":"max-snippet:-1","max-image-preview":"max-image-preview:large","max-video-preview":"max-video-preview:-1"},"canonical":"https:\/\/www.advancedvacuum.se\/sv\/produkt\/active-ion-gauge\/","og_locale":"sv_SE","og_type":"article","og_title":"Aktiv jonm\u00e4tare | Advancedvacuum","og_description":"Active Ion Gauge (AIGX) \u00e4r en kompakt aktiv jonm\u00e4tare med dubbla yttriumoxidbelagda iridiumfilament, ett brett m\u00e4tomr\u00e5de fr\u00e5n 6,6x10\u207b\u00b2 till 6,6x10\u207b\u00b9\u2070 mbar och en linj\u00e4r uteffekt p\u00e5 1 Volt\/dekad.  AIGX inneh\u00e5ller alla f\u00f6rdelar med industristandardkonceptet f\u00f6r aktiv m\u00e4tning, med integrerad elektronik och utbytbart r\u00f6r. M\u00e4taren har en avgasningsfunktion och inkluderar funktioner f\u00f6r att skydda och f\u00f6rl\u00e4nga livsl\u00e4ngden p\u00e5 gl\u00f6dtr\u00e5darna.  AIGX drar nytta av extremt l\u00e5ga utsl\u00e4pp av laddade partiklar, vilket g\u00f6r den till ett utm\u00e4rkt val f\u00f6r processer d\u00e4r bakgrundsljud inte \u00e4r \u00f6nskv\u00e4rt.","og_url":"https:\/\/www.advancedvacuum.se\/sv\/produkt\/active-ion-gauge\/","og_site_name":"Advancedvacuum","article_modified_time":"2024-09-20T14:15:46+00:00","og_image":[{"width":262,"height":350,"url":"https:\/\/www.advancedvacuum.se\/wp-content\/uploads\/2024\/09\/Active-Ion-Gauge.png","type":"image\/png"}],"twitter_card":"summary_large_image","schema":{"@context":"https:\/\/schema.org","@graph":[{"@type":"WebPage","@id":"https:\/\/www.advancedvacuum.se\/sv\/produkt\/active-ion-gauge\/","url":"https:\/\/www.advancedvacuum.se\/sv\/produkt\/active-ion-gauge\/","name":"Aktiv jonm\u00e4tare | Advancedvacuum","isPartOf":{"@id":"https:\/\/www.advancedvacuum.se\/sv\/#website"},"primaryImageOfPage":{"@id":"https:\/\/www.advancedvacuum.se\/sv\/produkt\/active-ion-gauge\/#primaryimage"},"image":{"@id":"https:\/\/www.advancedvacuum.se\/sv\/produkt\/active-ion-gauge\/#primaryimage"},"thumbnailUrl":"https:\/\/www.advancedvacuum.se\/wp-content\/uploads\/2024\/09\/Active-Ion-Gauge.png","datePublished":"2024-09-03T11:47:37+00:00","dateModified":"2024-09-20T14:15:46+00:00","breadcrumb":{"@id":"https:\/\/www.advancedvacuum.se\/sv\/produkt\/active-ion-gauge\/#breadcrumb"},"inLanguage":"sv-SE","potentialAction":[{"@type":"ReadAction","target":["https:\/\/www.advancedvacuum.se\/sv\/produkt\/active-ion-gauge\/"]}]},{"@type":"ImageObject","inLanguage":"sv-SE","@id":"https:\/\/www.advancedvacuum.se\/sv\/produkt\/active-ion-gauge\/#primaryimage","url":"https:\/\/www.advancedvacuum.se\/wp-content\/uploads\/2024\/09\/Active-Ion-Gauge.png","contentUrl":"https:\/\/www.advancedvacuum.se\/wp-content\/uploads\/2024\/09\/Active-Ion-Gauge.png","width":262,"height":350},{"@type":"BreadcrumbList","@id":"https:\/\/www.advancedvacuum.se\/sv\/produkt\/active-ion-gauge\/#breadcrumb","itemListElement":[{"@type":"ListItem","position":1,"name":"Home","item":"https:\/\/www.advancedvacuum.se\/sv\/"},{"@type":"ListItem","position":2,"name":"Butik","item":"https:\/\/www.advancedvacuum.se\/sv\/butik\/"},{"@type":"ListItem","position":3,"name":"Aktiv jonm\u00e4tare"}]},{"@type":"WebSite","@id":"https:\/\/www.advancedvacuum.se\/sv\/#website","url":"https:\/\/www.advancedvacuum.se\/sv\/","name":"Advanced Vacuum","description":"","publisher":{"@id":"https:\/\/www.advancedvacuum.se\/sv\/#organization"},"potentialAction":[{"@type":"SearchAction","target":{"@type":"EntryPoint","urlTemplate":"https:\/\/www.advancedvacuum.se\/sv\/?s={search_term_string}"},"query-input":{"@type":"PropertyValueSpecification","valueRequired":true,"valueName":"search_term_string"}}],"inLanguage":"sv-SE"},{"@type":"Organization","@id":"https:\/\/www.advancedvacuum.se\/sv\/#organization","name":"Advanced Vacuum","url":"https:\/\/www.advancedvacuum.se\/sv\/","logo":{"@type":"ImageObject","inLanguage":"sv-SE","@id":"https:\/\/www.advancedvacuum.se\/sv\/#\/schema\/logo\/image\/","url":"https:\/\/www.advancedvacuum.se\/wp-content\/uploads\/2025\/03\/logo.png","contentUrl":"https:\/\/www.advancedvacuum.se\/wp-content\/uploads\/2025\/03\/logo.png","width":280,"height":92,"caption":"Advanced Vacuum"},"image":{"@id":"https:\/\/www.advancedvacuum.se\/sv\/#\/schema\/logo\/image\/"}}]}},"_links":{"self":[{"href":"https:\/\/www.advancedvacuum.se\/sv\/wp-json\/wp\/v2\/product\/2073","targetHints":{"allow":["GET"]}}],"collection":[{"href":"https:\/\/www.advancedvacuum.se\/sv\/wp-json\/wp\/v2\/product"}],"about":[{"href":"https:\/\/www.advancedvacuum.se\/sv\/wp-json\/wp\/v2\/types\/product"}],"replies":[{"embeddable":true,"href":"https:\/\/www.advancedvacuum.se\/sv\/wp-json\/wp\/v2\/comments?post=2073"}],"wp:featuredmedia":[{"embeddable":true,"href":"https:\/\/www.advancedvacuum.se\/sv\/wp-json\/wp\/v2\/media\/1379"}],"wp:attachment":[{"href":"https:\/\/www.advancedvacuum.se\/sv\/wp-json\/wp\/v2\/media?parent=2073"}],"wp:term":[{"taxonomy":"product_brand","embeddable":true,"href":"https:\/\/www.advancedvacuum.se\/sv\/wp-json\/wp\/v2\/product_brand?post=2073"},{"taxonomy":"product_cat","embeddable":true,"href":"https:\/\/www.advancedvacuum.se\/sv\/wp-json\/wp\/v2\/product_cat?post=2073"},{"taxonomy":"product_tag","embeddable":true,"href":"https:\/\/www.advancedvacuum.se\/sv\/wp-json\/wp\/v2\/product_tag?post=2073"}],"curies":[{"name":"wp","href":"https:\/\/api.w.org\/{rel}","templated":true}]}}