{"id":2081,"date":"2024-09-02T18:36:38","date_gmt":"2024-09-02T16:36:38","guid":{"rendered":"https:\/\/www.advancedvacuum.se\/produkt\/bgv-mk2-pneumatic-gate-valves\/"},"modified":"2024-09-21T11:34:44","modified_gmt":"2024-09-21T09:34:44","slug":"bgv-mk2-pneumatic-gate-valves","status":"publish","type":"product","link":"https:\/\/www.advancedvacuum.se\/sv\/produkt\/bgv-mk2-pneumatic-gate-valves\/","title":{"rendered":"BGV MK2 pneumatiska grindventiler"},"content":{"rendered":"<div id=\"s-504e5b2b-2dc6-46f3-87cd-ebd948d051aa\" class=\"shg-c \">\n<div class=\"shogun-container\">\n<div id=\"s-38138781-ff08-42b9-8473-a7e651c55bce\" class=\"shg-c shg-align-center\">\n<div class=\"shg-row\" data-col-grid-mode-on=\"\">\n<div class=\"shg-c-lg-5 shg-c-md-5 shg-c-sm-5 shg-c-xs-12\">\n<div id=\"s-cfeb2149-e713-47b4-9d12-bbd2dff85253\" class=\"shg-c shg-align-left\">\n<div class=\"shg-row\" data-col-grid-mode-on=\"\">\n<div class=\"shg-c-lg-11 shg-c-md-11 shg-c-sm-11 shg-c-xs-12\">\n<div id=\"s-e7823c2d-eabf-4229-8e40-9faae771dd2f\" class=\"shg-c \">\n<h3>Kan motst\u00e5 1,2 bar absolut i b\u00e5da riktningarna<\/h3>\n<\/div>\n<div id=\"s-ddb89532-19be-447b-a4bd-8ed6855bbd57\" class=\"shg-c \">\n<p>Undviker omstartsproblem genom att h\u00e5lla pumpen ig\u00e5ng under underh\u00e5ll<\/p>\n<\/div>\n<div id=\"s-4b49e7a6-c7e5-4544-92ee-a087b33e5d5d\" class=\"shg-c \">\n<h3>Rostfri st\u00e5lkonstruktion och robust design<\/h3>\n<\/div>\n<div id=\"s-4fc3b3e2-3691-49fe-b5ce-fa674aee8938\" class=\"shg-c \">\n<p>L\u00e5ng livsl\u00e4ngd och tillf\u00f6rlitlighet i tuffa milj\u00f6er.<\/p>\n<\/div>\n<div id=\"s-371f2ecf-b258-4faa-bfba-a8c63f00416a\" class=\"shg-c shg-align-left\">\n<h3>Pneumatisk solenoid och f\u00f6rkopplat alternativ<\/h3>\n<\/div>\n<div id=\"s-f2c86c7b-8fa5-47fa-8993-85ab423bfffb\" class=\"shg-c \"><\/div>\n<div id=\"s-f58adf01-64f2-49a2-9819-c5e6bab45ac6\" class=\"shg-c \">\n<h3>Enkel fettfri t\u00e4tningsmekanism<\/h3>\n<\/div>\n<div id=\"s-4915bf4e-a609-461c-a3fe-3e4fa33c00cc\" class=\"shg-c \">\n<p>Minimerar skador p\u00e5 grund av partiklar i dammiga processer.<\/p>\n<\/div>\n<div id=\"s-7da3e96c-6ea7-41c0-9e87-311b10d7d081\" class=\"shg-c \">\n<h3>F\u00f6rkonfigurerad enkel &#8221;plug and play&#8221;-installation.<\/h3>\n<\/div>\n<div id=\"s-eb8991da-6cf0-4beb-b8b1-0741f1aa55a9\" class=\"shg-c \"><\/div>\n<div id=\"s-ed5da387-5afd-4cf4-82f4-7b918d578339\" class=\"shg-c \">\n<h3>Lock Out Tag Out (LOTO) versioner finns ocks\u00e5 tillg\u00e4ngliga.<\/h3>\n<\/div>\n<\/div>\n<\/div>\n<\/div>\n<\/div>\n<\/div>\n<\/div>\n<\/div>\n<\/div>\n<div id=\"s-991eb4b9-e53f-447c-aa05-5288f0f3a713\" class=\"shg-c \">\n<div class=\"shogun-container\">\n<div id=\"s-7f86bec9-0fe9-4de4-aa6e-f2a7a7dde744\" class=\"shg-c \">\n<h3>Tekniska data<\/h3>\n<\/div>\n<\/div>\n<\/div>\n","protected":false},"excerpt":{"rendered":"<div class=\"shg-c-lg-7 shg-c-md-7 shg-c-sm-7 shg-c-xs-12\">\n<div id=\"s-6ea8d571-349f-45e9-b3b8-2b50cfb847f9\" class=\"shg-c \">\n<p>Edwards BGV-slussventiler \u00e4r b\u00e4lgt\u00e4tade slussventiler av rostfritt st\u00e5l f\u00f6r anv\u00e4ndning i applikationer som kr\u00e4ver h\u00f6g l\u00e4ckaget\u00e4thet och ett minimum av kolv\u00e4ten i vakuumsystemet. \u00c4ven om BGV-slussventiler \u00e4r huvudsakligen utformade f\u00f6r isolering av pumpar i halvledarfab-k\u00e4llaren, \u00e4r BGV-slussventiler \u00e4ven idealiska i andra applikationer d\u00e4r en 1 bar differential vid \u00f6ppning \u00e4r \u00f6nskv\u00e4rd.<\/p>\n<p>De \u00e4r designade f\u00f6r anv\u00e4ndning i tryckintervallet 1,2 bar absolut till 1 x 10\u207b\u2078 mbar (1,2 x 10\u2075 till 1&#215;10\u207b\u2076 Pa). BGV-slussventiler t\u00e5l 1,2 bar absolut i b\u00e5da riktningarna, vilket g\u00f6r att vakuumledningen ovanf\u00f6r pumpen kan ventileras med ventilen st\u00e4ngd.<\/p>\n<p>Den pneumatiska varianten BGV Mk2 har reed-brytare som kan anv\u00e4ndas av din styrutrustning f\u00f6r att avg\u00f6ra om ventilen \u00e4r \u00f6ppen eller st\u00e4ngd, dessa inneh\u00e5ller \u00e4ven lysdioder som ger en visuell visning av ventilens l\u00e4ge. Varje BGV Mk2 pneumatisk ventil \u00e4r f\u00f6rsedd med en 24 V a.c.\/d.c. solenoid och f\u00f6rkopplad kontakt f\u00f6r direkt anslutning till din Edwards senaste generationens vakuumpump. Denna 15-v\u00e4gs &#8221;D&#8221;-kontakt erbjuder en enda anslutningspunkt f\u00f6r b\u00e5de str\u00f6m till solenoiden och signalen fr\u00e5n reed switchens l\u00e4gesindikatorer.<\/p>\n<p>F\u00f6r att ansluta den pneumatiska ventilen BGV Mk2 till Edwards \u00e4ldre produkter b\u00f6r BGV Mk2 TIM-gr\u00e4nssnittskabeln anv\u00e4ndas. Lock Out Tag Out (LOTO) versioner finns ocks\u00e5 tillg\u00e4ngliga.<\/p>\n<\/div>\n<\/div>\n<div class=\"shg-c-lg-5 shg-c-md-5 shg-c-sm-5 shg-c-xs-12\">\n<div id=\"s-cfeb2149-e713-47b4-9d12-bbd2dff85253\" class=\"shg-c shg-align-left\">\n<div class=\"shg-row\" data-col-grid-mode-on=\"\"><\/div>\n<\/div>\n<\/div>\n","protected":false},"featured_media":1347,"comment_status":"open","ping_status":"closed","template":"","meta":{"_acf_changed":false},"product_brand":[],"product_cat":[60],"product_tag":[],"class_list":{"0":"post-2081","1":"product","2":"type-product","3":"status-publish","4":"has-post-thumbnail","6":"product_cat-valves-sv","8":"first","9":"instock","10":"shipping-taxable","11":"product-type-simple"},"acf":[],"yoast_head":"<!-- This site is optimized with the Yoast SEO plugin v25.4 - https:\/\/yoast.com\/wordpress\/plugins\/seo\/ -->\n<title>BGV MK2 pneumatiska grindventiler | Advancedvacuum<\/title>\n<meta name=\"robots\" content=\"index, follow, max-snippet:-1, max-image-preview:large, max-video-preview:-1\" \/>\n<link rel=\"canonical\" href=\"https:\/\/www.advancedvacuum.se\/sv\/produkt\/bgv-mk2-pneumatic-gate-valves\/\" \/>\n<meta property=\"og:locale\" content=\"sv_SE\" \/>\n<meta property=\"og:type\" content=\"article\" \/>\n<meta property=\"og:title\" content=\"BGV MK2 pneumatiska grindventiler | Advancedvacuum\" \/>\n<meta property=\"og:description\" content=\"Edwards BGV-slussventiler \u00e4r b\u00e4lgt\u00e4tade slussventiler av rostfritt st\u00e5l f\u00f6r anv\u00e4ndning i applikationer som kr\u00e4ver h\u00f6g l\u00e4ckaget\u00e4thet och ett minimum av kolv\u00e4ten i vakuumsystemet. \u00c4ven om BGV-slussventiler \u00e4r huvudsakligen utformade f\u00f6r isolering av pumpar i halvledarfab-k\u00e4llaren, \u00e4r BGV-slussventiler \u00e4ven idealiska i andra applikationer d\u00e4r en 1 bar differential vid \u00f6ppning \u00e4r \u00f6nskv\u00e4rd.  De \u00e4r designade f\u00f6r anv\u00e4ndning i tryckintervallet 1,2 bar absolut till 1 x 10\u207b\u2078 mbar (1,2 x 10\u2075 till 1x10\u207b\u2076 Pa). BGV-slussventiler t\u00e5l 1,2 bar absolut i b\u00e5da riktningarna, vilket g\u00f6r att vakuumledningen ovanf\u00f6r pumpen kan ventileras med ventilen st\u00e4ngd.  Den pneumatiska varianten BGV Mk2 har reed-brytare som kan anv\u00e4ndas av din styrutrustning f\u00f6r att avg\u00f6ra om ventilen \u00e4r \u00f6ppen eller st\u00e4ngd, dessa inneh\u00e5ller \u00e4ven lysdioder som ger en visuell visning av ventilens l\u00e4ge. Varje BGV Mk2 pneumatisk ventil \u00e4r f\u00f6rsedd med en 24 V a.c.\/d.c. solenoid och f\u00f6rkopplad kontakt f\u00f6r direkt anslutning till din Edwards senaste generationens vakuumpump. Denna 15-v\u00e4gs &quot;D&quot;-kontakt erbjuder en enda anslutningspunkt f\u00f6r b\u00e5de str\u00f6m till solenoiden och signalen fr\u00e5n reed switchens l\u00e4gesindikatorer.  F\u00f6r att ansluta den pneumatiska ventilen BGV Mk2 till Edwards \u00e4ldre produkter b\u00f6r BGV Mk2 TIM-gr\u00e4nssnittskabeln anv\u00e4ndas. Lock Out Tag Out (LOTO) versioner finns ocks\u00e5 tillg\u00e4ngliga.\" \/>\n<meta property=\"og:url\" content=\"https:\/\/www.advancedvacuum.se\/sv\/produkt\/bgv-mk2-pneumatic-gate-valves\/\" \/>\n<meta property=\"og:site_name\" content=\"Advancedvacuum\" \/>\n<meta property=\"article:modified_time\" content=\"2024-09-21T09:34:44+00:00\" \/>\n<meta property=\"og:image\" content=\"https:\/\/www.advancedvacuum.se\/wp-content\/uploads\/2024\/09\/BGV-MK2-Pneumatic-Gate-Valves.png\" \/>\n\t<meta property=\"og:image:width\" content=\"649\" \/>\n\t<meta property=\"og:image:height\" content=\"350\" \/>\n\t<meta property=\"og:image:type\" content=\"image\/png\" \/>\n<meta name=\"twitter:card\" content=\"summary_large_image\" \/>\n<script type=\"application\/ld+json\" class=\"yoast-schema-graph\">{\"@context\":\"https:\/\/schema.org\",\"@graph\":[{\"@type\":\"WebPage\",\"@id\":\"https:\/\/www.advancedvacuum.se\/sv\/produkt\/bgv-mk2-pneumatic-gate-valves\/\",\"url\":\"https:\/\/www.advancedvacuum.se\/sv\/produkt\/bgv-mk2-pneumatic-gate-valves\/\",\"name\":\"BGV MK2 pneumatiska grindventiler | Advancedvacuum\",\"isPartOf\":{\"@id\":\"https:\/\/www.advancedvacuum.se\/sv\/#website\"},\"primaryImageOfPage\":{\"@id\":\"https:\/\/www.advancedvacuum.se\/sv\/produkt\/bgv-mk2-pneumatic-gate-valves\/#primaryimage\"},\"image\":{\"@id\":\"https:\/\/www.advancedvacuum.se\/sv\/produkt\/bgv-mk2-pneumatic-gate-valves\/#primaryimage\"},\"thumbnailUrl\":\"https:\/\/www.advancedvacuum.se\/wp-content\/uploads\/2024\/09\/BGV-MK2-Pneumatic-Gate-Valves.png\",\"datePublished\":\"2024-09-02T16:36:38+00:00\",\"dateModified\":\"2024-09-21T09:34:44+00:00\",\"breadcrumb\":{\"@id\":\"https:\/\/www.advancedvacuum.se\/sv\/produkt\/bgv-mk2-pneumatic-gate-valves\/#breadcrumb\"},\"inLanguage\":\"sv-SE\",\"potentialAction\":[{\"@type\":\"ReadAction\",\"target\":[\"https:\/\/www.advancedvacuum.se\/sv\/produkt\/bgv-mk2-pneumatic-gate-valves\/\"]}]},{\"@type\":\"ImageObject\",\"inLanguage\":\"sv-SE\",\"@id\":\"https:\/\/www.advancedvacuum.se\/sv\/produkt\/bgv-mk2-pneumatic-gate-valves\/#primaryimage\",\"url\":\"https:\/\/www.advancedvacuum.se\/wp-content\/uploads\/2024\/09\/BGV-MK2-Pneumatic-Gate-Valves.png\",\"contentUrl\":\"https:\/\/www.advancedvacuum.se\/wp-content\/uploads\/2024\/09\/BGV-MK2-Pneumatic-Gate-Valves.png\",\"width\":649,\"height\":350},{\"@type\":\"BreadcrumbList\",\"@id\":\"https:\/\/www.advancedvacuum.se\/sv\/produkt\/bgv-mk2-pneumatic-gate-valves\/#breadcrumb\",\"itemListElement\":[{\"@type\":\"ListItem\",\"position\":1,\"name\":\"Home\",\"item\":\"https:\/\/www.advancedvacuum.se\/sv\/\"},{\"@type\":\"ListItem\",\"position\":2,\"name\":\"Butik\",\"item\":\"https:\/\/www.advancedvacuum.se\/sv\/butik\/\"},{\"@type\":\"ListItem\",\"position\":3,\"name\":\"BGV MK2 pneumatiska grindventiler\"}]},{\"@type\":\"WebSite\",\"@id\":\"https:\/\/www.advancedvacuum.se\/sv\/#website\",\"url\":\"https:\/\/www.advancedvacuum.se\/sv\/\",\"name\":\"Advanced Vacuum\",\"description\":\"\",\"publisher\":{\"@id\":\"https:\/\/www.advancedvacuum.se\/sv\/#organization\"},\"potentialAction\":[{\"@type\":\"SearchAction\",\"target\":{\"@type\":\"EntryPoint\",\"urlTemplate\":\"https:\/\/www.advancedvacuum.se\/sv\/?s={search_term_string}\"},\"query-input\":{\"@type\":\"PropertyValueSpecification\",\"valueRequired\":true,\"valueName\":\"search_term_string\"}}],\"inLanguage\":\"sv-SE\"},{\"@type\":\"Organization\",\"@id\":\"https:\/\/www.advancedvacuum.se\/sv\/#organization\",\"name\":\"Advanced Vacuum\",\"url\":\"https:\/\/www.advancedvacuum.se\/sv\/\",\"logo\":{\"@type\":\"ImageObject\",\"inLanguage\":\"sv-SE\",\"@id\":\"https:\/\/www.advancedvacuum.se\/sv\/#\/schema\/logo\/image\/\",\"url\":\"https:\/\/www.advancedvacuum.se\/wp-content\/uploads\/2025\/03\/logo.png\",\"contentUrl\":\"https:\/\/www.advancedvacuum.se\/wp-content\/uploads\/2025\/03\/logo.png\",\"width\":280,\"height\":92,\"caption\":\"Advanced Vacuum\"},\"image\":{\"@id\":\"https:\/\/www.advancedvacuum.se\/sv\/#\/schema\/logo\/image\/\"}}]}<\/script>\n<!-- \/ Yoast SEO plugin. -->","yoast_head_json":{"title":"BGV MK2 pneumatiska grindventiler | Advancedvacuum","robots":{"index":"index","follow":"follow","max-snippet":"max-snippet:-1","max-image-preview":"max-image-preview:large","max-video-preview":"max-video-preview:-1"},"canonical":"https:\/\/www.advancedvacuum.se\/sv\/produkt\/bgv-mk2-pneumatic-gate-valves\/","og_locale":"sv_SE","og_type":"article","og_title":"BGV MK2 pneumatiska grindventiler | Advancedvacuum","og_description":"Edwards BGV-slussventiler \u00e4r b\u00e4lgt\u00e4tade slussventiler av rostfritt st\u00e5l f\u00f6r anv\u00e4ndning i applikationer som kr\u00e4ver h\u00f6g l\u00e4ckaget\u00e4thet och ett minimum av kolv\u00e4ten i vakuumsystemet. \u00c4ven om BGV-slussventiler \u00e4r huvudsakligen utformade f\u00f6r isolering av pumpar i halvledarfab-k\u00e4llaren, \u00e4r BGV-slussventiler \u00e4ven idealiska i andra applikationer d\u00e4r en 1 bar differential vid \u00f6ppning \u00e4r \u00f6nskv\u00e4rd.  De \u00e4r designade f\u00f6r anv\u00e4ndning i tryckintervallet 1,2 bar absolut till 1 x 10\u207b\u2078 mbar (1,2 x 10\u2075 till 1x10\u207b\u2076 Pa). BGV-slussventiler t\u00e5l 1,2 bar absolut i b\u00e5da riktningarna, vilket g\u00f6r att vakuumledningen ovanf\u00f6r pumpen kan ventileras med ventilen st\u00e4ngd.  Den pneumatiska varianten BGV Mk2 har reed-brytare som kan anv\u00e4ndas av din styrutrustning f\u00f6r att avg\u00f6ra om ventilen \u00e4r \u00f6ppen eller st\u00e4ngd, dessa inneh\u00e5ller \u00e4ven lysdioder som ger en visuell visning av ventilens l\u00e4ge. Varje BGV Mk2 pneumatisk ventil \u00e4r f\u00f6rsedd med en 24 V a.c.\/d.c. solenoid och f\u00f6rkopplad kontakt f\u00f6r direkt anslutning till din Edwards senaste generationens vakuumpump. Denna 15-v\u00e4gs \"D\"-kontakt erbjuder en enda anslutningspunkt f\u00f6r b\u00e5de str\u00f6m till solenoiden och signalen fr\u00e5n reed switchens l\u00e4gesindikatorer.  F\u00f6r att ansluta den pneumatiska ventilen BGV Mk2 till Edwards \u00e4ldre produkter b\u00f6r BGV Mk2 TIM-gr\u00e4nssnittskabeln anv\u00e4ndas. Lock Out Tag Out (LOTO) versioner finns ocks\u00e5 tillg\u00e4ngliga.","og_url":"https:\/\/www.advancedvacuum.se\/sv\/produkt\/bgv-mk2-pneumatic-gate-valves\/","og_site_name":"Advancedvacuum","article_modified_time":"2024-09-21T09:34:44+00:00","og_image":[{"width":649,"height":350,"url":"https:\/\/www.advancedvacuum.se\/wp-content\/uploads\/2024\/09\/BGV-MK2-Pneumatic-Gate-Valves.png","type":"image\/png"}],"twitter_card":"summary_large_image","schema":{"@context":"https:\/\/schema.org","@graph":[{"@type":"WebPage","@id":"https:\/\/www.advancedvacuum.se\/sv\/produkt\/bgv-mk2-pneumatic-gate-valves\/","url":"https:\/\/www.advancedvacuum.se\/sv\/produkt\/bgv-mk2-pneumatic-gate-valves\/","name":"BGV MK2 pneumatiska grindventiler | Advancedvacuum","isPartOf":{"@id":"https:\/\/www.advancedvacuum.se\/sv\/#website"},"primaryImageOfPage":{"@id":"https:\/\/www.advancedvacuum.se\/sv\/produkt\/bgv-mk2-pneumatic-gate-valves\/#primaryimage"},"image":{"@id":"https:\/\/www.advancedvacuum.se\/sv\/produkt\/bgv-mk2-pneumatic-gate-valves\/#primaryimage"},"thumbnailUrl":"https:\/\/www.advancedvacuum.se\/wp-content\/uploads\/2024\/09\/BGV-MK2-Pneumatic-Gate-Valves.png","datePublished":"2024-09-02T16:36:38+00:00","dateModified":"2024-09-21T09:34:44+00:00","breadcrumb":{"@id":"https:\/\/www.advancedvacuum.se\/sv\/produkt\/bgv-mk2-pneumatic-gate-valves\/#breadcrumb"},"inLanguage":"sv-SE","potentialAction":[{"@type":"ReadAction","target":["https:\/\/www.advancedvacuum.se\/sv\/produkt\/bgv-mk2-pneumatic-gate-valves\/"]}]},{"@type":"ImageObject","inLanguage":"sv-SE","@id":"https:\/\/www.advancedvacuum.se\/sv\/produkt\/bgv-mk2-pneumatic-gate-valves\/#primaryimage","url":"https:\/\/www.advancedvacuum.se\/wp-content\/uploads\/2024\/09\/BGV-MK2-Pneumatic-Gate-Valves.png","contentUrl":"https:\/\/www.advancedvacuum.se\/wp-content\/uploads\/2024\/09\/BGV-MK2-Pneumatic-Gate-Valves.png","width":649,"height":350},{"@type":"BreadcrumbList","@id":"https:\/\/www.advancedvacuum.se\/sv\/produkt\/bgv-mk2-pneumatic-gate-valves\/#breadcrumb","itemListElement":[{"@type":"ListItem","position":1,"name":"Home","item":"https:\/\/www.advancedvacuum.se\/sv\/"},{"@type":"ListItem","position":2,"name":"Butik","item":"https:\/\/www.advancedvacuum.se\/sv\/butik\/"},{"@type":"ListItem","position":3,"name":"BGV MK2 pneumatiska grindventiler"}]},{"@type":"WebSite","@id":"https:\/\/www.advancedvacuum.se\/sv\/#website","url":"https:\/\/www.advancedvacuum.se\/sv\/","name":"Advanced Vacuum","description":"","publisher":{"@id":"https:\/\/www.advancedvacuum.se\/sv\/#organization"},"potentialAction":[{"@type":"SearchAction","target":{"@type":"EntryPoint","urlTemplate":"https:\/\/www.advancedvacuum.se\/sv\/?s={search_term_string}"},"query-input":{"@type":"PropertyValueSpecification","valueRequired":true,"valueName":"search_term_string"}}],"inLanguage":"sv-SE"},{"@type":"Organization","@id":"https:\/\/www.advancedvacuum.se\/sv\/#organization","name":"Advanced Vacuum","url":"https:\/\/www.advancedvacuum.se\/sv\/","logo":{"@type":"ImageObject","inLanguage":"sv-SE","@id":"https:\/\/www.advancedvacuum.se\/sv\/#\/schema\/logo\/image\/","url":"https:\/\/www.advancedvacuum.se\/wp-content\/uploads\/2025\/03\/logo.png","contentUrl":"https:\/\/www.advancedvacuum.se\/wp-content\/uploads\/2025\/03\/logo.png","width":280,"height":92,"caption":"Advanced Vacuum"},"image":{"@id":"https:\/\/www.advancedvacuum.se\/sv\/#\/schema\/logo\/image\/"}}]}},"_links":{"self":[{"href":"https:\/\/www.advancedvacuum.se\/sv\/wp-json\/wp\/v2\/product\/2081","targetHints":{"allow":["GET"]}}],"collection":[{"href":"https:\/\/www.advancedvacuum.se\/sv\/wp-json\/wp\/v2\/product"}],"about":[{"href":"https:\/\/www.advancedvacuum.se\/sv\/wp-json\/wp\/v2\/types\/product"}],"replies":[{"embeddable":true,"href":"https:\/\/www.advancedvacuum.se\/sv\/wp-json\/wp\/v2\/comments?post=2081"}],"wp:featuredmedia":[{"embeddable":true,"href":"https:\/\/www.advancedvacuum.se\/sv\/wp-json\/wp\/v2\/media\/1347"}],"wp:attachment":[{"href":"https:\/\/www.advancedvacuum.se\/sv\/wp-json\/wp\/v2\/media?parent=2081"}],"wp:term":[{"taxonomy":"product_brand","embeddable":true,"href":"https:\/\/www.advancedvacuum.se\/sv\/wp-json\/wp\/v2\/product_brand?post=2081"},{"taxonomy":"product_cat","embeddable":true,"href":"https:\/\/www.advancedvacuum.se\/sv\/wp-json\/wp\/v2\/product_cat?post=2081"},{"taxonomy":"product_tag","embeddable":true,"href":"https:\/\/www.advancedvacuum.se\/sv\/wp-json\/wp\/v2\/product_tag?post=2081"}],"curies":[{"name":"wp","href":"https:\/\/api.w.org\/{rel}","templated":true}]}}