{"id":2082,"date":"2024-09-02T18:17:24","date_gmt":"2024-09-02T16:17:24","guid":{"rendered":"https:\/\/www.advancedvacuum.se\/produkt\/bgv-manual-gate-valves\/"},"modified":"2024-09-21T11:32:56","modified_gmt":"2024-09-21T09:32:56","slug":"bgv-manual-gate-valves","status":"publish","type":"product","link":"https:\/\/www.advancedvacuum.se\/sv\/produkt\/bgv-manual-gate-valves\/","title":{"rendered":"BGV manuella grindventiler"},"content":{"rendered":"<div id=\"s-12206b23-e84a-4782-867b-cdc603ed91c2\" class=\"shg-c \">\n<h3>Kan motst\u00e5 1,2 bar absolut i b\u00e5da riktningarna<\/h3>\n<\/div>\n<div id=\"s-bb827201-2091-4f7b-b1a0-20125adacf25\" class=\"shg-c \">\n<p>Undviker omstartsproblem genom att h\u00e5lla pumpen ig\u00e5ng under underh\u00e5ll<\/p>\n<\/div>\n<div id=\"s-ec5c725c-a3d2-4091-b587-da6b193e573d\" class=\"shg-c \">\n<h3>Rostfri st\u00e5lkonstruktion och robust design<\/h3>\n<\/div>\n<div id=\"s-361da339-5272-4b5d-b7ae-bedf0703408b\" class=\"shg-c \">\n<p>L\u00e5ng livsl\u00e4ngd och tillf\u00f6rlitlighet i tuffa milj\u00f6er.<\/p>\n<\/div>\n<div id=\"s-7e055746-1840-4716-ad96-b6654a4631f6\" class=\"shg-c shg-align-left\">\n<h3>Pneumatisk solenoid och f\u00f6rkopplat alternativ<\/h3>\n<\/div>\n<div id=\"s-36e73481-a336-4dd4-b326-17c82d08c9cc\" class=\"shg-c ><\/div>\n<div id=\"s-7698b653-7fd0-4e4b-95eb-653525f7a3ac\" class=\"shg-c \">\n<h3>Enkel fettfri t\u00e4tningsmekanism<\/h3>\n<\/div>\n<div id=\"s-df85b235-923c-44ab-9ecc-7dcded5bd122\" class=\"shg-c \">\n<p>Minimerar skador p\u00e5 grund av partiklar i dammiga processer.<\/p>\n<\/div>\n<div id=\"s-623425f0-9f0b-4cac-a702-ce2c96f4c18d\" class=\"shg-c \">\n<h3>F\u00f6rkonfigurerad enkel &#8221;plug and play&#8221;-installation.<\/h3>\n<\/div>\n","protected":false},"excerpt":{"rendered":"<p>Edwards BGV-slussventiler \u00e4r b\u00e4lgt\u00e4tade slussventiler av rostfritt st\u00e5l f\u00f6r anv\u00e4ndning i applikationer som kr\u00e4ver h\u00f6g l\u00e4ckaget\u00e4thet och ett minimum av kolv\u00e4ten i vakuumsystemet. \u00c4ven om BGV-slussventiler \u00e4r huvudsakligen utformade f\u00f6r isolering av pumpar i halvledarfab-k\u00e4llaren, \u00e4r BGV-slussventiler \u00e4ven idealiska i andra applikationer d\u00e4r en 1 bar differential vid \u00f6ppning \u00e4r \u00f6nskv\u00e4rd.<\/p>\n<p>De \u00e4r designade f\u00f6r anv\u00e4ndning i tryckintervallet 1,2 bar absolut till 1 x 10\u207b\u2078 mbar (1,2 x 10\u2075 till 1&#215;10\u207b\u2076 Pa). BGV-slussventiler t\u00e5l 1,2 bar absolut i b\u00e5da riktningarna, vilket g\u00f6r att vakuumledningen ovanf\u00f6r pumpen kan ventileras med ventilen st\u00e4ngd. De manuella BGV-ventilerna har en visuell indikering av portens l\u00e4ge p\u00e5 sidan av enheten f\u00f6r att visa n\u00e4r den \u00e4r \u00f6ppen.<\/p>\n","protected":false},"featured_media":1345,"comment_status":"open","ping_status":"closed","template":"","meta":{"_acf_changed":false},"product_brand":[],"product_cat":[60],"product_tag":[],"class_list":{"0":"post-2082","1":"product","2":"type-product","3":"status-publish","4":"has-post-thumbnail","6":"product_cat-valves-sv","8":"first","9":"instock","10":"shipping-taxable","11":"product-type-simple"},"acf":[],"yoast_head":"<!-- This site is optimized with the Yoast SEO plugin v25.4 - https:\/\/yoast.com\/wordpress\/plugins\/seo\/ -->\n<title>BGV manuella grindventiler | Advancedvacuum<\/title>\n<meta name=\"robots\" content=\"index, follow, max-snippet:-1, max-image-preview:large, max-video-preview:-1\" \/>\n<link rel=\"canonical\" href=\"https:\/\/www.advancedvacuum.se\/sv\/produkt\/bgv-manual-gate-valves\/\" \/>\n<meta property=\"og:locale\" content=\"sv_SE\" \/>\n<meta property=\"og:type\" content=\"article\" \/>\n<meta property=\"og:title\" content=\"BGV manuella grindventiler | Advancedvacuum\" \/>\n<meta property=\"og:description\" content=\"Edwards BGV-slussventiler \u00e4r b\u00e4lgt\u00e4tade slussventiler av rostfritt st\u00e5l f\u00f6r anv\u00e4ndning i applikationer som kr\u00e4ver h\u00f6g l\u00e4ckaget\u00e4thet och ett minimum av kolv\u00e4ten i vakuumsystemet. \u00c4ven om BGV-slussventiler \u00e4r huvudsakligen utformade f\u00f6r isolering av pumpar i halvledarfab-k\u00e4llaren, \u00e4r BGV-slussventiler \u00e4ven idealiska i andra applikationer d\u00e4r en 1 bar differential vid \u00f6ppning \u00e4r \u00f6nskv\u00e4rd.  De \u00e4r designade f\u00f6r anv\u00e4ndning i tryckintervallet 1,2 bar absolut till 1 x 10\u207b\u2078 mbar (1,2 x 10\u2075 till 1x10\u207b\u2076 Pa). BGV-slussventiler t\u00e5l 1,2 bar absolut i b\u00e5da riktningarna, vilket g\u00f6r att vakuumledningen ovanf\u00f6r pumpen kan ventileras med ventilen st\u00e4ngd. De manuella BGV-ventilerna har en visuell indikering av portens l\u00e4ge p\u00e5 sidan av enheten f\u00f6r att visa n\u00e4r den \u00e4r \u00f6ppen.\" \/>\n<meta property=\"og:url\" content=\"https:\/\/www.advancedvacuum.se\/sv\/produkt\/bgv-manual-gate-valves\/\" \/>\n<meta property=\"og:site_name\" content=\"Advancedvacuum\" \/>\n<meta property=\"article:modified_time\" content=\"2024-09-21T09:32:56+00:00\" \/>\n<meta property=\"og:image\" content=\"https:\/\/www.advancedvacuum.se\/wp-content\/uploads\/2024\/09\/BGV-Manual-Gate-Valves.png\" \/>\n\t<meta property=\"og:image:width\" content=\"649\" \/>\n\t<meta property=\"og:image:height\" content=\"350\" \/>\n\t<meta property=\"og:image:type\" content=\"image\/png\" \/>\n<meta name=\"twitter:card\" content=\"summary_large_image\" \/>\n<script type=\"application\/ld+json\" class=\"yoast-schema-graph\">{\"@context\":\"https:\/\/schema.org\",\"@graph\":[{\"@type\":\"WebPage\",\"@id\":\"https:\/\/www.advancedvacuum.se\/sv\/produkt\/bgv-manual-gate-valves\/\",\"url\":\"https:\/\/www.advancedvacuum.se\/sv\/produkt\/bgv-manual-gate-valves\/\",\"name\":\"BGV manuella grindventiler | Advancedvacuum\",\"isPartOf\":{\"@id\":\"https:\/\/www.advancedvacuum.se\/sv\/#website\"},\"primaryImageOfPage\":{\"@id\":\"https:\/\/www.advancedvacuum.se\/sv\/produkt\/bgv-manual-gate-valves\/#primaryimage\"},\"image\":{\"@id\":\"https:\/\/www.advancedvacuum.se\/sv\/produkt\/bgv-manual-gate-valves\/#primaryimage\"},\"thumbnailUrl\":\"https:\/\/www.advancedvacuum.se\/wp-content\/uploads\/2024\/09\/BGV-Manual-Gate-Valves.png\",\"datePublished\":\"2024-09-02T16:17:24+00:00\",\"dateModified\":\"2024-09-21T09:32:56+00:00\",\"breadcrumb\":{\"@id\":\"https:\/\/www.advancedvacuum.se\/sv\/produkt\/bgv-manual-gate-valves\/#breadcrumb\"},\"inLanguage\":\"sv-SE\",\"potentialAction\":[{\"@type\":\"ReadAction\",\"target\":[\"https:\/\/www.advancedvacuum.se\/sv\/produkt\/bgv-manual-gate-valves\/\"]}]},{\"@type\":\"ImageObject\",\"inLanguage\":\"sv-SE\",\"@id\":\"https:\/\/www.advancedvacuum.se\/sv\/produkt\/bgv-manual-gate-valves\/#primaryimage\",\"url\":\"https:\/\/www.advancedvacuum.se\/wp-content\/uploads\/2024\/09\/BGV-Manual-Gate-Valves.png\",\"contentUrl\":\"https:\/\/www.advancedvacuum.se\/wp-content\/uploads\/2024\/09\/BGV-Manual-Gate-Valves.png\",\"width\":649,\"height\":350},{\"@type\":\"BreadcrumbList\",\"@id\":\"https:\/\/www.advancedvacuum.se\/sv\/produkt\/bgv-manual-gate-valves\/#breadcrumb\",\"itemListElement\":[{\"@type\":\"ListItem\",\"position\":1,\"name\":\"Home\",\"item\":\"https:\/\/www.advancedvacuum.se\/sv\/\"},{\"@type\":\"ListItem\",\"position\":2,\"name\":\"Butik\",\"item\":\"https:\/\/www.advancedvacuum.se\/sv\/butik\/\"},{\"@type\":\"ListItem\",\"position\":3,\"name\":\"BGV manuella grindventiler\"}]},{\"@type\":\"WebSite\",\"@id\":\"https:\/\/www.advancedvacuum.se\/sv\/#website\",\"url\":\"https:\/\/www.advancedvacuum.se\/sv\/\",\"name\":\"Advanced Vacuum\",\"description\":\"\",\"publisher\":{\"@id\":\"https:\/\/www.advancedvacuum.se\/sv\/#organization\"},\"potentialAction\":[{\"@type\":\"SearchAction\",\"target\":{\"@type\":\"EntryPoint\",\"urlTemplate\":\"https:\/\/www.advancedvacuum.se\/sv\/?s={search_term_string}\"},\"query-input\":{\"@type\":\"PropertyValueSpecification\",\"valueRequired\":true,\"valueName\":\"search_term_string\"}}],\"inLanguage\":\"sv-SE\"},{\"@type\":\"Organization\",\"@id\":\"https:\/\/www.advancedvacuum.se\/sv\/#organization\",\"name\":\"Advanced Vacuum\",\"url\":\"https:\/\/www.advancedvacuum.se\/sv\/\",\"logo\":{\"@type\":\"ImageObject\",\"inLanguage\":\"sv-SE\",\"@id\":\"https:\/\/www.advancedvacuum.se\/sv\/#\/schema\/logo\/image\/\",\"url\":\"https:\/\/www.advancedvacuum.se\/wp-content\/uploads\/2025\/03\/logo.png\",\"contentUrl\":\"https:\/\/www.advancedvacuum.se\/wp-content\/uploads\/2025\/03\/logo.png\",\"width\":280,\"height\":92,\"caption\":\"Advanced Vacuum\"},\"image\":{\"@id\":\"https:\/\/www.advancedvacuum.se\/sv\/#\/schema\/logo\/image\/\"}}]}<\/script>\n<!-- \/ Yoast SEO plugin. -->","yoast_head_json":{"title":"BGV manuella grindventiler | Advancedvacuum","robots":{"index":"index","follow":"follow","max-snippet":"max-snippet:-1","max-image-preview":"max-image-preview:large","max-video-preview":"max-video-preview:-1"},"canonical":"https:\/\/www.advancedvacuum.se\/sv\/produkt\/bgv-manual-gate-valves\/","og_locale":"sv_SE","og_type":"article","og_title":"BGV manuella grindventiler | Advancedvacuum","og_description":"Edwards BGV-slussventiler \u00e4r b\u00e4lgt\u00e4tade slussventiler av rostfritt st\u00e5l f\u00f6r anv\u00e4ndning i applikationer som kr\u00e4ver h\u00f6g l\u00e4ckaget\u00e4thet och ett minimum av kolv\u00e4ten i vakuumsystemet. \u00c4ven om BGV-slussventiler \u00e4r huvudsakligen utformade f\u00f6r isolering av pumpar i halvledarfab-k\u00e4llaren, \u00e4r BGV-slussventiler \u00e4ven idealiska i andra applikationer d\u00e4r en 1 bar differential vid \u00f6ppning \u00e4r \u00f6nskv\u00e4rd.  De \u00e4r designade f\u00f6r anv\u00e4ndning i tryckintervallet 1,2 bar absolut till 1 x 10\u207b\u2078 mbar (1,2 x 10\u2075 till 1x10\u207b\u2076 Pa). BGV-slussventiler t\u00e5l 1,2 bar absolut i b\u00e5da riktningarna, vilket g\u00f6r att vakuumledningen ovanf\u00f6r pumpen kan ventileras med ventilen st\u00e4ngd. De manuella BGV-ventilerna har en visuell indikering av portens l\u00e4ge p\u00e5 sidan av enheten f\u00f6r att visa n\u00e4r den \u00e4r \u00f6ppen.","og_url":"https:\/\/www.advancedvacuum.se\/sv\/produkt\/bgv-manual-gate-valves\/","og_site_name":"Advancedvacuum","article_modified_time":"2024-09-21T09:32:56+00:00","og_image":[{"width":649,"height":350,"url":"https:\/\/www.advancedvacuum.se\/wp-content\/uploads\/2024\/09\/BGV-Manual-Gate-Valves.png","type":"image\/png"}],"twitter_card":"summary_large_image","schema":{"@context":"https:\/\/schema.org","@graph":[{"@type":"WebPage","@id":"https:\/\/www.advancedvacuum.se\/sv\/produkt\/bgv-manual-gate-valves\/","url":"https:\/\/www.advancedvacuum.se\/sv\/produkt\/bgv-manual-gate-valves\/","name":"BGV manuella grindventiler | Advancedvacuum","isPartOf":{"@id":"https:\/\/www.advancedvacuum.se\/sv\/#website"},"primaryImageOfPage":{"@id":"https:\/\/www.advancedvacuum.se\/sv\/produkt\/bgv-manual-gate-valves\/#primaryimage"},"image":{"@id":"https:\/\/www.advancedvacuum.se\/sv\/produkt\/bgv-manual-gate-valves\/#primaryimage"},"thumbnailUrl":"https:\/\/www.advancedvacuum.se\/wp-content\/uploads\/2024\/09\/BGV-Manual-Gate-Valves.png","datePublished":"2024-09-02T16:17:24+00:00","dateModified":"2024-09-21T09:32:56+00:00","breadcrumb":{"@id":"https:\/\/www.advancedvacuum.se\/sv\/produkt\/bgv-manual-gate-valves\/#breadcrumb"},"inLanguage":"sv-SE","potentialAction":[{"@type":"ReadAction","target":["https:\/\/www.advancedvacuum.se\/sv\/produkt\/bgv-manual-gate-valves\/"]}]},{"@type":"ImageObject","inLanguage":"sv-SE","@id":"https:\/\/www.advancedvacuum.se\/sv\/produkt\/bgv-manual-gate-valves\/#primaryimage","url":"https:\/\/www.advancedvacuum.se\/wp-content\/uploads\/2024\/09\/BGV-Manual-Gate-Valves.png","contentUrl":"https:\/\/www.advancedvacuum.se\/wp-content\/uploads\/2024\/09\/BGV-Manual-Gate-Valves.png","width":649,"height":350},{"@type":"BreadcrumbList","@id":"https:\/\/www.advancedvacuum.se\/sv\/produkt\/bgv-manual-gate-valves\/#breadcrumb","itemListElement":[{"@type":"ListItem","position":1,"name":"Home","item":"https:\/\/www.advancedvacuum.se\/sv\/"},{"@type":"ListItem","position":2,"name":"Butik","item":"https:\/\/www.advancedvacuum.se\/sv\/butik\/"},{"@type":"ListItem","position":3,"name":"BGV manuella grindventiler"}]},{"@type":"WebSite","@id":"https:\/\/www.advancedvacuum.se\/sv\/#website","url":"https:\/\/www.advancedvacuum.se\/sv\/","name":"Advanced Vacuum","description":"","publisher":{"@id":"https:\/\/www.advancedvacuum.se\/sv\/#organization"},"potentialAction":[{"@type":"SearchAction","target":{"@type":"EntryPoint","urlTemplate":"https:\/\/www.advancedvacuum.se\/sv\/?s={search_term_string}"},"query-input":{"@type":"PropertyValueSpecification","valueRequired":true,"valueName":"search_term_string"}}],"inLanguage":"sv-SE"},{"@type":"Organization","@id":"https:\/\/www.advancedvacuum.se\/sv\/#organization","name":"Advanced Vacuum","url":"https:\/\/www.advancedvacuum.se\/sv\/","logo":{"@type":"ImageObject","inLanguage":"sv-SE","@id":"https:\/\/www.advancedvacuum.se\/sv\/#\/schema\/logo\/image\/","url":"https:\/\/www.advancedvacuum.se\/wp-content\/uploads\/2025\/03\/logo.png","contentUrl":"https:\/\/www.advancedvacuum.se\/wp-content\/uploads\/2025\/03\/logo.png","width":280,"height":92,"caption":"Advanced Vacuum"},"image":{"@id":"https:\/\/www.advancedvacuum.se\/sv\/#\/schema\/logo\/image\/"}}]}},"_links":{"self":[{"href":"https:\/\/www.advancedvacuum.se\/sv\/wp-json\/wp\/v2\/product\/2082","targetHints":{"allow":["GET"]}}],"collection":[{"href":"https:\/\/www.advancedvacuum.se\/sv\/wp-json\/wp\/v2\/product"}],"about":[{"href":"https:\/\/www.advancedvacuum.se\/sv\/wp-json\/wp\/v2\/types\/product"}],"replies":[{"embeddable":true,"href":"https:\/\/www.advancedvacuum.se\/sv\/wp-json\/wp\/v2\/comments?post=2082"}],"wp:featuredmedia":[{"embeddable":true,"href":"https:\/\/www.advancedvacuum.se\/sv\/wp-json\/wp\/v2\/media\/1345"}],"wp:attachment":[{"href":"https:\/\/www.advancedvacuum.se\/sv\/wp-json\/wp\/v2\/media?parent=2082"}],"wp:term":[{"taxonomy":"product_brand","embeddable":true,"href":"https:\/\/www.advancedvacuum.se\/sv\/wp-json\/wp\/v2\/product_brand?post=2082"},{"taxonomy":"product_cat","embeddable":true,"href":"https:\/\/www.advancedvacuum.se\/sv\/wp-json\/wp\/v2\/product_cat?post=2082"},{"taxonomy":"product_tag","embeddable":true,"href":"https:\/\/www.advancedvacuum.se\/sv\/wp-json\/wp\/v2\/product_tag?post=2082"}],"curies":[{"name":"wp","href":"https:\/\/api.w.org\/{rel}","templated":true}]}}