{"id":2083,"date":"2024-09-02T18:10:10","date_gmt":"2024-09-02T16:10:10","guid":{"rendered":"https:\/\/www.advancedvacuum.se\/produkt\/sipvp-soft-start-isolation-valves\/"},"modified":"2024-09-21T11:30:56","modified_gmt":"2024-09-21T09:30:56","slug":"sipvp-soft-start-isolation-valves","status":"publish","type":"product","link":"https:\/\/www.advancedvacuum.se\/sv\/produkt\/sipvp-soft-start-isolation-valves\/","title":{"rendered":"SIPVP mjukstartsisoleringsventiler"},"content":{"rendered":"<div id=\"s-94db2919-4fd0-443b-86a6-de0cdde78b91\" class=\"shg-c \">\n<h3>MTTF p\u00e5 5 000 000 cykler<\/h3>\n<\/div>\n<div id=\"s-fa6c64f0-b379-4642-8f97-a88c76a7af0a\" class=\"shg-c \">\n<h3>Kontrollerad pump ner<\/h3>\n<\/div>\n<div id=\"s-7879d74e-f951-44f0-9dfd-3e5393691d16\" class=\"shg-c \">\n<p>att matcha processen<\/p>\n<\/div>\n<div id=\"s-ade7e0a9-80b8-4482-b109-152c60f6d94f\" class=\"shg-c shg-align-left\">\n<h3>Aluminiumkroppar<\/h3>\n<\/div>\n<div id=\"s-2000b4be-0e8b-4978-a7fc-9c5beb216b0c\" class=\"shg-c ><\/div>\n<div id=\"s-c6300120-e8df-4bc0-ad11-402bbb3a6455\" class=\"shg-c \">\n<h3>Snabbverkande ventiler<\/h3>\n<\/div>\n<div id=\"s-50c83028-9a9b-479c-a3f5-71085102da7e\" class=\"shg-c \">\n<p>vid str\u00f6mavbrott<\/p>\n<\/div>\n<div id=\"s-f619c58a-6255-46e0-8fae-086db0387a32\" class=\"shg-c \">\n<h3>Levereras med 5 mm, 6 mm och 7 mm<\/h3>\n<\/div>\n<div id=\"s-c18be862-6c64-487b-84b7-3610a3f7bc2e\" class=\"shg-c \">\n<p>utbytbara \u00f6ppningar Mjukstartade, pneumatiskt man\u00f6vrerade, in-line ventiler med utbytbara \u00f6ppningar f\u00f6r kontrollerad nedpumpning av processer d\u00e4r turbulent fl\u00f6de kan orsaka problem med partikelkontamination. Kombinationen slav- och huvudventil till\u00e5ter l\u00e5ngsam initial pumpning f\u00f6r att minimera st\u00f6rningar. B\u00e5de slav- och masterventiler kr\u00e4ver separata pneumatiska anslutningar.<\/p>\n<\/div>\n","protected":false},"excerpt":{"rendered":"<p>Mjukstart, pneumatiskt man\u00f6vrerade, in-line ventiler med utbytbara \u00f6ppningar f\u00f6r kontrollerad nedpumpning av processer d\u00e4r turbulent fl\u00f6de kan orsaka problem med partikelf\u00f6rorening. Kombinationen slav- och huvudventil till\u00e5ter l\u00e5ngsam initial pumpning f\u00f6r att minimera st\u00f6rningar. B\u00e5de slav- och masterventiler kr\u00e4ver separata pneumatiska anslutningar.<\/p>\n","protected":false},"featured_media":1342,"comment_status":"open","ping_status":"closed","template":"","meta":{"_acf_changed":false},"product_brand":[],"product_cat":[60],"product_tag":[],"class_list":{"0":"post-2083","1":"product","2":"type-product","3":"status-publish","4":"has-post-thumbnail","6":"product_cat-valves-sv","8":"first","9":"instock","10":"shipping-taxable","11":"product-type-simple"},"acf":[],"yoast_head":"<!-- This site is optimized with the Yoast SEO plugin v25.4 - https:\/\/yoast.com\/wordpress\/plugins\/seo\/ -->\n<title>SIPVP mjukstartsisoleringsventiler | Advancedvacuum<\/title>\n<meta name=\"robots\" content=\"index, follow, max-snippet:-1, max-image-preview:large, max-video-preview:-1\" \/>\n<link rel=\"canonical\" href=\"https:\/\/www.advancedvacuum.se\/sv\/produkt\/sipvp-soft-start-isolation-valves\/\" \/>\n<meta property=\"og:locale\" content=\"sv_SE\" \/>\n<meta property=\"og:type\" content=\"article\" \/>\n<meta property=\"og:title\" content=\"SIPVP mjukstartsisoleringsventiler | Advancedvacuum\" \/>\n<meta property=\"og:description\" content=\"Mjukstart, pneumatiskt man\u00f6vrerade, in-line ventiler med utbytbara \u00f6ppningar f\u00f6r kontrollerad nedpumpning av processer d\u00e4r turbulent fl\u00f6de kan orsaka problem med partikelf\u00f6rorening. Kombinationen slav- och huvudventil till\u00e5ter l\u00e5ngsam initial pumpning f\u00f6r att minimera st\u00f6rningar. B\u00e5de slav- och masterventiler kr\u00e4ver separata pneumatiska anslutningar.\" \/>\n<meta property=\"og:url\" content=\"https:\/\/www.advancedvacuum.se\/sv\/produkt\/sipvp-soft-start-isolation-valves\/\" \/>\n<meta property=\"og:site_name\" content=\"Advancedvacuum\" \/>\n<meta property=\"article:modified_time\" content=\"2024-09-21T09:30:56+00:00\" \/>\n<meta property=\"og:image\" content=\"https:\/\/www.advancedvacuum.se\/wp-content\/uploads\/2024\/09\/SIPVP-Soft-Start-Isolation-Valves.png\" \/>\n\t<meta property=\"og:image:width\" content=\"218\" \/>\n\t<meta property=\"og:image:height\" content=\"350\" \/>\n\t<meta property=\"og:image:type\" content=\"image\/png\" \/>\n<meta name=\"twitter:card\" content=\"summary_large_image\" \/>\n<script type=\"application\/ld+json\" class=\"yoast-schema-graph\">{\"@context\":\"https:\/\/schema.org\",\"@graph\":[{\"@type\":\"WebPage\",\"@id\":\"https:\/\/www.advancedvacuum.se\/sv\/produkt\/sipvp-soft-start-isolation-valves\/\",\"url\":\"https:\/\/www.advancedvacuum.se\/sv\/produkt\/sipvp-soft-start-isolation-valves\/\",\"name\":\"SIPVP mjukstartsisoleringsventiler | Advancedvacuum\",\"isPartOf\":{\"@id\":\"https:\/\/www.advancedvacuum.se\/sv\/#website\"},\"primaryImageOfPage\":{\"@id\":\"https:\/\/www.advancedvacuum.se\/sv\/produkt\/sipvp-soft-start-isolation-valves\/#primaryimage\"},\"image\":{\"@id\":\"https:\/\/www.advancedvacuum.se\/sv\/produkt\/sipvp-soft-start-isolation-valves\/#primaryimage\"},\"thumbnailUrl\":\"https:\/\/www.advancedvacuum.se\/wp-content\/uploads\/2024\/09\/SIPVP-Soft-Start-Isolation-Valves.png\",\"datePublished\":\"2024-09-02T16:10:10+00:00\",\"dateModified\":\"2024-09-21T09:30:56+00:00\",\"breadcrumb\":{\"@id\":\"https:\/\/www.advancedvacuum.se\/sv\/produkt\/sipvp-soft-start-isolation-valves\/#breadcrumb\"},\"inLanguage\":\"sv-SE\",\"potentialAction\":[{\"@type\":\"ReadAction\",\"target\":[\"https:\/\/www.advancedvacuum.se\/sv\/produkt\/sipvp-soft-start-isolation-valves\/\"]}]},{\"@type\":\"ImageObject\",\"inLanguage\":\"sv-SE\",\"@id\":\"https:\/\/www.advancedvacuum.se\/sv\/produkt\/sipvp-soft-start-isolation-valves\/#primaryimage\",\"url\":\"https:\/\/www.advancedvacuum.se\/wp-content\/uploads\/2024\/09\/SIPVP-Soft-Start-Isolation-Valves.png\",\"contentUrl\":\"https:\/\/www.advancedvacuum.se\/wp-content\/uploads\/2024\/09\/SIPVP-Soft-Start-Isolation-Valves.png\",\"width\":218,\"height\":350},{\"@type\":\"BreadcrumbList\",\"@id\":\"https:\/\/www.advancedvacuum.se\/sv\/produkt\/sipvp-soft-start-isolation-valves\/#breadcrumb\",\"itemListElement\":[{\"@type\":\"ListItem\",\"position\":1,\"name\":\"Home\",\"item\":\"https:\/\/www.advancedvacuum.se\/sv\/\"},{\"@type\":\"ListItem\",\"position\":2,\"name\":\"Butik\",\"item\":\"https:\/\/www.advancedvacuum.se\/sv\/butik\/\"},{\"@type\":\"ListItem\",\"position\":3,\"name\":\"SIPVP mjukstartsisoleringsventiler\"}]},{\"@type\":\"WebSite\",\"@id\":\"https:\/\/www.advancedvacuum.se\/sv\/#website\",\"url\":\"https:\/\/www.advancedvacuum.se\/sv\/\",\"name\":\"Advanced Vacuum\",\"description\":\"\",\"publisher\":{\"@id\":\"https:\/\/www.advancedvacuum.se\/sv\/#organization\"},\"potentialAction\":[{\"@type\":\"SearchAction\",\"target\":{\"@type\":\"EntryPoint\",\"urlTemplate\":\"https:\/\/www.advancedvacuum.se\/sv\/?s={search_term_string}\"},\"query-input\":{\"@type\":\"PropertyValueSpecification\",\"valueRequired\":true,\"valueName\":\"search_term_string\"}}],\"inLanguage\":\"sv-SE\"},{\"@type\":\"Organization\",\"@id\":\"https:\/\/www.advancedvacuum.se\/sv\/#organization\",\"name\":\"Advanced Vacuum\",\"url\":\"https:\/\/www.advancedvacuum.se\/sv\/\",\"logo\":{\"@type\":\"ImageObject\",\"inLanguage\":\"sv-SE\",\"@id\":\"https:\/\/www.advancedvacuum.se\/sv\/#\/schema\/logo\/image\/\",\"url\":\"https:\/\/www.advancedvacuum.se\/wp-content\/uploads\/2025\/03\/logo.png\",\"contentUrl\":\"https:\/\/www.advancedvacuum.se\/wp-content\/uploads\/2025\/03\/logo.png\",\"width\":280,\"height\":92,\"caption\":\"Advanced Vacuum\"},\"image\":{\"@id\":\"https:\/\/www.advancedvacuum.se\/sv\/#\/schema\/logo\/image\/\"}}]}<\/script>\n<!-- \/ Yoast SEO plugin. -->","yoast_head_json":{"title":"SIPVP mjukstartsisoleringsventiler | Advancedvacuum","robots":{"index":"index","follow":"follow","max-snippet":"max-snippet:-1","max-image-preview":"max-image-preview:large","max-video-preview":"max-video-preview:-1"},"canonical":"https:\/\/www.advancedvacuum.se\/sv\/produkt\/sipvp-soft-start-isolation-valves\/","og_locale":"sv_SE","og_type":"article","og_title":"SIPVP mjukstartsisoleringsventiler | Advancedvacuum","og_description":"Mjukstart, pneumatiskt man\u00f6vrerade, in-line ventiler med utbytbara \u00f6ppningar f\u00f6r kontrollerad nedpumpning av processer d\u00e4r turbulent fl\u00f6de kan orsaka problem med partikelf\u00f6rorening. Kombinationen slav- och huvudventil till\u00e5ter l\u00e5ngsam initial pumpning f\u00f6r att minimera st\u00f6rningar. B\u00e5de slav- och masterventiler kr\u00e4ver separata pneumatiska anslutningar.","og_url":"https:\/\/www.advancedvacuum.se\/sv\/produkt\/sipvp-soft-start-isolation-valves\/","og_site_name":"Advancedvacuum","article_modified_time":"2024-09-21T09:30:56+00:00","og_image":[{"width":218,"height":350,"url":"https:\/\/www.advancedvacuum.se\/wp-content\/uploads\/2024\/09\/SIPVP-Soft-Start-Isolation-Valves.png","type":"image\/png"}],"twitter_card":"summary_large_image","schema":{"@context":"https:\/\/schema.org","@graph":[{"@type":"WebPage","@id":"https:\/\/www.advancedvacuum.se\/sv\/produkt\/sipvp-soft-start-isolation-valves\/","url":"https:\/\/www.advancedvacuum.se\/sv\/produkt\/sipvp-soft-start-isolation-valves\/","name":"SIPVP mjukstartsisoleringsventiler | Advancedvacuum","isPartOf":{"@id":"https:\/\/www.advancedvacuum.se\/sv\/#website"},"primaryImageOfPage":{"@id":"https:\/\/www.advancedvacuum.se\/sv\/produkt\/sipvp-soft-start-isolation-valves\/#primaryimage"},"image":{"@id":"https:\/\/www.advancedvacuum.se\/sv\/produkt\/sipvp-soft-start-isolation-valves\/#primaryimage"},"thumbnailUrl":"https:\/\/www.advancedvacuum.se\/wp-content\/uploads\/2024\/09\/SIPVP-Soft-Start-Isolation-Valves.png","datePublished":"2024-09-02T16:10:10+00:00","dateModified":"2024-09-21T09:30:56+00:00","breadcrumb":{"@id":"https:\/\/www.advancedvacuum.se\/sv\/produkt\/sipvp-soft-start-isolation-valves\/#breadcrumb"},"inLanguage":"sv-SE","potentialAction":[{"@type":"ReadAction","target":["https:\/\/www.advancedvacuum.se\/sv\/produkt\/sipvp-soft-start-isolation-valves\/"]}]},{"@type":"ImageObject","inLanguage":"sv-SE","@id":"https:\/\/www.advancedvacuum.se\/sv\/produkt\/sipvp-soft-start-isolation-valves\/#primaryimage","url":"https:\/\/www.advancedvacuum.se\/wp-content\/uploads\/2024\/09\/SIPVP-Soft-Start-Isolation-Valves.png","contentUrl":"https:\/\/www.advancedvacuum.se\/wp-content\/uploads\/2024\/09\/SIPVP-Soft-Start-Isolation-Valves.png","width":218,"height":350},{"@type":"BreadcrumbList","@id":"https:\/\/www.advancedvacuum.se\/sv\/produkt\/sipvp-soft-start-isolation-valves\/#breadcrumb","itemListElement":[{"@type":"ListItem","position":1,"name":"Home","item":"https:\/\/www.advancedvacuum.se\/sv\/"},{"@type":"ListItem","position":2,"name":"Butik","item":"https:\/\/www.advancedvacuum.se\/sv\/butik\/"},{"@type":"ListItem","position":3,"name":"SIPVP mjukstartsisoleringsventiler"}]},{"@type":"WebSite","@id":"https:\/\/www.advancedvacuum.se\/sv\/#website","url":"https:\/\/www.advancedvacuum.se\/sv\/","name":"Advanced Vacuum","description":"","publisher":{"@id":"https:\/\/www.advancedvacuum.se\/sv\/#organization"},"potentialAction":[{"@type":"SearchAction","target":{"@type":"EntryPoint","urlTemplate":"https:\/\/www.advancedvacuum.se\/sv\/?s={search_term_string}"},"query-input":{"@type":"PropertyValueSpecification","valueRequired":true,"valueName":"search_term_string"}}],"inLanguage":"sv-SE"},{"@type":"Organization","@id":"https:\/\/www.advancedvacuum.se\/sv\/#organization","name":"Advanced Vacuum","url":"https:\/\/www.advancedvacuum.se\/sv\/","logo":{"@type":"ImageObject","inLanguage":"sv-SE","@id":"https:\/\/www.advancedvacuum.se\/sv\/#\/schema\/logo\/image\/","url":"https:\/\/www.advancedvacuum.se\/wp-content\/uploads\/2025\/03\/logo.png","contentUrl":"https:\/\/www.advancedvacuum.se\/wp-content\/uploads\/2025\/03\/logo.png","width":280,"height":92,"caption":"Advanced Vacuum"},"image":{"@id":"https:\/\/www.advancedvacuum.se\/sv\/#\/schema\/logo\/image\/"}}]}},"_links":{"self":[{"href":"https:\/\/www.advancedvacuum.se\/sv\/wp-json\/wp\/v2\/product\/2083","targetHints":{"allow":["GET"]}}],"collection":[{"href":"https:\/\/www.advancedvacuum.se\/sv\/wp-json\/wp\/v2\/product"}],"about":[{"href":"https:\/\/www.advancedvacuum.se\/sv\/wp-json\/wp\/v2\/types\/product"}],"replies":[{"embeddable":true,"href":"https:\/\/www.advancedvacuum.se\/sv\/wp-json\/wp\/v2\/comments?post=2083"}],"wp:featuredmedia":[{"embeddable":true,"href":"https:\/\/www.advancedvacuum.se\/sv\/wp-json\/wp\/v2\/media\/1342"}],"wp:attachment":[{"href":"https:\/\/www.advancedvacuum.se\/sv\/wp-json\/wp\/v2\/media?parent=2083"}],"wp:term":[{"taxonomy":"product_brand","embeddable":true,"href":"https:\/\/www.advancedvacuum.se\/sv\/wp-json\/wp\/v2\/product_brand?post=2083"},{"taxonomy":"product_cat","embeddable":true,"href":"https:\/\/www.advancedvacuum.se\/sv\/wp-json\/wp\/v2\/product_cat?post=2083"},{"taxonomy":"product_tag","embeddable":true,"href":"https:\/\/www.advancedvacuum.se\/sv\/wp-json\/wp\/v2\/product_tag?post=2083"}],"curies":[{"name":"wp","href":"https:\/\/api.w.org\/{rel}","templated":true}]}}