{"id":2090,"date":"2024-09-02T16:48:26","date_gmt":"2024-09-02T14:48:26","guid":{"rendered":"https:\/\/www.advancedvacuum.se\/produkt\/pvpk-pneumatic-operation-right-angle-isolation-valves\/"},"modified":"2024-09-21T06:15:37","modified_gmt":"2024-09-21T04:15:37","slug":"pvpk-pneumatic-operation-right-angle-isolation-valves","status":"publish","type":"product","link":"https:\/\/www.advancedvacuum.se\/sv\/produkt\/pvpk-pneumatic-operation-right-angle-isolation-valves\/","title":{"rendered":"PVPK Pneumatisk drift H\u00f6gervinkelisoleringsventiler"},"content":{"rendered":"<div id=\"s-41d2b837-afcf-4cf9-8348-7fdc184277cc\" class=\"shg-c \">\n<h3>F\u00f6rb\u00e4ttrad livsl\u00e4ngd<\/h3>\n<\/div>\n<div id=\"s-555503b2-05c2-4db1-b707-b6db9f24b85d\" class=\"shg-c \">\n<p>medeltid-till-fel nu 5 000 000 cykler<\/p>\n<\/div>\n<div id=\"s-e5668d97-ae87-4aa6-ab7b-86b28d2077d0\" class=\"shg-c \">\n<h3>Ventilstatus<\/h3>\n<\/div>\n<div id=\"s-52382992-35d6-4d7e-9685-1f65ca815045\" class=\"shg-c \">\n<p>Elektrisk och visuell indikering av ventilstatus<\/p>\n<\/div>\n<div id=\"s-16675c82-65db-4994-a265-704e7bff39d4\" class=\"shg-c shg-align-left\">\n<h3>Snabbverkande<\/h3>\n<\/div>\n<div id=\"s-e8321d65-9e12-49ad-abee-659a112665c9\" class=\"shg-c \">\n<p>20 ms att st\u00e4nga (PV16)<\/p>\n<\/div>\n<div id=\"s-9f124738-cddc-430a-ae52-6d30d6d047fa\" class=\"shg-c \">\n<h3>Val av material<\/h3>\n<\/div>\n<div id=\"s-152b96db-fe30-4d06-a693-2426a8f7effe\" class=\"shg-c \">\n<p>Finns i aluminium eller rostfritt st\u00e5l<\/p>\n<\/div>\n<div id=\"s-c62d9d01-fb89-45a7-aa59-64fe04817ce4\" class=\"shg-c \">\n<h3>T\u00e4tningsalternativ<\/h3>\n<\/div>\n<div id=\"s-4f6359b3-3e17-44ca-904b-6239a241ba1c\" class=\"shg-c \">\n<p>Val av b\u00e4lg eller O-ringaxelt\u00e4tning med aluminiumkroppar<\/p>\n<\/div>\n","protected":false},"excerpt":{"rendered":"<p>Utbudet av enkelverkande cylinder, fj\u00e4derreturr\u00f6rledningsventiler \u00e4r designade f\u00f6r h\u00f6ghastighetsaktivering fr\u00e5n standard pneumatiska linjer, och erbjuds i storlekarna NW10, 16, 25, 40 och 50.<\/p>\n<p>De finns tillg\u00e4ngliga med kroppar av aluminium eller rostfritt st\u00e5l med antingen O-ring (endast axelt\u00e4tning aluminium) eller b\u00e4lgt\u00e4tning.<\/p>\n<p>Ventilerna \u00e4r designade f\u00f6r drift med l\u00e5ng livsl\u00e4ngd, med en MTTF p\u00e5 5 000 000 cykler f\u00f6r b\u00e5de b\u00e4lg- och O-ringst\u00e4tade versioner som ger l\u00e5nga intervaller mellan tj\u00e4nsterna.<\/p>\n","protected":false},"featured_media":1314,"comment_status":"open","ping_status":"closed","template":"","meta":{"_acf_changed":false},"product_brand":[],"product_cat":[60],"product_tag":[],"class_list":{"0":"post-2090","1":"product","2":"type-product","3":"status-publish","4":"has-post-thumbnail","6":"product_cat-valves-sv","8":"first","9":"instock","10":"shipping-taxable","11":"product-type-simple"},"acf":[],"yoast_head":"<!-- This site is optimized with the Yoast SEO plugin v25.4 - https:\/\/yoast.com\/wordpress\/plugins\/seo\/ -->\n<title>PVPK Pneumatisk drift H\u00f6gervinkelisoleringsventiler | Advancedvacuum<\/title>\n<meta name=\"robots\" content=\"index, follow, max-snippet:-1, max-image-preview:large, max-video-preview:-1\" \/>\n<link rel=\"canonical\" href=\"https:\/\/www.advancedvacuum.se\/sv\/produkt\/pvpk-pneumatic-operation-right-angle-isolation-valves\/\" \/>\n<meta property=\"og:locale\" content=\"sv_SE\" \/>\n<meta property=\"og:type\" content=\"article\" \/>\n<meta property=\"og:title\" content=\"PVPK Pneumatisk drift H\u00f6gervinkelisoleringsventiler | Advancedvacuum\" \/>\n<meta property=\"og:description\" content=\"Utbudet av enkelverkande cylinder, fj\u00e4derreturr\u00f6rledningsventiler \u00e4r designade f\u00f6r h\u00f6ghastighetsaktivering fr\u00e5n standard pneumatiska linjer, och erbjuds i storlekarna NW10, 16, 25, 40 och 50.  De finns tillg\u00e4ngliga med kroppar av aluminium eller rostfritt st\u00e5l med antingen O-ring (endast axelt\u00e4tning aluminium) eller b\u00e4lgt\u00e4tning.  Ventilerna \u00e4r designade f\u00f6r drift med l\u00e5ng livsl\u00e4ngd, med en MTTF p\u00e5 5 000 000 cykler f\u00f6r b\u00e5de b\u00e4lg- och O-ringst\u00e4tade versioner som ger l\u00e5nga intervaller mellan tj\u00e4nsterna.\" \/>\n<meta property=\"og:url\" content=\"https:\/\/www.advancedvacuum.se\/sv\/produkt\/pvpk-pneumatic-operation-right-angle-isolation-valves\/\" \/>\n<meta property=\"og:site_name\" content=\"Advancedvacuum\" \/>\n<meta property=\"article:modified_time\" content=\"2024-09-21T04:15:37+00:00\" \/>\n<meta property=\"og:image\" content=\"https:\/\/www.advancedvacuum.se\/wp-content\/uploads\/2024\/09\/PVPK-Pneumatic-Operation-Right-Angle-Isolation-Valves.png\" \/>\n\t<meta property=\"og:image:width\" content=\"347\" \/>\n\t<meta property=\"og:image:height\" content=\"350\" \/>\n\t<meta property=\"og:image:type\" content=\"image\/png\" \/>\n<meta name=\"twitter:card\" content=\"summary_large_image\" \/>\n<script type=\"application\/ld+json\" class=\"yoast-schema-graph\">{\"@context\":\"https:\/\/schema.org\",\"@graph\":[{\"@type\":\"WebPage\",\"@id\":\"https:\/\/www.advancedvacuum.se\/sv\/produkt\/pvpk-pneumatic-operation-right-angle-isolation-valves\/\",\"url\":\"https:\/\/www.advancedvacuum.se\/sv\/produkt\/pvpk-pneumatic-operation-right-angle-isolation-valves\/\",\"name\":\"PVPK Pneumatisk drift H\u00f6gervinkelisoleringsventiler | Advancedvacuum\",\"isPartOf\":{\"@id\":\"https:\/\/www.advancedvacuum.se\/sv\/#website\"},\"primaryImageOfPage\":{\"@id\":\"https:\/\/www.advancedvacuum.se\/sv\/produkt\/pvpk-pneumatic-operation-right-angle-isolation-valves\/#primaryimage\"},\"image\":{\"@id\":\"https:\/\/www.advancedvacuum.se\/sv\/produkt\/pvpk-pneumatic-operation-right-angle-isolation-valves\/#primaryimage\"},\"thumbnailUrl\":\"https:\/\/www.advancedvacuum.se\/wp-content\/uploads\/2024\/09\/PVPK-Pneumatic-Operation-Right-Angle-Isolation-Valves.png\",\"datePublished\":\"2024-09-02T14:48:26+00:00\",\"dateModified\":\"2024-09-21T04:15:37+00:00\",\"breadcrumb\":{\"@id\":\"https:\/\/www.advancedvacuum.se\/sv\/produkt\/pvpk-pneumatic-operation-right-angle-isolation-valves\/#breadcrumb\"},\"inLanguage\":\"sv-SE\",\"potentialAction\":[{\"@type\":\"ReadAction\",\"target\":[\"https:\/\/www.advancedvacuum.se\/sv\/produkt\/pvpk-pneumatic-operation-right-angle-isolation-valves\/\"]}]},{\"@type\":\"ImageObject\",\"inLanguage\":\"sv-SE\",\"@id\":\"https:\/\/www.advancedvacuum.se\/sv\/produkt\/pvpk-pneumatic-operation-right-angle-isolation-valves\/#primaryimage\",\"url\":\"https:\/\/www.advancedvacuum.se\/wp-content\/uploads\/2024\/09\/PVPK-Pneumatic-Operation-Right-Angle-Isolation-Valves.png\",\"contentUrl\":\"https:\/\/www.advancedvacuum.se\/wp-content\/uploads\/2024\/09\/PVPK-Pneumatic-Operation-Right-Angle-Isolation-Valves.png\",\"width\":347,\"height\":350},{\"@type\":\"BreadcrumbList\",\"@id\":\"https:\/\/www.advancedvacuum.se\/sv\/produkt\/pvpk-pneumatic-operation-right-angle-isolation-valves\/#breadcrumb\",\"itemListElement\":[{\"@type\":\"ListItem\",\"position\":1,\"name\":\"Home\",\"item\":\"https:\/\/www.advancedvacuum.se\/sv\/\"},{\"@type\":\"ListItem\",\"position\":2,\"name\":\"Butik\",\"item\":\"https:\/\/www.advancedvacuum.se\/sv\/butik\/\"},{\"@type\":\"ListItem\",\"position\":3,\"name\":\"PVPK Pneumatisk drift H\u00f6gervinkelisoleringsventiler\"}]},{\"@type\":\"WebSite\",\"@id\":\"https:\/\/www.advancedvacuum.se\/sv\/#website\",\"url\":\"https:\/\/www.advancedvacuum.se\/sv\/\",\"name\":\"Advanced Vacuum\",\"description\":\"\",\"publisher\":{\"@id\":\"https:\/\/www.advancedvacuum.se\/sv\/#organization\"},\"potentialAction\":[{\"@type\":\"SearchAction\",\"target\":{\"@type\":\"EntryPoint\",\"urlTemplate\":\"https:\/\/www.advancedvacuum.se\/sv\/?s={search_term_string}\"},\"query-input\":{\"@type\":\"PropertyValueSpecification\",\"valueRequired\":true,\"valueName\":\"search_term_string\"}}],\"inLanguage\":\"sv-SE\"},{\"@type\":\"Organization\",\"@id\":\"https:\/\/www.advancedvacuum.se\/sv\/#organization\",\"name\":\"Advanced Vacuum\",\"url\":\"https:\/\/www.advancedvacuum.se\/sv\/\",\"logo\":{\"@type\":\"ImageObject\",\"inLanguage\":\"sv-SE\",\"@id\":\"https:\/\/www.advancedvacuum.se\/sv\/#\/schema\/logo\/image\/\",\"url\":\"https:\/\/www.advancedvacuum.se\/wp-content\/uploads\/2025\/03\/logo.png\",\"contentUrl\":\"https:\/\/www.advancedvacuum.se\/wp-content\/uploads\/2025\/03\/logo.png\",\"width\":280,\"height\":92,\"caption\":\"Advanced Vacuum\"},\"image\":{\"@id\":\"https:\/\/www.advancedvacuum.se\/sv\/#\/schema\/logo\/image\/\"}}]}<\/script>\n<!-- \/ Yoast SEO plugin. -->","yoast_head_json":{"title":"PVPK Pneumatisk drift H\u00f6gervinkelisoleringsventiler | Advancedvacuum","robots":{"index":"index","follow":"follow","max-snippet":"max-snippet:-1","max-image-preview":"max-image-preview:large","max-video-preview":"max-video-preview:-1"},"canonical":"https:\/\/www.advancedvacuum.se\/sv\/produkt\/pvpk-pneumatic-operation-right-angle-isolation-valves\/","og_locale":"sv_SE","og_type":"article","og_title":"PVPK Pneumatisk drift H\u00f6gervinkelisoleringsventiler | Advancedvacuum","og_description":"Utbudet av enkelverkande cylinder, fj\u00e4derreturr\u00f6rledningsventiler \u00e4r designade f\u00f6r h\u00f6ghastighetsaktivering fr\u00e5n standard pneumatiska linjer, och erbjuds i storlekarna NW10, 16, 25, 40 och 50.  De finns tillg\u00e4ngliga med kroppar av aluminium eller rostfritt st\u00e5l med antingen O-ring (endast axelt\u00e4tning aluminium) eller b\u00e4lgt\u00e4tning.  Ventilerna \u00e4r designade f\u00f6r drift med l\u00e5ng livsl\u00e4ngd, med en MTTF p\u00e5 5 000 000 cykler f\u00f6r b\u00e5de b\u00e4lg- och O-ringst\u00e4tade versioner som ger l\u00e5nga intervaller mellan tj\u00e4nsterna.","og_url":"https:\/\/www.advancedvacuum.se\/sv\/produkt\/pvpk-pneumatic-operation-right-angle-isolation-valves\/","og_site_name":"Advancedvacuum","article_modified_time":"2024-09-21T04:15:37+00:00","og_image":[{"width":347,"height":350,"url":"https:\/\/www.advancedvacuum.se\/wp-content\/uploads\/2024\/09\/PVPK-Pneumatic-Operation-Right-Angle-Isolation-Valves.png","type":"image\/png"}],"twitter_card":"summary_large_image","schema":{"@context":"https:\/\/schema.org","@graph":[{"@type":"WebPage","@id":"https:\/\/www.advancedvacuum.se\/sv\/produkt\/pvpk-pneumatic-operation-right-angle-isolation-valves\/","url":"https:\/\/www.advancedvacuum.se\/sv\/produkt\/pvpk-pneumatic-operation-right-angle-isolation-valves\/","name":"PVPK Pneumatisk drift H\u00f6gervinkelisoleringsventiler | Advancedvacuum","isPartOf":{"@id":"https:\/\/www.advancedvacuum.se\/sv\/#website"},"primaryImageOfPage":{"@id":"https:\/\/www.advancedvacuum.se\/sv\/produkt\/pvpk-pneumatic-operation-right-angle-isolation-valves\/#primaryimage"},"image":{"@id":"https:\/\/www.advancedvacuum.se\/sv\/produkt\/pvpk-pneumatic-operation-right-angle-isolation-valves\/#primaryimage"},"thumbnailUrl":"https:\/\/www.advancedvacuum.se\/wp-content\/uploads\/2024\/09\/PVPK-Pneumatic-Operation-Right-Angle-Isolation-Valves.png","datePublished":"2024-09-02T14:48:26+00:00","dateModified":"2024-09-21T04:15:37+00:00","breadcrumb":{"@id":"https:\/\/www.advancedvacuum.se\/sv\/produkt\/pvpk-pneumatic-operation-right-angle-isolation-valves\/#breadcrumb"},"inLanguage":"sv-SE","potentialAction":[{"@type":"ReadAction","target":["https:\/\/www.advancedvacuum.se\/sv\/produkt\/pvpk-pneumatic-operation-right-angle-isolation-valves\/"]}]},{"@type":"ImageObject","inLanguage":"sv-SE","@id":"https:\/\/www.advancedvacuum.se\/sv\/produkt\/pvpk-pneumatic-operation-right-angle-isolation-valves\/#primaryimage","url":"https:\/\/www.advancedvacuum.se\/wp-content\/uploads\/2024\/09\/PVPK-Pneumatic-Operation-Right-Angle-Isolation-Valves.png","contentUrl":"https:\/\/www.advancedvacuum.se\/wp-content\/uploads\/2024\/09\/PVPK-Pneumatic-Operation-Right-Angle-Isolation-Valves.png","width":347,"height":350},{"@type":"BreadcrumbList","@id":"https:\/\/www.advancedvacuum.se\/sv\/produkt\/pvpk-pneumatic-operation-right-angle-isolation-valves\/#breadcrumb","itemListElement":[{"@type":"ListItem","position":1,"name":"Home","item":"https:\/\/www.advancedvacuum.se\/sv\/"},{"@type":"ListItem","position":2,"name":"Butik","item":"https:\/\/www.advancedvacuum.se\/sv\/butik\/"},{"@type":"ListItem","position":3,"name":"PVPK Pneumatisk drift H\u00f6gervinkelisoleringsventiler"}]},{"@type":"WebSite","@id":"https:\/\/www.advancedvacuum.se\/sv\/#website","url":"https:\/\/www.advancedvacuum.se\/sv\/","name":"Advanced Vacuum","description":"","publisher":{"@id":"https:\/\/www.advancedvacuum.se\/sv\/#organization"},"potentialAction":[{"@type":"SearchAction","target":{"@type":"EntryPoint","urlTemplate":"https:\/\/www.advancedvacuum.se\/sv\/?s={search_term_string}"},"query-input":{"@type":"PropertyValueSpecification","valueRequired":true,"valueName":"search_term_string"}}],"inLanguage":"sv-SE"},{"@type":"Organization","@id":"https:\/\/www.advancedvacuum.se\/sv\/#organization","name":"Advanced Vacuum","url":"https:\/\/www.advancedvacuum.se\/sv\/","logo":{"@type":"ImageObject","inLanguage":"sv-SE","@id":"https:\/\/www.advancedvacuum.se\/sv\/#\/schema\/logo\/image\/","url":"https:\/\/www.advancedvacuum.se\/wp-content\/uploads\/2025\/03\/logo.png","contentUrl":"https:\/\/www.advancedvacuum.se\/wp-content\/uploads\/2025\/03\/logo.png","width":280,"height":92,"caption":"Advanced Vacuum"},"image":{"@id":"https:\/\/www.advancedvacuum.se\/sv\/#\/schema\/logo\/image\/"}}]}},"_links":{"self":[{"href":"https:\/\/www.advancedvacuum.se\/sv\/wp-json\/wp\/v2\/product\/2090","targetHints":{"allow":["GET"]}}],"collection":[{"href":"https:\/\/www.advancedvacuum.se\/sv\/wp-json\/wp\/v2\/product"}],"about":[{"href":"https:\/\/www.advancedvacuum.se\/sv\/wp-json\/wp\/v2\/types\/product"}],"replies":[{"embeddable":true,"href":"https:\/\/www.advancedvacuum.se\/sv\/wp-json\/wp\/v2\/comments?post=2090"}],"wp:featuredmedia":[{"embeddable":true,"href":"https:\/\/www.advancedvacuum.se\/sv\/wp-json\/wp\/v2\/media\/1314"}],"wp:attachment":[{"href":"https:\/\/www.advancedvacuum.se\/sv\/wp-json\/wp\/v2\/media?parent=2090"}],"wp:term":[{"taxonomy":"product_brand","embeddable":true,"href":"https:\/\/www.advancedvacuum.se\/sv\/wp-json\/wp\/v2\/product_brand?post=2090"},{"taxonomy":"product_cat","embeddable":true,"href":"https:\/\/www.advancedvacuum.se\/sv\/wp-json\/wp\/v2\/product_cat?post=2090"},{"taxonomy":"product_tag","embeddable":true,"href":"https:\/\/www.advancedvacuum.se\/sv\/wp-json\/wp\/v2\/product_tag?post=2090"}],"curies":[{"name":"wp","href":"https:\/\/api.w.org\/{rel}","templated":true}]}}