{"id":2094,"date":"2024-09-02T10:54:34","date_gmt":"2024-09-02T08:54:34","guid":{"rendered":"https:\/\/www.advancedvacuum.se\/produkt\/xdsi\/"},"modified":"2024-09-21T12:23:18","modified_gmt":"2024-09-21T10:23:18","slug":"xdsi","status":"publish","type":"product","link":"https:\/\/www.advancedvacuum.se\/sv\/produkt\/xdsi\/","title":{"rendered":"XDSi"},"content":{"rendered":"<div id=\"s-c69ee066-4afb-4221-8dca-4cc22a49aa1a\" class=\"shg-c \">\n<div class=\"shg-rich-text shg-theme-text-content\">\n<h3>Helt torrt<\/h3>\n<\/div>\n<\/div>\n<div id=\"s-bb980799-7ff8-4d1f-8bb7-ec3dccf9488d\" class=\"shg-c \">\n<div class=\"shg-rich-text shg-theme-text-content\">\n<p>Sm\u00f6rjmedelsfri med patenterad lagersk\u00f6ld<\/p>\n<\/div>\n<\/div>\n<div id=\"s-47ceea25-70b3-43f8-8174-29b88c2e39ba\" class=\"shg-c \">\n<div class=\"shg-rich-text shg-theme-text-content\">\n<h3>0,01 mbar<\/h3>\n<\/div>\n<\/div>\n<div id=\"s-8bb7b68f-de54-4b4a-8af8-dec5040ced48\" class=\"shg-c \">\n<div class=\"shg-rich-text shg-theme-text-content\">\n<p>Utm\u00e4rkt vakuumniv\u00e5<\/p>\n<\/div>\n<\/div>\n<div id=\"s-0f8f8cb7-6fae-4685-8c7d-046df3af1ba1\" class=\"shg-c shg-align-left\">\n<div class=\"shg-rich-text shg-theme-text-content\">\n<h3>Anv\u00e4ndarservice<\/h3>\n<\/div>\n<\/div>\n<div id=\"s-42e5c70d-6c20-44fc-b73c-1fdc9d7a89ee\" class=\"shg-c \">\n<div class=\"shg-rich-text shg-theme-text-content\">\n<p>Vanligtvis p\u00e5 under 20 minuter, utan specialverktyg<\/p>\n<\/div>\n<\/div>\n<div id=\"s-9abfa05c-cb99-48f3-9924-b6ab70a65c50\" class=\"shg-c \">\n<div class=\"shg-rich-text shg-theme-text-content\">\n<h3>240 g\/h<\/h3>\n<\/div>\n<\/div>\n<div id=\"s-dbfbc499-9b26-4b75-8d35-d0a9a688f4e4\" class=\"shg-c \">\n<div class=\"shg-rich-text shg-theme-text-content\">\n<p>Utm\u00e4rkt \u00e5nghanteringsf\u00f6rm\u00e5ga<\/p>\n<\/div>\n<\/div>\n<div id=\"s-af1f476d-2256-48c3-a93d-f4a123d99e91\" class=\"shg-c \">\n<div class=\"shg-rich-text shg-theme-text-content\">\n<h3>Specialversioner<\/h3>\n<\/div>\n<\/div>\n<div id=\"s-baf9aa5b-4940-477b-a139-568a988a9a8a\" class=\"shg-c \">\n<div class=\"shg-rich-text shg-theme-text-content\">\n<p>Med Chemical &amp; Gasrecirkulationsvarianter<\/p>\n<\/div>\n<\/div>\n","protected":false},"excerpt":{"rendered":"<p>XDSi-scrollpumpen har blivit industristandard n\u00e4r torrpumpning \u00e4r avg\u00f6rande, vilket har visat sig vara en robust och ren vakuumpumpsl\u00f6sning i en rad applikationer och processer. XDS35i-pumpen har en innovativ lagersk\u00f6ld som isolerar vakuummilj\u00f6n, vilket g\u00f6r den inte bara sm\u00f6rjmedelsfri utan hermetiskt f\u00f6rseglad.<\/p>\n","protected":false},"featured_media":1286,"comment_status":"open","ping_status":"closed","template":"","meta":{"_acf_changed":false},"product_brand":[],"product_cat":[54],"product_tag":[],"class_list":{"0":"post-2094","1":"product","2":"type-product","3":"status-publish","4":"has-post-thumbnail","6":"product_cat-dry-pumps-sv","8":"first","9":"instock","10":"featured","11":"shipping-taxable","12":"product-type-simple"},"acf":[],"yoast_head":"<!-- This site is optimized with the Yoast SEO plugin v25.4 - https:\/\/yoast.com\/wordpress\/plugins\/seo\/ -->\n<title>XDSi | Advancedvacuum<\/title>\n<meta name=\"robots\" content=\"index, follow, max-snippet:-1, max-image-preview:large, max-video-preview:-1\" \/>\n<link rel=\"canonical\" href=\"https:\/\/www.advancedvacuum.se\/sv\/produkt\/xdsi\/\" \/>\n<meta property=\"og:locale\" content=\"sv_SE\" \/>\n<meta property=\"og:type\" content=\"article\" \/>\n<meta property=\"og:title\" content=\"XDSi | Advancedvacuum\" \/>\n<meta property=\"og:description\" content=\"XDSi-scrollpumpen har blivit industristandard n\u00e4r torrpumpning \u00e4r avg\u00f6rande, vilket har visat sig vara en robust och ren vakuumpumpsl\u00f6sning i en rad applikationer och processer. XDS35i-pumpen har en innovativ lagersk\u00f6ld som isolerar vakuummilj\u00f6n, vilket g\u00f6r den inte bara sm\u00f6rjmedelsfri utan hermetiskt f\u00f6rseglad.\" \/>\n<meta property=\"og:url\" content=\"https:\/\/www.advancedvacuum.se\/sv\/produkt\/xdsi\/\" \/>\n<meta property=\"og:site_name\" content=\"Advancedvacuum\" \/>\n<meta property=\"article:modified_time\" content=\"2024-09-21T10:23:18+00:00\" \/>\n<meta property=\"og:image\" content=\"https:\/\/www.advancedvacuum.se\/wp-content\/uploads\/2024\/09\/XDSi.png\" \/>\n\t<meta property=\"og:image:width\" content=\"418\" \/>\n\t<meta property=\"og:image:height\" content=\"350\" \/>\n\t<meta property=\"og:image:type\" content=\"image\/png\" \/>\n<meta name=\"twitter:card\" content=\"summary_large_image\" \/>\n<script type=\"application\/ld+json\" class=\"yoast-schema-graph\">{\"@context\":\"https:\/\/schema.org\",\"@graph\":[{\"@type\":\"WebPage\",\"@id\":\"https:\/\/www.advancedvacuum.se\/sv\/produkt\/xdsi\/\",\"url\":\"https:\/\/www.advancedvacuum.se\/sv\/produkt\/xdsi\/\",\"name\":\"XDSi | Advancedvacuum\",\"isPartOf\":{\"@id\":\"https:\/\/www.advancedvacuum.se\/sv\/#website\"},\"primaryImageOfPage\":{\"@id\":\"https:\/\/www.advancedvacuum.se\/sv\/produkt\/xdsi\/#primaryimage\"},\"image\":{\"@id\":\"https:\/\/www.advancedvacuum.se\/sv\/produkt\/xdsi\/#primaryimage\"},\"thumbnailUrl\":\"https:\/\/www.advancedvacuum.se\/wp-content\/uploads\/2024\/09\/XDSi.png\",\"datePublished\":\"2024-09-02T08:54:34+00:00\",\"dateModified\":\"2024-09-21T10:23:18+00:00\",\"breadcrumb\":{\"@id\":\"https:\/\/www.advancedvacuum.se\/sv\/produkt\/xdsi\/#breadcrumb\"},\"inLanguage\":\"sv-SE\",\"potentialAction\":[{\"@type\":\"ReadAction\",\"target\":[\"https:\/\/www.advancedvacuum.se\/sv\/produkt\/xdsi\/\"]}]},{\"@type\":\"ImageObject\",\"inLanguage\":\"sv-SE\",\"@id\":\"https:\/\/www.advancedvacuum.se\/sv\/produkt\/xdsi\/#primaryimage\",\"url\":\"https:\/\/www.advancedvacuum.se\/wp-content\/uploads\/2024\/09\/XDSi.png\",\"contentUrl\":\"https:\/\/www.advancedvacuum.se\/wp-content\/uploads\/2024\/09\/XDSi.png\",\"width\":418,\"height\":350},{\"@type\":\"BreadcrumbList\",\"@id\":\"https:\/\/www.advancedvacuum.se\/sv\/produkt\/xdsi\/#breadcrumb\",\"itemListElement\":[{\"@type\":\"ListItem\",\"position\":1,\"name\":\"Home\",\"item\":\"https:\/\/www.advancedvacuum.se\/sv\/\"},{\"@type\":\"ListItem\",\"position\":2,\"name\":\"Butik\",\"item\":\"https:\/\/www.advancedvacuum.se\/sv\/butik\/\"},{\"@type\":\"ListItem\",\"position\":3,\"name\":\"XDSi\"}]},{\"@type\":\"WebSite\",\"@id\":\"https:\/\/www.advancedvacuum.se\/sv\/#website\",\"url\":\"https:\/\/www.advancedvacuum.se\/sv\/\",\"name\":\"Advanced Vacuum\",\"description\":\"\",\"publisher\":{\"@id\":\"https:\/\/www.advancedvacuum.se\/sv\/#organization\"},\"potentialAction\":[{\"@type\":\"SearchAction\",\"target\":{\"@type\":\"EntryPoint\",\"urlTemplate\":\"https:\/\/www.advancedvacuum.se\/sv\/?s={search_term_string}\"},\"query-input\":{\"@type\":\"PropertyValueSpecification\",\"valueRequired\":true,\"valueName\":\"search_term_string\"}}],\"inLanguage\":\"sv-SE\"},{\"@type\":\"Organization\",\"@id\":\"https:\/\/www.advancedvacuum.se\/sv\/#organization\",\"name\":\"Advanced Vacuum\",\"url\":\"https:\/\/www.advancedvacuum.se\/sv\/\",\"logo\":{\"@type\":\"ImageObject\",\"inLanguage\":\"sv-SE\",\"@id\":\"https:\/\/www.advancedvacuum.se\/sv\/#\/schema\/logo\/image\/\",\"url\":\"https:\/\/www.advancedvacuum.se\/wp-content\/uploads\/2025\/03\/logo.png\",\"contentUrl\":\"https:\/\/www.advancedvacuum.se\/wp-content\/uploads\/2025\/03\/logo.png\",\"width\":280,\"height\":92,\"caption\":\"Advanced Vacuum\"},\"image\":{\"@id\":\"https:\/\/www.advancedvacuum.se\/sv\/#\/schema\/logo\/image\/\"}}]}<\/script>\n<!-- \/ Yoast SEO plugin. -->","yoast_head_json":{"title":"XDSi | Advancedvacuum","robots":{"index":"index","follow":"follow","max-snippet":"max-snippet:-1","max-image-preview":"max-image-preview:large","max-video-preview":"max-video-preview:-1"},"canonical":"https:\/\/www.advancedvacuum.se\/sv\/produkt\/xdsi\/","og_locale":"sv_SE","og_type":"article","og_title":"XDSi | Advancedvacuum","og_description":"XDSi-scrollpumpen har blivit industristandard n\u00e4r torrpumpning \u00e4r avg\u00f6rande, vilket har visat sig vara en robust och ren vakuumpumpsl\u00f6sning i en rad applikationer och processer. XDS35i-pumpen har en innovativ lagersk\u00f6ld som isolerar vakuummilj\u00f6n, vilket g\u00f6r den inte bara sm\u00f6rjmedelsfri utan hermetiskt f\u00f6rseglad.","og_url":"https:\/\/www.advancedvacuum.se\/sv\/produkt\/xdsi\/","og_site_name":"Advancedvacuum","article_modified_time":"2024-09-21T10:23:18+00:00","og_image":[{"width":418,"height":350,"url":"https:\/\/www.advancedvacuum.se\/wp-content\/uploads\/2024\/09\/XDSi.png","type":"image\/png"}],"twitter_card":"summary_large_image","schema":{"@context":"https:\/\/schema.org","@graph":[{"@type":"WebPage","@id":"https:\/\/www.advancedvacuum.se\/sv\/produkt\/xdsi\/","url":"https:\/\/www.advancedvacuum.se\/sv\/produkt\/xdsi\/","name":"XDSi | Advancedvacuum","isPartOf":{"@id":"https:\/\/www.advancedvacuum.se\/sv\/#website"},"primaryImageOfPage":{"@id":"https:\/\/www.advancedvacuum.se\/sv\/produkt\/xdsi\/#primaryimage"},"image":{"@id":"https:\/\/www.advancedvacuum.se\/sv\/produkt\/xdsi\/#primaryimage"},"thumbnailUrl":"https:\/\/www.advancedvacuum.se\/wp-content\/uploads\/2024\/09\/XDSi.png","datePublished":"2024-09-02T08:54:34+00:00","dateModified":"2024-09-21T10:23:18+00:00","breadcrumb":{"@id":"https:\/\/www.advancedvacuum.se\/sv\/produkt\/xdsi\/#breadcrumb"},"inLanguage":"sv-SE","potentialAction":[{"@type":"ReadAction","target":["https:\/\/www.advancedvacuum.se\/sv\/produkt\/xdsi\/"]}]},{"@type":"ImageObject","inLanguage":"sv-SE","@id":"https:\/\/www.advancedvacuum.se\/sv\/produkt\/xdsi\/#primaryimage","url":"https:\/\/www.advancedvacuum.se\/wp-content\/uploads\/2024\/09\/XDSi.png","contentUrl":"https:\/\/www.advancedvacuum.se\/wp-content\/uploads\/2024\/09\/XDSi.png","width":418,"height":350},{"@type":"BreadcrumbList","@id":"https:\/\/www.advancedvacuum.se\/sv\/produkt\/xdsi\/#breadcrumb","itemListElement":[{"@type":"ListItem","position":1,"name":"Home","item":"https:\/\/www.advancedvacuum.se\/sv\/"},{"@type":"ListItem","position":2,"name":"Butik","item":"https:\/\/www.advancedvacuum.se\/sv\/butik\/"},{"@type":"ListItem","position":3,"name":"XDSi"}]},{"@type":"WebSite","@id":"https:\/\/www.advancedvacuum.se\/sv\/#website","url":"https:\/\/www.advancedvacuum.se\/sv\/","name":"Advanced Vacuum","description":"","publisher":{"@id":"https:\/\/www.advancedvacuum.se\/sv\/#organization"},"potentialAction":[{"@type":"SearchAction","target":{"@type":"EntryPoint","urlTemplate":"https:\/\/www.advancedvacuum.se\/sv\/?s={search_term_string}"},"query-input":{"@type":"PropertyValueSpecification","valueRequired":true,"valueName":"search_term_string"}}],"inLanguage":"sv-SE"},{"@type":"Organization","@id":"https:\/\/www.advancedvacuum.se\/sv\/#organization","name":"Advanced Vacuum","url":"https:\/\/www.advancedvacuum.se\/sv\/","logo":{"@type":"ImageObject","inLanguage":"sv-SE","@id":"https:\/\/www.advancedvacuum.se\/sv\/#\/schema\/logo\/image\/","url":"https:\/\/www.advancedvacuum.se\/wp-content\/uploads\/2025\/03\/logo.png","contentUrl":"https:\/\/www.advancedvacuum.se\/wp-content\/uploads\/2025\/03\/logo.png","width":280,"height":92,"caption":"Advanced Vacuum"},"image":{"@id":"https:\/\/www.advancedvacuum.se\/sv\/#\/schema\/logo\/image\/"}}]}},"_links":{"self":[{"href":"https:\/\/www.advancedvacuum.se\/sv\/wp-json\/wp\/v2\/product\/2094","targetHints":{"allow":["GET"]}}],"collection":[{"href":"https:\/\/www.advancedvacuum.se\/sv\/wp-json\/wp\/v2\/product"}],"about":[{"href":"https:\/\/www.advancedvacuum.se\/sv\/wp-json\/wp\/v2\/types\/product"}],"replies":[{"embeddable":true,"href":"https:\/\/www.advancedvacuum.se\/sv\/wp-json\/wp\/v2\/comments?post=2094"}],"wp:featuredmedia":[{"embeddable":true,"href":"https:\/\/www.advancedvacuum.se\/sv\/wp-json\/wp\/v2\/media\/1286"}],"wp:attachment":[{"href":"https:\/\/www.advancedvacuum.se\/sv\/wp-json\/wp\/v2\/media?parent=2094"}],"wp:term":[{"taxonomy":"product_brand","embeddable":true,"href":"https:\/\/www.advancedvacuum.se\/sv\/wp-json\/wp\/v2\/product_brand?post=2094"},{"taxonomy":"product_cat","embeddable":true,"href":"https:\/\/www.advancedvacuum.se\/sv\/wp-json\/wp\/v2\/product_cat?post=2094"},{"taxonomy":"product_tag","embeddable":true,"href":"https:\/\/www.advancedvacuum.se\/sv\/wp-json\/wp\/v2\/product_tag?post=2094"}],"curies":[{"name":"wp","href":"https:\/\/api.w.org\/{rel}","templated":true}]}}