{"id":2096,"date":"2024-08-30T14:10:48","date_gmt":"2024-08-30T12:10:48","guid":{"rendered":"https:\/\/www.advancedvacuum.se\/produkt\/epx\/"},"modified":"2024-09-21T21:23:29","modified_gmt":"2024-09-21T19:23:29","slug":"epx","status":"publish","type":"product","link":"https:\/\/www.advancedvacuum.se\/sv\/produkt\/epx\/","title":{"rendered":"EPX"},"content":{"rendered":"<div id=\"s-bc5bcd06-bfb5-425f-93b4-aacabcd86ed5\" class=\"shg-c \">\n<h3>Atm. till &lt; 10\u207b\u2076 mbar<\/h3>\n<\/div>\n<div id=\"s-d5828d29-f07f-4d71-a883-dc8201941e3d\" class=\"shg-c \">\n<p>I en enda pump, tack vare en unik och patenterad mekanism designad och tillverkad av Edwards<\/p>\n<\/div>\n<div id=\"s-d0378924-4266-42fb-8794-fc8ad5e5f4c8\" class=\"shg-c \">\n<h3>Kompakt fotavtryck<\/h3>\n<\/div>\n<div id=\"s-d2672506-8557-4a42-b14c-1b7f8ea2633d\" class=\"shg-c \">\n<p>EPX \u00e4r mindre \u00e4n motsvarande<br \/>\nturbomolekyl\u00e4r pump och prim\u00e4r pump kombination<\/p>\n<\/div>\n<div id=\"s-65023812-edb2-46cb-8fe0-1dd636b65ef8\" class=\"shg-c shg-align-left\">\n<h3>Ultra Clean Mechanism<\/h3>\n<\/div>\n<div id=\"s-40f6809f-f7ff-42e0-bad0-723960836648\" class=\"shg-c \">\n<p>EPX-pumpar har ingen olja eller fett under vakuum och har ingen annan k\u00e4lla till potentiell kontaminering<\/p>\n<\/div>\n<div id=\"s-fc2a62d5-36d7-43fa-8029-b3e26ccecb5e\" class=\"shg-c \">\n<h3>Unik patentskyddad pumpmekanism<\/h3>\n<\/div>\n<div id=\"s-96927c60-6fd0-439f-a94d-f54d43ff306a\" class=\"shg-c \">\n<p>EPX-serien anv\u00e4nder en unik, patenterad, enkelskaft regenerativ och Holweck\u00ae-stegmekanism<\/p>\n<\/div>\n<div id=\"s-41506e43-487e-42f3-9fc0-f049f6c9ba5d\" class=\"shg-c \">\n<h3>10 \u00e5r<\/h3>\n<\/div>\n<div id=\"s-5f00c8ec-04c1-492a-9793-774187e65a4c\" class=\"shg-c \">\n<p>L\u00e5g \u00e4gandekostnad med upp till tio \u00e5r helt underh\u00e5llsfri<\/p>\n<\/div>\n","protected":false},"excerpt":{"rendered":"<p>EPX \u00e4r en unik pump, patenterad och designad av Edwards, som kan pumpa fr\u00e5n atmosf\u00e4riskt tryck till 10\u207b\u2074 och 10\u207b\u2076, och idealisk \u00e4ven i kr\u00e4vande cykelapplikationer<\/p>\n","protected":false},"featured_media":1269,"comment_status":"open","ping_status":"closed","template":"","meta":{"_acf_changed":false},"product_brand":[],"product_cat":[78],"product_tag":[],"class_list":{"0":"post-2096","1":"product","2":"type-product","3":"status-publish","4":"has-post-thumbnail","6":"product_cat-high-vacuum-sv","8":"first","9":"instock","10":"featured","11":"shipping-taxable","12":"product-type-simple"},"acf":[],"yoast_head":"<!-- This site is optimized with the Yoast SEO plugin v25.4 - https:\/\/yoast.com\/wordpress\/plugins\/seo\/ -->\n<title>EPX | Advancedvacuum<\/title>\n<meta name=\"robots\" content=\"index, follow, max-snippet:-1, max-image-preview:large, max-video-preview:-1\" \/>\n<link rel=\"canonical\" href=\"https:\/\/www.advancedvacuum.se\/sv\/produkt\/epx\/\" \/>\n<meta property=\"og:locale\" content=\"sv_SE\" \/>\n<meta property=\"og:type\" content=\"article\" \/>\n<meta property=\"og:title\" content=\"EPX | Advancedvacuum\" \/>\n<meta property=\"og:description\" content=\"EPX \u00e4r en unik pump, patenterad och designad av Edwards, som kan pumpa fr\u00e5n atmosf\u00e4riskt tryck till 10\u207b\u2074 och 10\u207b\u2076, och idealisk \u00e4ven i kr\u00e4vande cykelapplikationer\" \/>\n<meta property=\"og:url\" content=\"https:\/\/www.advancedvacuum.se\/sv\/produkt\/epx\/\" \/>\n<meta property=\"og:site_name\" content=\"Advancedvacuum\" \/>\n<meta property=\"article:modified_time\" content=\"2024-09-21T19:23:29+00:00\" \/>\n<meta property=\"og:image\" content=\"https:\/\/www.advancedvacuum.se\/wp-content\/uploads\/2024\/08\/epx.png\" \/>\n\t<meta property=\"og:image:width\" content=\"283\" \/>\n\t<meta property=\"og:image:height\" content=\"350\" \/>\n\t<meta property=\"og:image:type\" content=\"image\/png\" \/>\n<meta name=\"twitter:card\" content=\"summary_large_image\" \/>\n<script type=\"application\/ld+json\" class=\"yoast-schema-graph\">{\"@context\":\"https:\/\/schema.org\",\"@graph\":[{\"@type\":\"WebPage\",\"@id\":\"https:\/\/www.advancedvacuum.se\/sv\/produkt\/epx\/\",\"url\":\"https:\/\/www.advancedvacuum.se\/sv\/produkt\/epx\/\",\"name\":\"EPX | Advancedvacuum\",\"isPartOf\":{\"@id\":\"https:\/\/www.advancedvacuum.se\/sv\/#website\"},\"primaryImageOfPage\":{\"@id\":\"https:\/\/www.advancedvacuum.se\/sv\/produkt\/epx\/#primaryimage\"},\"image\":{\"@id\":\"https:\/\/www.advancedvacuum.se\/sv\/produkt\/epx\/#primaryimage\"},\"thumbnailUrl\":\"https:\/\/www.advancedvacuum.se\/wp-content\/uploads\/2024\/08\/epx.png\",\"datePublished\":\"2024-08-30T12:10:48+00:00\",\"dateModified\":\"2024-09-21T19:23:29+00:00\",\"breadcrumb\":{\"@id\":\"https:\/\/www.advancedvacuum.se\/sv\/produkt\/epx\/#breadcrumb\"},\"inLanguage\":\"sv-SE\",\"potentialAction\":[{\"@type\":\"ReadAction\",\"target\":[\"https:\/\/www.advancedvacuum.se\/sv\/produkt\/epx\/\"]}]},{\"@type\":\"ImageObject\",\"inLanguage\":\"sv-SE\",\"@id\":\"https:\/\/www.advancedvacuum.se\/sv\/produkt\/epx\/#primaryimage\",\"url\":\"https:\/\/www.advancedvacuum.se\/wp-content\/uploads\/2024\/08\/epx.png\",\"contentUrl\":\"https:\/\/www.advancedvacuum.se\/wp-content\/uploads\/2024\/08\/epx.png\",\"width\":283,\"height\":350},{\"@type\":\"BreadcrumbList\",\"@id\":\"https:\/\/www.advancedvacuum.se\/sv\/produkt\/epx\/#breadcrumb\",\"itemListElement\":[{\"@type\":\"ListItem\",\"position\":1,\"name\":\"Home\",\"item\":\"https:\/\/www.advancedvacuum.se\/sv\/\"},{\"@type\":\"ListItem\",\"position\":2,\"name\":\"Butik\",\"item\":\"https:\/\/www.advancedvacuum.se\/sv\/butik\/\"},{\"@type\":\"ListItem\",\"position\":3,\"name\":\"EPX\"}]},{\"@type\":\"WebSite\",\"@id\":\"https:\/\/www.advancedvacuum.se\/sv\/#website\",\"url\":\"https:\/\/www.advancedvacuum.se\/sv\/\",\"name\":\"Advanced Vacuum\",\"description\":\"\",\"publisher\":{\"@id\":\"https:\/\/www.advancedvacuum.se\/sv\/#organization\"},\"potentialAction\":[{\"@type\":\"SearchAction\",\"target\":{\"@type\":\"EntryPoint\",\"urlTemplate\":\"https:\/\/www.advancedvacuum.se\/sv\/?s={search_term_string}\"},\"query-input\":{\"@type\":\"PropertyValueSpecification\",\"valueRequired\":true,\"valueName\":\"search_term_string\"}}],\"inLanguage\":\"sv-SE\"},{\"@type\":\"Organization\",\"@id\":\"https:\/\/www.advancedvacuum.se\/sv\/#organization\",\"name\":\"Advanced Vacuum\",\"url\":\"https:\/\/www.advancedvacuum.se\/sv\/\",\"logo\":{\"@type\":\"ImageObject\",\"inLanguage\":\"sv-SE\",\"@id\":\"https:\/\/www.advancedvacuum.se\/sv\/#\/schema\/logo\/image\/\",\"url\":\"https:\/\/www.advancedvacuum.se\/wp-content\/uploads\/2025\/03\/logo.png\",\"contentUrl\":\"https:\/\/www.advancedvacuum.se\/wp-content\/uploads\/2025\/03\/logo.png\",\"width\":280,\"height\":92,\"caption\":\"Advanced Vacuum\"},\"image\":{\"@id\":\"https:\/\/www.advancedvacuum.se\/sv\/#\/schema\/logo\/image\/\"}}]}<\/script>\n<!-- \/ Yoast SEO plugin. -->","yoast_head_json":{"title":"EPX | Advancedvacuum","robots":{"index":"index","follow":"follow","max-snippet":"max-snippet:-1","max-image-preview":"max-image-preview:large","max-video-preview":"max-video-preview:-1"},"canonical":"https:\/\/www.advancedvacuum.se\/sv\/produkt\/epx\/","og_locale":"sv_SE","og_type":"article","og_title":"EPX | Advancedvacuum","og_description":"EPX \u00e4r en unik pump, patenterad och designad av Edwards, som kan pumpa fr\u00e5n atmosf\u00e4riskt tryck till 10\u207b\u2074 och 10\u207b\u2076, och idealisk \u00e4ven i kr\u00e4vande cykelapplikationer","og_url":"https:\/\/www.advancedvacuum.se\/sv\/produkt\/epx\/","og_site_name":"Advancedvacuum","article_modified_time":"2024-09-21T19:23:29+00:00","og_image":[{"width":283,"height":350,"url":"https:\/\/www.advancedvacuum.se\/wp-content\/uploads\/2024\/08\/epx.png","type":"image\/png"}],"twitter_card":"summary_large_image","schema":{"@context":"https:\/\/schema.org","@graph":[{"@type":"WebPage","@id":"https:\/\/www.advancedvacuum.se\/sv\/produkt\/epx\/","url":"https:\/\/www.advancedvacuum.se\/sv\/produkt\/epx\/","name":"EPX | Advancedvacuum","isPartOf":{"@id":"https:\/\/www.advancedvacuum.se\/sv\/#website"},"primaryImageOfPage":{"@id":"https:\/\/www.advancedvacuum.se\/sv\/produkt\/epx\/#primaryimage"},"image":{"@id":"https:\/\/www.advancedvacuum.se\/sv\/produkt\/epx\/#primaryimage"},"thumbnailUrl":"https:\/\/www.advancedvacuum.se\/wp-content\/uploads\/2024\/08\/epx.png","datePublished":"2024-08-30T12:10:48+00:00","dateModified":"2024-09-21T19:23:29+00:00","breadcrumb":{"@id":"https:\/\/www.advancedvacuum.se\/sv\/produkt\/epx\/#breadcrumb"},"inLanguage":"sv-SE","potentialAction":[{"@type":"ReadAction","target":["https:\/\/www.advancedvacuum.se\/sv\/produkt\/epx\/"]}]},{"@type":"ImageObject","inLanguage":"sv-SE","@id":"https:\/\/www.advancedvacuum.se\/sv\/produkt\/epx\/#primaryimage","url":"https:\/\/www.advancedvacuum.se\/wp-content\/uploads\/2024\/08\/epx.png","contentUrl":"https:\/\/www.advancedvacuum.se\/wp-content\/uploads\/2024\/08\/epx.png","width":283,"height":350},{"@type":"BreadcrumbList","@id":"https:\/\/www.advancedvacuum.se\/sv\/produkt\/epx\/#breadcrumb","itemListElement":[{"@type":"ListItem","position":1,"name":"Home","item":"https:\/\/www.advancedvacuum.se\/sv\/"},{"@type":"ListItem","position":2,"name":"Butik","item":"https:\/\/www.advancedvacuum.se\/sv\/butik\/"},{"@type":"ListItem","position":3,"name":"EPX"}]},{"@type":"WebSite","@id":"https:\/\/www.advancedvacuum.se\/sv\/#website","url":"https:\/\/www.advancedvacuum.se\/sv\/","name":"Advanced Vacuum","description":"","publisher":{"@id":"https:\/\/www.advancedvacuum.se\/sv\/#organization"},"potentialAction":[{"@type":"SearchAction","target":{"@type":"EntryPoint","urlTemplate":"https:\/\/www.advancedvacuum.se\/sv\/?s={search_term_string}"},"query-input":{"@type":"PropertyValueSpecification","valueRequired":true,"valueName":"search_term_string"}}],"inLanguage":"sv-SE"},{"@type":"Organization","@id":"https:\/\/www.advancedvacuum.se\/sv\/#organization","name":"Advanced Vacuum","url":"https:\/\/www.advancedvacuum.se\/sv\/","logo":{"@type":"ImageObject","inLanguage":"sv-SE","@id":"https:\/\/www.advancedvacuum.se\/sv\/#\/schema\/logo\/image\/","url":"https:\/\/www.advancedvacuum.se\/wp-content\/uploads\/2025\/03\/logo.png","contentUrl":"https:\/\/www.advancedvacuum.se\/wp-content\/uploads\/2025\/03\/logo.png","width":280,"height":92,"caption":"Advanced Vacuum"},"image":{"@id":"https:\/\/www.advancedvacuum.se\/sv\/#\/schema\/logo\/image\/"}}]}},"_links":{"self":[{"href":"https:\/\/www.advancedvacuum.se\/sv\/wp-json\/wp\/v2\/product\/2096","targetHints":{"allow":["GET"]}}],"collection":[{"href":"https:\/\/www.advancedvacuum.se\/sv\/wp-json\/wp\/v2\/product"}],"about":[{"href":"https:\/\/www.advancedvacuum.se\/sv\/wp-json\/wp\/v2\/types\/product"}],"replies":[{"embeddable":true,"href":"https:\/\/www.advancedvacuum.se\/sv\/wp-json\/wp\/v2\/comments?post=2096"}],"wp:featuredmedia":[{"embeddable":true,"href":"https:\/\/www.advancedvacuum.se\/sv\/wp-json\/wp\/v2\/media\/1269"}],"wp:attachment":[{"href":"https:\/\/www.advancedvacuum.se\/sv\/wp-json\/wp\/v2\/media?parent=2096"}],"wp:term":[{"taxonomy":"product_brand","embeddable":true,"href":"https:\/\/www.advancedvacuum.se\/sv\/wp-json\/wp\/v2\/product_brand?post=2096"},{"taxonomy":"product_cat","embeddable":true,"href":"https:\/\/www.advancedvacuum.se\/sv\/wp-json\/wp\/v2\/product_cat?post=2096"},{"taxonomy":"product_tag","embeddable":true,"href":"https:\/\/www.advancedvacuum.se\/sv\/wp-json\/wp\/v2\/product_tag?post=2096"}],"curies":[{"name":"wp","href":"https:\/\/api.w.org\/{rel}","templated":true}]}}