{"id":2105,"date":"2024-08-14T08:06:49","date_gmt":"2024-08-14T06:06:49","guid":{"rendered":"https:\/\/www.advancedvacuum.se\/produkt\/mxds\/"},"modified":"2024-09-21T12:15:47","modified_gmt":"2024-09-21T10:15:47","slug":"mxds","status":"publish","type":"product","link":"https:\/\/www.advancedvacuum.se\/sv\/produkt\/mxds\/","title":{"rendered":"mXDS"},"content":{"rendered":"<p><strong>TORRPUMP<\/strong><br \/>\ningen olja att kontrollera, byta ut och kassera g\u00f6r denna pump mer milj\u00f6v\u00e4nlig.<\/p>\n<p><strong>KOMPAKT<\/strong><br \/>\np\u00e5 endast 8 kg \u00e4r den v\u00e4l l\u00e4mpad f\u00f6r integrering i OEM- och analysinstrument, sm\u00e5 systembyggare och laboratorier.<\/p>\n<p><strong>TYST DRIFT<\/strong><br \/>\nmed l\u00e5g ljudniv\u00e5 ger det en b\u00e4ttre arbetsmilj\u00f6.<\/p>\n<p><strong>L\u00c5GT UNDERH\u00c5LL<\/strong><br \/>\nbyt spetst\u00e4tning vid behov (vanligtvis 2 \u00e5r)<\/p>\n<p><strong>S-VERSION<\/strong><br \/>\nmXDS3s levereras fr\u00e5n fabrik med en inloppsventil med f\u00f6rdr\u00f6jd \u00f6ppning. Den levereras \u00e4ven med avgasljudd\u00e4mpare. B\u00e5da erbjuder samma vakuumprestanda och har en IEC-kontakt f\u00f6r huvudmatning och en p\u00e5\/av-brytare f\u00f6r enkel kontroll.<\/p>\n","protected":false},"excerpt":{"rendered":"<p><strong>Nya kompakta torrrullningspumpar<\/strong><br \/>\nEdwards utbud av sm\u00e5 torrscrollpumpar ut\u00f6kas med introduktionen av de kompakta mXDS3 och mXDS3s.<\/p>\n<p>Den nya mXDS3 torrscrollpumpen levererar en pumphastighet p\u00e5 3 m\u00b3\/h med ett sluttryck p\u00e5 0,1 mbar, vilket g\u00f6r den idealisk f\u00f6r att backa turbomolekyl\u00e4ra pumpar. mXDS3 \u00e4r standardalternativet, levereras utan inloppsventil.<\/p>\n<p>mXDS3s levereras fabriksmonterad med en inloppsventil med f\u00f6rdr\u00f6jd \u00f6ppning och inkluderar en avgasljudd\u00e4mpare. B\u00e5da modellerna erbjuder samma vakuumprestanda och har en IEC-kontakt f\u00f6r huvudstr\u00f6mf\u00f6rs\u00f6rjningen och en p\u00e5\/av-brytare f\u00f6r enkel kontroll.<\/p>\n<p>Denna kompakta torrpump erbjuder flexibilitet f\u00f6r s\u00e5v\u00e4l systemdesigners som slutanv\u00e4ndare, med ett brett utbud av tillbeh\u00f6r tillg\u00e4ngliga f\u00f6r att m\u00f6ta dina konfigurationskrav.<\/p>\n","protected":false},"featured_media":2710,"comment_status":"open","ping_status":"closed","template":"","meta":{"_acf_changed":false},"product_brand":[],"product_cat":[54],"product_tag":[],"class_list":{"0":"post-2105","1":"product","2":"type-product","3":"status-publish","4":"has-post-thumbnail","6":"product_cat-dry-pumps-sv","8":"first","9":"instock","10":"featured","11":"shipping-taxable","12":"product-type-simple"},"acf":[],"yoast_head":"<!-- This site is optimized with the Yoast SEO plugin v25.4 - https:\/\/yoast.com\/wordpress\/plugins\/seo\/ -->\n<title>mXDS | Advancedvacuum<\/title>\n<meta name=\"robots\" content=\"index, follow, max-snippet:-1, max-image-preview:large, max-video-preview:-1\" \/>\n<link rel=\"canonical\" href=\"https:\/\/www.advancedvacuum.se\/sv\/produkt\/mxds\/\" \/>\n<meta property=\"og:locale\" content=\"sv_SE\" \/>\n<meta property=\"og:type\" content=\"article\" \/>\n<meta property=\"og:title\" content=\"mXDS | Advancedvacuum\" \/>\n<meta property=\"og:description\" content=\"Nya kompakta torrrullningspumpar Edwards utbud av sm\u00e5 torrscrollpumpar ut\u00f6kas med introduktionen av de kompakta mXDS3 och mXDS3s.  Den nya mXDS3 torrscrollpumpen levererar en pumphastighet p\u00e5 3 m\u00b3\/h med ett sluttryck p\u00e5 0,1 mbar, vilket g\u00f6r den idealisk f\u00f6r att backa turbomolekyl\u00e4ra pumpar. mXDS3 \u00e4r standardalternativet, levereras utan inloppsventil.  mXDS3s levereras fabriksmonterad med en inloppsventil med f\u00f6rdr\u00f6jd \u00f6ppning och inkluderar en avgasljudd\u00e4mpare. B\u00e5da modellerna erbjuder samma vakuumprestanda och har en IEC-kontakt f\u00f6r huvudstr\u00f6mf\u00f6rs\u00f6rjningen och en p\u00e5\/av-brytare f\u00f6r enkel kontroll.  Denna kompakta torrpump erbjuder flexibilitet f\u00f6r s\u00e5v\u00e4l systemdesigners som slutanv\u00e4ndare, med ett brett utbud av tillbeh\u00f6r tillg\u00e4ngliga f\u00f6r att m\u00f6ta dina konfigurationskrav.\" \/>\n<meta property=\"og:url\" content=\"https:\/\/www.advancedvacuum.se\/sv\/produkt\/mxds\/\" \/>\n<meta property=\"og:site_name\" content=\"Advancedvacuum\" \/>\n<meta property=\"article:modified_time\" content=\"2024-09-21T10:15:47+00:00\" \/>\n<meta property=\"og:image\" content=\"https:\/\/www.advancedvacuum.se\/wp-content\/uploads\/2024\/08\/MXDSS3_T.png\" \/>\n\t<meta property=\"og:image:width\" content=\"439\" \/>\n\t<meta property=\"og:image:height\" content=\"407\" \/>\n\t<meta property=\"og:image:type\" content=\"image\/png\" \/>\n<meta name=\"twitter:card\" content=\"summary_large_image\" \/>\n<meta name=\"twitter:label1\" content=\"Ber\u00e4knad l\u00e4stid\" \/>\n\t<meta name=\"twitter:data1\" content=\"1 minut\" \/>\n<script type=\"application\/ld+json\" class=\"yoast-schema-graph\">{\"@context\":\"https:\/\/schema.org\",\"@graph\":[{\"@type\":\"WebPage\",\"@id\":\"https:\/\/www.advancedvacuum.se\/sv\/produkt\/mxds\/\",\"url\":\"https:\/\/www.advancedvacuum.se\/sv\/produkt\/mxds\/\",\"name\":\"mXDS | Advancedvacuum\",\"isPartOf\":{\"@id\":\"https:\/\/www.advancedvacuum.se\/sv\/#website\"},\"primaryImageOfPage\":{\"@id\":\"https:\/\/www.advancedvacuum.se\/sv\/produkt\/mxds\/#primaryimage\"},\"image\":{\"@id\":\"https:\/\/www.advancedvacuum.se\/sv\/produkt\/mxds\/#primaryimage\"},\"thumbnailUrl\":\"https:\/\/www.advancedvacuum.se\/wp-content\/uploads\/2024\/08\/MXDSS3_T.png\",\"datePublished\":\"2024-08-14T06:06:49+00:00\",\"dateModified\":\"2024-09-21T10:15:47+00:00\",\"breadcrumb\":{\"@id\":\"https:\/\/www.advancedvacuum.se\/sv\/produkt\/mxds\/#breadcrumb\"},\"inLanguage\":\"sv-SE\",\"potentialAction\":[{\"@type\":\"ReadAction\",\"target\":[\"https:\/\/www.advancedvacuum.se\/sv\/produkt\/mxds\/\"]}]},{\"@type\":\"ImageObject\",\"inLanguage\":\"sv-SE\",\"@id\":\"https:\/\/www.advancedvacuum.se\/sv\/produkt\/mxds\/#primaryimage\",\"url\":\"https:\/\/www.advancedvacuum.se\/wp-content\/uploads\/2024\/08\/MXDSS3_T.png\",\"contentUrl\":\"https:\/\/www.advancedvacuum.se\/wp-content\/uploads\/2024\/08\/MXDSS3_T.png\",\"width\":439,\"height\":407,\"caption\":\"MXDSS3\"},{\"@type\":\"BreadcrumbList\",\"@id\":\"https:\/\/www.advancedvacuum.se\/sv\/produkt\/mxds\/#breadcrumb\",\"itemListElement\":[{\"@type\":\"ListItem\",\"position\":1,\"name\":\"Home\",\"item\":\"https:\/\/www.advancedvacuum.se\/sv\/\"},{\"@type\":\"ListItem\",\"position\":2,\"name\":\"Butik\",\"item\":\"https:\/\/www.advancedvacuum.se\/sv\/butik\/\"},{\"@type\":\"ListItem\",\"position\":3,\"name\":\"mXDS\"}]},{\"@type\":\"WebSite\",\"@id\":\"https:\/\/www.advancedvacuum.se\/sv\/#website\",\"url\":\"https:\/\/www.advancedvacuum.se\/sv\/\",\"name\":\"Advanced Vacuum\",\"description\":\"\",\"publisher\":{\"@id\":\"https:\/\/www.advancedvacuum.se\/sv\/#organization\"},\"potentialAction\":[{\"@type\":\"SearchAction\",\"target\":{\"@type\":\"EntryPoint\",\"urlTemplate\":\"https:\/\/www.advancedvacuum.se\/sv\/?s={search_term_string}\"},\"query-input\":{\"@type\":\"PropertyValueSpecification\",\"valueRequired\":true,\"valueName\":\"search_term_string\"}}],\"inLanguage\":\"sv-SE\"},{\"@type\":\"Organization\",\"@id\":\"https:\/\/www.advancedvacuum.se\/sv\/#organization\",\"name\":\"Advanced Vacuum\",\"url\":\"https:\/\/www.advancedvacuum.se\/sv\/\",\"logo\":{\"@type\":\"ImageObject\",\"inLanguage\":\"sv-SE\",\"@id\":\"https:\/\/www.advancedvacuum.se\/sv\/#\/schema\/logo\/image\/\",\"url\":\"https:\/\/www.advancedvacuum.se\/wp-content\/uploads\/2025\/03\/logo.png\",\"contentUrl\":\"https:\/\/www.advancedvacuum.se\/wp-content\/uploads\/2025\/03\/logo.png\",\"width\":280,\"height\":92,\"caption\":\"Advanced Vacuum\"},\"image\":{\"@id\":\"https:\/\/www.advancedvacuum.se\/sv\/#\/schema\/logo\/image\/\"}}]}<\/script>\n<!-- \/ Yoast SEO plugin. -->","yoast_head_json":{"title":"mXDS | Advancedvacuum","robots":{"index":"index","follow":"follow","max-snippet":"max-snippet:-1","max-image-preview":"max-image-preview:large","max-video-preview":"max-video-preview:-1"},"canonical":"https:\/\/www.advancedvacuum.se\/sv\/produkt\/mxds\/","og_locale":"sv_SE","og_type":"article","og_title":"mXDS | Advancedvacuum","og_description":"Nya kompakta torrrullningspumpar Edwards utbud av sm\u00e5 torrscrollpumpar ut\u00f6kas med introduktionen av de kompakta mXDS3 och mXDS3s.  Den nya mXDS3 torrscrollpumpen levererar en pumphastighet p\u00e5 3 m\u00b3\/h med ett sluttryck p\u00e5 0,1 mbar, vilket g\u00f6r den idealisk f\u00f6r att backa turbomolekyl\u00e4ra pumpar. mXDS3 \u00e4r standardalternativet, levereras utan inloppsventil.  mXDS3s levereras fabriksmonterad med en inloppsventil med f\u00f6rdr\u00f6jd \u00f6ppning och inkluderar en avgasljudd\u00e4mpare. B\u00e5da modellerna erbjuder samma vakuumprestanda och har en IEC-kontakt f\u00f6r huvudstr\u00f6mf\u00f6rs\u00f6rjningen och en p\u00e5\/av-brytare f\u00f6r enkel kontroll.  Denna kompakta torrpump erbjuder flexibilitet f\u00f6r s\u00e5v\u00e4l systemdesigners som slutanv\u00e4ndare, med ett brett utbud av tillbeh\u00f6r tillg\u00e4ngliga f\u00f6r att m\u00f6ta dina konfigurationskrav.","og_url":"https:\/\/www.advancedvacuum.se\/sv\/produkt\/mxds\/","og_site_name":"Advancedvacuum","article_modified_time":"2024-09-21T10:15:47+00:00","og_image":[{"width":439,"height":407,"url":"https:\/\/www.advancedvacuum.se\/wp-content\/uploads\/2024\/08\/MXDSS3_T.png","type":"image\/png"}],"twitter_card":"summary_large_image","twitter_misc":{"Ber\u00e4knad l\u00e4stid":"1 minut"},"schema":{"@context":"https:\/\/schema.org","@graph":[{"@type":"WebPage","@id":"https:\/\/www.advancedvacuum.se\/sv\/produkt\/mxds\/","url":"https:\/\/www.advancedvacuum.se\/sv\/produkt\/mxds\/","name":"mXDS | Advancedvacuum","isPartOf":{"@id":"https:\/\/www.advancedvacuum.se\/sv\/#website"},"primaryImageOfPage":{"@id":"https:\/\/www.advancedvacuum.se\/sv\/produkt\/mxds\/#primaryimage"},"image":{"@id":"https:\/\/www.advancedvacuum.se\/sv\/produkt\/mxds\/#primaryimage"},"thumbnailUrl":"https:\/\/www.advancedvacuum.se\/wp-content\/uploads\/2024\/08\/MXDSS3_T.png","datePublished":"2024-08-14T06:06:49+00:00","dateModified":"2024-09-21T10:15:47+00:00","breadcrumb":{"@id":"https:\/\/www.advancedvacuum.se\/sv\/produkt\/mxds\/#breadcrumb"},"inLanguage":"sv-SE","potentialAction":[{"@type":"ReadAction","target":["https:\/\/www.advancedvacuum.se\/sv\/produkt\/mxds\/"]}]},{"@type":"ImageObject","inLanguage":"sv-SE","@id":"https:\/\/www.advancedvacuum.se\/sv\/produkt\/mxds\/#primaryimage","url":"https:\/\/www.advancedvacuum.se\/wp-content\/uploads\/2024\/08\/MXDSS3_T.png","contentUrl":"https:\/\/www.advancedvacuum.se\/wp-content\/uploads\/2024\/08\/MXDSS3_T.png","width":439,"height":407,"caption":"MXDSS3"},{"@type":"BreadcrumbList","@id":"https:\/\/www.advancedvacuum.se\/sv\/produkt\/mxds\/#breadcrumb","itemListElement":[{"@type":"ListItem","position":1,"name":"Home","item":"https:\/\/www.advancedvacuum.se\/sv\/"},{"@type":"ListItem","position":2,"name":"Butik","item":"https:\/\/www.advancedvacuum.se\/sv\/butik\/"},{"@type":"ListItem","position":3,"name":"mXDS"}]},{"@type":"WebSite","@id":"https:\/\/www.advancedvacuum.se\/sv\/#website","url":"https:\/\/www.advancedvacuum.se\/sv\/","name":"Advanced Vacuum","description":"","publisher":{"@id":"https:\/\/www.advancedvacuum.se\/sv\/#organization"},"potentialAction":[{"@type":"SearchAction","target":{"@type":"EntryPoint","urlTemplate":"https:\/\/www.advancedvacuum.se\/sv\/?s={search_term_string}"},"query-input":{"@type":"PropertyValueSpecification","valueRequired":true,"valueName":"search_term_string"}}],"inLanguage":"sv-SE"},{"@type":"Organization","@id":"https:\/\/www.advancedvacuum.se\/sv\/#organization","name":"Advanced Vacuum","url":"https:\/\/www.advancedvacuum.se\/sv\/","logo":{"@type":"ImageObject","inLanguage":"sv-SE","@id":"https:\/\/www.advancedvacuum.se\/sv\/#\/schema\/logo\/image\/","url":"https:\/\/www.advancedvacuum.se\/wp-content\/uploads\/2025\/03\/logo.png","contentUrl":"https:\/\/www.advancedvacuum.se\/wp-content\/uploads\/2025\/03\/logo.png","width":280,"height":92,"caption":"Advanced Vacuum"},"image":{"@id":"https:\/\/www.advancedvacuum.se\/sv\/#\/schema\/logo\/image\/"}}]}},"_links":{"self":[{"href":"https:\/\/www.advancedvacuum.se\/sv\/wp-json\/wp\/v2\/product\/2105","targetHints":{"allow":["GET"]}}],"collection":[{"href":"https:\/\/www.advancedvacuum.se\/sv\/wp-json\/wp\/v2\/product"}],"about":[{"href":"https:\/\/www.advancedvacuum.se\/sv\/wp-json\/wp\/v2\/types\/product"}],"replies":[{"embeddable":true,"href":"https:\/\/www.advancedvacuum.se\/sv\/wp-json\/wp\/v2\/comments?post=2105"}],"wp:featuredmedia":[{"embeddable":true,"href":"https:\/\/www.advancedvacuum.se\/sv\/wp-json\/wp\/v2\/media\/2710"}],"wp:attachment":[{"href":"https:\/\/www.advancedvacuum.se\/sv\/wp-json\/wp\/v2\/media?parent=2105"}],"wp:term":[{"taxonomy":"product_brand","embeddable":true,"href":"https:\/\/www.advancedvacuum.se\/sv\/wp-json\/wp\/v2\/product_brand?post=2105"},{"taxonomy":"product_cat","embeddable":true,"href":"https:\/\/www.advancedvacuum.se\/sv\/wp-json\/wp\/v2\/product_cat?post=2105"},{"taxonomy":"product_tag","embeddable":true,"href":"https:\/\/www.advancedvacuum.se\/sv\/wp-json\/wp\/v2\/product_tag?post=2105"}],"curies":[{"name":"wp","href":"https:\/\/api.w.org\/{rel}","templated":true}]}}